{"id":20619,"date":"2022-11-25T15:02:20","date_gmt":"2022-11-25T15:02:20","guid":{"rendered":"http:\/\/new.daphne.sk\/?page_id=20619"},"modified":"2026-04-09T08:37:57","modified_gmt":"2026-04-09T08:37:57","slug":"pre-verejnost","status":"publish","type":"page","link":"https:\/\/daphne.sk\/de\/pre-verejnost\/","title":{"rendered":"Pre verejnos\u0165"},"content":{"rendered":"\n<h2 class=\"wp-block-heading\">Bezplatn\u00e1 ekov\u00fdchova pre verejnos\u0165 v Centre ekov\u00fdchovy na Kamz\u00edku. V\u017edy prv\u00fa nede\u013eu v mesiaci. <\/h2>\n\n\n\n<p>Poz\u00fdvame v\u00e1s objavova\u0165, b\u00e1da\u0165, tvori\u0165, diskutova\u0165 a spozn\u00e1va\u0165 svet z nov\u00e9ho uhla poh\u013eadu spolu s DAPHNE.<\/p>\n\n\n\n<p>Prv\u00fa nede\u013eu v mesiaci, v \u010dase od 10.00-15.00 realizujeme ekov\u00fdchovn\u00fd program a aktivity v Centre Ekov\u00fdchovy na Kamz\u00edku. V\u010faka podpore spolo\u010dnosti Unilever je vstup bezplatn\u00fd.<\/p>\n\n\n\n<p><strong>Nede\u013ea 3.5.2026 na t\u00e9mu: Biodiverzita<\/strong><\/p>\n\n\n\n<p>Pri pr\u00edle\u017eitosti medzin\u00e1rodn\u00e9ho d\u0148a biodiverzity (22.5.). Pre\u010do je rozmanitos\u0165 druhov v pr\u00edrode d\u00f4le\u017eit\u00e1? Popri v\u00fdzname na\u0161im p\u00f4vodn\u00fdch druhov rastl\u00edn a \u017eivo\u010d\u00edchov spozn\u00e1me aj nep\u00f4vodn\u00e9\/inv\u00e1zne druhy, ktor\u00e9 sa do na\u0161ej pr\u00edrody dostali r\u00f4znymi cestami n\u00e1hodne \u010di z\u00e1merne.<\/p>\n\n\n\n<p>Podujatie je ide\u00e1lne pre rodiny s de\u0165mi r\u00f4zneho veku a z\u00e1ujmov, ktor\u00e9 rady b\u00e1daj\u00fa. V\u017edy m\u00e1me pripraven\u00e9 r\u00f4zne tematick\u00e9 aktivity. Prihl\u00e1senie nie je potrebn\u00e9.<br><br>Te\u0161\u00edme sa na v\u00e1s.<\/p>\n\n\n\n<div class=\"wp-block-group is-nowrap is-layout-flex wp-container-core-group-is-layout-6c531013 wp-block-group-is-layout-flex\">\n<p><strong>Vstup na podujatie je vo\u013en\u00fd v\u010faka podpore spolo\u010dnosti Unilever.<\/strong><\/p>\n<\/div>\n\n\n\n<figure class=\"wp-block-image size-large\"><img decoding=\"async\" width=\"1024\" height=\"577\" src=\"https:\/\/daphne.sk\/wp-content\/uploads\/2026\/04\/KAMZIK-PRE-VEREJNOST-2025_ecovisit-2-pdf-1024x577.jpg\" alt=\"\" class=\"wp-image-33849\"\/><\/figure>\n\n\n\n<figure class=\"wp-block-image size-large is-resized\"><img decoding=\"async\" width=\"1024\" height=\"1024\" src=\"https:\/\/daphne.sk\/wp-content\/uploads\/2025\/08\/Logo-blue-RGB-1024x1024.jpg\" alt=\"\" class=\"wp-image-31906\" style=\"width:160px;height:auto\" srcset=\"https:\/\/daphne.sk\/wp-content\/uploads\/2025\/08\/Logo-blue-RGB-1024x1024.jpg 1024w, https:\/\/daphne.sk\/wp-content\/uploads\/2025\/08\/Logo-blue-RGB-300x300.jpg 300w, https:\/\/daphne.sk\/wp-content\/uploads\/2025\/08\/Logo-blue-RGB-150x150.jpg 150w, https:\/\/daphne.sk\/wp-content\/uploads\/2025\/08\/Logo-blue-RGB-768x768.jpg 768w, https:\/\/daphne.sk\/wp-content\/uploads\/2025\/08\/Logo-blue-RGB-1536x1536.jpg 1536w, https:\/\/daphne.sk\/wp-content\/uploads\/2025\/08\/Logo-blue-RGB-450x450.jpg 450w, https:\/\/daphne.sk\/wp-content\/uploads\/2025\/08\/Logo-blue-RGB.jpg 1920w\" sizes=\"(max-width: 1024px) 100vw, 1024px\" \/><\/figure>\n\n\n\n<p><strong>Nede\u013ea 7.6.2026 na t\u00e9mu: Rieky<\/strong><\/p>\n\n\n\n<p>Pri pr\u00edle\u017eitosti medzin\u00e1rodn\u00e9ho d\u0148a Dunaja (29.6.). Odhal\u00edme zauj\u00edmavosti rieky Dunaj, ktorej \u013eavostrann\u00fd pr\u00edtok - rie\u010dka Vydrica - pretek\u00e1 ve\u013ekou \u010das\u0165ou lesoparku. Vydrica a jej okolie poskytuje ide\u00e1lne prostredie pre viacer\u00e9 vz\u00e1cne druhy bezstavovcov, oboj\u017eiveln\u00edkov, \u010di plazov. N\u00e1jdeme niektor\u00e9 aj v bezprostrednej bl\u00edzkosti?<\/p>\n\n\n\n<p><strong>Nede\u013ea 5.7.2026 na t\u00e9mu: Stromy<\/strong><\/p>\n\n\n\n<p>Pri pr\u00edle\u017eitosti d\u0148a stromu 23.7. \u017divot ka\u017ed\u00e9ho stromu za\u010d\u00edna a kon\u010d\u00ed v p\u00f4de. Spoznajme typick\u00e9 stromy v lesoparku prostredn\u00edctvom ich semien, plodov, k\u00f4ry, listov, \u010di p\u00fa\u010dikov paleta mo\u017enost\u00ed je naozaj pestr\u00e1. V\u00fdskumnou \u00falohou bude n\u00e1jdenie najstar\u0161ieho stromu v arbor\u00e9te, odhad veku stromu pod\u013ea letokruhov, \u010di ur\u010denie v\u00fd\u0161ky stromov.<\/p>\n\n\n\n<p><strong>Nede\u013ea 2.8.2026 na t\u00e9mu: Ope\u013eova\u010de<\/strong><\/p>\n\n\n\n<p>Medzi ope\u013eova\u010de patr\u00ed obrovsk\u00e9 mno\u017estvo druhov hmyzu - osy, muchy, v\u010dely, mot\u00fdle aj chrob\u00e1ky. Spoznajme z\u00e1kladn\u00e9 druhy, ich strat\u00e9gie pre\u017eitia a pom\u00f4\u017eme im praktick\u00fdmi aktivitami prekona\u0165 v\u00fdzvy, ktor\u00fdm \u010delia. Pozorova\u0165 ich m\u00f4\u017eeme aj citliv\u00fdm odchytom pomocou entomologickej sie\u0165ky a n\u00e1dobky s lupou.<\/p>\n\n\n\n<div style=\"height:52px\" aria-hidden=\"true\" class=\"wp-block-spacer\"><\/div>\n\n\n\n<figure class=\"wp-block-gallery has-nested-images columns-default is-cropped wp-block-gallery-1 is-layout-flex wp-block-gallery-is-layout-flex\">\n<figure class=\"wp-block-image size-large\"><img decoding=\"async\" width=\"1024\" height=\"768\" data-id=\"24586\" src=\"https:\/\/daphne.sk\/wp-content\/uploads\/2023\/03\/IMG_20220816_094907-1024x768.jpg\" alt=\"\" class=\"wp-image-24586\" srcset=\"https:\/\/daphne.sk\/wp-content\/uploads\/2023\/03\/IMG_20220816_094907-1024x768.jpg 1024w, https:\/\/daphne.sk\/wp-content\/uploads\/2023\/03\/IMG_20220816_094907-300x225.jpg 300w, https:\/\/daphne.sk\/wp-content\/uploads\/2023\/03\/IMG_20220816_094907-768x576.jpg 768w, https:\/\/daphne.sk\/wp-content\/uploads\/2023\/03\/IMG_20220816_094907-1536x1152.jpg 1536w, https:\/\/daphne.sk\/wp-content\/uploads\/2023\/03\/IMG_20220816_094907-2048x1536.jpg 2048w, https:\/\/daphne.sk\/wp-content\/uploads\/2023\/03\/IMG_20220816_094907-scaled.jpg 2560w\" sizes=\"(max-width: 1024px) 100vw, 1024px\" \/><\/figure>\n\n\n\n<figure class=\"wp-block-image size-large\"><img decoding=\"async\" width=\"1024\" height=\"768\" data-id=\"24592\" src=\"https:\/\/daphne.sk\/wp-content\/uploads\/2023\/03\/IMG-20210618-WA0025-1024x768.jpg\" alt=\"\" class=\"wp-image-24592\" srcset=\"https:\/\/daphne.sk\/wp-content\/uploads\/2023\/03\/IMG-20210618-WA0025-1024x768.jpg 1024w, https:\/\/daphne.sk\/wp-content\/uploads\/2023\/03\/IMG-20210618-WA0025-300x225.jpg 300w, https:\/\/daphne.sk\/wp-content\/uploads\/2023\/03\/IMG-20210618-WA0025-768x576.jpg 768w, https:\/\/daphne.sk\/wp-content\/uploads\/2023\/03\/IMG-20210618-WA0025-1536x1152.jpg 1536w, https:\/\/daphne.sk\/wp-content\/uploads\/2023\/03\/IMG-20210618-WA0025.jpg 1600w\" sizes=\"(max-width: 1024px) 100vw, 1024px\" \/><\/figure>\n\n\n\n<figure class=\"wp-block-image size-large\"><img decoding=\"async\" width=\"1024\" height=\"768\" data-id=\"24580\" src=\"https:\/\/daphne.sk\/wp-content\/uploads\/2023\/03\/1-DEN-21-1024x768.jpg\" alt=\"\" class=\"wp-image-24580\" srcset=\"https:\/\/daphne.sk\/wp-content\/uploads\/2023\/03\/1-DEN-21-1024x768.jpg 1024w, https:\/\/daphne.sk\/wp-content\/uploads\/2023\/03\/1-DEN-21-300x225.jpg 300w, https:\/\/daphne.sk\/wp-content\/uploads\/2023\/03\/1-DEN-21-768x576.jpg 768w, https:\/\/daphne.sk\/wp-content\/uploads\/2023\/03\/1-DEN-21-1536x1152.jpg 1536w, https:\/\/daphne.sk\/wp-content\/uploads\/2023\/03\/1-DEN-21-2048x1536.jpg 2048w, https:\/\/daphne.sk\/wp-content\/uploads\/2023\/03\/1-DEN-21-scaled.jpg 2560w\" sizes=\"(max-width: 1024px) 100vw, 1024px\" \/><\/figure>\n<\/figure>\n\n\n\n<p>-------------------------------------------------------------------------------------------------------------------<\/p>\n\n\n\n<p><strong>Ob\u013e\u00faben\u00e9 publik\u00e1cie<\/strong>&nbsp;In\u0161tit\u00fatu DAPHNE, ktor\u00e9 s\u00fa vo\u013ene dostupn\u00e9, n\u00e1jdete v online verzii&nbsp;<a href=\"https:\/\/daphne.sk\/sk\/vzdelavanie\/publikacie\/\">TU<\/a>.<br>Pre aktu\u00e1lne inform\u00e1cie sledujte&nbsp;<strong>n\u00e1\u0161&nbsp;<a href=\"https:\/\/www.facebook.com\/daphne.institut\">Facebook<\/a><\/strong>.<br>Vzdel\u00e1vacie vychyt\u00e1vky a publik\u00e1cie si m\u00f4\u017eete zak\u00fapi\u0165&nbsp;<strong>v na\u0161om&nbsp;<a href=\"https:\/\/daphne.sk\/e-shop\/\">e-shope.<\/a><\/strong><\/p>\n","protected":false},"excerpt":{"rendered":"<p>Bezplatn\u00e1 ekov\u00fdchova pre verejnos\u0165 v Centre ekov\u00fdchovy na Kamz\u00edku. V\u017edy prv\u00fa nede\u013eu v mesiaci. Poz\u00fdvame v\u00e1s objavova\u0165, b\u00e1da\u0165, tvori\u0165, diskutova\u0165 a spozn\u00e1va\u0165 svet z nov\u00e9ho uhla poh\u013eadu spolu s DAPHNE. Prv\u00fa nede\u013eu v mesiaci, v \u010dase od 10.00-15.00 realizujeme ekov\u00fdchovn\u00fd program a aktivity v Centre Ekov\u00fdchovy na Kamz\u00edku. V\u010faka podpore spolo\u010dnosti Unilever je vstup bezplatn\u00fd.<\/p>\n","protected":false},"author":1,"featured_media":0,"parent":0,"menu_order":0,"comment_status":"closed","ping_status":"closed","template":"","meta":{"_uag_custom_page_level_css":"","footnotes":""},"class_list":["post-20619","page","type-page","status-publish","hentry"],"uagb_featured_image_src":{"full":false,"thumbnail":false,"medium":false,"medium_large":false,"large":false,"1536x1536":false,"2048x2048":false,"woocommerce_thumbnail":false},"uagb_author_info":{"display_name":"admin","author_link":"https:\/\/daphne.sk\/de\/author\/admin\/"},"uagb_comment_info":0,"uagb_excerpt":"Bezplatn\u00e1 ekov\u00fdchova pre verejnos\u0165 v Centre ekov\u00fdchovy na Kamz\u00edku. V\u017edy prv\u00fa nede\u013eu v mesiaci. Poz\u00fdvame v\u00e1s objavova\u0165, b\u00e1da\u0165, tvori\u0165, diskutova\u0165 a spozn\u00e1va\u0165 svet z nov\u00e9ho uhla poh\u013eadu spolu s DAPHNE. Prv\u00fa nede\u013eu v mesiaci, v \u010dase od 10.00-15.00 realizujeme ekov\u00fdchovn\u00fd program a aktivity v Centre Ekov\u00fdchovy na Kamz\u00edku. V\u010faka podpore spolo\u010dnosti Unilever je vstup bezplatn\u00fd.","jetpack_sharing_enabled":true,"meta_box":{"podnadpis":""},"_links":{"self":[{"href":"https:\/\/daphne.sk\/de\/wp-json\/wp\/v2\/pages\/20619","targetHints":{"allow":["GET"]}}],"collection":[{"href":"https:\/\/daphne.sk\/de\/wp-json\/wp\/v2\/pages"}],"about":[{"href":"https:\/\/daphne.sk\/de\/wp-json\/wp\/v2\/types\/page"}],"author":[{"embeddable":true,"href":"https:\/\/daphne.sk\/de\/wp-json\/wp\/v2\/users\/1"}],"replies":[{"embeddable":true,"href":"https:\/\/daphne.sk\/de\/wp-json\/wp\/v2\/comments?post=20619"}],"version-history":[{"count":44,"href":"https:\/\/daphne.sk\/de\/wp-json\/wp\/v2\/pages\/20619\/revisions"}],"predecessor-version":[{"id":33851,"href":"https:\/\/daphne.sk\/de\/wp-json\/wp\/v2\/pages\/20619\/revisions\/33851"}],"wp:attachment":[{"href":"https:\/\/daphne.sk\/de\/wp-json\/wp\/v2\/media?parent=20619"}],"curies":[{"name":"wp","href":"https:\/\/api.w.org\/{rel}","templated":true}]}}