{"id":20622,"date":"2022-11-25T15:05:04","date_gmt":"2022-11-25T15:05:04","guid":{"rendered":"http:\/\/new.daphne.sk\/?page_id=20622"},"modified":"2025-08-28T14:04:48","modified_gmt":"2025-08-28T14:04:48","slug":"pre-ucitelov","status":"publish","type":"page","link":"https:\/\/daphne.sk\/de\/pre-ucitelov\/","title":{"rendered":"Pre u\u010dite\u013eky a u\u010dite\u013eov"},"content":{"rendered":"\n<p><\/p>\n\n\n\n<p>V&nbsp;<strong>In\u0161tit\u00fate<\/strong> <strong>DAPHNE<\/strong> &nbsp;sa environment\u00e1lnemu vzdel\u00e1vaniu venujeme viac ako 30 rokov.<br> - Pre u\u010dite\u013eky a u\u010dite\u013eov pon\u00fakame r\u00f4zne semin\u00e1re zameran\u00e9 na z\u00e1\u017eitkov\u00e9 a&nbsp;b\u00e1date\u013esk\u00e9 vyu\u010dovanie. O&nbsp;aktu\u00e1lnych term\u00ednoch v\u00e1s budeme informova\u0165 na tejto str\u00e1nke.<br> - V&nbsp;\u010dasti Publik\u00e1cie si m\u00f4\u017eete bezplatne stiahnu\u0165 r\u00f4zne materi\u00e1ly, ktor\u00e9 sme vydali v&nbsp;r\u00e1mci <a href=\"https:\/\/daphne.sk\/publikacie\/vzdelavacie-publikacie\/\">projektov<\/a>.<br> - Spestri\u0165 v\u00fdu\u010dbu m\u00f4\u017eete aj prostredn\u00edctvom na\u0161ich vzdel\u00e1vac\u00edch pom\u00f4cok, ktor\u00e9 n\u00e1jdete v&nbsp;na\u0161om <a href=\"http:\/\/eshopp\">e-shope<\/a>.<br> - Radi zav\u00edtame aj k&nbsp;v\u00e1m - ponuku na\u0161ich programov n\u00e1jdete tu: <a href=\"https:\/\/daphne.sk\/programy-pre-skoly\/\">https:\/\/daphne.sk\/programy-pre-skoly\/<\/a><\/p>\n\n\n\n<p><\/p>\n\n\n\n<p>DAPHNE koordinuje na Slovensku <strong>program GLOBE<\/strong>. Glob\u00e1lne vyu\u010dovanie a b\u00e1danie k podpore \u017eivotn\u00e9ho prostredia vyu\u017e\u00edva osved\u010den\u00e9 met\u00f3dy b\u00e1date\u013esky orientovan\u00e9ho vyu\u010dovania.&nbsp; \u017diaci tr\u00e9nuj\u00fa v\u00fdskumn\u00e9 zru\u010dnosti, ktor\u00e9 vyu\u017e\u00edvaj\u00fa pri realiz\u00e1cii vlastn\u00fdch ter\u00e9nnych b\u00e1date\u013esk\u00fdch projektov. <\/p>\n\n\n\n<p><a href=\"https:\/\/www.globeslovakia.sk\/aktivity\/badatelska-letna-skola\/\">B\u00e1date\u013esk\u00e1 letn\u00e1 \u0161kola - Globe Slovakia<\/a> <\/p>\n\n\n\n<p>Na v\u00fdskum nadv\u00e4zuj\u00fa konkr\u00e9tne akcie na zlep\u0161enie \u017eivotn\u00e9ho prostredia v okol\u00ed \u0161koly.&nbsp; O svojich aktivit\u00e1ch a zisteniach \u017eiaci informuj\u00fa verejnos\u0165. Svoje v\u00fdstupy zdie\u013eaj\u00fa v medzin\u00e1rodnej datab\u00e1ze na <a href=\"http:\/\/www.globe.gov\" target=\"_blank\" rel=\"noreferrer noopener\">www.globe.gov<\/a>, kde s\u00fa k dispoz\u00edcii \u00fa\u010dastn\u00edkom programu GLOBE z cel\u00e9ho sveta. Viac inform\u00e1ci\u00ed n\u00e1jdete tu: <a href=\"http:\/\/www.globeslovakia.sk\" target=\"_blank\" rel=\"noreferrer noopener\">www.globeslovakia.sk<\/a><\/p>\n\n\n\n<p><\/p>\n\n\n\n<figure class=\"wp-block-gallery has-nested-images columns-default is-cropped wp-block-gallery-1 is-layout-flex wp-block-gallery-is-layout-flex\">\n<figure class=\"wp-block-image size-large\"><img decoding=\"async\" width=\"1024\" height=\"683\" data-id=\"20625\" src=\"https:\/\/daphne.sk\/wp-content\/uploads\/2022\/11\/bov-seminar-KE-1024x683.jpg\" alt=\"\" class=\"wp-image-20625\" srcset=\"https:\/\/daphne.sk\/wp-content\/uploads\/2022\/11\/bov-seminar-KE-1024x683.jpg 1024w, https:\/\/daphne.sk\/wp-content\/uploads\/2022\/11\/bov-seminar-KE-300x200.jpg 300w, https:\/\/daphne.sk\/wp-content\/uploads\/2022\/11\/bov-seminar-KE-768x512.jpg 768w, https:\/\/daphne.sk\/wp-content\/uploads\/2022\/11\/bov-seminar-KE-1536x1024.jpg 1536w, https:\/\/daphne.sk\/wp-content\/uploads\/2022\/11\/bov-seminar-KE.jpg 1789w\" sizes=\"(max-width: 1024px) 100vw, 1024px\" \/><\/figure>\n\n\n\n<figure class=\"wp-block-image size-full\"><img decoding=\"async\" width=\"654\" height=\"868\" data-id=\"31920\" src=\"https:\/\/daphne.sk\/wp-content\/uploads\/2025\/08\/DAPHNE_skolenia-pre-ucitelov_skolenie-programu-GLOBE_stromy.jpg\" alt=\"Meranie v\u00fd\u0161ky stromu po\u010das \u0161kolenia b\u00e1date\u013esk\u00e9ho programu GLOBE.\" class=\"wp-image-31920\" srcset=\"https:\/\/daphne.sk\/wp-content\/uploads\/2025\/08\/DAPHNE_skolenia-pre-ucitelov_skolenie-programu-GLOBE_stromy.jpg 654w, https:\/\/daphne.sk\/wp-content\/uploads\/2025\/08\/DAPHNE_skolenia-pre-ucitelov_skolenie-programu-GLOBE_stromy-226x300.jpg 226w\" sizes=\"(max-width: 654px) 100vw, 654px\" \/><\/figure>\n\n\n\n<figure class=\"wp-block-image size-full\"><img decoding=\"async\" width=\"654\" height=\"868\" data-id=\"31923\" src=\"https:\/\/daphne.sk\/wp-content\/uploads\/2025\/08\/DAPHNE_skolenia-pre-ucitelov_GLOBE.jpg\" alt=\"\" class=\"wp-image-31923\" srcset=\"https:\/\/daphne.sk\/wp-content\/uploads\/2025\/08\/DAPHNE_skolenia-pre-ucitelov_GLOBE.jpg 654w, https:\/\/daphne.sk\/wp-content\/uploads\/2025\/08\/DAPHNE_skolenia-pre-ucitelov_GLOBE-226x300.jpg 226w\" sizes=\"(max-width: 654px) 100vw, 654px\" \/><\/figure>\n<\/figure>\n","protected":false},"excerpt":{"rendered":"<p>V&nbsp;In\u0161tit\u00fate DAPHNE &nbsp;sa environment\u00e1lnemu vzdel\u00e1vaniu venujeme viac ako 30 rokov. - Pre u\u010dite\u013eky a u\u010dite\u013eov pon\u00fakame r\u00f4zne semin\u00e1re zameran\u00e9 na z\u00e1\u017eitkov\u00e9 a&nbsp;b\u00e1date\u013esk\u00e9 vyu\u010dovanie. O&nbsp;aktu\u00e1lnych term\u00ednoch v\u00e1s budeme informova\u0165 na tejto str\u00e1nke. - V&nbsp;\u010dasti Publik\u00e1cie si m\u00f4\u017eete bezplatne stiahnu\u0165 r\u00f4zne materi\u00e1ly, ktor\u00e9 sme vydali v&nbsp;r\u00e1mci projektov. - Spestri\u0165 v\u00fdu\u010dbu m\u00f4\u017eete aj prostredn\u00edctvom na\u0161ich vzdel\u00e1vac\u00edch pom\u00f4cok, ktor\u00e9<\/p>\n","protected":false},"author":1,"featured_media":0,"parent":0,"menu_order":0,"comment_status":"closed","ping_status":"closed","template":"","meta":{"_uag_custom_page_level_css":"","footnotes":""},"class_list":["post-20622","page","type-page","status-publish","hentry"],"uagb_featured_image_src":{"full":false,"thumbnail":false,"medium":false,"medium_large":false,"large":false,"1536x1536":false,"2048x2048":false,"woocommerce_thumbnail":false},"uagb_author_info":{"display_name":"admin","author_link":"https:\/\/daphne.sk\/de\/author\/admin\/"},"uagb_comment_info":0,"uagb_excerpt":"V&nbsp;In\u0161tit\u00fate DAPHNE &nbsp;sa environment\u00e1lnemu vzdel\u00e1vaniu venujeme viac ako 30 rokov. - Pre u\u010dite\u013eky a u\u010dite\u013eov pon\u00fakame r\u00f4zne semin\u00e1re zameran\u00e9 na z\u00e1\u017eitkov\u00e9 a&nbsp;b\u00e1date\u013esk\u00e9 vyu\u010dovanie. O&nbsp;aktu\u00e1lnych term\u00ednoch v\u00e1s budeme informova\u0165 na tejto str\u00e1nke. - V&nbsp;\u010dasti Publik\u00e1cie si m\u00f4\u017eete bezplatne stiahnu\u0165 r\u00f4zne materi\u00e1ly, ktor\u00e9 sme vydali v&nbsp;r\u00e1mci projektov. - Spestri\u0165 v\u00fdu\u010dbu m\u00f4\u017eete aj prostredn\u00edctvom na\u0161ich vzdel\u00e1vac\u00edch pom\u00f4cok, ktor\u00e9","jetpack_sharing_enabled":true,"meta_box":{"podnadpis":""},"_links":{"self":[{"href":"https:\/\/daphne.sk\/de\/wp-json\/wp\/v2\/pages\/20622","targetHints":{"allow":["GET"]}}],"collection":[{"href":"https:\/\/daphne.sk\/de\/wp-json\/wp\/v2\/pages"}],"about":[{"href":"https:\/\/daphne.sk\/de\/wp-json\/wp\/v2\/types\/page"}],"author":[{"embeddable":true,"href":"https:\/\/daphne.sk\/de\/wp-json\/wp\/v2\/users\/1"}],"replies":[{"embeddable":true,"href":"https:\/\/daphne.sk\/de\/wp-json\/wp\/v2\/comments?post=20622"}],"version-history":[{"count":9,"href":"https:\/\/daphne.sk\/de\/wp-json\/wp\/v2\/pages\/20622\/revisions"}],"predecessor-version":[{"id":32025,"href":"https:\/\/daphne.sk\/de\/wp-json\/wp\/v2\/pages\/20622\/revisions\/32025"}],"wp:attachment":[{"href":"https:\/\/daphne.sk\/de\/wp-json\/wp\/v2\/media?parent=20622"}],"curies":[{"name":"wp","href":"https:\/\/api.w.org\/{rel}","templated":true}]}}