{"id":27253,"date":"2024-02-28T13:36:57","date_gmt":"2024-02-28T13:36:57","guid":{"rendered":"https:\/\/daphne.sk\/?page_id=27253"},"modified":"2026-04-30T07:14:47","modified_gmt":"2026-04-30T07:14:47","slug":"ludia","status":"publish","type":"page","link":"https:\/\/daphne.sk\/de\/ludia\/","title":{"rendered":"N\u00e1\u0161 t\u00edm"},"content":{"rendered":"\n<h2 class=\"wp-block-heading has-primary-color has-text-color has-link-color wp-elements-8ec6cf8716ada04260e012a33d3601eb\">V\u00fdskum a ochrana pr\u00edrody<\/h2>\n\n\n\n<div style=\"height:100px\" aria-hidden=\"true\" class=\"wp-block-spacer\"><\/div>\n\n\n\n<div class=\"wp-block-uagb-team uagb-team__image-position-left uagb-team__align-left uagb-team__stack-tablet uagb-block-7155f134\"><img decoding=\"async\" class=\"uagb-team__image-crop-circle\" src=\"https:\/\/daphne.sk\/wp-content\/uploads\/2024\/02\/Jan_Seffer.jpg\" alt=\"\" height=\"150\" width=\"150\" loading=\"lazy\"\/><div class=\"uagb-team__content\"><h4 class=\"uagb-team__title\"><strong>RNDr. J\u00e1n \u0160effer, CSc.<\/strong><\/h4><span class=\"uagb-team__prefix\">Riadite\u013e\/\u0161pecialista na biodiverzitu<br>jansef@daphne.sk<\/span><p class=\"uagb-team__desc\">Je odborn\u00edkom na numerick\u00fa a \u0161tatistick\u00fa ekol\u00f3giu a metodol\u00f3giu aplikovanej ekol\u00f3gie. M\u00e1 rozsiahle znalosti o ochrane a ekol\u00f3gii biotopov (najm\u00e4 nelesn\u00fdch) vyskytuj\u00facich sa na Slovensku, v \u010ceskej republike, na Cypre, na Ukrajine, v Rumunsku, v Chorv\u00e1tsku a Srbsku. Bol zodpovedn\u00fd za v\u00fdvoj a koordin\u00e1ciou r\u00f4znych vedeck\u00fdch v\u00fdskumov a projektov, ktor\u00e9 s\u00favisia s pl\u00e1novan\u00edm a realiz\u00e1ciou obnovy nelesn\u00fdch biotopov. Akt\u00edvne sa podie\u013eal na pomoci nieko\u013ek\u00fdm nov\u00fdm \u010dlensk\u00fdm \u0161t\u00e1tom pri implement\u00e1cii smern\u00edc E\u00da o ochrane pr\u00edrody.<\/p><\/div><\/div>\n\n\n\n<div style=\"height:50px\" aria-hidden=\"true\" class=\"wp-block-spacer\"><\/div>\n\n\n\n<div class=\"wp-block-uagb-team uagb-team__image-position-left uagb-team__align-left uagb-team__stack-tablet uagb-block-df746ffb\"><img decoding=\"async\" class=\"uagb-team__image-crop-circle\" src=\"https:\/\/daphne.sk\/wp-content\/uploads\/2024\/02\/Viera_Sefferova-e1709114605791-150x150.jpg\" alt=\"\" height=\"150\" width=\"150\" loading=\"lazy\"\/><div class=\"uagb-team__content\"><h4 class=\"uagb-team__title\"><strong><strong>Mgr. Viera \u0160efferov\u00e1 Stanov\u00e1, PhD.<\/strong><\/strong><\/h4><span class=\"uagb-team__prefix\">V\u00fdkonn\u00e1 riadite\u013eka\/\u0161pecialista na biodiverzitu<br>stanova@daphne.sk<\/span><p class=\"uagb-team__desc\">Venuje sa botanick\u00e9mu a vegeta\u010dn\u00e9mu v\u00fdskumu, projektov\u00e9mu mana\u017ementu a medzin\u00e1rodnej spolupr\u00e1ci. M\u00e1 sk\u00fasenosti so spolupr\u00e1cou s vedeck\u00fdmi in\u0161tit\u00faciami a koordin\u00e1ciou expertov pri pr\u00edprave a implement\u00e1cii s\u00fastavy Natura 2000, mana\u017emente chr\u00e1nen\u00fdch \u00fazem\u00ed, pr\u00edprave programov starostlivosti a obnovn\u00fdch pl\u00e1nov, mapovan\u00ed a monitoringu biotopov. Zaober\u00e1 sa revitaliz\u00e1ciou degradovan\u00fdch biotopov eur\u00f3pskeho v\u00fdznamu, najm\u00e4 l\u00fak a ra\u0161elin\u00edsk.<\/p><\/div><\/div>\n\n\n\n<div style=\"height:50px\" aria-hidden=\"true\" class=\"wp-block-spacer\"><\/div>\n\n\n\n<div class=\"wp-block-uagb-team uagb-team__image-position-left uagb-team__align-left uagb-team__stack-tablet uagb-block-5d4548c5\"><img decoding=\"async\" class=\"uagb-team__image-crop-circle\" src=\"https:\/\/daphne.sk\/wp-content\/uploads\/2024\/02\/Pavol_Polak-150x150.jpg\" alt=\"\" height=\"150\" width=\"150\" loading=\"lazy\"\/><div class=\"uagb-team__content\"><h4 class=\"uagb-team__title\"><strong><strong><strong>Ing. Pavol Pol\u00e1k<\/strong><\/strong><\/strong><\/h4><span class=\"uagb-team__prefix\">\u0160pecialista na biodiverzitu<br>polak@daphne.sk<\/span><p class=\"uagb-team__desc\">\u0160pecializuje sa na ochranu a hodnotenie stavu lesn\u00fdch biotopov. V\u00fdznamnou mierou prispel k zmapovaniu pralesov na Slovensku. Zasl\u00fa\u017eil sa tie\u017e o ich ochranu na Slovensku a v Karpatoch. Zaober\u00e1 sa aj zodpovedn\u00fdmi met\u00f3dami hospod\u00e1renia v pr\u00edrodn\u00fdch a vz\u00e1cnych lesn\u00fdch ekosyst\u00e9moch. Podie\u013eal sa aj na pr\u00edprave a implement\u00e1cii s\u00fastavy chr\u00e1nen\u00fdch \u00fazem\u00ed Natura 2000 na Slovensku a vo viacer\u00fdch balk\u00e1nskych krajin\u00e1ch. V s\u00fa\u010dasnosti sa zaober\u00e1 monitoringom biodiverzity v r\u00e1mci projektov realizovan\u00fdch Daphne - In\u0161tit\u00fatom aplikovanej ekol\u00f3gie.<\/p><\/div><\/div>\n\n\n\n<div style=\"height:50px\" aria-hidden=\"true\" class=\"wp-block-spacer\"><\/div>\n\n\n\n<div class=\"wp-block-uagb-team uagb-team__image-position-left uagb-team__align-left uagb-team__stack-tablet uagb-block-97ae13e4\"><img decoding=\"async\" class=\"uagb-team__image-crop-circle\" src=\"https:\/\/daphne.sk\/wp-content\/uploads\/2024\/02\/Rastislav_lasak-2-150x150.jpg\" alt=\"\" height=\"150\" width=\"150\" loading=\"lazy\"\/><div class=\"uagb-team__content\"><h4 class=\"uagb-team__title\"><strong><strong><strong>Mgr. Rastislav Las\u00e1k<\/strong><\/strong><\/strong><\/h4><span class=\"uagb-team__prefix\">\u0160pecialista na biodiverzitu<br>raslas@daphne.sk<\/span><p class=\"uagb-team__desc\">Je expert na spracovanie, anal\u00fdzu a vyhodnocovanie d\u00e1t o biotopoch a druhoch pomocou geograficko informa\u010dn\u00fdch syst\u00e9mov ako aj \u0161tatistick\u00fdmi met\u00f3dami. Zaober\u00e1 sa aj optimaliz\u00e1ciou zberu d\u00e1t o biotopoch a druhoch pre \u00fa\u010dely vyhodnocovania stavu biotopov, ale aj pr\u00edpravou a realiz\u00e1ciou mana\u017ementov\u00fdch opatren\u00ed na ich ochranu a obnovu. Je jedn\u00fdm z expertov ktor\u00fd sa zap\u00e1ja do mapovania stavu biotopov na po\u013enohospod\u00e1rskych blokoch pre \u00fa\u010dely ich ekologicko environment\u00e1lneho vyu\u017e\u00edvania v r\u00e1mci Programu rozvoja vidieka.<\/p><\/div><\/div>\n\n\n\n<div style=\"height:50px\" aria-hidden=\"true\" class=\"wp-block-spacer\"><\/div>\n\n\n\n<div class=\"wp-block-uagb-team uagb-team__image-position-left uagb-team__align-left uagb-team__stack-tablet uagb-block-2c92da92\"><img decoding=\"async\" class=\"uagb-team__image-crop-circle\" src=\"https:\/\/daphne.sk\/wp-content\/uploads\/2024\/02\/Jana_Menkynova-1-1-150x150.jpg\" alt=\"\" height=\"150\" width=\"150\" loading=\"lazy\"\/><div class=\"uagb-team__content\"><h4 class=\"uagb-team__title\"><strong><strong><strong><strong>Mgr. Monika Chrenkov\u00e1 PhD.<\/strong><\/strong><\/strong><\/strong><\/h4><span class=\"uagb-team__prefix\">\u0160pecialistka na biodiverzitu\/environment\u00e1lne vzdel\u00e1vanie<br>chrenkova@daphne.sk<\/span><p class=\"uagb-team__desc\">Zaober\u00e1 sa mana\u017ementom chr\u00e1nen\u00fdch \u00fazem\u00ed, podporou ohrozen\u00fdch druhov a environment\u00e1lnym vzdel\u00e1van\u00edm. Realizuje v\u00fdskum a z\u00e1chrann\u00e9 opatrenia pre vz\u00e1cne druhy na Slovensku aj v zahrani\u010d\u00ed. V oblasti environment\u00e1lnej v\u00fdchovy realizuje programy pre \u017eiakov, vyv\u00edja vzdel\u00e1vacie materi\u00e1ly pre u\u010dite\u013eov a organizuje \u0161kolenia zameran\u00e9 na aktivity podporuj\u00face vzdel\u00e1vanie det\u00ed priamo v pr\u00edrode. \u0160\u00edren\u00edm z\u00e1\u017eitkov\u00fdch aktiv\u00edt a b\u00e1date\u013estva prispieva k zmene vzdel\u00e1vania v oblasti pr\u00edrodn\u00fdch vied.<\/p><\/div><\/div>\n\n\n\n<div style=\"height:50px\" aria-hidden=\"true\" class=\"wp-block-spacer\"><\/div>\n\n\n\n<div class=\"wp-block-uagb-team uagb-team__image-position-left uagb-team__align-left uagb-team__stack-tablet uagb-block-c24a47a2\"><img decoding=\"async\" class=\"uagb-team__image-crop-circle\" src=\"https:\/\/daphne.sk\/wp-content\/uploads\/2026\/04\/jakub_melicher-150x150.png\" alt=\"\" height=\"150\" width=\"150\" loading=\"lazy\"\/><div class=\"uagb-team__content\"><h4 class=\"uagb-team__title\"><strong>Ing. Jakub Melicher, PhD.<\/strong><\/h4><span class=\"uagb-team__prefix\">\u0160pecialista na biodiverzitu<br>melicher@daphne.sk<\/span><p class=\"uagb-team__desc\">Zaober\u00e1 sa botanick\u00fdm v\u00fdskumom a ekol\u00f3giou nelesn\u00fdch biotopov, ich ochranou a obnovou ako aj ich presahom do strategick\u00fdch dokumentov a\u00a0 priestorovo-pl\u00e1novac\u00edch dokument\u00e1ci\u00ed. Je region\u00e1lnym koordin\u00e1torom a mapovate\u013eom\u00a0n\u00e1\u0161ho <a href=\"https:\/\/invazky.daphne.sk\/\">projektu<\/a> zameran\u00e9ho na vytvorenie strat\u00e9gie pre mana\u017ement inv\u00e1znych druhov rastl\u00edn v cezhrani\u010dnom regi\u00f3ne SK-CZ.\u00a0<\/p><\/div><\/div>\n\n\n\n<div style=\"height:50px\" aria-hidden=\"true\" class=\"wp-block-spacer\"><\/div>\n\n\n\n<h2 class=\"wp-block-heading has-primary-color has-text-color has-link-color wp-elements-7937a6de3090c4aed642ff787acdbdcd\">Environment\u00e1lne vzdel\u00e1vanie<\/h2>\n\n\n\n<div style=\"height:100px\" aria-hidden=\"true\" class=\"wp-block-spacer\"><\/div>\n\n\n\n<div class=\"wp-block-uagb-team uagb-team__image-position-left uagb-team__align-left uagb-team__stack-tablet uagb-block-ca57b690\"><img decoding=\"async\" class=\"uagb-team__image-crop-circle\" src=\"https:\/\/daphne.sk\/wp-content\/uploads\/2024\/02\/Jana_Menkynova-1-150x150.jpg\" alt=\"\" height=\"150\" width=\"150\" loading=\"lazy\"\/><div class=\"uagb-team__content\"><h4 class=\"uagb-team__title\"><strong>Mgr.<\/strong> <strong>Jana Menkynov\u00e1<\/strong><\/h4><span class=\"uagb-team__prefix\">Lektorka ekov\u00fdchovy <br>menkynova@daphne.sk<\/span><p class=\"uagb-team__desc\">Environment\u00e1lnemu vzdel\u00e1vaniu sa venuje od vysokej \u0161koly, kedy za\u010dala lektorova\u0165 programy a exkurzie pre DAPHNE. Nieko\u013eko rokov koordinovala ekov\u00fdchovu v\u00a0DAPHNE a\u00a01 rok medzin\u00e1rodn\u00fd vzdel\u00e1vac\u00ed program GLOBE. V s\u00fa\u010dasnosti sa venuje vzdel\u00e1vaniu ako lektorka, vytv\u00e1ra v\u00fdu\u010dbov\u00e9 materi\u00e1ly a\u00a0pom\u00f4cky. V\u00a0Centre ekov\u00fdchovy na Kamz\u00edku zastre\u0161uje a realizuje exkurzie, aktivity pre verejnos\u0165 a pr\u00edrodovedn\u00fd kr\u00fa\u017eok.<\/p><\/div><\/div>\n\n\n\n<div style=\"height:50px\" aria-hidden=\"true\" class=\"wp-block-spacer\"><\/div>\n\n\n\n<div class=\"wp-block-uagb-team uagb-team__image-position-left uagb-team__align-left uagb-team__stack-tablet uagb-block-a61dacbf\"><img decoding=\"async\" class=\"uagb-team__image-crop-circle\" src=\"https:\/\/daphne.sk\/wp-content\/uploads\/2024\/02\/Lucia_Durguth-150x150.jpg\" alt=\"\" height=\"150\" width=\"150\" loading=\"lazy\"\/><div class=\"uagb-team__content\"><h4 class=\"uagb-team__title\"><strong>Mgr.<\/strong> <strong><strong>Lucia Durguth<\/strong><\/strong><\/h4><span class=\"uagb-team__prefix\">Lektorka ekov\u00fdchovy<br>durguth@daphne.sk<\/span><p class=\"uagb-team__desc\">Lucia vy\u0161tudovala pr\u00edrodovedeck\u00fa fakultu Univerzity Komensk\u00e9ho, odbor zool\u00f3gia. Je srdcom environment\u00e1lnych programov orientovan\u00fdch na najmen\u0161ie deti. \u0160ikovne rozvinie ak\u00fako\u013evek t\u00e9mu o pr\u00edrode a pribl\u00ed\u017ei V\u00e1m ju zauj\u00edmav\u00fdm sp\u00f4sobom. V DAPHNE m\u00e1 na starosti koordin\u00e1ciu\u00a0a\u00a0lektorovanie environment\u00e1lnych programov.<\/p><\/div><\/div>\n\n\n\n<div style=\"height:50px\" aria-hidden=\"true\" class=\"wp-block-spacer\"><\/div>\n\n\n\n<div class=\"wp-block-uagb-team uagb-team__image-position-left uagb-team__align-left uagb-team__stack-tablet uagb-block-5f490e68\"><img decoding=\"async\" class=\"uagb-team__image-crop-circle\" src=\"https:\/\/daphne.sk\/wp-content\/uploads\/2024\/02\/Dasa_Kocvarova-150x150.jpg\" alt=\"\" height=\"150\" width=\"150\" loading=\"lazy\"\/><div class=\"uagb-team__content\"><h4 class=\"uagb-team__title\"><strong>Ing.<\/strong> <strong>D\u00e1\u0161a Ko\u010dvarov\u00e1<\/strong><\/h4><span class=\"uagb-team__prefix\">Lektorka ekov\u00fdchovy<br>kocvarova@daphne.sk<\/span><p class=\"uagb-team__desc\">Vy\u0161tudovala aplikovan\u00fa ekol\u00f3giu, ako dobrovo\u013en\u00ed\u010dka p\u00f4sobila v r\u00f4znych mimovl\u00e1dnych organiz\u00e1ci\u00e1ch zameran\u00fdch na ochranu pr\u00edrody a krajiny. V s\u00fa\u010dasnosti je hravou zlo\u017ekou t\u00edmu Daphne\u00a0 a s l\u00e1skou aplikuje nadobudnut\u00e9 sk\u00fasenosti ako lektorka ekov\u00fdchovn\u00fdch programov.<\/p><\/div><\/div>\n\n\n\n<div style=\"height:50px\" aria-hidden=\"true\" class=\"wp-block-spacer\"><\/div>\n\n\n\n<div class=\"wp-block-uagb-team uagb-team__image-position-left uagb-team__align-left uagb-team__stack-tablet uagb-block-37abff3e\"><img decoding=\"async\" class=\"uagb-team__image-crop-circle\" src=\"https:\/\/daphne.sk\/wp-content\/uploads\/2024\/02\/Marek_Suba-150x150.jpg\" alt=\"\" height=\"150\" width=\"150\" loading=\"lazy\"\/><div class=\"uagb-team__content\"><h4 class=\"uagb-team__title\"><strong>Marek \u0160uba<\/strong><\/h4><span class=\"uagb-team__prefix\">Mana\u017e\u00e9r environment\u00e1lnej v\u00fdchovy a firemnej spolupr\u00e1ce<br>suba@daphne.sk<\/span><p class=\"uagb-team__desc\">Marek \u0161tudoval na Strojn\u00edckej fakulte ST, odbor Technika ochrany \u017eivotn\u00e9ho prostredia. V\u00a0DAPHNE m\u00e1 na starosti lektorovanie environment\u00e1lnej v\u00fdchovy a\u00a0brig\u00e1dy zameran\u00e9 na mana\u017ement chr\u00e1nen\u00fdch \u00fazem\u00ed. Okrem toho sa venuje aj firemnej spolupr\u00e1ci a rozvoju fundraisingov\u00fdch aktiv\u00edt, ktor\u00e9 podporuj\u00fa praktick\u00fa ochranu pr\u00edrody a vzdel\u00e1vacie programy.<\/p><\/div><\/div>\n\n\n\n<div style=\"height:63px\" aria-hidden=\"true\" class=\"wp-block-spacer\"><\/div>\n\n\n\n<div class=\"wp-block-uagb-team uagb-team__image-position-left uagb-team__align-left uagb-team__stack-tablet uagb-block-537d06de\"><img decoding=\"async\" class=\"uagb-team__image-crop-circle\" src=\"https:\/\/daphne.sk\/wp-content\/uploads\/2025\/10\/katka-1-150x150.jpg\" alt=\"\" height=\"150\" width=\"150\" loading=\"lazy\"\/><div class=\"uagb-team__content\"><h4 class=\"uagb-team__title\"><strong>Katar\u00edna \u0160imkovi\u010dov\u00e1<\/strong><\/h4><span class=\"uagb-team__prefix\">Lektorka ekov\u00fdchovy<br>simkovicova@daphne.sk<\/span><p class=\"uagb-team__desc\">Katar\u00edna za\u010d\u00ednala \u00a0v IT svete, kde si vysk\u00fa\u0161ala podporu, vedenie t\u00edmu aj obchod. Po \u010dase sa presunula k pr\u00e1ci, ktor\u00e1 jej d\u00e1va v\u00e4\u010d\u0161\u00ed zmysel \u2013 dnes koordinuje lektorov ekov\u00fdchovy, pripravuje aktivity pre deti aj dospel\u00fdch a pom\u00e1ha \u013eu\u010fom objavova\u0165 rados\u0165 z pr\u00edrody.<\/p><\/div><\/div>\n\n\n\n<div style=\"height:67px\" aria-hidden=\"true\" class=\"wp-block-spacer\"><\/div>\n\n\n\n<div class=\"wp-block-uagb-team uagb-team__image-position-left uagb-team__align-left uagb-team__stack-tablet uagb-block-fd1980e3\"><img decoding=\"async\" class=\"uagb-team__image-crop-circle\" src=\"https:\/\/daphne.sk\/wp-content\/uploads\/2025\/12\/Profilovka-MM-150x150.jpg\" alt=\"\" height=\"150\" width=\"150\" loading=\"lazy\"\/><div class=\"uagb-team__content\"><h4 class=\"uagb-team__title\"><strong>Mgr<\/strong>. <strong>Michaela Majer\u010d\u00edkov\u00e1<\/strong><\/h4><span class=\"uagb-team__prefix\">Koordin\u00e1torka programu Globe<br>majercikova@daphne.sk<\/span><p class=\"uagb-team__desc\">Mi\u0161ka sa venuje ako lektorka environment\u00e1lnej v\u00fdchovy u\u017e od svojho vysoko\u0161kolsk\u00e9ho \u0161t\u00fadia Environmentalistiky na Pr\u00edrodovedeckej fakulte Univerzity Komensk\u00e9ho. Zauj\u00edma sa o problematiku druhovej a \u00fazemnej ochrany, ako aj glob\u00e1lnych environment\u00e1lnych probl\u00e9mov. Ver\u00ed, \u017ee udr\u017eate\u013enos\u0165 je z\u00e1kladom pre ak\u00fako\u013evek \u013eudsk\u00fa \u010dinnos\u0165 a t\u00fato my\u0161lienku odhodlane \u0161\u00edri cez z\u00e1\u017eitkov\u00e9 programy a environment\u00e1lne zameran\u00e9 aktivity. Jej cie\u013eom je zvy\u0161ova\u0165 povedomie v oblasti ochrany pr\u00edrody a motivova\u0165 r\u00f4zne cie\u013eov\u00e9 skupiny ku zlep\u0161eniu svojho spotrebite\u013esk\u00e9ho spr\u00e1vania. Okrem lektorskej \u010dinnosti sa venuje aj tvorbe vzdel\u00e1vac\u00edch programov a materi\u00e1lov.<\/p><\/div><\/div>\n\n\n\n<div style=\"height:46px\" aria-hidden=\"true\" class=\"wp-block-spacer\"><\/div>\n\n\n\n<h2 class=\"wp-block-heading has-primary-color has-text-color has-link-color wp-elements-73a59e81e8d270141327d6c3788b2f4b\">Ekonomick\u00e9 a marketingov\u00e9 oddelenie<\/h2>\n\n\n\n<div style=\"height:52px\" aria-hidden=\"true\" class=\"wp-block-spacer\"><\/div>\n\n\n\n<div class=\"wp-block-uagb-team uagb-team__image-position-left uagb-team__align-left uagb-team__stack-tablet uagb-block-7b1a30d2\"><img decoding=\"async\" class=\"uagb-team__image-crop-circle\" src=\"https:\/\/daphne.sk\/wp-content\/uploads\/2024\/02\/Renata_Mikloskova-150x150.jpg\" alt=\"\" height=\"150\" width=\"150\" loading=\"lazy\"\/><div class=\"uagb-team__content\"><h4 class=\"uagb-team__title\"><strong><strong>Mgr. Renata Miklo\u0161kov\u00e1<\/strong><\/strong><\/h4><span class=\"uagb-team__prefix\">Ekon\u00f3m \u2013 \u00fa\u010dtovn\u00edk<br>mikoloskova@daphne.sk<\/span><p class=\"uagb-team__desc\">\u0160tudovala na Vysokej \u0161kole ekon\u00f3mie a mana\u017ementu v Bratislave. Venuje sa spracovaniu \u00fa\u010dtovn\u00edctva organiz\u00e1cie, mzdovej a person\u00e1lnej agendy, tvorbe finan\u010dn\u00fdch reportov a anal\u00fdz. M\u00e1 30 ro\u010dn\u00fa prax v oblasti financi\u00ed a administrat\u00edvy.<\/p><\/div><\/div>\n\n\n\n<div style=\"height:50px\" aria-hidden=\"true\" class=\"wp-block-spacer\"><\/div>\n\n\n\n<div class=\"wp-block-uagb-team uagb-team__image-position-left uagb-team__align-left uagb-team__stack-tablet uagb-block-5ea31726\"><img decoding=\"async\" class=\"uagb-team__image-crop-circle\" src=\"https:\/\/daphne.sk\/wp-content\/uploads\/2024\/02\/Petra_Egry-150x150.jpg\" alt=\"\" height=\"150\" width=\"150\" loading=\"lazy\"\/><div class=\"uagb-team__content\"><h4 class=\"uagb-team__title\"><strong>Ing.<\/strong> <strong>Petra Egry<\/strong><\/h4><span class=\"uagb-team__prefix\">Finan\u010dn\u00e1 mana\u017e\u00e9rka<br>egry@daphne.sk<\/span><p class=\"uagb-team__desc\">Petra \u0161tudovala na Obchodnej fakulte Ekonomickej univerzity v Bratislave, a nesk\u00f4r nieko\u013eko rokov pracovala v nadn\u00e1rodnej spolo\u010dnosti na finan\u010dnom oddelen\u00ed. Po materskej dovolenke chcela z\u00faro\u010di\u0165 svoje sk\u00fasenosti v organiz\u00e1ci\u00e1ch, ktor\u00e9 maj\u00fa hlb\u0161ie poslanie. Od roku 2018 sa venuje finan\u010dn\u00e9mu mana\u017ementu mimovl\u00e1dnych organiz\u00e1ci\u00ed. V\u00a0DAPHNE zastre\u0161uje projektov\u00e9 financie.<\/p><\/div><\/div>\n\n\n\n<div style=\"height:50px\" aria-hidden=\"true\" class=\"wp-block-spacer\"><\/div>\n\n\n\n<div class=\"wp-block-uagb-team uagb-team__image-position-left uagb-team__align-left uagb-team__stack-tablet uagb-block-45f6b281\"><img decoding=\"async\" class=\"uagb-team__image-crop-circle\" src=\"https:\/\/daphne.sk\/wp-content\/uploads\/2024\/02\/Pavla_Lenyiova-150x150.jpg\" alt=\"\" height=\"150\" width=\"150\" loading=\"lazy\"\/><div class=\"uagb-team__content\"><h4 class=\"uagb-team__title\"><strong>Mgr.<\/strong> <strong>Pavla L\u00e9nyiov\u00e1<\/strong><\/h4><span class=\"uagb-team__prefix\">PR mana\u017e\u00e9rka <br>lenyiova@daphne.sk<\/span><p class=\"uagb-team__desc\">Vy\u0161tudovala \u017eurnalistiku a eur\u00f3pske \u0161t\u00fadi\u00e1. Pracovala ako redaktorka publicistiky v Slovenskom rozhlase\/RTVS, kde sa venovala hlavne t\u00e9mam udr\u017eate\u013enosti a \u017eivotn\u00e9ho prostredia. Nesk\u00f4r p\u00f4sobila na Ministerstve \u017eivotn\u00e9ho prostredia SR. V In\u0161tit\u00fate aplikovanej ekol\u00f3gie Daphne zastre\u0161uje komunik\u00e1ciu a PR a ako projektov\u00e1 mana\u017e\u00e9rka pripravuje vzdel\u00e1vac\u00ed program pre matersk\u00e9 \u0161koly Rozh\u00fdb labky.<\/p><\/div><\/div>\n\n\n\n<div style=\"height:50px\" aria-hidden=\"true\" class=\"wp-block-spacer\"><\/div>\n\n\n\n<div class=\"wp-block-uagb-team uagb-team__image-position-left uagb-team__align-left uagb-team__stack-tablet uagb-block-6ea428b1\"><img decoding=\"async\" class=\"uagb-team__image-crop-circle\" src=\"https:\/\/daphne.sk\/wp-content\/uploads\/2024\/02\/Raisa_Gorobecova-150x150.jpg\" alt=\"\" height=\"150\" width=\"150\" loading=\"lazy\"\/><div class=\"uagb-team__content\"><h4 class=\"uagb-team__title\"><strong>Raisa Gorobec<\/strong><\/h4><span class=\"uagb-team__prefix\">office mana\u017e\u00e9rka<br>gorobecova@daphne.sk<\/span><p class=\"uagb-team__desc\">Vy\u0161tudovala obchodn\u00fa akad\u00e9miu v Lu\u010denci. Svoj zmysel pre poriadok, organiza\u010dn\u00fd talent a v\u00e1\u0161e\u0148 pre \u010d\u00edsla naplno uplat\u0148uje na poz\u00edcii office\u00a0mana\u017e\u00e9rky.<\/p><\/div><\/div>\n","protected":false},"excerpt":{"rendered":"<p>V\u00fdskum a ochrana pr\u00edrody Environment\u00e1lne vzdel\u00e1vanie Ekonomick\u00e9 a marketingov\u00e9 oddelenie<\/p>\n","protected":false},"author":1,"featured_media":0,"parent":0,"menu_order":0,"comment_status":"closed","ping_status":"closed","template":"","meta":{"_uag_custom_page_level_css":"","footnotes":""},"class_list":["post-27253","page","type-page","status-publish","hentry"],"uagb_featured_image_src":{"full":false,"thumbnail":false,"medium":false,"medium_large":false,"large":false,"1536x1536":false,"2048x2048":false,"woocommerce_thumbnail":false},"uagb_author_info":{"display_name":"admin","author_link":"https:\/\/daphne.sk\/de\/author\/admin\/"},"uagb_comment_info":0,"uagb_excerpt":"V\u00fdskum a ochrana pr\u00edrody Environment\u00e1lne vzdel\u00e1vanie Ekonomick\u00e9 a marketingov\u00e9 oddelenie","jetpack_sharing_enabled":true,"meta_box":{"podnadpis":""},"_links":{"self":[{"href":"https:\/\/daphne.sk\/de\/wp-json\/wp\/v2\/pages\/27253","targetHints":{"allow":["GET"]}}],"collection":[{"href":"https:\/\/daphne.sk\/de\/wp-json\/wp\/v2\/pages"}],"about":[{"href":"https:\/\/daphne.sk\/de\/wp-json\/wp\/v2\/types\/page"}],"author":[{"embeddable":true,"href":"https:\/\/daphne.sk\/de\/wp-json\/wp\/v2\/users\/1"}],"replies":[{"embeddable":true,"href":"https:\/\/daphne.sk\/de\/wp-json\/wp\/v2\/comments?post=27253"}],"version-history":[{"count":43,"href":"https:\/\/daphne.sk\/de\/wp-json\/wp\/v2\/pages\/27253\/revisions"}],"predecessor-version":[{"id":34035,"href":"https:\/\/daphne.sk\/de\/wp-json\/wp\/v2\/pages\/27253\/revisions\/34035"}],"wp:attachment":[{"href":"https:\/\/daphne.sk\/de\/wp-json\/wp\/v2\/media?parent=27253"}],"curies":[{"name":"wp","href":"https:\/\/api.w.org\/{rel}","templated":true}]}}