{"id":29179,"date":"2024-08-30T12:32:58","date_gmt":"2024-08-30T12:32:58","guid":{"rendered":"https:\/\/daphne.sk\/?page_id=29179"},"modified":"2025-10-15T10:59:17","modified_gmt":"2025-10-15T10:59:17","slug":"environmentalne-vzdelavanie","status":"publish","type":"page","link":"https:\/\/daphne.sk\/de\/environmentalne-vzdelavanie\/","title":{"rendered":"Ekov\u00fdchova"},"content":{"rendered":"<div id=\"code_block-44-29340\" class=\"ct-code-block\" >\n<div class=\"grid lg-grid-cols-1 grid-cols-2 gap-8 mb-8\">\n                                         \n    <div class=\"category\">\n        <div class=\"title-container\"\n          style=\"background-image: url('https:\/\/daphne.sk\/wp-content\/uploads\/2025\/10\/SEWAsmudlo_23-1024x683.jpg') \"\n          onclick=\"toggleCategory(this)\"\n          >\n          <h3 class=\"title btn-primary btn btn-m\">Matersk\u00e9 \u0161koly <\/h3>\n        <\/div>\n\n        <div class=\"content text-gray-800 text-sm leading-relaxed\">\n               <div class=\"flex flex-col gap-8 pt-4\">\n                  \n                      \n                     \n\n                 \n                   <div class=\"grid grid lg-grid-cols-1 grid-33-66 gap-8\">\n                         <div class=\"image-wrap\">\n\n                      <a\n                        href=\"https:\/\/daphne.sk\/ekovychova-program\/materske-skoly\/materska-skola\/\"\n                        target=\"\"\n                        class=\"category-image bg-center rounded-lg lazyloaded flex-1\"\n                        style=\"background-image: url('https:\/\/daphne.sk\/wp-content\/uploads\/2025\/09\/SEWAsmudlo_12-1024x683.jpg') \"\n                        \n                      ><\/a>\n                    <\/div>\n\n                     <div>\n                  \n                   <a href=\"https:\/\/daphne.sk\/ekovychova-program\/materske-skoly\/materska-skola\/\"   target=\"\">\n                   <h3 class=\"text-2xl\">Programy pre matersk\u00e9 \u0161koly<\/h3><\/a>\n\n                       <p class=\"text-sm\">\n                                                 \n                 Z\u00e1\u017eitkov\u00e9 programy s\u00fa zameran\u00e9 na t\u00e9my \u017eivo\u010d\u00edchy a ich ochrana, lesy, bylinky a z\u00e1hrada \u010di voda a zdrav\u00e1 krajina. \n                <\/p>\n                       <a\n                    target=\"\"\n                  class=\"flex flex-row items-center gap-2\"\n                  href=\"https:\/\/daphne.sk\/ekovychova-program\/materske-skoly\/materska-skola\/\"\n                >\n                  <div>V\u0161etky programy<\/div>\n\n                  <svg\n                    width=\"18\"\n                    class=\"arrow-icon\"\n                    height=\"18\"\n                    viewBox=\"0 0 24 24\"\n                    fill=\"none\"\n                    xmlns=\"http:\/\/www.w3.org\/2000\/svg\"\n                  >\n                    <path\n                      d=\"M4 12H20M20 12L14 6M20 12L14 18\"\n                      stroke=\"currentColor\"\n                      stroke-width=\"2\"\n                      stroke-linecap=\"round\"\n                      stroke-linejoin=\"round\"\n                    ><\/path>\n                  <\/svg>\n                <\/a>\n                     <\/div>\n    \n                  \n                   <\/div>\n                 \n                  \n\n                 \n                   <div class=\"grid grid lg-grid-cols-1 grid-33-66 gap-8\">\n                         <div class=\"image-wrap\">\n\n                      <a\n                        href=\"https:\/\/daphne.sk\/ekovychova-program\/materske-skoly\/exkurzie-materska-skola\/\"\n                        target=\"\"\n                        class=\"category-image bg-center rounded-lg lazyloaded flex-1\"\n                        style=\"background-image: url('https:\/\/daphne.sk\/wp-content\/uploads\/2024\/08\/Exkurzie_do_prirody-768x1024.jpg') \"\n                        \n                      ><\/a>\n                    <\/div>\n\n                     <div>\n                  \n                   <a href=\"https:\/\/daphne.sk\/ekovychova-program\/materske-skoly\/exkurzie-materska-skola\/\"   target=\"\">\n                   <h3 class=\"text-2xl\">Exkurzie pre matersk\u00e9 \u0161koly<\/h3><\/a>\n\n                       <p class=\"text-sm\">\n                                                 \n                 Ako zist\u00edme, \u010di je voda v rieke \u010dist\u00e1? Ako vyzer\u00e1 ml\u00e1\u010fa v\u00e1\u017eky \u010di \u017eaby? Je m\u0155tve drevo naozaj bez \u017eivota? \n                <\/p>\n                       <a\n                    target=\"\"\n                  class=\"flex flex-row items-center gap-2\"\n                  href=\"https:\/\/daphne.sk\/ekovychova-program\/materske-skoly\/exkurzie-materska-skola\/\"\n                >\n                  <div>V\u0161etky programy<\/div>\n\n                  <svg\n                    width=\"18\"\n                    class=\"arrow-icon\"\n                    height=\"18\"\n                    viewBox=\"0 0 24 24\"\n                    fill=\"none\"\n                    xmlns=\"http:\/\/www.w3.org\/2000\/svg\"\n                  >\n                    <path\n                      d=\"M4 12H20M20 12L14 6M20 12L14 18\"\n                      stroke=\"currentColor\"\n                      stroke-width=\"2\"\n                      stroke-linecap=\"round\"\n                      stroke-linejoin=\"round\"\n                    ><\/path>\n                  <\/svg>\n                <\/a>\n                     <\/div>\n    \n                  \n                   <\/div>\n                 \n                  \n\n                 \n                   <div class=\"grid grid lg-grid-cols-1 grid-33-66 gap-8\">\n                         <div class=\"image-wrap\">\n\n                      <a\n                        href=\"https:\/\/daphne.sk\/ekovychova-program\/materske-skoly\/kamzik-materska-skola\/\"\n                        target=\"\"\n                        class=\"category-image bg-center rounded-lg lazyloaded flex-1\"\n                        style=\"background-image: url('https:\/\/daphne.sk\/wp-content\/uploads\/2024\/01\/4_Kamzik_DAPHNE-1024x576.jpg') \"\n                        \n                      ><\/a>\n                    <\/div>\n\n                     <div>\n                  \n                   <a href=\"https:\/\/daphne.sk\/ekovychova-program\/materske-skoly\/kamzik-materska-skola\/\"   target=\"\">\n                   <h3 class=\"text-2xl\">Kamz\u00edk - Programy pre matersk\u00e9 \u0161koly<\/h3><\/a>\n\n                       <p class=\"text-sm\">\n                                                 \n                 Vyberte sa s nami presk\u00fama\u0165 pramene v okol\u00ed Kamz\u00edka, ochutna\u0165 jedl\u00fd les \u010di stretn\u00fa\u0165 na\u0161u najv\u00e4\u010d\u0161iu div\u00fa v\u010delu. \n                <\/p>\n                       <a\n                    target=\"\"\n                  class=\"flex flex-row items-center gap-2\"\n                  href=\"https:\/\/daphne.sk\/ekovychova-program\/materske-skoly\/kamzik-materska-skola\/\"\n                >\n                  <div>V\u0161etky programy<\/div>\n\n                  <svg\n                    width=\"18\"\n                    class=\"arrow-icon\"\n                    height=\"18\"\n                    viewBox=\"0 0 24 24\"\n                    fill=\"none\"\n                    xmlns=\"http:\/\/www.w3.org\/2000\/svg\"\n                  >\n                    <path\n                      d=\"M4 12H20M20 12L14 6M20 12L14 18\"\n                      stroke=\"currentColor\"\n                      stroke-width=\"2\"\n                      stroke-linecap=\"round\"\n                      stroke-linejoin=\"round\"\n                    ><\/path>\n                  <\/svg>\n                <\/a>\n                     <\/div>\n    \n                  \n                   <\/div>\n                 \n                  \n\n                 \n                   <div class=\"grid grid lg-grid-cols-1 grid-33-66 gap-8\">\n                         <div class=\"image-wrap\">\n\n                      <a\n                        href=\"https:\/\/rozhyblabky.daphne.sk\/o-programe\"\n                        target=\"_blank\"\n                        class=\"category-image bg-center rounded-lg lazyloaded flex-1\"\n                        style=\"background-image: url('https:\/\/daphne.sk\/wp-content\/uploads\/2025\/10\/ekovychova_pre_skoly_rozhyb_labky_1-1024x768.jpg') \"\n                        \n                      ><\/a>\n                    <\/div>\n\n                     <div>\n                  \n                   <a href=\"https:\/\/rozhyblabky.daphne.sk\/o-programe\"   target=\"_blank\">\n                   <h3 class=\"text-2xl\">Program Rozh\u00fdb labky<\/h3><\/a>\n\n                       <p class=\"text-sm\">\n                                                 \n                 Rozcvi\u010dte si s de\u0165mi labky \u010di kr\u00eddla a spoznajte miesta, kde maj\u00fa chr\u00e1nen\u00e9 \u017eivo\u010d\u00edchy svoj domov. To v\u0161etko v\u010faka materi\u00e1lom a metodike od DAPHNE. \n                <\/p>\n                       <a\n                    target=\"_blank\"\n                  class=\"flex flex-row items-center gap-2\"\n                  href=\"https:\/\/rozhyblabky.daphne.sk\/o-programe\"\n                >\n                  <div>Viac o programe<\/div>\n\n                  <svg\n                    width=\"18\"\n                    class=\"arrow-icon\"\n                    height=\"18\"\n                    viewBox=\"0 0 24 24\"\n                    fill=\"none\"\n                    xmlns=\"http:\/\/www.w3.org\/2000\/svg\"\n                  >\n                    <path\n                      d=\"M4 12H20M20 12L14 6M20 12L14 18\"\n                      stroke=\"currentColor\"\n                      stroke-width=\"2\"\n                      stroke-linecap=\"round\"\n                      stroke-linejoin=\"round\"\n                    ><\/path>\n                  <\/svg>\n                <\/a>\n                     <\/div>\n    \n                  \n                   <\/div>\n                 \n                                                                          \n                   <\/div>\n               <\/div>\n        <\/div>\n     \n                                         \n    <div class=\"category\">\n        <div class=\"title-container\"\n          style=\"background-image: url('https:\/\/daphne.sk\/wp-content\/uploads\/2024\/08\/orez-429A7637-1024x1024.jpg') \"\n          onclick=\"toggleCategory(this)\"\n          >\n          <h3 class=\"title btn-primary btn btn-m\">Z\u00e1kladn\u00e9 \u0161koly <\/h3>\n        <\/div>\n\n        <div class=\"content text-gray-800 text-sm leading-relaxed\">\n               <div class=\"flex flex-col gap-8 pt-4\">\n                  \n                      \n                     \n\n                 \n                   <div class=\"grid grid lg-grid-cols-1 grid-33-66 gap-8\">\n                         <div class=\"image-wrap\">\n\n                      <a\n                        href=\"https:\/\/daphne.sk\/ekovychova-program\/zakladne-skoly\/zakladna-skola\/\"\n                        target=\"\"\n                        class=\"category-image bg-center rounded-lg lazyloaded flex-1\"\n                        style=\"background-image: url('https:\/\/daphne.sk\/wp-content\/uploads\/2025\/10\/429A3968-1024x683.jpg') \"\n                        \n                      ><\/a>\n                    <\/div>\n\n                     <div>\n                  \n                   <a href=\"https:\/\/daphne.sk\/ekovychova-program\/zakladne-skoly\/zakladna-skola\/\"   target=\"\">\n                   <h3 class=\"text-2xl\">Programy pre z\u00e1kladn\u00e9 \u0161koly<\/h3><\/a>\n\n                       <p class=\"text-sm\">\n                                                 \n                 Z\u00e1\u017eitkov\u00e9 programy s\u00fa zameran\u00e9 napr\u00edklad na \u017eiv\u00fa a ne\u017eiv\u00fa pr\u00edrodu a vz\u0165ahy a zmeny v pr\u00edrode v priebehu roka. \n                <\/p>\n                       <a\n                    target=\"\"\n                  class=\"flex flex-row items-center gap-2\"\n                  href=\"https:\/\/daphne.sk\/ekovychova-program\/zakladne-skoly\/zakladna-skola\/\"\n                >\n                  <div>V\u0161etky programy<\/div>\n\n                  <svg\n                    width=\"18\"\n                    class=\"arrow-icon\"\n                    height=\"18\"\n                    viewBox=\"0 0 24 24\"\n                    fill=\"none\"\n                    xmlns=\"http:\/\/www.w3.org\/2000\/svg\"\n                  >\n                    <path\n                      d=\"M4 12H20M20 12L14 6M20 12L14 18\"\n                      stroke=\"currentColor\"\n                      stroke-width=\"2\"\n                      stroke-linecap=\"round\"\n                      stroke-linejoin=\"round\"\n                    ><\/path>\n                  <\/svg>\n                <\/a>\n                     <\/div>\n    \n                  \n                   <\/div>\n                 \n                  \n\n                 \n                   <div class=\"grid grid lg-grid-cols-1 grid-33-66 gap-8\">\n                         <div class=\"image-wrap\">\n\n                      <a\n                        href=\"https:\/\/daphne.sk\/ekovychova-program\/zakladne-skoly\/exkurzie-zakladna-skola\/\"\n                        target=\"\"\n                        class=\"category-image bg-center rounded-lg lazyloaded flex-1\"\n                        style=\"background-image: url('https:\/\/daphne.sk\/wp-content\/uploads\/2024\/07\/09-768x1024.jpg') \"\n                        \n                      ><\/a>\n                    <\/div>\n\n                     <div>\n                  \n                   <a href=\"https:\/\/daphne.sk\/ekovychova-program\/zakladne-skoly\/exkurzie-zakladna-skola\/\"   target=\"\">\n                   <h3 class=\"text-2xl\">Exkurzie pre z\u00e1kladn\u00e9 \u0161koly<\/h3><\/a>\n\n                       <p class=\"text-sm\">\n                                                 \n                 Nazrite s nami pod vodn\u00fa hladinu, spozn\u00e1va\u0165 vt\u00e1ky pod\u013ea spevu \u010di pierok alebo objavova\u0165 z\u00e1kutia lu\u017en\u00e9ho lesa. \n                <\/p>\n                       <a\n                    target=\"\"\n                  class=\"flex flex-row items-center gap-2\"\n                  href=\"https:\/\/daphne.sk\/ekovychova-program\/zakladne-skoly\/exkurzie-zakladna-skola\/\"\n                >\n                  <div>V\u0161etky programy<\/div>\n\n                  <svg\n                    width=\"18\"\n                    class=\"arrow-icon\"\n                    height=\"18\"\n                    viewBox=\"0 0 24 24\"\n                    fill=\"none\"\n                    xmlns=\"http:\/\/www.w3.org\/2000\/svg\"\n                  >\n                    <path\n                      d=\"M4 12H20M20 12L14 6M20 12L14 18\"\n                      stroke=\"currentColor\"\n                      stroke-width=\"2\"\n                      stroke-linecap=\"round\"\n                      stroke-linejoin=\"round\"\n                    ><\/path>\n                  <\/svg>\n                <\/a>\n                     <\/div>\n    \n                  \n                   <\/div>\n                 \n                  \n\n                 \n                   <div class=\"grid grid lg-grid-cols-1 grid-33-66 gap-8\">\n                         <div class=\"image-wrap\">\n\n                      <a\n                        href=\"https:\/\/daphne.sk\/ekovychova-program\/zakladne-skoly\/kamzik-zakladna-skola\/\"\n                        target=\"\"\n                        class=\"category-image bg-center rounded-lg lazyloaded flex-1\"\n                        style=\"background-image: url('https:\/\/daphne.sk\/wp-content\/uploads\/2024\/08\/KAMZIK1-1024x576.jpg') \"\n                        \n                      ><\/a>\n                    <\/div>\n\n                     <div>\n                  \n                   <a href=\"https:\/\/daphne.sk\/ekovychova-program\/zakladne-skoly\/kamzik-zakladna-skola\/\"   target=\"\">\n                   <h3 class=\"text-2xl\">Kamz\u00edk - Programy pre z\u00e1kladn\u00e9 \u0161koly<\/h3><\/a>\n\n                       <p class=\"text-sm\">\n                                                 \n                 \u010co za zviera zviera zanechalo stopy v blate? Ko\u013eko vody zadr\u017e\u00ed mach? \u010co z malokarpatskej pr\u00edrody m\u00f4\u017eeme zjes\u0165? \n                <\/p>\n                       <a\n                    target=\"\"\n                  class=\"flex flex-row items-center gap-2\"\n                  href=\"https:\/\/daphne.sk\/ekovychova-program\/zakladne-skoly\/kamzik-zakladna-skola\/\"\n                >\n                  <div>V\u0161etky programy<\/div>\n\n                  <svg\n                    width=\"18\"\n                    class=\"arrow-icon\"\n                    height=\"18\"\n                    viewBox=\"0 0 24 24\"\n                    fill=\"none\"\n                    xmlns=\"http:\/\/www.w3.org\/2000\/svg\"\n                  >\n                    <path\n                      d=\"M4 12H20M20 12L14 6M20 12L14 18\"\n                      stroke=\"currentColor\"\n                      stroke-width=\"2\"\n                      stroke-linecap=\"round\"\n                      stroke-linejoin=\"round\"\n                    ><\/path>\n                  <\/svg>\n                <\/a>\n                     <\/div>\n    \n                  \n                   <\/div>\n                 \n                                                                          \n                   <\/div>\n               <\/div>\n        <\/div>\n     \n                                         \n    <div class=\"category\">\n        <div class=\"title-container\"\n          style=\"background-image: url('https:\/\/daphne.sk\/wp-content\/uploads\/2025\/10\/orez-429A8678-1-1024x1024.jpg') \"\n          onclick=\"toggleCategory(this)\"\n          >\n          <h3 class=\"title btn-primary btn btn-m\">Stredn\u00e9 \u0161koly <\/h3>\n        <\/div>\n\n        <div class=\"content text-gray-800 text-sm leading-relaxed\">\n               <div class=\"flex flex-col gap-8 pt-4\">\n                  \n                      \n                     \n\n                 \n                   <div class=\"grid grid lg-grid-cols-1 grid-33-66 gap-8\">\n                         <div class=\"image-wrap\">\n\n                      <a\n                        href=\"https:\/\/daphne.sk\/de\/ekovychova-program\/stredne-skoly\/stredna-skola\/\"\n                        target=\"\"\n                        class=\"category-image bg-center rounded-lg lazyloaded flex-1\"\n                        style=\"background-image: url('https:\/\/daphne.sk\/wp-content\/uploads\/2025\/09\/003-1024x768.jpg') \"\n                        \n                      ><\/a>\n                    <\/div>\n\n                     <div>\n                  \n                   <a href=\"https:\/\/daphne.sk\/de\/ekovychova-program\/stredne-skoly\/stredna-skola\/\"   target=\"\">\n                   <h3 class=\"text-2xl\">Programy pre stredn\u00e9 \u0161koly<\/h3><\/a>\n\n                       <p class=\"text-sm\">\n                                                 \n                 \u010co sp\u00f4sobuje zmenu kl\u00edmy a v \u010dom spo\u010d\u00edva sklen\u00edkov\u00fd efekt? Ako m\u00f4\u017eeme (nielen) Vianoce pre\u017ei\u0165 ekologickej\u0161ie? \n                <\/p>\n                       <a\n                    target=\"\"\n                  class=\"flex flex-row items-center gap-2\"\n                  href=\"https:\/\/daphne.sk\/de\/ekovychova-program\/stredne-skoly\/stredna-skola\/\"\n                >\n                  <div>V\u0161etky programy<\/div>\n\n                  <svg\n                    width=\"18\"\n                    class=\"arrow-icon\"\n                    height=\"18\"\n                    viewBox=\"0 0 24 24\"\n                    fill=\"none\"\n                    xmlns=\"http:\/\/www.w3.org\/2000\/svg\"\n                  >\n                    <path\n                      d=\"M4 12H20M20 12L14 6M20 12L14 18\"\n                      stroke=\"currentColor\"\n                      stroke-width=\"2\"\n                      stroke-linecap=\"round\"\n                      stroke-linejoin=\"round\"\n                    ><\/path>\n                  <\/svg>\n                <\/a>\n                     <\/div>\n    \n                  \n                   <\/div>\n                 \n                                                                          \n                   <\/div>\n               <\/div>\n        <\/div>\n     \n                                         \n    <div class=\"category\">\n        <div class=\"title-container\"\n          style=\"background-image: url('https:\/\/daphne.sk\/wp-content\/uploads\/2025\/10\/IMG-20250926-WA0016-1024x768.jpg') \"\n          onclick=\"toggleCategory(this)\"\n          >\n          <h3 class=\"title btn-primary btn btn-m\">Program GLOBE <\/h3>\n        <\/div>\n\n        <div class=\"content text-gray-800 text-sm leading-relaxed\">\n               <div class=\"flex flex-col gap-8 pt-4\">\n                  \n                      \n                                <div class=\"ql-block\" data-block-id=\"block-c4bb7d7f-82da-49ab-ac0d-5fe32c44bc5c\">\u00a0<strong>GLOBE<\/strong> je medzin\u00e1rodn\u00fd b\u00e1date\u013esk\u00fd program, v ktorom \u017eiaci sk\u00famaj\u00fa pr\u00edrodu a akt\u00edvne zlep\u0161uj\u00fa \u017eivotn\u00e9 prostredie v okol\u00ed svojej \u0161koly.<\/div>\r\n<div class=\"ql-block\" data-block-id=\"block-f7428931-f64c-45e7-98c9-3c59d020cac2\">Viac o\u00a0programe na <a class=\"ql-link\" href=\"https:\/\/www.globeslovakia.sk\/\" target=\"_blank\" rel=\"noopener noreferrer\">globeslovakia.sk<\/a>.<\/div> \n                                                                         \n                   <\/div>\n               <\/div>\n        <\/div>\n     \n  <\/div>\n<\/div>\n\n\n<div style=\"height:34px\" aria-hidden=\"true\" class=\"wp-block-spacer\"><\/div>\n\n\n\n<div style=\"height:34px\" aria-hidden=\"true\" class=\"wp-block-spacer\"><\/div>\n\n\n\n<div class=\"wp-block-media-text has-media-on-the-right is-stacked-on-mobile gap-8\" style=\"grid-template-columns:auto 32%\"><div class=\"wp-block-media-text__content\">\n<h2 class=\"wp-block-heading\"><strong>Kde a ako si objedna\u0165 program?<\/strong><\/h2>\n\n\n\n<p>Environmen\u00e1lny vzdel\u00e1vac\u00ed program si m\u00f4\u017eete objedna\u0165 priamo na na\u0161ej str\u00e1nke, cez \u013eubovo\u013en\u00fd program, alebo n\u00e1m nap\u00ed\u0161te email na: <a href=\"mailto:ekovychova@daphne.sk\">ekovychova@daphne.sk<\/a>.<\/p>\n\n\n\n<p>Program vieme prisp\u00f4sobi\u0165 potreb\u00e1m \u0161koly.<\/p>\n\n\n\n<p>Te\u0161\u00edme sa na v\u00e1s.&nbsp;<br>Lektori environment\u00e1lnej v\u00fdchovy: Lucia Durguth, Jana Menkynov\u00e1, D\u00e1\u0161a Ko\u010dvarov\u00e1, Marek \u0160uba.<\/p>\n\n\n\n<h3 class=\"wp-block-heading\">Kontakt:<\/h3>\n\n\n\n<p>Lucia Durguth:&nbsp;<strong>+421 948 181 533<\/strong><br><a href=\"mailto:ekovychova@daphne.sk\">ekovychova@daphne.sk<\/a><\/p>\n\n\n\n<p><\/p>\n<\/div><figure class=\"wp-block-media-text__media\"><img decoding=\"async\" width=\"683\" height=\"1024\" src=\"https:\/\/daphne.sk\/wp-content\/uploads\/2024\/08\/429A2005-683x1024.jpg\" alt=\"\" class=\"wp-image-29079 size-large\" srcset=\"https:\/\/daphne.sk\/wp-content\/uploads\/2024\/08\/429A2005-683x1024.jpg 683w, https:\/\/daphne.sk\/wp-content\/uploads\/2024\/08\/429A2005-200x300.jpg 200w, https:\/\/daphne.sk\/wp-content\/uploads\/2024\/08\/429A2005-768x1152.jpg 768w, https:\/\/daphne.sk\/wp-content\/uploads\/2024\/08\/429A2005-1024x1536.jpg 1024w, https:\/\/daphne.sk\/wp-content\/uploads\/2024\/08\/429A2005.jpg 1280w\" sizes=\"(max-width: 683px) 100vw, 683px\" \/><\/figure><\/div>\n\n\n\n<div style=\"height:38px\" aria-hidden=\"true\" class=\"wp-block-spacer\"><\/div>\n\n\n\n<p><\/p>\n","protected":false},"excerpt":{"rendered":"<p>Kde a ako si objedna\u0165 program? Environmen\u00e1lny vzdel\u00e1vac\u00ed program si m\u00f4\u017eete objedna\u0165 priamo na na\u0161ej str\u00e1nke, cez \u013eubovo\u013en\u00fd program, alebo n\u00e1m nap\u00ed\u0161te email na: ekovychova@daphne.sk. Program vieme prisp\u00f4sobi\u0165 potreb\u00e1m \u0161koly. Te\u0161\u00edme sa na v\u00e1s.&nbsp;Lektori environment\u00e1lnej v\u00fdchovy: Lucia Durguth, Jana Menkynov\u00e1, D\u00e1\u0161a Ko\u010dvarov\u00e1, Marek \u0160uba. Kontakt: Lucia Durguth:&nbsp;+421 948 181 533ekovychova@daphne.sk<\/p>\n","protected":false},"author":1,"featured_media":0,"parent":0,"menu_order":0,"comment_status":"closed","ping_status":"closed","template":"","meta":{"_uag_custom_page_level_css":"","footnotes":""},"class_list":["post-29179","page","type-page","status-publish","hentry"],"uagb_featured_image_src":{"full":false,"thumbnail":false,"medium":false,"medium_large":false,"large":false,"1536x1536":false,"2048x2048":false,"woocommerce_thumbnail":false},"uagb_author_info":{"display_name":"admin","author_link":"https:\/\/daphne.sk\/de\/author\/admin\/"},"uagb_comment_info":0,"uagb_excerpt":"Kde a ako si objedna\u0165 program? Environmen\u00e1lny vzdel\u00e1vac\u00ed program si m\u00f4\u017eete objedna\u0165 priamo na na\u0161ej str\u00e1nke, cez \u013eubovo\u013en\u00fd program, alebo n\u00e1m nap\u00ed\u0161te email na: ekovychova@daphne.sk. Program vieme prisp\u00f4sobi\u0165 potreb\u00e1m \u0161koly. Te\u0161\u00edme sa na v\u00e1s.&nbsp;Lektori environment\u00e1lnej v\u00fdchovy: Lucia Durguth, Jana Menkynov\u00e1, D\u00e1\u0161a Ko\u010dvarov\u00e1, Marek \u0160uba. Kontakt: Lucia Durguth:&nbsp;+421 948 181 533ekovychova@daphne.sk","jetpack_sharing_enabled":true,"meta_box":{"podnadpis":""},"_links":{"self":[{"href":"https:\/\/daphne.sk\/de\/wp-json\/wp\/v2\/pages\/29179","targetHints":{"allow":["GET"]}}],"collection":[{"href":"https:\/\/daphne.sk\/de\/wp-json\/wp\/v2\/pages"}],"about":[{"href":"https:\/\/daphne.sk\/de\/wp-json\/wp\/v2\/types\/page"}],"author":[{"embeddable":true,"href":"https:\/\/daphne.sk\/de\/wp-json\/wp\/v2\/users\/1"}],"replies":[{"embeddable":true,"href":"https:\/\/daphne.sk\/de\/wp-json\/wp\/v2\/comments?post=29179"}],"version-history":[{"count":92,"href":"https:\/\/daphne.sk\/de\/wp-json\/wp\/v2\/pages\/29179\/revisions"}],"predecessor-version":[{"id":32382,"href":"https:\/\/daphne.sk\/de\/wp-json\/wp\/v2\/pages\/29179\/revisions\/32382"}],"wp:attachment":[{"href":"https:\/\/daphne.sk\/de\/wp-json\/wp\/v2\/media?parent=29179"}],"curies":[{"name":"wp","href":"https:\/\/api.w.org\/{rel}","templated":true}]}}