{"id":30783,"date":"2025-02-27T15:28:34","date_gmt":"2025-02-27T15:28:34","guid":{"rendered":"https:\/\/daphne.sk\/bratislava-lebendig\/"},"modified":"2026-03-01T10:31:10","modified_gmt":"2026-03-01T10:31:10","slug":"bratislava-lebendig","status":"publish","type":"page","link":"https:\/\/daphne.sk\/de\/bratislava-lebendig\/","title":{"rendered":"Lebendiges Bratislava"},"content":{"rendered":"\n<div class=\"wp-block-columns is-layout-flex wp-container-core-columns-is-layout-28f84493 wp-block-columns-is-layout-flex\">\n<div class=\"wp-block-column is-layout-flow wp-block-column-is-layout-flow\"><\/div>\n\n\n\n<div class=\"wp-block-column is-layout-flow wp-block-column-is-layout-flow\"><\/div>\n\n\n\n<div class=\"wp-block-column is-vertically-aligned-center is-layout-flow wp-block-column-is-layout-flow\">\n<ul class=\"wp-block-list anchor-nav\">\n<li><a href=\"#oprojekte\">\u00dcber Lebendiges Bratislava<\/a><\/li>\n\n\n\n<li><a href=\"#podujatia\">Veranstaltungen und Aktivit\u00e4ten<\/a><\/li>\n\n\n\n<li><a href=\"#ako-sa-zapojit\">Wie kann ich mitmachen \/ iNaturalist-App<\/a><\/li>\n\n\n\n<li><a href=\"https:\/\/daphne.sk\/zb\/\">Aktuelle Daten<\/a><\/li>\n<\/ul>\n<\/div>\n<\/div>\n\n\n\n<div style=\"height:11px\" aria-hidden=\"true\" class=\"wp-block-spacer\"><\/div>\n\n\n\n<figure class=\"wp-block-gallery aligncenter has-nested-images columns-default uag-masonry uagb-block-76494a18 wp-block-gallery-1 is-layout-flex wp-block-gallery-is-layout-flex\">\n<figure class=\"wp-block-image size-large\"><img decoding=\"async\" width=\"768\" height=\"1024\" data-id=\"30476\" src=\"https:\/\/daphne.sk\/wp-content\/uploads\/2025\/03\/image00209-768x1024.jpeg\" alt=\"\" class=\"wp-image-30476\" srcset=\"https:\/\/daphne.sk\/wp-content\/uploads\/2025\/03\/image00209-768x1024.jpeg 768w, https:\/\/daphne.sk\/wp-content\/uploads\/2025\/03\/image00209-225x300.jpeg 225w, https:\/\/daphne.sk\/wp-content\/uploads\/2025\/03\/image00209-1152x1536.jpeg 1152w, https:\/\/daphne.sk\/wp-content\/uploads\/2025\/03\/image00209.jpeg 1440w\" sizes=\"(max-width: 768px) 100vw, 768px\" \/><\/figure>\n\n\n\n<figure class=\"wp-block-image size-large\"><img decoding=\"async\" width=\"768\" height=\"1024\" data-id=\"30473\" src=\"https:\/\/daphne.sk\/wp-content\/uploads\/2025\/03\/winklerova9-768x1024.jpg\" alt=\"\" class=\"wp-image-30473\" srcset=\"https:\/\/daphne.sk\/wp-content\/uploads\/2025\/03\/winklerova9-768x1024.jpg 768w, https:\/\/daphne.sk\/wp-content\/uploads\/2025\/03\/winklerova9-225x300.jpg 225w, https:\/\/daphne.sk\/wp-content\/uploads\/2025\/03\/winklerova9-1152x1536.jpg 1152w, https:\/\/daphne.sk\/wp-content\/uploads\/2025\/03\/winklerova9.jpg 1440w\" sizes=\"(max-width: 768px) 100vw, 768px\" \/><\/figure>\n\n\n\n<figure class=\"wp-block-image size-large\"><img decoding=\"async\" width=\"768\" height=\"1024\" data-id=\"30475\" src=\"https:\/\/daphne.sk\/wp-content\/uploads\/2025\/03\/image00206-768x1024.jpeg\" alt=\"\" class=\"wp-image-30475\" srcset=\"https:\/\/daphne.sk\/wp-content\/uploads\/2025\/03\/image00206-768x1024.jpeg 768w, https:\/\/daphne.sk\/wp-content\/uploads\/2025\/03\/image00206-225x300.jpeg 225w, https:\/\/daphne.sk\/wp-content\/uploads\/2025\/03\/image00206-1152x1536.jpeg 1152w, https:\/\/daphne.sk\/wp-content\/uploads\/2025\/03\/image00206.jpeg 1440w\" sizes=\"(max-width: 768px) 100vw, 768px\" \/><\/figure>\n<\/figure>\n\n\n\n<div style=\"height:37px\" aria-hidden=\"true\" class=\"wp-block-spacer\"><\/div>\n\n\n\n<p><strong>Entdecken Sie die Vielfalt der Natur in der Stadt mit uns und werden Sie Teil der Initiative \u201eLebendiges Bratislava\u201c. Erkunden Sie die Wiesen, Parks, W\u00e4lder, Flussufer oder die gr\u00fcnen Innenh\u00f6fe der Stadt und beobachten Sie alles Lebendige. <\/strong><\/p>\n\n\n\n<p>Machen Sie Fotos von Ihren Entdeckungen und laden Sie sie einfach in die iNaturalist-App hoch, die Ihnen hilft, die Arten zu identifizieren. Werden Sie zu Entdeckern des st\u00e4dtischen \u00d6kosystems und lassen Sie uns gemeinsam den Reichtum des Lebens in unserer Stadt entdecken. <\/p>\n\n\n\n<p>Lebendiges Bratislava verbindet Naturliebhaber, Fachleute, Wissenschaftler und Enthusiasten, die die Vielfalt der st\u00e4dtischen Natur erkunden und dokumentieren wollen.<\/p>\n\n\n\n<p>Insbesondere Wiesen, aber auch W\u00e4lder, Feuchtgebiete und andere nat\u00fcrliche Umgebungen in der Hauptstadt verbergen eine abwechslungsreiche Pflanzen- und Tierwelt, die man oft gar nicht wahrnimmt. \u00dcberall wimmelt es von Leben. Es reicht nur genauer hinzuschauen und man entdeckt dabei eine Vielzahl einzigartiger Lebewesen, die harmonisch zusammenleben oder einen \u00dcberlebenskampf f\u00fchren.  <\/p>\n\n\n\n<p>Um Ihnen den Einstieg zu erleichtern, haben wir einen Leitfaden erstellt, der Ihnen zeigt, was gerade bl\u00fcht oder welche Arten man gerade beobachten kann. Auch Sie k\u00f6nnen sich in die B\u00fcrgerwissenschaft einbinden und dabei helfen, die Vielfalt der st\u00e4dtischen Natur zu erfassen. <\/p>\n\n\n\n<p><strong>Entdecken Sie Lebendiges Bratislava.<\/strong><\/p>\n\n\n\n<div class=\"wp-block-columns is-layout-flex wp-container-core-columns-is-layout-28f84493 wp-block-columns-is-layout-flex\">\n<div class=\"wp-block-column is-vertically-aligned-center p-3 is-layout-flow wp-block-column-is-layout-flow\" style=\"flex-basis:33.34%\">\n<h3 class=\"wp-block-heading\"><a href=\"https:\/\/daphne.sk\/de\/ueber-biobran-2026\/\"><strong><strong>\u00dcber BioBranie 2026<\/strong><\/strong><\/a><\/h3>\n\n\n\n<div class=\"wp-block-uagb-image uagb-block-a53cec1b wp-block-uagb-image--layout-default wp-block-uagb-image--effect-static wp-block-uagb-image--align-none\"><figure class=\"wp-block-uagb-image__figure\"><a class=\"\" href=\"https:\/\/daphne.sk\/de\/ueber-biobran-2026\/\" target=\"\" rel=\"noopener\"><img decoding=\"async\" srcset=\"https:\/\/daphne.sk\/wp-content\/uploads\/2026\/03\/o-bio-brani-300x225.jpg ,https:\/\/daphne.sk\/wp-content\/uploads\/2026\/03\/o-bio-brani.jpg 780w, https:\/\/daphne.sk\/wp-content\/uploads\/2026\/03\/o-bio-brani.jpg 360w\" sizes=\"auto, (max-width: 480px) 150px\" src=\"https:\/\/daphne.sk\/wp-content\/uploads\/2026\/03\/o-bio-brani-300x225.jpg\" alt=\"\" class=\"uag-image-33411\" width=\"769\" height=\"1024\" title=\"\" loading=\"lazy\" role=\"presentation\"\/><\/a><\/figure><\/div>\n<\/div>\n\n\n\n<div class=\"wp-block-column p-3 is-layout-flow wp-block-column-is-layout-flow\" style=\"flex-basis:33.34%\">\n<h3 class=\"wp-block-heading\"><a href=\"https:\/\/daphne.sk\/de\/fuer-die-oeffentlichkeit\/\"><strong><strong>F\u00fcr die \u00d6ffentlichkeit<\/strong><\/strong><\/a><\/h3>\n\n\n\n<div class=\"wp-block-uagb-image uagb-block-e127023d wp-block-uagb-image--layout-default wp-block-uagb-image--effect-static wp-block-uagb-image--align-none\"><figure class=\"wp-block-uagb-image__figure\"><a class=\"\" href=\"https:\/\/daphne.sk\/de\/fuer-die-oeffentlichkeit\/\" target=\"\" rel=\"noopener\"><img decoding=\"async\" srcset=\"https:\/\/daphne.sk\/wp-content\/uploads\/2026\/03\/verejnost-1-300x225.jpg ,https:\/\/daphne.sk\/wp-content\/uploads\/2026\/03\/verejnost-1.jpg 780w, https:\/\/daphne.sk\/wp-content\/uploads\/2026\/03\/verejnost-1.jpg 360w\" sizes=\"auto, (max-width: 480px) 150px\" src=\"https:\/\/daphne.sk\/wp-content\/uploads\/2026\/03\/verejnost-1-300x225.jpg\" alt=\"\" class=\"uag-image-33413\" width=\"1024\" height=\"682\" title=\"verejnost\" loading=\"lazy\" role=\"img\"\/><\/a><\/figure><\/div>\n<\/div>\n\n\n\n<div class=\"wp-block-column p-3 is-layout-flow wp-block-column-is-layout-flow\" style=\"flex-basis:33.33%\">\n<h3 class=\"wp-block-heading\"><a href=\"https:\/\/daphne.sk\/de\/fuer-die-medien\/\"><strong><strong>F\u00fcr die Medien<\/strong><\/strong><\/a><\/h3>\n\n\n\n<div class=\"wp-block-uagb-image uagb-block-c88d217c wp-block-uagb-image--layout-default wp-block-uagb-image--effect-static wp-block-uagb-image--align-none\"><figure class=\"wp-block-uagb-image__figure\"><a class=\"\" href=\"https:\/\/daphne.sk\/de\/fuer-die-medien\/\" target=\"\" rel=\"noopener\"><img decoding=\"async\" srcset=\"https:\/\/daphne.sk\/wp-content\/uploads\/2026\/03\/media-1-300x225.jpg ,https:\/\/daphne.sk\/wp-content\/uploads\/2026\/03\/media-1.jpg 780w, https:\/\/daphne.sk\/wp-content\/uploads\/2026\/03\/media-1.jpg 360w\" sizes=\"auto, (max-width: 480px) 150px\" src=\"https:\/\/daphne.sk\/wp-content\/uploads\/2026\/03\/media-1-300x225.jpg\" alt=\"\" class=\"uag-image-33415\" width=\"768\" height=\"1024\" title=\"media\" loading=\"lazy\" role=\"img\"\/><\/a><\/figure><\/div>\n<\/div>\n<\/div>\n\n\n\n<p><strong>Warum mitmachen?<\/strong><\/p>\n\n\n\n<ul class=\"wp-block-list\">\n<li>Unterst\u00fctzen Sie die Forschung und den Naturschutz. Ihre Beobachtungen k\u00f6nnen den Wissenschaftlern helfen, die Ver\u00e4nderungen im \u00d6kosystem der Stadt zu erforschen und zu verstehen. <\/li>\n\n\n\n<li>Gestalten Sie Ihre Freizeit bunt. Verbinden Sie Spazierg\u00e4nge in der Stadt oder Natur mit der Entdeckung neuer Arten. <\/li>\n\n\n\n<li>Werden Sie Teil der Gemeinschaft. Partizipieren Sie an den gemeinsamen Bem\u00fchungen um ein gr\u00fcneres und lebendigeres Bratislava. <\/li>\n<\/ul>\n\n\n\n<p><\/p>\n\n\n\n<div style=\"height:40px\" aria-hidden=\"true\" class=\"wp-block-spacer\"><\/div>\n\n\n\n<h2 class=\"wp-block-heading\" id=\"podujatia\">Veranstaltungen und Aktivit\u00e4ten<\/h2>\n\n\n<div id=\"code_block-3-30325\" class=\"ct-code-block\" ><\/div>        \n                <div id=\"_posts_grid-2-30325\" class='oxy-easy-posts oxy-posts-grid' >\n                                    <div class='oxy-posts'>\n                     <div class='oxy-post'>\n\n  <a class='oxy-post-image' href='https:\/\/daphne.sk\/de\/april-v-znameni-rozkvitnutej-prirody\/'>\n      <div class='oxy-post-image-fixed-ratio' \n        style='background-image: url(https:\/\/daphne.sk\/wp-content\/uploads\/2026\/04\/Bombus-terrestris-_pixabay_nennieinszweidrei-dark-earth-bumblebees-8878494_1920.jpg);'>\n      <\/div>\n      \n  <\/a>\n\n  \n  <div class='oxy-post-wrap'>\n\t<a class='oxy-post-title' href='https:\/\/daphne.sk\/de\/april-v-znameni-rozkvitnutej-prirody\/'>APR\u00cdL V ZNAMEN\u00cd ROZKVITNUTEJ PR\u00cdRODY<\/a>\n\n  \n\n\t<div class='oxy-post-content'>\n\t\t<p>V\u00fdzva na apr\u00edl Apr\u00edl prin\u00e1\u0161a obdobie, ke\u010f sa pr\u00edroda prep\u00e1ja v jedine\u010dnom jarnom rytme. Rozkvitnut\u00e9 l\u00faky, lesn\u00e9 okraje aj z\u00e1hrady l\u00e1kaj\u00fa prv\u00fdch ope\u013eova\u010dov, ktor\u00ed zohr\u00e1vaj\u00fa k\u013e\u00fa\u010dov\u00fa \u00falohu v kolobehu \u017eivota. Ka\u017ed\u00fd kvet sa st\u00e1va zdrojom potravy a z\u00e1rove\u0148 miestom stretnutia s hmyzom, ktor\u00fd zabezpe\u010duje jeho \u010fal\u0161ie rozmno\u017eovanie. Pri pozorovan\u00ed pr\u00edrody si m\u00f4\u017eeme v\u0161imn\u00fa\u0165, ako s\u00fa<\/p>\n\t<\/div>\n\n\t<a href='https:\/\/daphne.sk\/de\/april-v-znameni-rozkvitnutej-prirody\/' class='oxy-read-more'>\n      Mehr Informationen<\/a>\n  <\/div>\n  \n<\/div> <div class='oxy-post'>\n\n  <a class='oxy-post-image' href='https:\/\/daphne.sk\/de\/pozvanka-na-webinar-netopiere-nasi-susedia\/'>\n      <div class='oxy-post-image-fixed-ratio' \n        style='background-image: url(https:\/\/daphne.sk\/wp-content\/uploads\/2026\/03\/Picture.jpeg);'>\n      <\/div>\n      \n  <\/a>\n\n  \n  <div class='oxy-post-wrap'>\n\t<a class='oxy-post-title' href='https:\/\/daphne.sk\/de\/pozvanka-na-webinar-netopiere-nasi-susedia\/'>POZV\u00c1NKA NA WEBIN\u00c1R \u201cNETOPIERE - NA\u0160I SUSEDIA\u201d<\/a>\n\n  \n\n\t<div class='oxy-post-content'>\n\t\t<p>Poz\u00fdvame V\u00e1s na bezplatn\u00fd webin\u00e1r\u00a0 \"NETOPIERE - NA\u0160I SUSEDIA\" v r\u00e1mci projektu ECOVISIT SKAT. &nbsp; S k\u00fdm? Mgr. Blanka Lehotsk\u00e1, Phd. Kedy? 24.3. 2026, o 18:00 Kde? KLIKNITE SEM NA Online ZOOM Na webin\u00e1r sa pros\u00edm zaregistrujte TU. \u010eakujeme za V\u00e1\u0161 \u010das a te\u0161\u00edme sa na stretnutie. DAPHNE - In\u0161tit\u00fat aplikovanej ekol\u00f3gie. &nbsp; Webin\u00e1r sa<\/p>\n\t<\/div>\n\n\t<a href='https:\/\/daphne.sk\/de\/pozvanka-na-webinar-netopiere-nasi-susedia\/' class='oxy-read-more'>\n      Mehr Informationen<\/a>\n  <\/div>\n  \n<\/div> <div class='oxy-post'>\n\n  <a class='oxy-post-image' href='https:\/\/daphne.sk\/de\/einladung-zum-webinar-ueber-invasive-arten-ohne-angst-und-schrecken\/'>\n      <div class='oxy-post-image-fixed-ratio' \n        style='background-image: url(https:\/\/daphne.sk\/wp-content\/uploads\/2026\/03\/v_velutina_nest-1-of-1.jpg);'>\n      <\/div>\n      \n  <\/a>\n\n  \n  <div class='oxy-post-wrap'>\n\t<a class='oxy-post-title' href='https:\/\/daphne.sk\/de\/einladung-zum-webinar-ueber-invasive-arten-ohne-angst-und-schrecken\/'>EINLADUNG ZUM WEBINAR \"\u00dcBER INVASIVE ARTEN OHNE ANGST UND SCHRECKEN\"\"<\/a>\n\n  \n\n\t<div class='oxy-post-content'>\n\t\t<p>Wir laden Sie zu einem kostenlosen Webinar ein \"\u00dcber INVASIVE DROGEN OHNE ANGST UND SCHRECKEN\" im Rahmen des ECOVISIT SKAT-Projekts. Mit wem? Prof. RNDr. Peter Fedor, DrSc. Wann? 17. 3. 2026, o 18:00 Wo? KLICKEN SIE HIER Online ZOOM Bitte registrieren Sie sich HIER f\u00fcr das Webinar . Vielen Dank f\u00fcr Ihre Zeit und wir<\/p>\n\t<\/div>\n\n\t<a href='https:\/\/daphne.sk\/de\/einladung-zum-webinar-ueber-invasive-arten-ohne-angst-und-schrecken\/' class='oxy-read-more'>\n      Mehr Informationen<\/a>\n  <\/div>\n  \n<\/div> <div class='oxy-post'>\n\n  <a class='oxy-post-image' href='https:\/\/daphne.sk\/de\/einladung-zum-webinar-die-bedeutung-von-pilzen-in-der-natur-und-im-leben\/'>\n      <div class='oxy-post-image-fixed-ratio' \n        style='background-image: url(https:\/\/daphne.sk\/wp-content\/uploads\/2026\/03\/H.-peckii.jpg);'>\n      <\/div>\n      \n  <\/a>\n\n  \n  <div class='oxy-post-wrap'>\n\t<a class='oxy-post-title' href='https:\/\/daphne.sk\/de\/einladung-zum-webinar-die-bedeutung-von-pilzen-in-der-natur-und-im-leben\/'>EINLADUNG ZUM WEBINAR \"DIE BEDEUTUNG VON PILZEN IN DER NATUR UND IM LEBEN\"<\/a>\n\n  \n\n\t<div class='oxy-post-content'>\n\t\t<p>&#13; Wir laden Sie zu dem kostenlosen Webinar \"DieBedeutung von Pilzen in der Natur und im Leben\" im Rahmen des ECOVISIT SKAT-Projektsein. &#13; &#13; Mit wem? RNDr. Ivona Kautmanov\u00e1, PhD. &#13; Wann? 10.3. 2026, o 18:00 &#13; Wo? Online ZOOM (klicken) &#13; Bitte registrieren Sie sich f\u00fcr das Webinar HIER. &#13; Vielen Dank f\u00fcr Ihre<\/p>\n\t<\/div>\n\n\t<a href='https:\/\/daphne.sk\/de\/einladung-zum-webinar-die-bedeutung-von-pilzen-in-der-natur-und-im-leben\/' class='oxy-read-more'>\n      Mehr Informationen<\/a>\n  <\/div>\n  \n<\/div>                <\/div>\n                                <div class='oxy-easy-posts-pages'>\n                    <span aria-label=\"Seite 1\" aria-current=\"page\" class=\"page-numbers current\">1<\/span>\n<a aria-label=\"Seite 2\" class=\"page-numbers\" href=\"https:\/\/daphne.sk\/de\/wp-json\/wp\/v2\/pages\/30783\/page\/2\/\">2<\/a>\n<a aria-label=\"Seite 3\" class=\"page-numbers\" href=\"https:\/\/daphne.sk\/de\/wp-json\/wp\/v2\/pages\/30783\/page\/3\/\">3<\/a>\n<span class=\"page-numbers dots\">&hellip;<\/span>\n<a aria-label=\"Seite 10\" class=\"page-numbers\" href=\"https:\/\/daphne.sk\/de\/wp-json\/wp\/v2\/pages\/30783\/page\/10\/\">10<\/a>\n<a class=\"next page-numbers\" href=\"https:\/\/daphne.sk\/de\/wp-json\/wp\/v2\/pages\/30783\/page\/2\/\">Weiter &raquo;<\/a>                <\/div>\n                                            <\/div>\n                \n\n\n<h2 class=\"wp-block-heading has-x-large-font-size\" id=\"ako-sa-zapojit\">Wie kann ich mitmachen \/ iNaturalist-App<\/h2>\n\n\n\n<figure class=\"wp-block-image size-full\"><img decoding=\"async\" width=\"300\" height=\"55\" src=\"https:\/\/daphne.sk\/wp-content\/uploads\/2025\/02\/iNaturalist.png\" alt=\"\" class=\"wp-image-30345\"\/><\/figure>\n\n\n\n<p><strong>1. Laden Sie die iNaturalist-App herunter.<\/strong><\/p>\n\n\n\n<p>Handy<\/p>\n\n\n\n<ul class=\"wp-block-list\">\n<li>Android: Laden Sie die App im <a href=\"https:\/\/play.google.com\/\">Google Play Store<\/a> herunter .<\/li>\n\n\n\n<li>iOS: Laden Sie die App im <a href=\"https:\/\/www.apple.com\/app-store\/\">App Store<\/a> herunter.<\/li>\n\n\n\n<li>Installieren Sie die App und \u00f6ffnen Sie sie.<\/li>\n<\/ul>\n\n\n\n<p>Website<\/p>\n\n\n\n<ul class=\"wp-block-list\">\n<li>Sie k\u00f6nnen Ihre Beobachtungen auch \u00fcber die <a href=\"https:\/\/www.inaturalist.org\" target=\"_blank\" rel=\"noreferrer noopener\">iNaturalist<\/a>-Website hinzuf\u00fcgen .<\/li>\n<\/ul>\n\n\n\n<p><strong>2. Registrierung und Anmeldung<\/strong><\/p>\n\n\n\n<ul class=\"wp-block-list\">\n<li>Wenn Sie mindestens 13 Jahre alt sind, erstellen Sie ein Konto per E-Mail oder melden Sie sich mit Ihrer Google- oder Apple-ID an.<\/li>\n\n\n\n<li>Stellen Sie Ihr Profil ein und tragen Sie die grundlegenden Informationen ein.<\/li>\n<\/ul>\n\n\n\n<p><strong>3. Beobachtung hinzuf\u00fcgen<\/strong><\/p>\n\n\n\n<ul class=\"wp-block-list\">\n<li>Klicken Sie auf die Taste \u201eObserve\u201c. <\/li>\n\n\n\n<li>Machen Sie ein Foto von Ihren Beobachtungen, oder laden Sie ein bestehendes Foto von Ihrem Ger\u00e4t hoch. <br><strong>Laden Sie keine Haustiere (Katzen, Hunde) oder gez\u00fcchtete oder kultivierte Zier- oder Gartenpflanzen hoch. Konzentrieren Sie sich nur auf Arten in der freien Natur, einschlie\u00dflich invasiver Arten. Weitere Informationen \u00fcber invasive Arten finden Sie auf der Website von <a href=\"https:\/\/invaznedruhy.sopsr.sk\/invazne-druhy-sr\/\">\u0160OP SR \u2013 der Staatliche Naturschutz der Slowakei.<\/a><\/strong><\/li>\n<\/ul>\n\n\n\n<p><strong>4. Beobachtung identifizieren<\/strong><\/p>\n\n\n\n<ul class=\"wp-block-list\">\n<li>Nachdem Sie das Foto hochgeladen haben, schl\u00e4gt die App m\u00f6gliche Arten vor.<\/li>\n\n\n\n<li>Wenn Sie wissen, was Sie fotografiert haben, k\u00f6nnen Sie die Art manuell eingeben.<\/li>\n\n\n\n<li>Wenn Sie sich nicht sicher sind, lassen Sie das Feld leer und die Gemeinschaft hilft Ihnen bei der Identifizierung.<\/li>\n<\/ul>\n\n\n\n<p><strong>5. Beobachtung speichern<\/strong><\/p>\n\n\n\n<ul class=\"wp-block-list\">\n<li>Pr\u00fcfen Sie den Standort und das Datum auf ihre Richtigkeit (Sie k\u00f6nnen sie bei Bedarf \u00e4ndern).<\/li>\n\n\n\n<li>Klicken Sie auf \u201eSpeichern\u201c.<\/li>\n<\/ul>\n\n\n\n<p><strong>6. Mit der Gemeinschaft interagieren<\/strong><\/p>\n\n\n\n<ul class=\"wp-block-list\">\n<li>Nach dem Speichern k\u00f6nnen andere Benutzer Identifizierungen kommentieren oder vorschlagen.<\/li>\n\n\n\n<li>Wenn zwei oder mehr Benutzer Ihre Art best\u00e4tigen, wird die Beobachtung zum Forschungsgrad (Research Grade).<\/li>\n<\/ul>\n\n\n\n<p><strong>7.Tipps f\u00fcr eine effektive Nutzung<\/strong><\/p>\n\n\n\n<ul class=\"wp-block-list\">\n<li>Fotografieren Sie die Art aus mehreren Blickwinkeln, um sie besser identifizieren zu k\u00f6nnen.<\/li>\n\n\n\n<li>Wenn m\u00f6glich, f\u00fcgen Sie eine Beschreibung des Verhaltens oder der Umgebung hinzu.<\/li>\n\n\n\n<li>Beteiligen Sie sich an Diskussionen und lernen Sie von Experten und erfahrenen Benutzern.<\/li>\n<\/ul>\n\n\n\n<p><\/p>\n\n\n\n<p>Lebendiges Bratislava wird im Rahmen des grenz\u00fcberschreitenden, \u00f6sterreichisch-slowakischen Projekts <a href=\"https:\/\/daphne.sk\/projekt\/zapojenie-navstevnikov-do-ochrany-biodiverzity-v-cezhranicnom-regione-slovenska-a-rakuska\/\">Ecovisit SKAT \u2013 Einbindung der Besucher in die Biodiversit\u00e4t in der grenz\u00fcberschreitenden Region der Slowakei und \u00d6sterreich<\/a> im Rahmen des Kooperationsprogramms INTERREG VI-A SK-AT, das aus dem Europ\u00e4ischen Fonds f\u00fcr regionale Entwicklung kofinanziert wird, umgesetzt. <\/p>\n\n\n\n<p><a href=\"https:\/\/www.sopsr.sk\/web\/?cl=12403\">\u0160t\u00e1tna ochrana pr\u00edrody SR<\/a> \u2013 der Staatliche Naturschutz der Slowakei, die<a href=\"https:\/\/www.regionmarchfeld.at\/region-marchfeld\/zusammenarbeit-slowakei\/\"> Region Marchfeld<\/a> und a der <a href=\"https:\/\/www.donauauen.at\/sk\/wissen\/internationale-projekte\/ecovisit-skat\">Nationalpark Donau-Auen <\/a>sind als Projektpartner von DAPHNE an der Kooperation am Projekt Ecovisit SKAT beteiligt.<\/p>\n\n\n\n<figure class=\"wp-block-image size-medium\"><img decoding=\"async\" width=\"300\" height=\"90\" src=\"https:\/\/daphne.sk\/wp-content\/uploads\/2025\/03\/Interreg-Logo-Slovakia-Austria-CMYK-Color-02-300x90.png\" alt=\"\" class=\"wp-image-30552\" srcset=\"https:\/\/daphne.sk\/wp-content\/uploads\/2025\/03\/Interreg-Logo-Slovakia-Austria-CMYK-Color-02-300x90.png 300w, https:\/\/daphne.sk\/wp-content\/uploads\/2025\/03\/Interreg-Logo-Slovakia-Austria-CMYK-Color-02-1024x308.png 1024w, https:\/\/daphne.sk\/wp-content\/uploads\/2025\/03\/Interreg-Logo-Slovakia-Austria-CMYK-Color-02-768x231.png 768w, https:\/\/daphne.sk\/wp-content\/uploads\/2025\/03\/Interreg-Logo-Slovakia-Austria-CMYK-Color-02-1536x462.png 1536w, https:\/\/daphne.sk\/wp-content\/uploads\/2025\/03\/Interreg-Logo-Slovakia-Austria-CMYK-Color-02.png 1903w\" sizes=\"(max-width: 300px) 100vw, 300px\" \/><\/figure>\n\n\n\n<figure class=\"wp-block-image size-large\"><img decoding=\"async\" width=\"1024\" height=\"122\" src=\"https:\/\/daphne.sk\/wp-content\/uploads\/2025\/03\/LISTA-ECOVISIT_02-3-1024x122.jpg\" alt=\"\" class=\"wp-image-30592\" srcset=\"https:\/\/daphne.sk\/wp-content\/uploads\/2025\/03\/LISTA-ECOVISIT_02-3-1024x122.jpg 1024w, https:\/\/daphne.sk\/wp-content\/uploads\/2025\/03\/LISTA-ECOVISIT_02-3-300x36.jpg 300w, https:\/\/daphne.sk\/wp-content\/uploads\/2025\/03\/LISTA-ECOVISIT_02-3-768x91.jpg 768w, https:\/\/daphne.sk\/wp-content\/uploads\/2025\/03\/LISTA-ECOVISIT_02-3-1536x182.jpg 1536w, https:\/\/daphne.sk\/wp-content\/uploads\/2025\/03\/LISTA-ECOVISIT_02-3.jpg 1920w\" sizes=\"(max-width: 1024px) 100vw, 1024px\" \/><\/figure>\n\n\n\n<p><\/p>\n","protected":false},"excerpt":{"rendered":"<p>Entdecken Sie die Vielfalt der Natur in der Stadt mit uns und werden Sie Teil der Initiative \u201eLebendiges Bratislava\u201c. Erkunden Sie die Wiesen, Parks, W\u00e4lder, Flussufer oder die gr\u00fcnen Innenh\u00f6fe der Stadt und beobachten Sie alles Lebendige. Machen Sie Fotos von Ihren Entdeckungen und laden Sie sie einfach in die iNaturalist-App hoch, die Ihnen hilft,<\/p>\n","protected":false},"author":1,"featured_media":0,"parent":0,"menu_order":0,"comment_status":"closed","ping_status":"closed","template":"","meta":{"_uag_custom_page_level_css":"","footnotes":""},"class_list":["post-30783","page","type-page","status-publish","hentry"],"uagb_featured_image_src":{"full":false,"thumbnail":false,"medium":false,"medium_large":false,"large":false,"1536x1536":false,"2048x2048":false,"woocommerce_thumbnail":false},"uagb_author_info":{"display_name":"admin","author_link":"https:\/\/daphne.sk\/de\/author\/admin\/"},"uagb_comment_info":0,"uagb_excerpt":"Entdecken Sie die Vielfalt der Natur in der Stadt mit uns und werden Sie Teil der Initiative \u201eLebendiges Bratislava\u201c. Erkunden Sie die Wiesen, Parks, W\u00e4lder, Flussufer oder die gr\u00fcnen Innenh\u00f6fe der Stadt und beobachten Sie alles Lebendige. Machen Sie Fotos von Ihren Entdeckungen und laden Sie sie einfach in die iNaturalist-App hoch, die Ihnen hilft,","jetpack_sharing_enabled":true,"meta_box":{"podnadpis":"Finde, fotografiere und teile. Entdecke die Vielfalt der Natur in Bratislava."},"_links":{"self":[{"href":"https:\/\/daphne.sk\/de\/wp-json\/wp\/v2\/pages\/30783","targetHints":{"allow":["GET"]}}],"collection":[{"href":"https:\/\/daphne.sk\/de\/wp-json\/wp\/v2\/pages"}],"about":[{"href":"https:\/\/daphne.sk\/de\/wp-json\/wp\/v2\/types\/page"}],"author":[{"embeddable":true,"href":"https:\/\/daphne.sk\/de\/wp-json\/wp\/v2\/users\/1"}],"replies":[{"embeddable":true,"href":"https:\/\/daphne.sk\/de\/wp-json\/wp\/v2\/comments?post=30783"}],"version-history":[{"count":15,"href":"https:\/\/daphne.sk\/de\/wp-json\/wp\/v2\/pages\/30783\/revisions"}],"predecessor-version":[{"id":33446,"href":"https:\/\/daphne.sk\/de\/wp-json\/wp\/v2\/pages\/30783\/revisions\/33446"}],"wp:attachment":[{"href":"https:\/\/daphne.sk\/de\/wp-json\/wp\/v2\/media?parent=30783"}],"curies":[{"name":"wp","href":"https:\/\/api.w.org\/{rel}","templated":true}]}}