{"id":31814,"date":"2025-07-30T08:30:55","date_gmt":"2025-07-30T08:30:55","guid":{"rendered":"https:\/\/daphne.sk\/?page_id=31814"},"modified":"2026-01-16T12:32:13","modified_gmt":"2026-01-16T12:32:13","slug":"zverejnovanie-informacii","status":"publish","type":"page","link":"https:\/\/daphne.sk\/de\/zverejnovanie-informacii\/","title":{"rendered":"Zverej\u0148ovanie inform\u00e1ci\u00ed"},"content":{"rendered":"\n<p> Zmluvy s\u00fa zverej\u0148ovan\u00e9 v <a href=\"https:\/\/www.crz.gov.sk\/\">centr\u00e1lnom registri zml\u00fav<\/a><\/p>\n\n\n\n<div class=\"wp-block-file\"><a id=\"wp-block-file--media-af8e642b-cfd4-4fc1-b435-d02fbe9cd760\" href=\"https:\/\/daphne.sk\/wp-content\/uploads\/2025\/12\/Objednavky-2025.pdf\">Objedn\u00e1vky 2025<\/a><a href=\"https:\/\/daphne.sk\/wp-content\/uploads\/2025\/12\/Objednavky-2025.pdf\" class=\"wp-block-file__button wp-element-button\" download aria-describedby=\"wp-block-file--media-af8e642b-cfd4-4fc1-b435-d02fbe9cd760\">Stiahnu\u0165<\/a><\/div>\n\n\n\n<div class=\"wp-block-file\"><a id=\"wp-block-file--media-698ba7a3-ace7-4a3d-a052-953c0af3b877\" href=\"https:\/\/daphne.sk\/wp-content\/uploads\/2025\/12\/Faktury-2025.pdf\">Fakt\u00fary 2025<\/a><a href=\"https:\/\/daphne.sk\/wp-content\/uploads\/2025\/12\/Faktury-2025.pdf\" class=\"wp-block-file__button wp-element-button\" download aria-describedby=\"wp-block-file--media-698ba7a3-ace7-4a3d-a052-953c0af3b877\">Stiahnu\u0165<\/a><\/div>\n\n\n\n<div class=\"wp-block-file\"><a id=\"wp-block-file--media-1f4e0b68-62f4-4faa-b415-5777a11c86f5\" href=\"https:\/\/daphne.sk\/wp-content\/uploads\/2026\/01\/Partnerska-dohoda-Svajciari-2.pdf\">Partnersk\u00e1 dohoda \u0160vaj\u010diari<\/a><a href=\"https:\/\/daphne.sk\/wp-content\/uploads\/2026\/01\/Partnerska-dohoda-Svajciari-2.pdf\" class=\"wp-block-file__button wp-element-button\" download aria-describedby=\"wp-block-file--media-1f4e0b68-62f4-4faa-b415-5777a11c86f5\">Stiahnu\u0165<\/a><\/div>\n","protected":false},"excerpt":{"rendered":"<p>Zmluvy s\u00fa zverej\u0148ovan\u00e9 v centr\u00e1lnom registri zml\u00fav<\/p>\n","protected":false},"author":13,"featured_media":0,"parent":0,"menu_order":0,"comment_status":"closed","ping_status":"closed","template":"","meta":{"_uag_custom_page_level_css":"","footnotes":""},"class_list":["post-31814","page","type-page","status-publish","hentry"],"uagb_featured_image_src":{"full":false,"thumbnail":false,"medium":false,"medium_large":false,"large":false,"1536x1536":false,"2048x2048":false,"woocommerce_thumbnail":false},"uagb_author_info":{"display_name":"Raisa Gorobecova","author_link":"https:\/\/daphne.sk\/de\/author\/gorobecova\/"},"uagb_comment_info":0,"uagb_excerpt":"Zmluvy s\u00fa zverej\u0148ovan\u00e9 v centr\u00e1lnom registri zml\u00fav","jetpack_sharing_enabled":true,"meta_box":{"podnadpis":""},"_links":{"self":[{"href":"https:\/\/daphne.sk\/de\/wp-json\/wp\/v2\/pages\/31814","targetHints":{"allow":["GET"]}}],"collection":[{"href":"https:\/\/daphne.sk\/de\/wp-json\/wp\/v2\/pages"}],"about":[{"href":"https:\/\/daphne.sk\/de\/wp-json\/wp\/v2\/types\/page"}],"author":[{"embeddable":true,"href":"https:\/\/daphne.sk\/de\/wp-json\/wp\/v2\/users\/13"}],"replies":[{"embeddable":true,"href":"https:\/\/daphne.sk\/de\/wp-json\/wp\/v2\/comments?post=31814"}],"version-history":[{"count":14,"href":"https:\/\/daphne.sk\/de\/wp-json\/wp\/v2\/pages\/31814\/revisions"}],"predecessor-version":[{"id":32891,"href":"https:\/\/daphne.sk\/de\/wp-json\/wp\/v2\/pages\/31814\/revisions\/32891"}],"wp:attachment":[{"href":"https:\/\/daphne.sk\/de\/wp-json\/wp\/v2\/media?parent=31814"}],"curies":[{"name":"wp","href":"https:\/\/api.w.org\/{rel}","templated":true}]}}