{"id":13468,"date":"2020-04-03T15:12:14","date_gmt":"2020-04-03T13:12:14","guid":{"rendered":"http:\/\/daphne.sk\/?post_type=product&#038;p=13468"},"modified":"2026-03-30T16:07:05","modified_gmt":"2026-03-30T16:07:05","slug":"legendy-zlateho-mesta-2","status":"publish","type":"product","link":"https:\/\/daphne.sk\/de\/e-shop\/legendy-zlateho-mesta-2\/","title":{"rendered":"Legendy zlat\u00e9ho mesta"},"content":{"rendered":"<p>Jedine\u010dn\u00e1 kniha z pera popul\u00e1rneho slovensk\u00e9ho autora Juraja \u010cerven\u00e1ka je ur\u010den\u00e1 \u0161peci\u00e1lne pre detsk\u00e9ho \u010ditate\u013ea. P\u00fatav\u00e9 dobrodru\u017en\u00e9 pr\u00edbehy, zalo\u017een\u00e9 na skuto\u010dn\u00fdch historick\u00fdch faktoch, n\u00e1s postupne preved\u00fa d\u00f4le\u017eit\u00fdmi obdobiami hist\u00f3rie Slovenska. \u010citatelia sa po\u010das pr\u00edbehov ocitaj\u00fa v\u00a0dobe bronzovej (pr\u00edbeh Dvan\u00e1s\u0165 \u017eelezn\u00fdch me\u010dov) a\u00a0tie\u017e spozn\u00e1vaj\u00fa \u017eivot star\u00fdch Slovanov (pr\u00edbeh Kr\u00e1\u013e lesa). \u010citate\u013e prostredn\u00edctvom hlavn\u00fdch hrdinov za\u017e\u00edva prostredie Banskej \u0160tiavnice v 15.storo\u010d\u00ed (pr\u00edbeh Skaza z\u00a0hlb\u00edn), v \u010dasoch protitureck\u00fdch vojen v 17. storo\u010d\u00ed (pr\u00edbeh Alchymistova dc\u00e9ra) a\u00a0spozn\u00e1va hist\u00f3riu sl\u00e1vnych \u0161tiavnick\u00fdch tajchov v\u00a018. storo\u010d\u00ed (pr\u00edbeh Vodn\u00edkov tajch). Kniha v\u00fdnimo\u010dn\u00fdm sp\u00f4sobom predstavuje slovensk\u00e9 re\u00e1lie na podklade t\u00e9m z\u00a0u\u010debn\u00fdch osnov 2.stup\u0148a. Umo\u017e\u0148uje \u017eiakom spozna\u0165 tvorbu s\u00fa\u010dasn\u00e9ho slovensk\u00e9ho autora a\u00a0pritom za\u017ei\u0165 sp\u00f4sob \u017eivota na na\u0161om \u00fazem\u00ed v\u00a0d\u00e1vnych dob\u00e1ch.<\/p>\n<p>S knihou je mo\u017en\u00e9 pracova\u0165 najm\u00e4 po\u010das hod\u00edn dejepisu, sloven\u010diny a pr\u00edrodn\u00fdch vied,\u00a0pri\u010dom pr\u00edbehy prep\u00e1jaj\u00fa t\u00e9my vzdel\u00e1vac\u00edch \u0161tandardov s re\u00e1lnym \u017eivotom. Postavy z pr\u00edbehov\u00a0vyu\u017e\u00edvaj\u00fa svoje vedomosti a zru\u010dnosti (mnoh\u00e9 s\u00favisiace so vzdel\u00e1vac\u00edmi \u0161tandardami 2.stup\u0148a)\u00a0pri rie\u0161en\u00ed ka\u017edodenn\u00fdch situ\u00e1ci\u00ed a\u00a0t\u00fdm sa vytv\u00e1raj\u00fa medzipredmetov\u00e9 s\u00favislosti (chemick\u00e9 z\u00e1konitosti v\u00a0alch\u00fdmii \u010di\u00a0pri \u0165a\u017ebe, vyu\u017eitie fyzik\u00e1lnych princ\u00edpov pri tajchoch, poznanie rastl\u00edn v bylink\u00e1rstve, pr\u00edklady \u017eivo\u010d\u00edchov, a in\u00e9).<\/p>\n<p>Legendy zlat\u00e9ho mesta, Juraj \u010cerven\u00e1k, DAPHNE, 2014, 283 s. (pevn\u00e1 v\u00e4zba).<\/p>\n<p>\u2217\u2217\u2217\u2217<br \/>\n<em><strong>Recenzia na knihu Juraja \u010cerven\u00e1ka: Legendy Zlat\u00e9ho mesta. Pr\u00edbehy a m\u00fdty Banskej \u0160tiavnice.<\/strong><\/em><\/p>\n<p><em>Nap\u00edsa\u0165 kni\u017eku pod\u013ea presn\u00e9ho zadania zvl\u00e1dne ka\u017ed\u00fd priemern\u00fd ghostwriter. Nap\u00edsa\u0165 kni\u017eku pod\u013ea presn\u00e9ho zadania, ktor\u00e1 sa od toho zadania oslobod\u00ed a m\u00f4\u017ee fungova\u0165 samostatne, auton\u00f3mne, ako plnohodnotn\u00e9 liter\u00e1rne dielo bez oh\u013eadu na konkr\u00e9tny \u00fa\u010del, to u\u017e chce cel\u00e9ho autora, ba dokonca, viac ako autora. Chce to toti\u017e niekoho, kto nie len brav\u00farne zvl\u00e1da remeslo a s\u00e1m disponuje talentom, ako tou kvalitou, ktor\u00e1 odli\u0161uje zapam\u00e4tate\u013en\u00fdch autorov od t\u00fdch priemern\u00fdch, ale aj niekoho dostato\u010dne pokorn\u00e9ho, svedomit\u00e9ho a v najtradi\u010dnej\u0161om zmysle poctiv\u00e9ho. Niekoho, kto je schopn\u00fd a ochotn\u00fd potla\u010di\u0165 svoje ego, ak to treba, niekoho, kto je schopn\u00fd p\u00edsa\u0165 pragmaticky a z\u00e1rove\u0148 tak, aby nezapredal svoj talent, svoj \u0161t\u00fdl, a v\u00f4bec v\u0161etko, \u010d\u00edm ako autor je. To, o \u010dom tu vrav\u00edme, je probl\u00e9m miery a je z\u00e1sadn\u00fd. Dnes m\u00f4\u017eeme smelo nap\u00edsa\u0165, \u017ee Juraj \u010cerven\u00e1k je jedn\u00fdm z najvyhranenej\u0161\u00edch slovensk\u00fdch spisovate\u013eov. Autor s jasnou v\u00edziou, autor s vlastn\u00fdm programom, ktosi, kto p\u00ed\u0161e ako vie p\u00edsa\u0165 a ako chce p\u00edsa\u0165 a presne v tejto polohe je vyd\u00e1van\u00fd a \u010do je podstatne d\u00f4le\u017eitej\u0161ie, je \u010d\u00edtan\u00fd. \u017de dnes smeruje \u010doraz intenz\u00edvnej\u0161ie zo \u017e\u00e1nrovej perif\u00e9rie do mainstreamu, je d\u00f4sledkom jeho prirodzen\u00e9ho v\u00fdvoja, zrenia, v ktorom autor akoby potreboval utiec\u0165 od svojich ortodoxn\u00fdch fan\u00fa\u0161ikov, ktor\u00ed ho maj\u00fa nato\u013eko radi, \u017ee s\u00fa schopn\u00ed a ochotn\u00ed mu prep\u00e1\u010di\u0165 \u010doko\u013evek, smerom k nemilosrdnej anonymnej mase, ktor\u00fa autor prakticky nezauj\u00edma. Len jeho dielo, len kni\u017eky s\u00fa d\u00f4le\u017eit\u00e9. Toto Juraj \u010cerven\u00e1k podst\u00fapil a podstupuje a ako autor v\u010faka tomu rastie. Legendy zlat\u00e9ho mesta, pr\u00edbehy a m\u00fdty Banskej \u0160tiavnice s\u00fa toho vynikaj\u00facim pr\u00edkladom, kni\u017eka, na ktor\u00fa sa mi najlep\u0161ie hod\u00ed pr\u00edvlastok poctiv\u00e1. \u010co to znamen\u00e1? \u017de v nej niet ni\u010doho, \u010do by sved\u010dilo o tom, \u017ee sa do nej autor nepolo\u017eil cel\u00fd. So v\u0161etk\u00fdm, \u010do vie, so v\u0161etk\u00fdm, \u010do sa nau\u010dil, so v\u0161etk\u00fdmi svojimi prednos\u0165ami i limitmi. Spisovate\u013estvo nie je p\u00edsanie, povie v\u00e1m to \u010cerven\u00e1k rovnako ako King, \u010di Lodge, spisovate\u013estvo je pr\u00e1ca, aj poslan\u00edm m\u00f4\u017ee by\u0165, ale pr\u00e1cou je najprv. \u010clovek sa pri nej nezaob\u00edde bez talentu, ak sa m\u00e1 robi\u0165 dobre, \u010do je ale azda rovnako d\u00f4le\u017eit\u00e9, \u010dlovek sa v nej nezaob\u00edde bez vstupov. Bez re\u0161er\u0161\u00ed, bez pr\u00edpravy, bez \u010d\u00edtania, bez sumariz\u00e1cie a triedenia faktov, jednoducho, bez zberu. A v tomto by \u010cerven\u00e1k na Slovensku len \u0165a\u017eko h\u013eadal konkurenta. V pr\u00edprave, vo v\u0161etkom tom, \u010do sa ako autor najprv mus\u00ed dozvedie\u0165, na\u010d\u00edta\u0165, napozera\u0165, doh\u013eada\u0165, aby to potom mohol premeni\u0165 na pr\u00edbeh. Pretavi\u0165, o\u017eivi\u0165, znova stvori\u0165 a zachyti\u0165 do slov. Toto sa podarilo v\u00fdborne, v\u010faka tomu s\u00fa Legendy zlat\u00e9ho mesta kni\u017ekou, ktor\u00e1 nielen sama osebe je v\u00fdrazom poznania, ale k poznaniu aj in\u0161piruje. Ve\u013emi elegantne sa v nej sn\u00fabia inform\u00e1cie z r\u00f4znych oblast\u00ed poznania (od napr\u00edklad fyziky a\u017e ku geografii), vr\u00e1tane lok\u00e1lnych \u0161pecif\u00edk (miestopis, argot, hist\u00f3ria, osobnosti) s p\u00fatavos\u0165ou a dobrodru\u017estvom vlastn\u00fdm \u017e\u00e1nrovej literat\u00fare. V r\u00e1mci autorskej licencie, v ktorej sa komponuje pr\u00edbeh ako suma faktov a fikcie sa \u010cerven\u00e1kovi podarilo celkom prirodzene text v\u00fdznamovo za\u0165a\u017ei\u0165 a\u017e do tej miery, \u017ee v\u00f4bec nie je jasn\u00e9, kedy \u010ditate\u013ea zab\u00e1va a kedy vzdel\u00e1va, \u010do je vzh\u013eadom na potenci\u00e1lne didaktick\u00fd \u00fa\u010del knihy v\u00f4bec to najz\u00e1sadnej\u0161ie. Kniha Legendy zlat\u00e9ho mesta, pr\u00edbehy a m\u00fdty Banskej \u0160tiavnice tak z m\u00f4jho uhla poh\u013eadu bez zvy\u0161ku a mierov vrchovatou nap\u013a\u0148a ideu spont\u00e1nneho vzdel\u00e1vania mimochodom, pri\u010dom ono mimochodom znamen\u00e1, \u017ee vzdel\u00e1van\u00fd prakticky v\u00f4bec nemus\u00ed tu\u0161i\u0165, \u017ee sa mu tak\u00e9 deje. \u017de ho ktosi vzdel\u00e1va. Ono spont\u00e1nne poznanie potom potvrdzuje zmysel cel\u00e9ho projektu.<\/em><br \/>\n<em><strong>Juraj Mal\u00ed\u010dek, v Nitre 14.12.2014<\/strong><\/em><\/p>\n","protected":false},"excerpt":{"rendered":"<p>Skvel\u00e1 a pou\u010dn\u00e1 kniha z pera popul\u00e1rneho slovensk\u00e9ho autora. Kniha obsahuje fantasy pr\u00edbehy z r\u00f4znych obdob\u00ed hist\u00f3rie Banskej \u0160tiavnice, ktor\u00e9 s\u00fa ur\u010den\u00e9 nielen pre detsk\u00e9ho \u010ditate\u013ea.<\/p>\n","protected":false},"featured_media":24182,"comment_status":"closed","ping_status":"closed","template":"","meta":{"_uag_custom_page_level_css":""},"product_brand":[],"product_cat":[19,168],"product_tag":[],"class_list":{"0":"post-13468","1":"product","2":"type-product","3":"status-publish","4":"has-post-thumbnail","6":"product_cat-publikacie","7":"product_cat-v-akcii","9":"first","10":"instock","11":"sale","12":"taxable","13":"shipping-taxable","14":"purchasable","15":"product-type-simple"},"uagb_featured_image_src":{"full":["https:\/\/daphne.sk\/wp-content\/uploads\/2022\/07\/429A2998.jpg",900,900,false],"thumbnail":["https:\/\/daphne.sk\/wp-content\/uploads\/2022\/07\/429A2998-150x150.jpg",150,150,true],"medium":["https:\/\/daphne.sk\/wp-content\/uploads\/2022\/07\/429A2998-300x300.jpg",300,300,true],"medium_large":["https:\/\/daphne.sk\/wp-content\/uploads\/2022\/07\/429A2998-768x768.jpg",768,768,true],"large":["https:\/\/daphne.sk\/wp-content\/uploads\/2022\/07\/429A2998.jpg",900,900,false],"1536x1536":["https:\/\/daphne.sk\/wp-content\/uploads\/2022\/07\/429A2998.jpg",900,900,false],"2048x2048":["https:\/\/daphne.sk\/wp-content\/uploads\/2022\/07\/429A2998.jpg",900,900,false],"woocommerce_thumbnail":["https:\/\/daphne.sk\/wp-content\/uploads\/2022\/07\/429A2998-450x450.jpg",450,450,true]},"uagb_author_info":{"display_name":"admin","author_link":"https:\/\/daphne.sk\/de\/author\/"},"uagb_comment_info":1,"uagb_excerpt":"Skvel\u00e1 a pou\u010dn\u00e1 kniha z pera popul\u00e1rneho slovensk\u00e9ho autora. Kniha obsahuje fantasy pr\u00edbehy z r\u00f4znych obdob\u00ed hist\u00f3rie Banskej \u0160tiavnice, ktor\u00e9 s\u00fa ur\u010den\u00e9 nielen pre detsk\u00e9ho \u010ditate\u013ea.","jetpack_sharing_enabled":true,"meta_box":[],"_links":{"self":[{"href":"https:\/\/daphne.sk\/de\/wp-json\/wp\/v2\/product\/13468","targetHints":{"allow":["GET"]}}],"collection":[{"href":"https:\/\/daphne.sk\/de\/wp-json\/wp\/v2\/product"}],"about":[{"href":"https:\/\/daphne.sk\/de\/wp-json\/wp\/v2\/types\/product"}],"replies":[{"embeddable":true,"href":"https:\/\/daphne.sk\/de\/wp-json\/wp\/v2\/comments?post=13468"}],"wp:featuredmedia":[{"embeddable":true,"href":"https:\/\/daphne.sk\/de\/wp-json\/wp\/v2\/media\/24182"}],"wp:attachment":[{"href":"https:\/\/daphne.sk\/de\/wp-json\/wp\/v2\/media?parent=13468"}],"wp:term":[{"taxonomy":"product_brand","embeddable":true,"href":"https:\/\/daphne.sk\/de\/wp-json\/wp\/v2\/product_brand?post=13468"},{"taxonomy":"product_cat","embeddable":true,"href":"https:\/\/daphne.sk\/de\/wp-json\/wp\/v2\/product_cat?post=13468"},{"taxonomy":"product_tag","embeddable":true,"href":"https:\/\/daphne.sk\/de\/wp-json\/wp\/v2\/product_tag?post=13468"}],"curies":[{"name":"wp","href":"https:\/\/api.w.org\/{rel}","templated":true}]}}