{"id":13470,"date":"2020-04-03T15:14:14","date_gmt":"2020-04-03T13:14:14","guid":{"rendered":"http:\/\/daphne.sk\/?post_type=product&#038;p=13470"},"modified":"2026-04-15T07:00:40","modified_gmt":"2026-04-15T07:00:40","slug":"prakticka-ekovychova-pre-skoly-2","status":"publish","type":"product","link":"https:\/\/daphne.sk\/de\/e-shop\/prakticka-ekovychova-pre-skoly-2\/","title":{"rendered":"Praktick\u00e1 ekov\u00fdchova pre \u0161koly - 1. a 2.r. Z\u0160 a M\u0160"},"content":{"rendered":"<p>Metodick\u00e1 pr\u00edru\u010dka k environment\u00e1lnej v\u00fdchove pre 1. a 2. ro\u010dn\u00edk\u00a0 z\u00e1kladn\u00fdch \u0161k\u00f4l a matersk\u00e9 \u0161koly. Vytla\u010den\u00e1 na recyklovanom papieri na Slovensku.<\/p>\n<p>&nbsp;<\/p>\n<p>Obsahuje t\u00e9my:<\/p>\n<ul>\n<li><strong> geol\u00f3gia<\/strong>\u00a0(vznik pohor\u00ed a skameneliny),<\/li>\n<li><strong>voda<\/strong>\u00a0(kolobeh, premeny vody a vodn\u00e9 \u017eivo\u010d\u00edchy),<\/li>\n<li><strong>les<\/strong>\u00a0(ako chut\u00ed a vonia les, lesn\u00ed obyvatelia),<\/li>\n<li><strong>l\u00faky<\/strong>\u00a0(bylinky \u2013 zdravie z l\u00fak, pr\u00edbeh m\u00f4jho svetr\u00edka, ove\u010dky na sala\u0161i),<\/li>\n<li>a <strong>zdrav\u00e9 s\u00eddla<\/strong>\u00a0(zdrav\u00e1 dedina a jej zvierac\u00ed kamar\u00e1ti, ako vznikol chlieb).<\/li>\n<\/ul>\n<p>&nbsp;<\/p>\n<p>Ka\u017ed\u00e1 z t\u00e9m obsahuje <strong>s\u00fabor aktiv\u00edt<\/strong>, ide napr. o pozn\u00e1vacie, pohybov\u00e9, dramatick\u00e9, hudobn\u00e9, v\u00fdtvarn\u00e9, v\u00fdskumn\u00e9, \u010di zmyslov\u00e9 aktivity. Pri ich opise sa nach\u00e1dzaj\u00fa aj <strong>n\u00e1mety na tvorbu u\u010debn\u00fdch pom\u00f4cok<\/strong>.<\/p>\n<p>Publik\u00e1cia je obohaten\u00e1 o <strong>hotov\u00e9 pracovn\u00e9 listy a slovn\u00ed\u010dek pojmov<\/strong>.<\/p>\n<p><em>Immerov\u00e1 Barbara, Las\u00e1kov\u00e1 Viera, Kimli\u010dkov\u00e1 Jana, Kr\u00e1lovi\u010dov\u00e1 Andrea. Praktick\u00e1 ekov\u00fdchova pre \u0161koly. 2021. 3.upr. vydanie. DAPHNE \u2013 In\u0161tit\u00fat aplikovanej ekol\u00f3gie, Bratislava.<\/em><\/p>\n","protected":false},"excerpt":{"rendered":"<p>Metodick\u00e1 pr\u00edru\u010dka k environment\u00e1lnej v\u00fdchove pre 1. a 2. ro\u010dn\u00edk\u00a0 z\u00e1kladn\u00fdch \u0161k\u00f4l a matersk\u00e9 \u0161koly. Vytla\u010den\u00e1 na recyklovanom papieri na Slovensku.<\/p>\n<p>&nbsp;<\/p>\n<p>Ka\u017ed\u00e1 z pr\u00edrodne zameran\u00fdch t\u00e9m obsahuje s\u00fabor aktiv\u00edt (pozn\u00e1vacie, pohybov\u00e9, dramatick\u00e9, hudobn\u00e9, v\u00fdtvarn\u00e9, v\u00fdskumn\u00e9, \u010di zmyslov\u00e9 aktivity).<\/p>\n<p>Pri ich opise sa nach\u00e1dzaj\u00fa aj n\u00e1mety na tvorbu u\u010debn\u00fdch pom\u00f4cok.<\/p>\n<p>Publik\u00e1cia je obohaten\u00e1 o<strong> hotov\u00e9 pracovn\u00e9 listy a slovn\u00ed\u010dek pojmov.<\/strong><\/p>\n<p>&nbsp;<\/p>\n<p>&nbsp;<\/p>\n","protected":false},"featured_media":24400,"comment_status":"closed","ping_status":"closed","template":"","meta":{"_uag_custom_page_level_css":""},"product_brand":[],"product_cat":[19,20],"product_tag":[],"class_list":{"0":"post-13470","1":"product","2":"type-product","3":"status-publish","4":"has-post-thumbnail","6":"product_cat-publikacie","7":"product_cat-ucebne-pomocky","9":"first","10":"instock","11":"purchasable","12":"product-type-simple"},"uagb_featured_image_src":{"full":["https:\/\/daphne.sk\/wp-content\/uploads\/2020\/04\/429A2918.jpg",900,900,false],"thumbnail":["https:\/\/daphne.sk\/wp-content\/uploads\/2020\/04\/429A2918-150x150.jpg",150,150,true],"medium":["https:\/\/daphne.sk\/wp-content\/uploads\/2020\/04\/429A2918-300x300.jpg",300,300,true],"medium_large":["https:\/\/daphne.sk\/wp-content\/uploads\/2020\/04\/429A2918-768x768.jpg",768,768,true],"large":["https:\/\/daphne.sk\/wp-content\/uploads\/2020\/04\/429A2918.jpg",900,900,false],"1536x1536":["https:\/\/daphne.sk\/wp-content\/uploads\/2020\/04\/429A2918.jpg",900,900,false],"2048x2048":["https:\/\/daphne.sk\/wp-content\/uploads\/2020\/04\/429A2918.jpg",900,900,false],"woocommerce_thumbnail":["https:\/\/daphne.sk\/wp-content\/uploads\/2020\/04\/429A2918-450x450.jpg",450,450,true]},"uagb_author_info":{"display_name":"admin","author_link":"https:\/\/daphne.sk\/de\/author\/"},"uagb_comment_info":0,"uagb_excerpt":"Metodick\u00e1 pr\u00edru\u010dka k environment\u00e1lnej v\u00fdchove pre 1. a 2. ro\u010dn\u00edk\u00a0 z\u00e1kladn\u00fdch \u0161k\u00f4l a matersk\u00e9 \u0161koly. Vytla\u010den\u00e1 na recyklovanom papieri na Slovensku. &nbsp; Ka\u017ed\u00e1 z pr\u00edrodne zameran\u00fdch t\u00e9m obsahuje s\u00fabor aktiv\u00edt (pozn\u00e1vacie, pohybov\u00e9, dramatick\u00e9, hudobn\u00e9, v\u00fdtvarn\u00e9, v\u00fdskumn\u00e9, \u010di zmyslov\u00e9 aktivity). Pri ich opise sa nach\u00e1dzaj\u00fa aj n\u00e1mety na tvorbu u\u010debn\u00fdch pom\u00f4cok. Publik\u00e1cia je obohaten\u00e1 o hotov\u00e9&hellip;","jetpack_sharing_enabled":true,"meta_box":[],"_links":{"self":[{"href":"https:\/\/daphne.sk\/de\/wp-json\/wp\/v2\/product\/13470","targetHints":{"allow":["GET"]}}],"collection":[{"href":"https:\/\/daphne.sk\/de\/wp-json\/wp\/v2\/product"}],"about":[{"href":"https:\/\/daphne.sk\/de\/wp-json\/wp\/v2\/types\/product"}],"replies":[{"embeddable":true,"href":"https:\/\/daphne.sk\/de\/wp-json\/wp\/v2\/comments?post=13470"}],"wp:featuredmedia":[{"embeddable":true,"href":"https:\/\/daphne.sk\/de\/wp-json\/wp\/v2\/media\/24400"}],"wp:attachment":[{"href":"https:\/\/daphne.sk\/de\/wp-json\/wp\/v2\/media?parent=13470"}],"wp:term":[{"taxonomy":"product_brand","embeddable":true,"href":"https:\/\/daphne.sk\/de\/wp-json\/wp\/v2\/product_brand?post=13470"},{"taxonomy":"product_cat","embeddable":true,"href":"https:\/\/daphne.sk\/de\/wp-json\/wp\/v2\/product_cat?post=13470"},{"taxonomy":"product_tag","embeddable":true,"href":"https:\/\/daphne.sk\/de\/wp-json\/wp\/v2\/product_tag?post=13470"}],"curies":[{"name":"wp","href":"https:\/\/api.w.org\/{rel}","templated":true}]}}