{"id":13483,"date":"2020-04-03T15:36:15","date_gmt":"2020-04-03T13:36:15","guid":{"rendered":"http:\/\/daphne.sk\/?post_type=product&#038;p=13483"},"modified":"2026-01-07T09:34:47","modified_gmt":"2026-01-07T09:34:47","slug":"leporelo-na-spoznavanie-rastlin-devinskej-kobyly","status":"publish","type":"product","link":"https:\/\/daphne.sk\/de\/e-shop\/leporelo-na-spoznavanie-rastlin-devinskej-kobyly\/","title":{"rendered":"Rastliny Dev\u00ednskej Kobyly"},"content":{"rendered":"<p><strong>Sprievodca suchomiln\u00fdmi rastlinami<\/strong><\/p>\n<p>Leporelo pribl\u00ed\u017ei zauj\u00edmavosti o 30 rastlin\u00e1ch rast\u00facich preva\u017ene v lesoch a o 36 rastlin\u00e1ch nelesn\u00fdch biotopov, zoraden\u00fdch pod\u013ea farby kvetu.<\/p>\n<p>&nbsp;<\/p>\n<p><strong>Dev\u00ednska Kobyla<\/strong><\/p>\n<p>Dev\u00ednska Kobyla predstavuje najju\u017enej\u0161\u00ed v\u00fdbe\u017eok Mal\u00fdch Karp\u00e1t. Napriek pomerne malej rozlohe patr\u00ed k lokalit\u00e1m, ktor\u00e9 s\u00fa v\u00fdznamn\u00e9 pre mimoriadne bohat\u00fd v\u00fdskyt rastl\u00edn a \u017eivo\u010d\u00edchov, pri\u010dom ich po\u010det sa tu pohybuje v tis\u00edckach.<\/p>\n<p>&nbsp;<\/p>\n<p><strong>Ochrana<\/strong><\/p>\n<p>Pre svoj unik\u00e1tny v\u00fdznam, presahuj\u00faci hranice Slovenska, bola lokalita v roku 2004 vyhl\u00e1sen\u00e1 za \u00fazemie eur\u00f3pskeho v\u00fdznamu Dev\u00ednska Kobyla s rozlohou 643 ha. Stala sa t\u00fdm s\u00fa\u010das\u0165ou eur\u00f3pskej s\u00fastavy chr\u00e1nen\u00fdch \u00fazem\u00ed Natura 2000, ktorej cie\u013eom je zachovanie eur\u00f3pskeho pr\u00edrodn\u00e9ho bohatstva \u2013 najvz\u00e1cnej\u0161\u00edch a najohrozenej\u0161\u00edch druhov a biotopov.<\/p>\n","protected":false},"excerpt":{"rendered":"<p><strong>Sprievodca suchomiln\u00fdmi rastlinami<\/strong><\/p>\n<p>Leporelo pribl\u00ed\u017ei zauj\u00edmavosti o 30 rastlin\u00e1ch rast\u00facich preva\u017ene v lesoch a o 36 rastlin\u00e1ch nelesn\u00fdch biotopov, zoraden\u00fdch pod\u013ea farby kvetu.<\/p>\n<p>&nbsp;<\/p>\n<p><strong>Dev\u00ednska Kobyla<\/strong><\/p>\n<p>Dev\u00ednska Kobyla predstavuje najju\u017enej\u0161\u00ed v\u00fdbe\u017eok Mal\u00fdch Karp\u00e1t. Napriek pomerne malej rozlohe patr\u00ed k lokalit\u00e1m, ktor\u00e9 s\u00fa v\u00fdznamn\u00e9 pre mimoriadne bohat\u00fd v\u00fdskyt rastl\u00edn a \u017eivo\u010d\u00edchov, pri\u010dom ich po\u010det sa tu pohybuje v tis\u00edckach.<\/p>\n<p>&nbsp;<\/p>\n<p><strong>Ochrana<\/strong><\/p>\n<p>Pre svoj unik\u00e1tny v\u00fdznam, presahuj\u00faci hranice Slovenska, bola lokalita v roku 2004 vyhl\u00e1sen\u00e1 za \u00fazemie eur\u00f3pskeho v\u00fdznamu Dev\u00ednska Kobyla s rozlohou 643 ha. Stala sa t\u00fdm s\u00fa\u010das\u0165ou eur\u00f3pskej s\u00fastavy chr\u00e1nen\u00fdch \u00fazem\u00ed Natura 2000, ktorej cie\u013eom je zachovanie eur\u00f3pskeho pr\u00edrodn\u00e9ho bohatstva \u2013 najvz\u00e1cnej\u0161\u00edch a najohrozenej\u0161\u00edch druhov a biotopov.<\/p>\n","protected":false},"featured_media":24441,"comment_status":"closed","ping_status":"closed","template":"","meta":{"_uag_custom_page_level_css":""},"product_brand":[],"product_cat":[21,138],"product_tag":[22],"class_list":{"0":"post-13483","1":"product","2":"type-product","3":"status-publish","4":"has-post-thumbnail","6":"product_cat-vzdelavacie-vychytavky","7":"product_cat-leporela","8":"product_tag-rastliny","10":"first","11":"instock","12":"purchasable","13":"product-type-simple"},"uagb_featured_image_src":{"full":["https:\/\/daphne.sk\/wp-content\/uploads\/2020\/04\/429A3499-scaled.jpg",2560,2560,false],"thumbnail":["https:\/\/daphne.sk\/wp-content\/uploads\/2020\/04\/429A3499-150x150.jpg",150,150,true],"medium":["https:\/\/daphne.sk\/wp-content\/uploads\/2020\/04\/429A3499-300x300.jpg",300,300,true],"medium_large":["https:\/\/daphne.sk\/wp-content\/uploads\/2020\/04\/429A3499-768x768.jpg",768,768,true],"large":["https:\/\/daphne.sk\/wp-content\/uploads\/2020\/04\/429A3499-1024x1024.jpg",1024,1024,true],"1536x1536":["https:\/\/daphne.sk\/wp-content\/uploads\/2020\/04\/429A3499-1536x1536.jpg",1536,1536,true],"2048x2048":["https:\/\/daphne.sk\/wp-content\/uploads\/2020\/04\/429A3499-2048x2048.jpg",2048,2048,true],"woocommerce_thumbnail":["https:\/\/daphne.sk\/wp-content\/uploads\/2020\/04\/429A3499-scaled-450x450.jpg",450,450,true]},"uagb_author_info":{"display_name":"admin","author_link":"https:\/\/daphne.sk\/de\/author\/"},"uagb_comment_info":0,"uagb_excerpt":"Sprievodca suchomiln\u00fdmi rastlinami Leporelo pribl\u00ed\u017ei zauj\u00edmavosti o 30 rastlin\u00e1ch rast\u00facich preva\u017ene v lesoch a o 36 rastlin\u00e1ch nelesn\u00fdch biotopov, zoraden\u00fdch pod\u013ea farby kvetu. &nbsp; Dev\u00ednska Kobyla Dev\u00ednska Kobyla predstavuje najju\u017enej\u0161\u00ed v\u00fdbe\u017eok Mal\u00fdch Karp\u00e1t. Napriek pomerne malej rozlohe patr\u00ed k lokalit\u00e1m, ktor\u00e9 s\u00fa v\u00fdznamn\u00e9 pre mimoriadne bohat\u00fd v\u00fdskyt rastl\u00edn a \u017eivo\u010d\u00edchov, pri\u010dom ich po\u010det sa tu&hellip;","jetpack_sharing_enabled":true,"meta_box":[],"_links":{"self":[{"href":"https:\/\/daphne.sk\/de\/wp-json\/wp\/v2\/product\/13483","targetHints":{"allow":["GET"]}}],"collection":[{"href":"https:\/\/daphne.sk\/de\/wp-json\/wp\/v2\/product"}],"about":[{"href":"https:\/\/daphne.sk\/de\/wp-json\/wp\/v2\/types\/product"}],"replies":[{"embeddable":true,"href":"https:\/\/daphne.sk\/de\/wp-json\/wp\/v2\/comments?post=13483"}],"wp:featuredmedia":[{"embeddable":true,"href":"https:\/\/daphne.sk\/de\/wp-json\/wp\/v2\/media\/24441"}],"wp:attachment":[{"href":"https:\/\/daphne.sk\/de\/wp-json\/wp\/v2\/media?parent=13483"}],"wp:term":[{"taxonomy":"product_brand","embeddable":true,"href":"https:\/\/daphne.sk\/de\/wp-json\/wp\/v2\/product_brand?post=13483"},{"taxonomy":"product_cat","embeddable":true,"href":"https:\/\/daphne.sk\/de\/wp-json\/wp\/v2\/product_cat?post=13483"},{"taxonomy":"product_tag","embeddable":true,"href":"https:\/\/daphne.sk\/de\/wp-json\/wp\/v2\/product_tag?post=13483"}],"curies":[{"name":"wp","href":"https:\/\/api.w.org\/{rel}","templated":true}]}}