{"id":13785,"date":"2020-06-02T12:53:55","date_gmt":"2020-06-02T10:53:55","guid":{"rendered":"https:\/\/daphne.sk\/?post_type=product&#038;p=13785"},"modified":"2025-09-09T11:51:49","modified_gmt":"2025-09-09T11:51:49","slug":"akcny-otec","status":"publish","type":"product","link":"https:\/\/daphne.sk\/de\/e-shop\/akcny-otec\/","title":{"rendered":"Bal\u00ed\u010dek ak\u010dn\u00e9ho otca"},"content":{"rendered":"<p>Spr\u00e1vny otec dne\u0161nej doby vie, \u017ee je potrebn\u00e9 chodi\u0165 s de\u0165mi \u010do najviac von a nech\u00e1 ich za\u017ei\u0165 kopec dobrodru\u017estiev.<\/p>\n<p>A modern\u00fd mu\u017e je s na\u0161\u00edm bal\u00ed\u010dkom AK\u010cN\u00c9HO OTCA pripraven\u00fd na nikdy nekon\u010diace ot\u00e1zky mal\u00fdch i v\u00e4\u010d\u0161\u00edch zvedavcov.<\/p>\n<p>\u2665\u00a0<strong>\u201eS tebou tati, ma bav\u00ed svet\u201c<\/strong>\u00a0\u2665<\/p>\n<p>Za v\u00fdhodn\u00fa cenu k\u00fapite:<\/p>\n<p><strong>1. Sadu 9 identifika\u010dn\u00fdch kruhov<\/strong>, pomocou ktor\u00fdch sa hravo nau\u010d\u00edte rozozn\u00e1va\u0165 z\u00e1kladn\u00e9 druhy stromov a kr\u00edkov, lesn\u00fdch a vodn\u00fdch bezstavovcov, oboj\u017eiveln\u00edkov, plazov, li\u0161ajn\u00edkov a tie\u017e byliniek.\u00a0 V e-shope n\u00e1jdete <a href=\"https:\/\/daphne.sk\/produkt\/sada-8-identifikacnych-kruhov-1-zdarma\/\" target=\"_blank\" rel=\"noopener\">TU<\/a>.<\/p>\n<p><strong>2. B\u00e1danie ro\u010dn\u00fdmi obdobiami.\u00a0<\/strong>Prostredn\u00edctvom\u00a0<strong>12 pracovn\u00fdch listov,<\/strong>\u00a0rozdelen\u00fdch do 4 ro\u010dn\u00fdch obdob\u00ed, spozn\u00e1te z\u00e1bavnou a pr\u00ed\u0165a\u017elivou formou \u017eivot \u017eaby, lie\u010div\u00e9 bylinky, plody, listy a kvety stromov a mnoho in\u00e9ho. Bonusom je mandala, vhodn\u00e1 aj pre dospel\u00fdch. V e-shope n\u00e1jdete\u00a0<a href=\"https:\/\/daphne.sk\/produkt\/badanie-aktivity\/\" target=\"_blank\" rel=\"noopener\">TU<\/a>.<\/p>\n<p><strong>3. Nap\u00ednav\u00e9 dobrodru\u017estv\u00e1 Toly, Poly a Emila.<\/strong>\u00a0Kniha pre modern\u00e9ho otca, ktor\u00fd nau\u010d\u00ed deti spr\u00e1vne triedi\u0165 odpady, porad\u00ed si so suchom vo svojom okol\u00ed, pribl\u00ed\u017ei de\u0165om v\u00fdznam l\u00fak, v\u010diel samot\u00e1rok a prispeje tak k ochrane na\u0161ej pr\u00edrody. V e-shope n\u00e1jdete\u00a0<a href=\"https:\/\/daphne.sk\/produkt\/napinave-dobrodruzstva-toly-poly-a-emila-pribehy-o-ochrane-prirody\/\" target=\"_blank\" rel=\"noopener\">TU<\/a>.<\/p>\n","protected":false},"excerpt":{"rendered":"<p>Spr\u00e1vny otec dne\u0161nej doby vie, \u017ee je potrebn\u00e9 chodi\u0165 s de\u0165mi \u010do najviac von a nech\u00e1 ich za\u017ei\u0165 kopec dobrodru\u017estiev.<\/p>\n<p>A modern\u00fd mu\u017e je s na\u0161\u00edm bal\u00ed\u010dkom AK\u010cN\u00c9HO OTCA pripraven\u00fd na nikdy nekon\u010diace ot\u00e1zky mal\u00fdch i v\u00e4\u010d\u0161\u00edch zvedavcov.<\/p>\n<p>\u2665 <strong>\"S tebou tati, ma bav\u00ed svet\"<\/strong> \u2665<\/p>\n","protected":false},"featured_media":13786,"comment_status":"closed","ping_status":"closed","template":"","meta":{"_uag_custom_page_level_css":""},"product_brand":[],"product_cat":[21,168],"product_tag":[],"class_list":{"0":"post-13785","1":"product","2":"type-product","3":"status-publish","4":"has-post-thumbnail","6":"product_cat-vzdelavacie-vychytavky","7":"product_cat-v-akcii","9":"first","10":"instock","11":"sale","12":"purchasable","13":"product-type-simple"},"uagb_featured_image_src":{"full":["https:\/\/daphne.sk\/wp-content\/uploads\/2020\/06\/IMG-6551-scaled-1.jpg",2560,1920,false],"thumbnail":["https:\/\/daphne.sk\/wp-content\/uploads\/2020\/06\/IMG-6551-scaled-1-150x150.jpg",150,150,true],"medium":["https:\/\/daphne.sk\/wp-content\/uploads\/2020\/06\/IMG-6551-scaled-1-300x225.jpg",300,225,true],"medium_large":["https:\/\/daphne.sk\/wp-content\/uploads\/2020\/06\/IMG-6551-scaled-1-768x576.jpg",768,576,true],"large":["https:\/\/daphne.sk\/wp-content\/uploads\/2020\/06\/IMG-6551-scaled-1-1024x768.jpg",1024,768,true],"1536x1536":["https:\/\/daphne.sk\/wp-content\/uploads\/2020\/06\/IMG-6551-scaled-1-1536x1152.jpg",1536,1152,true],"2048x2048":["https:\/\/daphne.sk\/wp-content\/uploads\/2020\/06\/IMG-6551-scaled-1-2048x1536.jpg",2048,1536,true],"woocommerce_thumbnail":["https:\/\/daphne.sk\/wp-content\/uploads\/2020\/06\/IMG-6551-scaled-1-450x450.jpg",450,450,true]},"uagb_author_info":{"display_name":"admin","author_link":"https:\/\/daphne.sk\/de\/author\/"},"uagb_comment_info":0,"uagb_excerpt":"Spr\u00e1vny otec dne\u0161nej doby vie, \u017ee je potrebn\u00e9 chodi\u0165 s de\u0165mi \u010do najviac von a nech\u00e1 ich za\u017ei\u0165 kopec dobrodru\u017estiev. A modern\u00fd mu\u017e je s na\u0161\u00edm bal\u00ed\u010dkom AK\u010cN\u00c9HO OTCA pripraven\u00fd na nikdy nekon\u010diace ot\u00e1zky mal\u00fdch i v\u00e4\u010d\u0161\u00edch zvedavcov. \u2665 \"S tebou tati, ma bav\u00ed svet\" \u2665","jetpack_sharing_enabled":true,"meta_box":[],"_links":{"self":[{"href":"https:\/\/daphne.sk\/de\/wp-json\/wp\/v2\/product\/13785","targetHints":{"allow":["GET"]}}],"collection":[{"href":"https:\/\/daphne.sk\/de\/wp-json\/wp\/v2\/product"}],"about":[{"href":"https:\/\/daphne.sk\/de\/wp-json\/wp\/v2\/types\/product"}],"replies":[{"embeddable":true,"href":"https:\/\/daphne.sk\/de\/wp-json\/wp\/v2\/comments?post=13785"}],"wp:featuredmedia":[{"embeddable":true,"href":"https:\/\/daphne.sk\/de\/wp-json\/wp\/v2\/media\/13786"}],"wp:attachment":[{"href":"https:\/\/daphne.sk\/de\/wp-json\/wp\/v2\/media?parent=13785"}],"wp:term":[{"taxonomy":"product_brand","embeddable":true,"href":"https:\/\/daphne.sk\/de\/wp-json\/wp\/v2\/product_brand?post=13785"},{"taxonomy":"product_cat","embeddable":true,"href":"https:\/\/daphne.sk\/de\/wp-json\/wp\/v2\/product_cat?post=13785"},{"taxonomy":"product_tag","embeddable":true,"href":"https:\/\/daphne.sk\/de\/wp-json\/wp\/v2\/product_tag?post=13785"}],"curies":[{"name":"wp","href":"https:\/\/api.w.org\/{rel}","templated":true}]}}