{"id":14168,"date":"2020-10-06T13:47:43","date_gmt":"2020-10-06T13:47:43","guid":{"rendered":"https:\/\/daphne.sk\/?post_type=product&#038;p=14168"},"modified":"2026-03-30T16:15:47","modified_gmt":"2026-03-30T16:15:47","slug":"sada-devinska-kobyla","status":"publish","type":"product","link":"https:\/\/daphne.sk\/de\/e-shop\/sada-devinska-kobyla\/","title":{"rendered":"Sada \"Dev\u00ednska Kobyla\""},"content":{"rendered":"<p>Sada \"Dev\u00ednska Kobyla\" obsahuje 3 tematick\u00e9 publik\u00e1cie z dielne In\u0161tit\u00fatu DAPHNE:<\/p>\n<p><strong>Leporelo na spozn\u00e1vanie rastl\u00edn Dev\u00ednskej Kobyly<\/strong> - pribl\u00ed\u017ei zauj\u00edmavosti o 30 rastlin\u00e1ch rast\u00facich preva\u017ene v lesoch a o 36 rastlin\u00e1ch nelesn\u00fdch biotopov, zoraden\u00fdch pod\u013ea farby kvetu. V e-shope n\u00e1jdete <a href=\"https:\/\/daphne.sk\/sk\/e-shop\/vzdelavacie-vychytavky\/leporelo-na-spoznavanie-rastlin-devinskej-kobyly\/\">TU<\/a>.<\/p>\n<p><strong>L\u00e1kadl\u00e1 Dev\u00ednskej Kobyly<\/strong> - t\u00e1to obr\u00e1zkov\u00e1 mapa obsahuje tipy a zauj\u00edmavosti, ktor\u00e9 odpor\u00fa\u010dame nav\u0161t\u00edvi\u0165 na Dev\u00ednskej Kobyle. Samostatne nepredajn\u00e9.<\/p>\n<p><strong>Ma\u013eovan\u00e1 Kobyla<\/strong> - detsk\u00e1 oma\u013eov\u00e1nka. Samostatne nepredajn\u00e9.<\/p>\n","protected":false},"excerpt":{"rendered":"<p>Sada \"Dev\u00ednska Kobyla\" obsahuje 3 tematick\u00e9 publik\u00e1cie z dielne In\u0161tit\u00fatu DAPHNE.<\/p>\n","protected":false},"featured_media":24372,"comment_status":"closed","ping_status":"closed","template":"","meta":{"_uag_custom_page_level_css":""},"product_brand":[],"product_cat":[21],"product_tag":[],"class_list":{"0":"post-14168","1":"product","2":"type-product","3":"status-publish","4":"has-post-thumbnail","6":"product_cat-vzdelavacie-vychytavky","8":"first","9":"instock","10":"purchasable","11":"product-type-simple"},"uagb_featured_image_src":{"full":["https:\/\/daphne.sk\/wp-content\/uploads\/2020\/10\/429A3289.jpg",900,900,false],"thumbnail":["https:\/\/daphne.sk\/wp-content\/uploads\/2020\/10\/429A3289-150x150.jpg",150,150,true],"medium":["https:\/\/daphne.sk\/wp-content\/uploads\/2020\/10\/429A3289-300x300.jpg",300,300,true],"medium_large":["https:\/\/daphne.sk\/wp-content\/uploads\/2020\/10\/429A3289-768x768.jpg",768,768,true],"large":["https:\/\/daphne.sk\/wp-content\/uploads\/2020\/10\/429A3289.jpg",900,900,false],"1536x1536":["https:\/\/daphne.sk\/wp-content\/uploads\/2020\/10\/429A3289.jpg",900,900,false],"2048x2048":["https:\/\/daphne.sk\/wp-content\/uploads\/2020\/10\/429A3289.jpg",900,900,false],"woocommerce_thumbnail":["https:\/\/daphne.sk\/wp-content\/uploads\/2020\/10\/429A3289-450x450.jpg",450,450,true]},"uagb_author_info":{"display_name":"admin","author_link":"https:\/\/daphne.sk\/de\/author\/"},"uagb_comment_info":0,"uagb_excerpt":"Sada \"Dev\u00ednska Kobyla\" obsahuje 3 tematick\u00e9 publik\u00e1cie z dielne In\u0161tit\u00fatu DAPHNE.","jetpack_sharing_enabled":true,"meta_box":[],"_links":{"self":[{"href":"https:\/\/daphne.sk\/de\/wp-json\/wp\/v2\/product\/14168","targetHints":{"allow":["GET"]}}],"collection":[{"href":"https:\/\/daphne.sk\/de\/wp-json\/wp\/v2\/product"}],"about":[{"href":"https:\/\/daphne.sk\/de\/wp-json\/wp\/v2\/types\/product"}],"replies":[{"embeddable":true,"href":"https:\/\/daphne.sk\/de\/wp-json\/wp\/v2\/comments?post=14168"}],"wp:featuredmedia":[{"embeddable":true,"href":"https:\/\/daphne.sk\/de\/wp-json\/wp\/v2\/media\/24372"}],"wp:attachment":[{"href":"https:\/\/daphne.sk\/de\/wp-json\/wp\/v2\/media?parent=14168"}],"wp:term":[{"taxonomy":"product_brand","embeddable":true,"href":"https:\/\/daphne.sk\/de\/wp-json\/wp\/v2\/product_brand?post=14168"},{"taxonomy":"product_cat","embeddable":true,"href":"https:\/\/daphne.sk\/de\/wp-json\/wp\/v2\/product_cat?post=14168"},{"taxonomy":"product_tag","embeddable":true,"href":"https:\/\/daphne.sk\/de\/wp-json\/wp\/v2\/product_tag?post=14168"}],"curies":[{"name":"wp","href":"https:\/\/api.w.org\/{rel}","templated":true}]}}