{"id":14584,"date":"2020-12-05T21:04:04","date_gmt":"2020-12-05T20:04:04","guid":{"rendered":"https:\/\/daphne.sk\/?post_type=product&#038;p=14584"},"modified":"2026-04-09T08:45:09","modified_gmt":"2026-04-09T08:45:09","slug":"lucne-mandaly","status":"publish","type":"product","link":"https:\/\/daphne.sk\/de\/e-shop\/lucne-mandaly\/","title":{"rendered":"L\u00fa\u010dne mandaly"},"content":{"rendered":"<p>V na\u0161om dar\u010dekovom preveden\u00ed s\u00fa mandaly z\u00e1rove\u0148 aj sprievodcom sveta l\u00fa\u010dnych kvetov a \u017eivo\u010d\u00edchov.S\u00fa vytla\u010den\u00e9 na tvrdom papieri a po ich vyma\u013eovan\u00ed si ich m\u00f4\u017eete aj zar\u00e1mova\u0165.<\/p>\n<p>Mandala m\u00e1 siln\u00fd vplyv na \u010dloveka na nevedomej \u00farovni. Nielen pri jej tvorbe, ale i pri pozorovan\u00ed mandaly doch\u00e1dza k upokojeniu du\u0161e a z\u00edskaniu vn\u00fatornej rovnov\u00e1hy. Ten ist\u00fd proces u\u00a0n\u00e1s nast\u00e1va, ak sme uprostred rozkvitnutej l\u00faky a\u00a0vn\u00edmame v\u0161etk\u00fdmi zmyslami pestr\u00fa paletu farieb, v\u00f4n\u00ed a\u00a0\u017eivota ako tak\u00e9ho. L\u00fa\u010dne rastliny poskytuj\u00fa sladk\u00fd nekt\u00e1r pre rozli\u010dn\u00fd hmyz. Na l\u00fakach nach\u00e1dzame mno\u017estvo lie\u010div\u00fdch byliniek, ktor\u00e9 s\u00fa dostupn\u00e9 pre ka\u017ed\u00e9ho a\u00a0maj\u00fa ve\u013ea pozit\u00edvnych \u00fa\u010dinkov na na\u0161e zdravie. L\u00faky s\u00fa po st\u00e1ro\u010dia prepojen\u00e9 so \u017eivotom \u010dloveka, preto\u017ee bez jeho starostlivosti ich str\u00e1came.<\/p>\n","protected":false},"excerpt":{"rendered":"<p>V na\u0161om dar\u010dekovom preveden\u00ed s\u00fa mandaly z\u00e1rove\u0148 aj sprievodcom sveta l\u00fa\u010dnych kvetov a \u017eivo\u010d\u00edchov.S\u00fa vytla\u010den\u00e9 na tvrdom papieri a po ich vyma\u013eovan\u00ed si ich m\u00f4\u017eete aj zar\u00e1mova\u0165.<\/p>\n<p>&nbsp;<\/p>\n","protected":false},"featured_media":24352,"comment_status":"closed","ping_status":"closed","template":"","meta":{"_uag_custom_page_level_css":""},"product_brand":[],"product_cat":[21],"product_tag":[],"class_list":{"0":"post-14584","1":"product","2":"type-product","3":"status-publish","4":"has-post-thumbnail","6":"product_cat-vzdelavacie-vychytavky","8":"first","9":"instock","10":"purchasable","11":"product-type-simple"},"uagb_featured_image_src":{"full":["https:\/\/daphne.sk\/wp-content\/uploads\/2020\/12\/429A3031.jpg",900,900,false],"thumbnail":["https:\/\/daphne.sk\/wp-content\/uploads\/2020\/12\/429A3031-150x150.jpg",150,150,true],"medium":["https:\/\/daphne.sk\/wp-content\/uploads\/2020\/12\/429A3031-300x300.jpg",300,300,true],"medium_large":["https:\/\/daphne.sk\/wp-content\/uploads\/2020\/12\/429A3031-768x768.jpg",768,768,true],"large":["https:\/\/daphne.sk\/wp-content\/uploads\/2020\/12\/429A3031.jpg",900,900,false],"1536x1536":["https:\/\/daphne.sk\/wp-content\/uploads\/2020\/12\/429A3031.jpg",900,900,false],"2048x2048":["https:\/\/daphne.sk\/wp-content\/uploads\/2020\/12\/429A3031.jpg",900,900,false],"woocommerce_thumbnail":["https:\/\/daphne.sk\/wp-content\/uploads\/2020\/12\/429A3031-450x450.jpg",450,450,true]},"uagb_author_info":{"display_name":"admin","author_link":"https:\/\/daphne.sk\/de\/author\/"},"uagb_comment_info":0,"uagb_excerpt":"V na\u0161om dar\u010dekovom preveden\u00ed s\u00fa mandaly z\u00e1rove\u0148 aj sprievodcom sveta l\u00fa\u010dnych kvetov a \u017eivo\u010d\u00edchov.S\u00fa vytla\u010den\u00e9 na tvrdom papieri a po ich vyma\u013eovan\u00ed si ich m\u00f4\u017eete aj zar\u00e1mova\u0165. &nbsp;","jetpack_sharing_enabled":true,"meta_box":[],"_links":{"self":[{"href":"https:\/\/daphne.sk\/de\/wp-json\/wp\/v2\/product\/14584","targetHints":{"allow":["GET"]}}],"collection":[{"href":"https:\/\/daphne.sk\/de\/wp-json\/wp\/v2\/product"}],"about":[{"href":"https:\/\/daphne.sk\/de\/wp-json\/wp\/v2\/types\/product"}],"replies":[{"embeddable":true,"href":"https:\/\/daphne.sk\/de\/wp-json\/wp\/v2\/comments?post=14584"}],"wp:featuredmedia":[{"embeddable":true,"href":"https:\/\/daphne.sk\/de\/wp-json\/wp\/v2\/media\/24352"}],"wp:attachment":[{"href":"https:\/\/daphne.sk\/de\/wp-json\/wp\/v2\/media?parent=14584"}],"wp:term":[{"taxonomy":"product_brand","embeddable":true,"href":"https:\/\/daphne.sk\/de\/wp-json\/wp\/v2\/product_brand?post=14584"},{"taxonomy":"product_cat","embeddable":true,"href":"https:\/\/daphne.sk\/de\/wp-json\/wp\/v2\/product_cat?post=14584"},{"taxonomy":"product_tag","embeddable":true,"href":"https:\/\/daphne.sk\/de\/wp-json\/wp\/v2\/product_tag?post=14584"}],"curies":[{"name":"wp","href":"https:\/\/api.w.org\/{rel}","templated":true}]}}