{"id":14598,"date":"2020-12-07T12:21:33","date_gmt":"2020-12-07T11:21:33","guid":{"rendered":"https:\/\/daphne.sk\/?post_type=product&#038;p=14598"},"modified":"2025-09-09T11:59:42","modified_gmt":"2025-09-09T11:59:42","slug":"vnimava-mama","status":"publish","type":"product","link":"https:\/\/daphne.sk\/de\/e-shop\/vnimava-mama\/","title":{"rendered":"Vn\u00edmav\u00e1 mama"},"content":{"rendered":"<p>Str\u00e1vte svoje chv\u00edle s de\u0165mi v rodinnej pohode ma\u013eovan\u00edm mand\u00e1l a spozn\u00e1van\u00edm pr\u00edrody pomocou na\u0161ich pracovn\u00fdch listov.<\/p>\n<p>\u0160peci\u00e1lna sada pre vn\u00edmav\u00fa mamu s de\u0165mi obsahuje 1 ks materi\u00e1lu \"L\u00fa\u010dne mandaly\" a 2 ks materi\u00e1lov \"B\u00e1danie ro\u010dn\u00fdmi obdobiami\".<\/p>\n<p><strong>\"L\u00fa\u010dne mandaly\"<\/strong> - v na\u0161om dar\u010dekovom preveden\u00ed v\u00e1s sprev\u00e1dzaj\u00fa\u00a0 svetom l\u00fa\u010dnych kvetov a \u017eivo\u010d\u00edchov.S\u00fa vytla\u010den\u00e9 na tvrdom papieri a po ich vyma\u013eovan\u00ed si ich m\u00f4\u017eete aj zar\u00e1mova\u0165. Viac inform\u00e1ci\u00ed n\u00e1jdete <a href=\"https:\/\/daphne.sk\/sk\/e-shop\/vzdelavacie-vychytavky\/lucne-mandaly\/\" target=\"_blank\" rel=\"noopener noreferrer\">TU<\/a>.<\/p>\n<p><strong>\"B\u00e1danie ro\u010dn\u00fdmi obdobiami<\/strong> \u2013 12 aktiv\u00edt plus 1 bonus\" - spozn\u00e1vajte spolo\u010dne s nami pr\u00edrodu a jej z\u00e1hady. Prostredn\u00edctvom 12 pracovn\u00fdch listov rozdelen\u00fdch do 4 ro\u010dn\u00fdch obdob\u00ed v\u00e1m pribl\u00ed\u017eime z\u00e1bavnou a pr\u00ed\u0165a\u017elivou formou \u017eivot \u017eaby, lie\u010div\u00e9 bylinky, plody, listy a kvety stromov a mnoho in\u00e9ho. Viac inform\u00e1ci\u00ed n\u00e1jdete <a href=\"https:\/\/daphne.sk\/sk\/e-shop\/vzdelavacie-vychytavky\/badanie-aktivity\/\" target=\"_blank\" rel=\"noopener noreferrer\">TU<\/a>.<\/p>\n<p>&nbsp;<\/p>\n","protected":false},"excerpt":{"rendered":"<p>Str\u00e1vte svoje chv\u00edle s de\u0165mi v rodinnej pohode ma\u013eovan\u00edm mand\u00e1l a spozn\u00e1van\u00edm pr\u00edrody pomocou na\u0161ich pracovn\u00fdch listov.<\/p>\n<p>\u0160peci\u00e1lna sada pre vn\u00edmav\u00fa mamu s de\u0165mi obsahuje 1 ks materi\u00e1lu \"L\u00fa\u010dne mandaly\" a 2 ks materi\u00e1lov \"B\u00e1danie ro\u010dn\u00fdmi obdobiami\".<\/p>\n<p>&nbsp;<\/p>\n","protected":false},"featured_media":24348,"comment_status":"closed","ping_status":"closed","template":"","meta":{"_uag_custom_page_level_css":""},"product_brand":[],"product_cat":[21,168],"product_tag":[],"class_list":{"0":"post-14598","1":"product","2":"type-product","3":"status-publish","4":"has-post-thumbnail","6":"product_cat-vzdelavacie-vychytavky","7":"product_cat-v-akcii","9":"first","10":"instock","11":"sale","12":"purchasable","13":"product-type-simple"},"uagb_featured_image_src":{"full":["https:\/\/daphne.sk\/wp-content\/uploads\/2020\/12\/429A3055.jpg",900,900,false],"thumbnail":["https:\/\/daphne.sk\/wp-content\/uploads\/2020\/12\/429A3055-150x150.jpg",150,150,true],"medium":["https:\/\/daphne.sk\/wp-content\/uploads\/2020\/12\/429A3055-300x300.jpg",300,300,true],"medium_large":["https:\/\/daphne.sk\/wp-content\/uploads\/2020\/12\/429A3055-768x768.jpg",768,768,true],"large":["https:\/\/daphne.sk\/wp-content\/uploads\/2020\/12\/429A3055.jpg",900,900,false],"1536x1536":["https:\/\/daphne.sk\/wp-content\/uploads\/2020\/12\/429A3055.jpg",900,900,false],"2048x2048":["https:\/\/daphne.sk\/wp-content\/uploads\/2020\/12\/429A3055.jpg",900,900,false],"woocommerce_thumbnail":["https:\/\/daphne.sk\/wp-content\/uploads\/2020\/12\/429A3055-450x450.jpg",450,450,true]},"uagb_author_info":{"display_name":"admin","author_link":"https:\/\/daphne.sk\/de\/author\/"},"uagb_comment_info":0,"uagb_excerpt":"Str\u00e1vte svoje chv\u00edle s de\u0165mi v rodinnej pohode ma\u013eovan\u00edm mand\u00e1l a spozn\u00e1van\u00edm pr\u00edrody pomocou na\u0161ich pracovn\u00fdch listov. \u0160peci\u00e1lna sada pre vn\u00edmav\u00fa mamu s de\u0165mi obsahuje 1 ks materi\u00e1lu \"L\u00fa\u010dne mandaly\" a 2 ks materi\u00e1lov \"B\u00e1danie ro\u010dn\u00fdmi obdobiami\". &nbsp;","jetpack_sharing_enabled":true,"meta_box":[],"_links":{"self":[{"href":"https:\/\/daphne.sk\/de\/wp-json\/wp\/v2\/product\/14598","targetHints":{"allow":["GET"]}}],"collection":[{"href":"https:\/\/daphne.sk\/de\/wp-json\/wp\/v2\/product"}],"about":[{"href":"https:\/\/daphne.sk\/de\/wp-json\/wp\/v2\/types\/product"}],"replies":[{"embeddable":true,"href":"https:\/\/daphne.sk\/de\/wp-json\/wp\/v2\/comments?post=14598"}],"wp:featuredmedia":[{"embeddable":true,"href":"https:\/\/daphne.sk\/de\/wp-json\/wp\/v2\/media\/24348"}],"wp:attachment":[{"href":"https:\/\/daphne.sk\/de\/wp-json\/wp\/v2\/media?parent=14598"}],"wp:term":[{"taxonomy":"product_brand","embeddable":true,"href":"https:\/\/daphne.sk\/de\/wp-json\/wp\/v2\/product_brand?post=14598"},{"taxonomy":"product_cat","embeddable":true,"href":"https:\/\/daphne.sk\/de\/wp-json\/wp\/v2\/product_cat?post=14598"},{"taxonomy":"product_tag","embeddable":true,"href":"https:\/\/daphne.sk\/de\/wp-json\/wp\/v2\/product_tag?post=14598"}],"curies":[{"name":"wp","href":"https:\/\/api.w.org\/{rel}","templated":true}]}}