{"id":14616,"date":"2020-12-09T13:16:46","date_gmt":"2020-12-09T12:16:46","guid":{"rendered":"https:\/\/daphne.sk\/?post_type=product&#038;p=14616"},"modified":"2026-04-15T07:00:40","modified_gmt":"2026-04-15T07:00:40","slug":"sada-malovanych-platien","status":"publish","type":"product","link":"https:\/\/daphne.sk\/de\/e-shop\/sada-malovanych-platien\/","title":{"rendered":"Sada ma\u013eovan\u00fdch pl\u00e1tien"},"content":{"rendered":"<p>Sada dvoch ma\u013eovan\u00fdch pl\u00e1tien, ktor\u00e9 pozn\u00e1te z na\u0161ich vide\u00ed.<\/p>\n<p>Na prosbu viacer\u00fdch u\u010dite\u013eov sme sa rozhodli spr\u00edstupni\u0165 aj pre v\u00e1s pl\u00e1tna, ktor\u00e9 v\u00e1m pom\u00f4\u017eu spestri\u0165 vyu\u010dovanie v materskej \u010di z\u00e1kladnej \u0161kole.<\/p>\n<p>V sade n\u00e1jdete dve pl\u00e1tna: \u201eRieka a lu\u017en\u00fd les\" a \u201eKrajina v 4 ro\u010dn\u00fdch obdobiach\".<\/p>\n<p>N\u00e1pady na r\u00f4zne aktivity s pl\u00e1tnami n\u00e1jdete <a href=\"https:\/\/daphne.sk\/inspiracie\" target=\"_blank\" rel=\"noopener noreferrer\">TU<\/a>, pr\u00edpadne na na\u0161om YouTube kan\u00e1le <a href=\"https:\/\/www.youtube.com\/playlist?list=PLLWjOyvpb8GqPbL2VRRnRZIr4G1U2bFDV\" target=\"_blank\" rel=\"noopener noreferrer\">TU<\/a>.<\/p>\n<p><strong>Vytla\u010den\u00e9 na kvalitnom umeleckom bavlnenom pl\u00e1tne, rozmery: d\u013a\u017eka 250 cm, \u0161\u00edrka 75 cm.<\/strong><\/p>\n","protected":false},"excerpt":{"rendered":"<p>Sada dvoch ma\u013eovan\u00fdch pl\u00e1tien, ktor\u00e9 pozn\u00e1te z na\u0161ich vide\u00ed.<\/p>\n<p>Na prosbu viacer\u00fdch u\u010dite\u013eov sme sa rozhodli spr\u00edstupni\u0165 aj pre v\u00e1s pl\u00e1tna, ktor\u00e9 v\u00e1m pom\u00f4\u017eu spestri\u0165 vyu\u010dovania v materskej \u010di z\u00e1kladnej \u0161kole.<\/p>\n<p><strong>Vytla\u010den\u00e9 na kvalitnom umeleckom bavlnenom pl\u00e1tne, rozmery: d\u013a\u017eka 250 cm, \u0161\u00edrka 75 cm.<\/strong><\/p>\n","protected":false},"featured_media":14617,"comment_status":"closed","ping_status":"closed","template":"","meta":{"_uag_custom_page_level_css":""},"product_brand":[],"product_cat":[20],"product_tag":[],"class_list":{"0":"post-14616","1":"product","2":"type-product","3":"status-publish","4":"has-post-thumbnail","6":"product_cat-ucebne-pomocky","8":"first","9":"instock","10":"purchasable","11":"product-type-simple"},"uagb_featured_image_src":{"full":["https:\/\/daphne.sk\/wp-content\/uploads\/2020\/12\/Platna-1.png",1080,1080,false],"thumbnail":["https:\/\/daphne.sk\/wp-content\/uploads\/2020\/12\/Platna-1-150x150.png",150,150,true],"medium":["https:\/\/daphne.sk\/wp-content\/uploads\/2020\/12\/Platna-1-300x300.png",300,300,true],"medium_large":["https:\/\/daphne.sk\/wp-content\/uploads\/2020\/12\/Platna-1-768x768.png",768,768,true],"large":["https:\/\/daphne.sk\/wp-content\/uploads\/2020\/12\/Platna-1-1024x1024.png",1024,1024,true],"1536x1536":["https:\/\/daphne.sk\/wp-content\/uploads\/2020\/12\/Platna-1.png",1080,1080,false],"2048x2048":["https:\/\/daphne.sk\/wp-content\/uploads\/2020\/12\/Platna-1.png",1080,1080,false],"woocommerce_thumbnail":["https:\/\/daphne.sk\/wp-content\/uploads\/2020\/12\/Platna-1-450x450.png",450,450,true]},"uagb_author_info":{"display_name":"admin","author_link":"https:\/\/daphne.sk\/de\/author\/"},"uagb_comment_info":0,"uagb_excerpt":"Sada dvoch ma\u013eovan\u00fdch pl\u00e1tien, ktor\u00e9 pozn\u00e1te z na\u0161ich vide\u00ed. Na prosbu viacer\u00fdch u\u010dite\u013eov sme sa rozhodli spr\u00edstupni\u0165 aj pre v\u00e1s pl\u00e1tna, ktor\u00e9 v\u00e1m pom\u00f4\u017eu spestri\u0165 vyu\u010dovania v materskej \u010di z\u00e1kladnej \u0161kole. Vytla\u010den\u00e9 na kvalitnom umeleckom bavlnenom pl\u00e1tne, rozmery: d\u013a\u017eka 250 cm, \u0161\u00edrka 75 cm.","jetpack_sharing_enabled":true,"meta_box":[],"_links":{"self":[{"href":"https:\/\/daphne.sk\/de\/wp-json\/wp\/v2\/product\/14616","targetHints":{"allow":["GET"]}}],"collection":[{"href":"https:\/\/daphne.sk\/de\/wp-json\/wp\/v2\/product"}],"about":[{"href":"https:\/\/daphne.sk\/de\/wp-json\/wp\/v2\/types\/product"}],"replies":[{"embeddable":true,"href":"https:\/\/daphne.sk\/de\/wp-json\/wp\/v2\/comments?post=14616"}],"wp:featuredmedia":[{"embeddable":true,"href":"https:\/\/daphne.sk\/de\/wp-json\/wp\/v2\/media\/14617"}],"wp:attachment":[{"href":"https:\/\/daphne.sk\/de\/wp-json\/wp\/v2\/media?parent=14616"}],"wp:term":[{"taxonomy":"product_brand","embeddable":true,"href":"https:\/\/daphne.sk\/de\/wp-json\/wp\/v2\/product_brand?post=14616"},{"taxonomy":"product_cat","embeddable":true,"href":"https:\/\/daphne.sk\/de\/wp-json\/wp\/v2\/product_cat?post=14616"},{"taxonomy":"product_tag","embeddable":true,"href":"https:\/\/daphne.sk\/de\/wp-json\/wp\/v2\/product_tag?post=14616"}],"curies":[{"name":"wp","href":"https:\/\/api.w.org\/{rel}","templated":true}]}}