{"id":15076,"date":"2021-03-11T13:34:40","date_gmt":"2021-03-11T12:34:40","guid":{"rendered":"https:\/\/daphne.sk\/?post_type=product&#038;p=15076"},"modified":"2026-04-24T11:30:11","modified_gmt":"2026-04-24T11:30:11","slug":"opelovace","status":"publish","type":"product","link":"https:\/\/daphne.sk\/de\/e-shop\/opelovace\/","title":{"rendered":"Ope\u013eova\u010de"},"content":{"rendered":"<p><strong>Sprievodca ope\u013euj\u00facim hmyzom<\/strong><\/p>\n<p>Medzi ope\u013eova\u010de patr\u00ed obrovsk\u00e9 mno\u017estvo druhov hmyzu \u2013 nielen v\u010dely a osy, ale aj muchy, chrob\u00e1ky \u010di mot\u00fdle.\u00a0Pomocou n\u00e1\u0161ho sprievodcu sa nau\u010d\u00edte rozozn\u00e1va\u0165 3 ve\u013emi zauj\u00edmav\u00e9 typy ope\u013eova\u010dov \u2013 muchy, v\u010dely a osy a zozn\u00e1mite sa s viac ako 30 najbe\u017enej\u0161\u00edmi druhmi.<\/p>\n<p>&nbsp;<\/p>\n<p><strong>O leporele<\/strong><\/p>\n<p>Na Slovensku jedine\u010dn\u00fd materi\u00e1l na ur\u010dovanie (form\u00e1t A5) vznikol v spolupr\u00e1ci s Mgr. Marekom Semelbauerom, PhD., zo Zoologick\u00e9ho \u00fastavu SAV.\u00a0 Sprievodca obsahuje tie\u017e skvel\u00e9 n\u00e1pady na ochranu tak potrebn\u00fdch ope\u013eova\u010dov a zv\u00fd\u0161enie ich po\u010dtu v na\u0161om okol\u00ed.<\/p>\n","protected":false},"excerpt":{"rendered":"<p><strong>Sprievodca ope\u013euj\u00facim hmyzom<\/strong><\/p>\n<p>Medzi ope\u013eova\u010de patr\u00ed obrovsk\u00e9 mno\u017estvo druhov hmyzu \u2013 nielen v\u010dely a osy, ale aj muchy, chrob\u00e1ky \u010di mot\u00fdle.\u00a0Pomocou n\u00e1\u0161ho sprievodcu sa nau\u010d\u00edte rozozn\u00e1va\u0165 3 ve\u013emi zauj\u00edmav\u00e9 typy ope\u013eova\u010dov \u2013 muchy, v\u010dely a osy a zozn\u00e1mite sa s viac ako 30 najbe\u017enej\u0161\u00edmi druhmi.<\/p>\n<p>&nbsp;<\/p>\n<p><strong>O leporele<\/strong><\/p>\n<p>Na Slovensku jedine\u010dn\u00fd materi\u00e1l na ur\u010dovanie (form\u00e1t A5) vznikol v spolupr\u00e1ci s Mgr. Marekom Semelbauerom, PhD., zo Zoologick\u00e9ho \u00fastavu SAV.\u00a0 Sprievodca obsahuje tie\u017e skvel\u00e9 n\u00e1pady na ochranu tak potrebn\u00fdch ope\u013eova\u010dov a zv\u00fd\u0161enie ich po\u010dtu v na\u0161om okol\u00ed.<\/p>\n","protected":false},"featured_media":24275,"comment_status":"closed","ping_status":"closed","template":"","meta":{"_uag_custom_page_level_css":""},"product_brand":[],"product_cat":[21,138],"product_tag":[],"class_list":{"0":"post-15076","1":"product","2":"type-product","3":"status-publish","4":"has-post-thumbnail","6":"product_cat-vzdelavacie-vychytavky","7":"product_cat-leporela","9":"first","10":"instock","11":"purchasable","12":"product-type-simple"},"uagb_featured_image_src":{"full":["https:\/\/daphne.sk\/wp-content\/uploads\/2022\/06\/429A3486.jpg",900,900,false],"thumbnail":["https:\/\/daphne.sk\/wp-content\/uploads\/2022\/06\/429A3486-150x150.jpg",150,150,true],"medium":["https:\/\/daphne.sk\/wp-content\/uploads\/2022\/06\/429A3486-300x300.jpg",300,300,true],"medium_large":["https:\/\/daphne.sk\/wp-content\/uploads\/2022\/06\/429A3486-768x768.jpg",768,768,true],"large":["https:\/\/daphne.sk\/wp-content\/uploads\/2022\/06\/429A3486.jpg",900,900,false],"1536x1536":["https:\/\/daphne.sk\/wp-content\/uploads\/2022\/06\/429A3486.jpg",900,900,false],"2048x2048":["https:\/\/daphne.sk\/wp-content\/uploads\/2022\/06\/429A3486.jpg",900,900,false],"woocommerce_thumbnail":["https:\/\/daphne.sk\/wp-content\/uploads\/2022\/06\/429A3486-450x450.jpg",450,450,true]},"uagb_author_info":{"display_name":"admin","author_link":"https:\/\/daphne.sk\/de\/author\/"},"uagb_comment_info":0,"uagb_excerpt":"Sprievodca ope\u013euj\u00facim hmyzom Medzi ope\u013eova\u010de patr\u00ed obrovsk\u00e9 mno\u017estvo druhov hmyzu \u2013 nielen v\u010dely a osy, ale aj muchy, chrob\u00e1ky \u010di mot\u00fdle.\u00a0Pomocou n\u00e1\u0161ho sprievodcu sa nau\u010d\u00edte rozozn\u00e1va\u0165 3 ve\u013emi zauj\u00edmav\u00e9 typy ope\u013eova\u010dov \u2013 muchy, v\u010dely a osy a zozn\u00e1mite sa s viac ako 30 najbe\u017enej\u0161\u00edmi druhmi. &nbsp; O leporele Na Slovensku jedine\u010dn\u00fd materi\u00e1l na ur\u010dovanie (form\u00e1t&hellip;","jetpack_sharing_enabled":true,"meta_box":[],"_links":{"self":[{"href":"https:\/\/daphne.sk\/de\/wp-json\/wp\/v2\/product\/15076","targetHints":{"allow":["GET"]}}],"collection":[{"href":"https:\/\/daphne.sk\/de\/wp-json\/wp\/v2\/product"}],"about":[{"href":"https:\/\/daphne.sk\/de\/wp-json\/wp\/v2\/types\/product"}],"replies":[{"embeddable":true,"href":"https:\/\/daphne.sk\/de\/wp-json\/wp\/v2\/comments?post=15076"}],"wp:featuredmedia":[{"embeddable":true,"href":"https:\/\/daphne.sk\/de\/wp-json\/wp\/v2\/media\/24275"}],"wp:attachment":[{"href":"https:\/\/daphne.sk\/de\/wp-json\/wp\/v2\/media?parent=15076"}],"wp:term":[{"taxonomy":"product_brand","embeddable":true,"href":"https:\/\/daphne.sk\/de\/wp-json\/wp\/v2\/product_brand?post=15076"},{"taxonomy":"product_cat","embeddable":true,"href":"https:\/\/daphne.sk\/de\/wp-json\/wp\/v2\/product_cat?post=15076"},{"taxonomy":"product_tag","embeddable":true,"href":"https:\/\/daphne.sk\/de\/wp-json\/wp\/v2\/product_tag?post=15076"}],"curies":[{"name":"wp","href":"https:\/\/api.w.org\/{rel}","templated":true}]}}