{"id":15824,"date":"2021-07-12T13:58:11","date_gmt":"2021-07-12T11:58:11","guid":{"rendered":"https:\/\/daphne.sk\/?post_type=product&#038;p=15824"},"modified":"2026-03-30T15:50:29","modified_gmt":"2026-03-30T15:50:29","slug":"denne-motyle","status":"publish","type":"product","link":"https:\/\/daphne.sk\/de\/e-shop\/denne-motyle\/","title":{"rendered":"Denn\u00e9 mot\u00fdle"},"content":{"rendered":"<p><strong>Sprievodca na\u0161imi mot\u00fd\u013emi<\/strong><\/p>\n<p>Spozorovali ste mot\u00fd\u013ea a zauj\u00edma v\u00e1s, ktor\u00fd druh to je?\u00a0N\u00e1\u0161 sprievodca v\u00e1m pom\u00f4\u017ee pri identifik\u00e1cii v\u0161etk\u00fdch \u0161t\u00e1di\u00ed \u017eivotn\u00e9ho cyklu a\u017e 30 druhov denn\u00fdch mot\u00fd\u013eov.<\/p>\n<p>Vybrali sme be\u017en\u00e9 druhy, ktor\u00e9 m\u00f4\u017eete \u013eahko pozorova\u0165. S\u00fa v\u0161ak medzi nimi aj druhy vz\u00e1cne, symbolizuj\u00face neist\u00fa bud\u00facnos\u0165 mot\u00fd\u013eov. Za kr\u00e1tky \u010das sa toti\u017e m\u00f4\u017ee aj z be\u017en\u00e9ho druhu sta\u0165 kriticky ohrozen\u00fd.<\/p>\n<p>&nbsp;<\/p>\n<p><strong>V\u00fdvin mot\u00fd\u013eov<\/strong><\/p>\n<p>Mot\u00fdle maj\u00fa fascinuj\u00faci \u017eivotn\u00fd cyklus. Premena vaj\u00ed\u010dka na h\u00fasenicu, kuklu a dospel\u00e9ho jedinca je jedn\u00fdm zo z\u00e1zrakov pr\u00edrody. Na Slovensku jedine\u010dn\u00fd materi\u00e1l zachyt\u00e1va v\u0161etky \u0161t\u00e1di\u00e1 a v\u010faka tomu spozn\u00e1te nielen mot\u00fdle, ale aj h\u00fasenice vybran\u00fdch druhov.<\/p>\n<p>&nbsp;<\/p>\n<p>V\u00fdvin mot\u00fd\u013ea bab\u00f4\u010dky si ako 4-vrstvov\u00e9 puzzle m\u00f4\u017eete zak\u00fapi\u0165<a href=\"https:\/\/daphne.sk\/e-shop\/vyvin-babocky-4-vrstvove-puzzle\/\"> TU<\/a>.<\/p>\n<pre id=\"-product-title-32-18959\" class=\"oxy-product-title h1 mb-4 product_title entry-title oxy-woo-element\"><\/pre>\n","protected":false},"excerpt":{"rendered":"<p><strong>Sprievodca na\u0161imi mot\u00fd\u013emi<\/strong><\/p>\n<p>Spozorovali ste mot\u00fd\u013ea a zauj\u00edma v\u00e1s, ktor\u00fd druh to je?\u00a0N\u00e1\u0161 sprievodca v\u00e1m pom\u00f4\u017ee pri identifik\u00e1cii v\u0161etk\u00fdch \u0161t\u00e1di\u00ed \u017eivotn\u00e9ho cyklu a\u017e 30 druhov denn\u00fdch mot\u00fd\u013eov.<\/p>\n<p>Vybrali sme be\u017en\u00e9 druhy, ktor\u00e9 m\u00f4\u017eete \u013eahko pozorova\u0165. S\u00fa v\u0161ak medzi nimi aj druhy vz\u00e1cne, symbolizuj\u00face neist\u00fa bud\u00facnos\u0165 mot\u00fd\u013eov. Za kr\u00e1tky \u010das sa toti\u017e m\u00f4\u017ee aj z be\u017en\u00e9ho druhu sta\u0165 kriticky ohrozen\u00fd.<\/p>\n<p>&nbsp;<\/p>\n<p><strong>V\u00fdvin mot\u00fd\u013eov<\/strong><\/p>\n<p>Mot\u00fdle maj\u00fa fascinuj\u00faci \u017eivotn\u00fd cyklus. Premena vaj\u00ed\u010dka na h\u00fasenicu, kuklu a dospel\u00e9ho jedinca je jedn\u00fdm zo z\u00e1zrakov pr\u00edrody. Na Slovensku jedine\u010dn\u00fd materi\u00e1l zachyt\u00e1va v\u0161etky \u0161t\u00e1di\u00e1 a v\u010faka tomu spozn\u00e1te nielen mot\u00fdle, ale aj h\u00fasenice vybran\u00fdch druhov.<\/p>\n","protected":false},"featured_media":24279,"comment_status":"closed","ping_status":"closed","template":"","meta":{"_uag_custom_page_level_css":""},"product_brand":[],"product_cat":[21,138],"product_tag":[],"class_list":{"0":"post-15824","1":"product","2":"type-product","3":"status-publish","4":"has-post-thumbnail","6":"product_cat-vzdelavacie-vychytavky","7":"product_cat-leporela","9":"first","10":"instock","11":"purchasable","12":"product-type-simple"},"uagb_featured_image_src":{"full":["https:\/\/daphne.sk\/wp-content\/uploads\/2022\/06\/429A3490.jpg",900,900,false],"thumbnail":["https:\/\/daphne.sk\/wp-content\/uploads\/2022\/06\/429A3490-150x150.jpg",150,150,true],"medium":["https:\/\/daphne.sk\/wp-content\/uploads\/2022\/06\/429A3490-300x300.jpg",300,300,true],"medium_large":["https:\/\/daphne.sk\/wp-content\/uploads\/2022\/06\/429A3490-768x768.jpg",768,768,true],"large":["https:\/\/daphne.sk\/wp-content\/uploads\/2022\/06\/429A3490.jpg",900,900,false],"1536x1536":["https:\/\/daphne.sk\/wp-content\/uploads\/2022\/06\/429A3490.jpg",900,900,false],"2048x2048":["https:\/\/daphne.sk\/wp-content\/uploads\/2022\/06\/429A3490.jpg",900,900,false],"woocommerce_thumbnail":["https:\/\/daphne.sk\/wp-content\/uploads\/2022\/06\/429A3490-450x450.jpg",450,450,true]},"uagb_author_info":{"display_name":"admin","author_link":"https:\/\/daphne.sk\/de\/author\/"},"uagb_comment_info":0,"uagb_excerpt":"Sprievodca na\u0161imi mot\u00fd\u013emi Spozorovali ste mot\u00fd\u013ea a zauj\u00edma v\u00e1s, ktor\u00fd druh to je?\u00a0N\u00e1\u0161 sprievodca v\u00e1m pom\u00f4\u017ee pri identifik\u00e1cii v\u0161etk\u00fdch \u0161t\u00e1di\u00ed \u017eivotn\u00e9ho cyklu a\u017e 30 druhov denn\u00fdch mot\u00fd\u013eov. Vybrali sme be\u017en\u00e9 druhy, ktor\u00e9 m\u00f4\u017eete \u013eahko pozorova\u0165. S\u00fa v\u0161ak medzi nimi aj druhy vz\u00e1cne, symbolizuj\u00face neist\u00fa bud\u00facnos\u0165 mot\u00fd\u013eov. Za kr\u00e1tky \u010das sa toti\u017e m\u00f4\u017ee aj z be\u017en\u00e9ho&hellip;","jetpack_sharing_enabled":true,"meta_box":[],"_links":{"self":[{"href":"https:\/\/daphne.sk\/de\/wp-json\/wp\/v2\/product\/15824","targetHints":{"allow":["GET"]}}],"collection":[{"href":"https:\/\/daphne.sk\/de\/wp-json\/wp\/v2\/product"}],"about":[{"href":"https:\/\/daphne.sk\/de\/wp-json\/wp\/v2\/types\/product"}],"replies":[{"embeddable":true,"href":"https:\/\/daphne.sk\/de\/wp-json\/wp\/v2\/comments?post=15824"}],"wp:featuredmedia":[{"embeddable":true,"href":"https:\/\/daphne.sk\/de\/wp-json\/wp\/v2\/media\/24279"}],"wp:attachment":[{"href":"https:\/\/daphne.sk\/de\/wp-json\/wp\/v2\/media?parent=15824"}],"wp:term":[{"taxonomy":"product_brand","embeddable":true,"href":"https:\/\/daphne.sk\/de\/wp-json\/wp\/v2\/product_brand?post=15824"},{"taxonomy":"product_cat","embeddable":true,"href":"https:\/\/daphne.sk\/de\/wp-json\/wp\/v2\/product_cat?post=15824"},{"taxonomy":"product_tag","embeddable":true,"href":"https:\/\/daphne.sk\/de\/wp-json\/wp\/v2\/product_tag?post=15824"}],"curies":[{"name":"wp","href":"https:\/\/api.w.org\/{rel}","templated":true}]}}