{"id":15830,"date":"2021-07-12T15:17:40","date_gmt":"2021-07-12T13:17:40","guid":{"rendered":"https:\/\/daphne.sk\/?post_type=product&#038;p=15830"},"modified":"2026-03-30T15:58:40","modified_gmt":"2026-03-30T15:58:40","slug":"sada3","status":"publish","type":"product","link":"https:\/\/daphne.sk\/de\/e-shop\/sada3\/","title":{"rendered":"SADA: Huby, jarn\u00e9 byliny a rastliny Dev\u00ednskej Kobyly"},"content":{"rendered":"<p>Pon\u00fakame sadu 3 DAPHNE sprievodcov hubami, jarn\u00fdmi bylinami a rastlinami Dev\u00ednskej Kobyly za v\u00fdhodn\u00fa cenu.<\/p>\n<p>Sprievodca jarn\u00fdmi bylinami - viac info\u00a0<a href=\"https:\/\/daphne.sk\/e-shop\/jarne-byliny\/\">TU.<\/a><\/p>\n<p>Sprievodca jedl\u00fdmi hubami - viac info\u00a0<a href=\"https:\/\/daphne.sk\/e-shop\/jedle-a-im-podobne-huby\/\">TU.<\/a><\/p>\n<p>Sprievodca rastlinami Dev\u00ednskej Kobyly \u2013 viac info\u00a0<a href=\"https:\/\/daphne.sk\/e-shop\/leporelo-na-spoznavanie-rastlin-devinskej-kobyly\/\">TU.<\/a><\/p>\n","protected":false},"excerpt":{"rendered":"<p>Pon\u00fakame sadu 3 DAPHNE sprievodcov ope\u013eova\u010dmi, denn\u00fdmi mot\u00fd\u013emi a rastlinami Dev\u00ednskej Kobyly za v\u00fdhodn\u00fa cenu.<\/p>\n<p>Sprievodca jarn\u00fdmi bylinami - viac info\u00a0<a href=\"https:\/\/daphne.sk\/e-shop\/jarne-byliny\/\">TU.<\/a><\/p>\n<p>Sprievodca jedl\u00fdmi hubami - viac info\u00a0<a href=\"https:\/\/daphne.sk\/e-shop\/jedle-a-im-podobne-huby\/\">TU.<\/a><\/p>\n<p>Sprievodca rastlinami Dev\u00ednskej Kobyly \u2013 viac info\u00a0<a href=\"https:\/\/daphne.sk\/e-shop\/leporelo-na-spoznavanie-rastlin-devinskej-kobyly\/\">TU.<\/a><\/p>\n","protected":false},"featured_media":24346,"comment_status":"closed","ping_status":"closed","template":"","meta":{"_uag_custom_page_level_css":""},"product_brand":[],"product_cat":[21,138,168],"product_tag":[],"class_list":{"0":"post-15830","1":"product","2":"type-product","3":"status-publish","4":"has-post-thumbnail","6":"product_cat-vzdelavacie-vychytavky","7":"product_cat-leporela","8":"product_cat-v-akcii","10":"first","11":"instock","12":"sale","13":"purchasable","14":"product-type-simple"},"uagb_featured_image_src":{"full":["https:\/\/daphne.sk\/wp-content\/uploads\/2021\/07\/429A3539.jpg",900,900,false],"thumbnail":["https:\/\/daphne.sk\/wp-content\/uploads\/2021\/07\/429A3539-150x150.jpg",150,150,true],"medium":["https:\/\/daphne.sk\/wp-content\/uploads\/2021\/07\/429A3539-300x300.jpg",300,300,true],"medium_large":["https:\/\/daphne.sk\/wp-content\/uploads\/2021\/07\/429A3539-768x768.jpg",768,768,true],"large":["https:\/\/daphne.sk\/wp-content\/uploads\/2021\/07\/429A3539.jpg",900,900,false],"1536x1536":["https:\/\/daphne.sk\/wp-content\/uploads\/2021\/07\/429A3539.jpg",900,900,false],"2048x2048":["https:\/\/daphne.sk\/wp-content\/uploads\/2021\/07\/429A3539.jpg",900,900,false],"woocommerce_thumbnail":["https:\/\/daphne.sk\/wp-content\/uploads\/2021\/07\/429A3539-450x450.jpg",450,450,true]},"uagb_author_info":{"display_name":"admin","author_link":"https:\/\/daphne.sk\/de\/author\/"},"uagb_comment_info":0,"uagb_excerpt":"Pon\u00fakame sadu 3 DAPHNE sprievodcov ope\u013eova\u010dmi, denn\u00fdmi mot\u00fd\u013emi a rastlinami Dev\u00ednskej Kobyly za v\u00fdhodn\u00fa cenu. Sprievodca jarn\u00fdmi bylinami - viac info\u00a0TU. Sprievodca jedl\u00fdmi hubami - viac info\u00a0TU. Sprievodca rastlinami Dev\u00ednskej Kobyly \u2013 viac info\u00a0TU.","jetpack_sharing_enabled":true,"meta_box":[],"_links":{"self":[{"href":"https:\/\/daphne.sk\/de\/wp-json\/wp\/v2\/product\/15830","targetHints":{"allow":["GET"]}}],"collection":[{"href":"https:\/\/daphne.sk\/de\/wp-json\/wp\/v2\/product"}],"about":[{"href":"https:\/\/daphne.sk\/de\/wp-json\/wp\/v2\/types\/product"}],"replies":[{"embeddable":true,"href":"https:\/\/daphne.sk\/de\/wp-json\/wp\/v2\/comments?post=15830"}],"wp:featuredmedia":[{"embeddable":true,"href":"https:\/\/daphne.sk\/de\/wp-json\/wp\/v2\/media\/24346"}],"wp:attachment":[{"href":"https:\/\/daphne.sk\/de\/wp-json\/wp\/v2\/media?parent=15830"}],"wp:term":[{"taxonomy":"product_brand","embeddable":true,"href":"https:\/\/daphne.sk\/de\/wp-json\/wp\/v2\/product_brand?post=15830"},{"taxonomy":"product_cat","embeddable":true,"href":"https:\/\/daphne.sk\/de\/wp-json\/wp\/v2\/product_cat?post=15830"},{"taxonomy":"product_tag","embeddable":true,"href":"https:\/\/daphne.sk\/de\/wp-json\/wp\/v2\/product_tag?post=15830"}],"curies":[{"name":"wp","href":"https:\/\/api.w.org\/{rel}","templated":true}]}}