{"id":15832,"date":"2021-07-12T15:21:54","date_gmt":"2021-07-12T13:21:54","guid":{"rendered":"https:\/\/daphne.sk\/?post_type=product&#038;p=15832"},"modified":"2026-03-30T15:51:30","modified_gmt":"2026-03-30T15:51:30","slug":"sada2","status":"publish","type":"product","link":"https:\/\/daphne.sk\/de\/e-shop\/sada2\/","title":{"rendered":"SADA: Ope\u013eova\u010de a denn\u00e9 mot\u00fdle"},"content":{"rendered":"<p>Pon\u00fakame sadu 2 DAPHNE sprievodcov ope\u013eova\u010dmi a denn\u00fdmi mot\u00fd\u013emi za v\u00fdhodn\u00fa cenu.<\/p>\n<p>&nbsp;<\/p>\n<p><strong>Sprievodca ope\u013euj\u00facim hmyzom<\/strong><\/p>\n<p>Medzi ope\u013eova\u010de patr\u00ed obrovsk\u00e9 mno\u017estvo druhov hmyzu \u2013 nielen v\u010dely a osy, ale aj muchy, chrob\u00e1ky \u010di mot\u00fdle. Pomocou n\u00e1\u0161ho sprievodcu sa nau\u010d\u00edte rozozn\u00e1va\u0165 3 ve\u013emi zauj\u00edmav\u00e9 typy ope\u013eova\u010dov \u2013 muchy, v\u010dely a osy a zozn\u00e1mite sa s viac ako 30 najbe\u017enej\u0161\u00edmi druhmi. Viac info <a href=\"https:\/\/daphne.sk\/e-shop\/leporelo-na-spoznavanie-rastlin-devinskej-kobyly\/\">TU<\/a>.<\/p>\n<p>&nbsp;<\/p>\n<p><strong>Sprievodca na\u0161imi mot\u00fd\u013emi<\/strong><\/p>\n<p>Spozorovali ste mot\u00fd\u013ea a zauj\u00edma v\u00e1s, ktor\u00fd druh to je? N\u00e1\u0161 sprievodca v\u00e1m pom\u00f4\u017ee pri identifik\u00e1cii v\u0161etk\u00fdch \u0161t\u00e1di\u00ed \u017eivotn\u00e9ho cyklu a\u017e 30 druhov denn\u00fdch mot\u00fd\u013eov.\u00a0Vybrali sme be\u017en\u00e9 druhy, ktor\u00e9 m\u00f4\u017eete \u013eahko pozorova\u0165. S\u00fa v\u0161ak medzi nimi aj druhy vz\u00e1cne, symbolizuj\u00face neist\u00fa bud\u00facnos\u0165 mot\u00fd\u013eov. Za kr\u00e1tky \u010das sa toti\u017e m\u00f4\u017ee aj z be\u017en\u00e9ho druhu sta\u0165 kriticky ohrozen\u00fd. Viac info <a href=\"https:\/\/daphne.sk\/e-shop\/denne-motyle\/\">TU.<\/a><\/p>\n","protected":false},"excerpt":{"rendered":"<p>Pon\u00fakame sadu 2 DAPHNE sprievodcov ope\u013eova\u010dmi a denn\u00fdmi mot\u00fd\u013emi za v\u00fdhodn\u00fa cenu.<\/p>\n<p>&nbsp;<\/p>\n<p><strong>Sprievodca ope\u013euj\u00facim hmyzom<\/strong><\/p>\n<p>Medzi ope\u013eova\u010de patr\u00ed obrovsk\u00e9 mno\u017estvo druhov hmyzu \u2013 nielen v\u010dely a osy, ale aj muchy, chrob\u00e1ky \u010di mot\u00fdle. Pomocou n\u00e1\u0161ho sprievodcu sa nau\u010d\u00edte rozozn\u00e1va\u0165 3 ve\u013emi zauj\u00edmav\u00e9 typy ope\u013eova\u010dov \u2013 muchy, v\u010dely a osy a zozn\u00e1mite sa s viac ako 30 najbe\u017enej\u0161\u00edmi druhmi. Viac info <a href=\"https:\/\/daphne.sk\/e-shop\/leporelo-na-spoznavanie-rastlin-devinskej-kobyly\/\">TU<\/a>.<\/p>\n<p>&nbsp;<\/p>\n<p><strong>Sprievodca na\u0161imi mot\u00fd\u013emi<\/strong><\/p>\n<p>Spozorovali ste mot\u00fd\u013ea a zauj\u00edma v\u00e1s, ktor\u00fd druh to je? N\u00e1\u0161 sprievodca v\u00e1m pom\u00f4\u017ee pri identifik\u00e1cii v\u0161etk\u00fdch \u0161t\u00e1di\u00ed \u017eivotn\u00e9ho cyklu a\u017e 30 druhov denn\u00fdch mot\u00fd\u013eov.\u00a0Vybrali sme be\u017en\u00e9 druhy, ktor\u00e9 m\u00f4\u017eete \u013eahko pozorova\u0165. S\u00fa v\u0161ak medzi nimi aj druhy vz\u00e1cne, symbolizuj\u00face neist\u00fa bud\u00facnos\u0165 mot\u00fd\u013eov. Za kr\u00e1tky \u010das sa toti\u017e m\u00f4\u017ee aj z be\u017en\u00e9ho druhu sta\u0165 kriticky ohrozen\u00fd. Viac info <a href=\"https:\/\/daphne.sk\/e-shop\/denne-motyle\/\">TU.<\/a><\/p>\n","protected":false},"featured_media":24344,"comment_status":"closed","ping_status":"closed","template":"","meta":{"_uag_custom_page_level_css":""},"product_brand":[],"product_cat":[21,138,168],"product_tag":[],"class_list":{"0":"post-15832","1":"product","2":"type-product","3":"status-publish","4":"has-post-thumbnail","6":"product_cat-vzdelavacie-vychytavky","7":"product_cat-leporela","8":"product_cat-v-akcii","10":"first","11":"instock","12":"sale","13":"purchasable","14":"product-type-simple"},"uagb_featured_image_src":{"full":["https:\/\/daphne.sk\/wp-content\/uploads\/2021\/07\/429A3502.jpg",900,900,false],"thumbnail":["https:\/\/daphne.sk\/wp-content\/uploads\/2021\/07\/429A3502-150x150.jpg",150,150,true],"medium":["https:\/\/daphne.sk\/wp-content\/uploads\/2021\/07\/429A3502-300x300.jpg",300,300,true],"medium_large":["https:\/\/daphne.sk\/wp-content\/uploads\/2021\/07\/429A3502-768x768.jpg",768,768,true],"large":["https:\/\/daphne.sk\/wp-content\/uploads\/2021\/07\/429A3502.jpg",900,900,false],"1536x1536":["https:\/\/daphne.sk\/wp-content\/uploads\/2021\/07\/429A3502.jpg",900,900,false],"2048x2048":["https:\/\/daphne.sk\/wp-content\/uploads\/2021\/07\/429A3502.jpg",900,900,false],"woocommerce_thumbnail":["https:\/\/daphne.sk\/wp-content\/uploads\/2021\/07\/429A3502-450x450.jpg",450,450,true]},"uagb_author_info":{"display_name":"admin","author_link":"https:\/\/daphne.sk\/de\/author\/"},"uagb_comment_info":0,"uagb_excerpt":"Pon\u00fakame sadu 2 DAPHNE sprievodcov ope\u013eova\u010dmi a denn\u00fdmi mot\u00fd\u013emi za v\u00fdhodn\u00fa cenu. &nbsp; Sprievodca ope\u013euj\u00facim hmyzom Medzi ope\u013eova\u010de patr\u00ed obrovsk\u00e9 mno\u017estvo druhov hmyzu \u2013 nielen v\u010dely a osy, ale aj muchy, chrob\u00e1ky \u010di mot\u00fdle. Pomocou n\u00e1\u0161ho sprievodcu sa nau\u010d\u00edte rozozn\u00e1va\u0165 3 ve\u013emi zauj\u00edmav\u00e9 typy ope\u013eova\u010dov \u2013 muchy, v\u010dely a osy a zozn\u00e1mite sa s viac&hellip;","jetpack_sharing_enabled":true,"meta_box":[],"_links":{"self":[{"href":"https:\/\/daphne.sk\/de\/wp-json\/wp\/v2\/product\/15832","targetHints":{"allow":["GET"]}}],"collection":[{"href":"https:\/\/daphne.sk\/de\/wp-json\/wp\/v2\/product"}],"about":[{"href":"https:\/\/daphne.sk\/de\/wp-json\/wp\/v2\/types\/product"}],"replies":[{"embeddable":true,"href":"https:\/\/daphne.sk\/de\/wp-json\/wp\/v2\/comments?post=15832"}],"wp:featuredmedia":[{"embeddable":true,"href":"https:\/\/daphne.sk\/de\/wp-json\/wp\/v2\/media\/24344"}],"wp:attachment":[{"href":"https:\/\/daphne.sk\/de\/wp-json\/wp\/v2\/media?parent=15832"}],"wp:term":[{"taxonomy":"product_brand","embeddable":true,"href":"https:\/\/daphne.sk\/de\/wp-json\/wp\/v2\/product_brand?post=15832"},{"taxonomy":"product_cat","embeddable":true,"href":"https:\/\/daphne.sk\/de\/wp-json\/wp\/v2\/product_cat?post=15832"},{"taxonomy":"product_tag","embeddable":true,"href":"https:\/\/daphne.sk\/de\/wp-json\/wp\/v2\/product_tag?post=15832"}],"curies":[{"name":"wp","href":"https:\/\/api.w.org\/{rel}","templated":true}]}}