{"id":16372,"date":"2021-10-21T13:40:27","date_gmt":"2021-10-21T11:40:27","guid":{"rendered":"https:\/\/daphne.sk\/?post_type=product&#038;p=16372"},"modified":"2026-04-24T11:30:11","modified_gmt":"2026-04-24T11:30:11","slug":"hra-vodne-dobble","status":"publish","type":"product","link":"https:\/\/daphne.sk\/de\/e-shop\/hra-vodne-dobble\/","title":{"rendered":"H\u013eadaj 2 rovnak\u00e9 - voda"},"content":{"rendered":"<p>Hra je ur\u010den\u00e1 pre 2 \u2013 4 hr\u00e1\u010dov a obsahuje 31 karti\u010diek s obr\u00e1zkami. V ob\u013e\u00fabenej postrehovej hre v\u00e1m pribl\u00ed\u017eime a\u017e 31 druhov rastl\u00edn a \u017eivo\u010d\u00edchov vodn\u00e9ho spolo\u010denstva, ktor\u00e9 sa vyskytuj\u00fa na Slovensku.<\/p>\n<p>M\u00f4\u017eete ju aj vyu\u017ei\u0165 aj v \u0161kole:<\/p>\n<ul>\n<li>pre \u017eiakov 5. ro\u010dn\u00edka (t\u00e9ma: Spolo\u010denstv\u00e1 organizmov \u2013 Vodn\u00e9 spolo\u010denstvo),<\/li>\n<li>pre \u017eiakov 4. ro\u010dn\u00edka (Pr\u00edrodn\u00e9 spolo\u010denstv\u00e1) ,<\/li>\n<li>\u017eiakov 9. ro\u010dn\u00edka (Ekologick\u00e9 podmienky \u017eivota),<\/li>\n<li>ako u\u010debn\u00fa pom\u00f4cku pri expoz\u00edcii nov\u00e9ho u\u010diva, ale aj ako opakovaciu aktivitu.<\/li>\n<\/ul>\n<p>Pom\u00f4cka pri expoz\u00edcii <strong>nov\u00e9ho u\u010diva<\/strong> a pri opakovan\u00ed. Obr\u00e1zky m\u00f4\u017eete vyu\u017ei\u0165 na <strong>spozn\u00e1vanie<\/strong> druhov rastl\u00edn a \u017eivo\u010d\u00edchov. V r\u00e1mci karti\u010dky sa d\u00e1 pribl\u00ed\u017ei\u0165 <strong>potravov\u00fd re\u0165azec<\/strong> \u2013 sie\u0165 vo vodnom spolo\u010denstve. Postupn\u00fdm prid\u00e1van\u00edm viacer\u00fdch karti\u010diek sa daj\u00fa vytv\u00e1ra\u0165 nov\u00e9 re\u0165azce.<\/p>\n<p>Hra <strong>\u201eN\u00e1jdi druh\u201c<\/strong> \u2013 u\u010dite\u013e rozmiestni karti\u010dky na podlahu. \u017diakom povie nahlas zadanie (n\u00e1jdite na karti\u010dk\u00e1ch chr\u00e1nen\u00fa vodn\u00fa rastlinu a pod.). \u017diaci h\u013eadaj\u00fa spr\u00e1vnu karti\u010dku.<br \/>\nHranie hry na sp\u00f4sob Dobble je ide\u00e1lne na <strong>zapam\u00e4tanie si\/preopakovanie<\/strong> vodn\u00fdch druhov rastl\u00edn a \u017eivo\u010d\u00edchov. U\u010dite\u013e uk\u00e1\u017ee karti\u010dky \u017eiakom, p\u00fdta sa na n\u00e1zvy rastl\u00edn a\u00a0\u017eivo\u010d\u00edchov a kladie \u017eiakom ot\u00e1zky. \u010eal\u0161ou mo\u017enos\u0165ou je necha\u0165 \u017eiakov, aby si druhy opakovali sami medzi sebou.<\/p>\n","protected":false},"excerpt":{"rendered":"<p>V ob\u013e\u00fabenej postrehovej hre v\u00e1m pribl\u00ed\u017eime a\u017e 31 druhov rastl\u00edn a \u017eivo\u010d\u00edchov vodn\u00e9ho spolo\u010denstva, ktor\u00e9 sa vyskytuj\u00fa na Slovensku.<\/p>\n<p>Hra je ur\u010den\u00e1 pre 2 \u2013 4 hr\u00e1\u010dov a obsahuje 31 karti\u010diek s\u00a0obr\u00e1zkami.<\/p>\n<p>Prednostne je pripraven\u00e1 pre \u017eiakov 5. ro\u010dn\u00edka (t\u00e9ma: Spolo\u010denstv\u00e1 organizmov \u2013 Vodn\u00e9 spolo\u010denstvo). Vyu\u017eijete ju aj pre \u017eiakov 4. ro\u010dn\u00edka (Pr\u00edrodn\u00e9 spolo\u010denstv\u00e1) \u010di \u017eiakov 9. ro\u010dn\u00edka (Ekologick\u00e9 podmienky \u017eivota). Hru je mo\u017en\u00e9 vyu\u017ei\u0165 ako u\u010debn\u00fa pom\u00f4cku pri expoz\u00edcii nov\u00e9ho u\u010diva, ale aj ako opakovaciu aktivitu.<\/p>\n<p>A samozrejme ju m\u00f4\u017eete vyu\u017ei\u0165 aj ako skvel\u00fa hru na doma \ud83d\ude42<\/p>\n","protected":false},"featured_media":24160,"comment_status":"closed","ping_status":"closed","template":"","meta":{"_uag_custom_page_level_css":""},"product_brand":[],"product_cat":[21,139],"product_tag":[],"class_list":{"0":"post-16372","1":"product","2":"type-product","3":"status-publish","4":"has-post-thumbnail","6":"product_cat-vzdelavacie-vychytavky","7":"product_cat-hry","9":"first","10":"instock","11":"purchasable","12":"product-type-simple"},"uagb_featured_image_src":{"full":["https:\/\/daphne.sk\/wp-content\/uploads\/2022\/11\/429A3446.jpg",900,900,false],"thumbnail":["https:\/\/daphne.sk\/wp-content\/uploads\/2022\/11\/429A3446-150x150.jpg",150,150,true],"medium":["https:\/\/daphne.sk\/wp-content\/uploads\/2022\/11\/429A3446-300x300.jpg",300,300,true],"medium_large":["https:\/\/daphne.sk\/wp-content\/uploads\/2022\/11\/429A3446-768x768.jpg",768,768,true],"large":["https:\/\/daphne.sk\/wp-content\/uploads\/2022\/11\/429A3446.jpg",900,900,false],"1536x1536":["https:\/\/daphne.sk\/wp-content\/uploads\/2022\/11\/429A3446.jpg",900,900,false],"2048x2048":["https:\/\/daphne.sk\/wp-content\/uploads\/2022\/11\/429A3446.jpg",900,900,false],"woocommerce_thumbnail":["https:\/\/daphne.sk\/wp-content\/uploads\/2022\/11\/429A3446-450x450.jpg",450,450,true]},"uagb_author_info":{"display_name":"admin","author_link":"https:\/\/daphne.sk\/de\/author\/"},"uagb_comment_info":0,"uagb_excerpt":"V ob\u013e\u00fabenej postrehovej hre v\u00e1m pribl\u00ed\u017eime a\u017e 31 druhov rastl\u00edn a \u017eivo\u010d\u00edchov vodn\u00e9ho spolo\u010denstva, ktor\u00e9 sa vyskytuj\u00fa na Slovensku. Hra je ur\u010den\u00e1 pre 2 \u2013 4 hr\u00e1\u010dov a obsahuje 31 karti\u010diek s\u00a0obr\u00e1zkami. Prednostne je pripraven\u00e1 pre \u017eiakov 5. ro\u010dn\u00edka (t\u00e9ma: Spolo\u010denstv\u00e1 organizmov \u2013 Vodn\u00e9 spolo\u010denstvo). Vyu\u017eijete ju aj pre \u017eiakov 4. ro\u010dn\u00edka (Pr\u00edrodn\u00e9 spolo\u010denstv\u00e1) \u010di&hellip;","jetpack_sharing_enabled":true,"meta_box":[],"_links":{"self":[{"href":"https:\/\/daphne.sk\/de\/wp-json\/wp\/v2\/product\/16372","targetHints":{"allow":["GET"]}}],"collection":[{"href":"https:\/\/daphne.sk\/de\/wp-json\/wp\/v2\/product"}],"about":[{"href":"https:\/\/daphne.sk\/de\/wp-json\/wp\/v2\/types\/product"}],"replies":[{"embeddable":true,"href":"https:\/\/daphne.sk\/de\/wp-json\/wp\/v2\/comments?post=16372"}],"wp:featuredmedia":[{"embeddable":true,"href":"https:\/\/daphne.sk\/de\/wp-json\/wp\/v2\/media\/24160"}],"wp:attachment":[{"href":"https:\/\/daphne.sk\/de\/wp-json\/wp\/v2\/media?parent=16372"}],"wp:term":[{"taxonomy":"product_brand","embeddable":true,"href":"https:\/\/daphne.sk\/de\/wp-json\/wp\/v2\/product_brand?post=16372"},{"taxonomy":"product_cat","embeddable":true,"href":"https:\/\/daphne.sk\/de\/wp-json\/wp\/v2\/product_cat?post=16372"},{"taxonomy":"product_tag","embeddable":true,"href":"https:\/\/daphne.sk\/de\/wp-json\/wp\/v2\/product_tag?post=16372"}],"curies":[{"name":"wp","href":"https:\/\/api.w.org\/{rel}","templated":true}]}}