{"id":16517,"date":"2021-11-11T20:47:30","date_gmt":"2021-11-11T19:47:30","guid":{"rendered":"https:\/\/daphne.sk\/?post_type=product&#038;p=16517"},"modified":"2026-03-30T15:48:16","modified_gmt":"2026-03-30T15:48:16","slug":"vtaky-na-krmidle","status":"publish","type":"product","link":"https:\/\/daphne.sk\/de\/e-shop\/vtaky-na-krmidle\/","title":{"rendered":"Vt\u00e1ky na k\u0155midle"},"content":{"rendered":"<p><strong>Sprievodca spr\u00e1vnym prikrmovan\u00edm<\/strong><\/p>\n<p>Spoznajte s nami 25 druhov vt\u00e1kov, ktor\u00e9 m\u00f4\u017eete pozorova\u0165 na k\u0155midle naj\u010dastej\u0161ie. Pomocou n\u00e1\u0161ho sprievodcu sa nau\u010d\u00edte, ako spr\u00e1vne prikrmova\u0165 a tie\u017e, ako podpori\u0165 operence, ktor\u00e9 \u013eudsk\u00e9 obydlia nevyh\u013ead\u00e1vaj\u00fa. S prikrmovan\u00edm za\u010d\u00edname na jese\u0148 a kon\u010d\u00edme s pr\u00edchodom jari.\u00a0Vedeli ste, \u017ee na plnom k\u0155midle sa zastavia aj vt\u00e1ky smeruj\u00face na svoje hniezdisk\u00e1 v \u010dase od febru\u00e1ra do apr\u00edla?<\/p>\n<p>&nbsp;<\/p>\n<p><strong>Leporelo<\/strong><\/p>\n<p>Obr\u00e1zky verne zachyt\u00e1vaj\u00fa vzh\u013ead jednotliv\u00fdch vt\u00e1kov - po\u010das kreslenia pre\u0161li \"ornitologickou kontrolou\". U druhov, kde sa samec a samica sfarben\u00edm l\u00ed\u0161ia, n\u00e1jdete vyobrazenie oboch pohlav\u00ed.<\/p>\n","protected":false},"excerpt":{"rendered":"<p><strong>Sprievodca spr\u00e1vnym prikrmovan\u00edm<\/strong><\/p>\n<p>Spoznajte s nami 25 druhov vt\u00e1kov, ktor\u00e9 m\u00f4\u017eete pozorova\u0165 na k\u0155midle naj\u010dastej\u0161ie. Pomocou n\u00e1\u0161ho sprievodcu sa nau\u010d\u00edte, ako spr\u00e1vne prikrmova\u0165 a tie\u017e, ako podpori\u0165 operence, ktor\u00e9 \u013eudsk\u00e9 obydlia nevyh\u013ead\u00e1vaj\u00fa. S prikrmovan\u00edm za\u010d\u00edname na jese\u0148 a kon\u010d\u00edme s pr\u00edchodom jari.\u00a0Vedeli ste, \u017ee na plnom k\u0155midle sa zastavia aj vt\u00e1ky smeruj\u00face na svoje hniezdisk\u00e1 v \u010dase od febru\u00e1ra do apr\u00edla?<\/p>\n<p>&nbsp;<\/p>\n<p><strong>Leporelo<\/strong><\/p>\n<p>Obr\u00e1zky verne zachyt\u00e1vaj\u00fa vzh\u013ead jednotliv\u00fdch vt\u00e1kov - po\u010das kreslenia pre\u0161li \"ornitologickou kontrolou\". U druhov, kde sa samec a samica sfarben\u00edm l\u00ed\u0161ia, n\u00e1jdete vyobrazenie oboch pohlav\u00ed.<\/p>\n","protected":false},"featured_media":24273,"comment_status":"closed","ping_status":"closed","template":"","meta":{"_uag_custom_page_level_css":""},"product_brand":[],"product_cat":[21,138],"product_tag":[],"class_list":{"0":"post-16517","1":"product","2":"type-product","3":"status-publish","4":"has-post-thumbnail","6":"product_cat-vzdelavacie-vychytavky","7":"product_cat-leporela","9":"first","10":"instock","11":"purchasable","12":"product-type-simple"},"uagb_featured_image_src":{"full":["https:\/\/daphne.sk\/wp-content\/uploads\/2022\/06\/429A3479.jpg",900,900,false],"thumbnail":["https:\/\/daphne.sk\/wp-content\/uploads\/2022\/06\/429A3479-150x150.jpg",150,150,true],"medium":["https:\/\/daphne.sk\/wp-content\/uploads\/2022\/06\/429A3479-300x300.jpg",300,300,true],"medium_large":["https:\/\/daphne.sk\/wp-content\/uploads\/2022\/06\/429A3479-768x768.jpg",768,768,true],"large":["https:\/\/daphne.sk\/wp-content\/uploads\/2022\/06\/429A3479.jpg",900,900,false],"1536x1536":["https:\/\/daphne.sk\/wp-content\/uploads\/2022\/06\/429A3479.jpg",900,900,false],"2048x2048":["https:\/\/daphne.sk\/wp-content\/uploads\/2022\/06\/429A3479.jpg",900,900,false],"woocommerce_thumbnail":["https:\/\/daphne.sk\/wp-content\/uploads\/2022\/06\/429A3479-450x450.jpg",450,450,true]},"uagb_author_info":{"display_name":"admin","author_link":"https:\/\/daphne.sk\/de\/author\/"},"uagb_comment_info":0,"uagb_excerpt":"Sprievodca spr\u00e1vnym prikrmovan\u00edm Spoznajte s nami 25 druhov vt\u00e1kov, ktor\u00e9 m\u00f4\u017eete pozorova\u0165 na k\u0155midle naj\u010dastej\u0161ie. Pomocou n\u00e1\u0161ho sprievodcu sa nau\u010d\u00edte, ako spr\u00e1vne prikrmova\u0165 a tie\u017e, ako podpori\u0165 operence, ktor\u00e9 \u013eudsk\u00e9 obydlia nevyh\u013ead\u00e1vaj\u00fa. S prikrmovan\u00edm za\u010d\u00edname na jese\u0148 a kon\u010d\u00edme s pr\u00edchodom jari.\u00a0Vedeli ste, \u017ee na plnom k\u0155midle sa zastavia aj vt\u00e1ky smeruj\u00face na svoje hniezdisk\u00e1&hellip;","jetpack_sharing_enabled":true,"meta_box":[],"_links":{"self":[{"href":"https:\/\/daphne.sk\/de\/wp-json\/wp\/v2\/product\/16517","targetHints":{"allow":["GET"]}}],"collection":[{"href":"https:\/\/daphne.sk\/de\/wp-json\/wp\/v2\/product"}],"about":[{"href":"https:\/\/daphne.sk\/de\/wp-json\/wp\/v2\/types\/product"}],"replies":[{"embeddable":true,"href":"https:\/\/daphne.sk\/de\/wp-json\/wp\/v2\/comments?post=16517"}],"wp:featuredmedia":[{"embeddable":true,"href":"https:\/\/daphne.sk\/de\/wp-json\/wp\/v2\/media\/24273"}],"wp:attachment":[{"href":"https:\/\/daphne.sk\/de\/wp-json\/wp\/v2\/media?parent=16517"}],"wp:term":[{"taxonomy":"product_brand","embeddable":true,"href":"https:\/\/daphne.sk\/de\/wp-json\/wp\/v2\/product_brand?post=16517"},{"taxonomy":"product_cat","embeddable":true,"href":"https:\/\/daphne.sk\/de\/wp-json\/wp\/v2\/product_cat?post=16517"},{"taxonomy":"product_tag","embeddable":true,"href":"https:\/\/daphne.sk\/de\/wp-json\/wp\/v2\/product_tag?post=16517"}],"curies":[{"name":"wp","href":"https:\/\/api.w.org\/{rel}","templated":true}]}}