{"id":16650,"date":"2021-11-25T09:29:49","date_gmt":"2021-11-25T08:29:49","guid":{"rendered":"https:\/\/daphne.sk\/?post_type=product&#038;p=16650"},"modified":"2025-12-17T10:00:31","modified_gmt":"2025-12-17T10:00:31","slug":"manusky-tola-pola-a-emil","status":"publish","type":"product","link":"https:\/\/daphne.sk\/de\/e-shop\/manusky-tola-pola-a-emil\/","title":{"rendered":"Ma\u0148u\u0161ky Tola, Pola a Emil"},"content":{"rendered":"<p>Ma\u0148u\u0161ky Tola, Pola a Emil spestria v\u00fdu\u010dbu vo va\u0161ej materskej \u0161kole, alebo sa s nimi m\u00f4\u017eete zahra\u0165 aj doma.<\/p>\n<p>Skvelo dop\u013a\u0148aj\u00fa <strong>knihu pr\u00edbehov o ochrane pr\u00edrody<\/strong> \"Nap\u00ednav\u00e9 dobrodru\u017estv\u00e1 Toly, Poly a Emila\". Traja zvierac\u00ed kamar\u00e1ti ma\u010di\u010dka Tola, sovi\u010dka Pola a ps\u00ed\u010dek Emil putuj\u00fa Slovenskom, \u010ceskom a Po\u013eskom a za\u017e\u00edvaj\u00fa viacer\u00e9 dobrodru\u017estv\u00e1. Pomocou pr\u00edbehov sa deti nau\u010dia, ako m\u00f4\u017eu sami prispie\u0165 k ochrane pr\u00edrody. Kniha je vytla\u010den\u00e1 na recyklovanom papieri a na Slovensku, k\u00fapi\u0165 si ju m\u00f4\u017eete <a href=\"https:\/\/daphne.sk\/e-shop\/napinave-dobrodruzstva-toly-poly-a-emila-pribehy-o-ochrane-prirody\/\" target=\"_blank\" rel=\"noopener\">TU<\/a>.<\/p>\n<p><strong>K pr\u00edbehom sme spracovali aj metodiku s n\u00e1metmi na hrav\u00e9 aktivity pre deti \u2013 stiahnite si ju\u00a0<a href=\"https:\/\/daphne.sk\/wp-content\/uploads\/2020\/03\/Visegrad_DAPHNE_Metodika_Toly-Poly-1.pdf\" target=\"_blank\" rel=\"noopener noreferrer\">TU<\/a>.<\/strong><\/p>\n","protected":false},"excerpt":{"rendered":"<p>Ma\u0148u\u0161ky Tola, Pola a Emil spestria v\u00fdu\u010dbu vo va\u0161ej materskej \u0161kole, alebo sa s nimi m\u00f4\u017eete zahra\u0165 aj doma.<\/p>\n<p>Skvelo dop\u013a\u0148aj\u00fa <strong>knihu pr\u00edbehov o ochrane pr\u00edrody<\/strong> \"Nap\u00ednav\u00e9 dobrodru\u017estv\u00e1 Toly, Poly a Emila\". Traja zvierac\u00ed kamar\u00e1ti ma\u010di\u010dka Tola, sovi\u010dka Pola a ps\u00ed\u010dek Emil putuj\u00fa Slovenskom, \u010ceskom a Po\u013eskom a za\u017e\u00edvaj\u00fa viacer\u00e9 dobrodru\u017estv\u00e1. Pomocou pr\u00edbehov sa deti nau\u010dia, ako m\u00f4\u017eu sami prispie\u0165 k ochrane pr\u00edrody. Kniha je vytla\u010den\u00e1 na recyklovanom papieri a na Slovensku, k\u00fapi\u0165 si ju m\u00f4\u017eete <a href=\"https:\/\/daphne.sk\/sk\/e-shop\/publikacie\/napinave-dobrodruzstva-toly-poly-a-emila-pribehy-o-ochrane-prirody\/\" target=\"_blank\" rel=\"noopener\">TU<\/a>.<\/p>\n","protected":false},"featured_media":32714,"comment_status":"closed","ping_status":"closed","template":"","meta":{"_uag_custom_page_level_css":""},"product_brand":[],"product_cat":[20],"product_tag":[],"class_list":{"0":"post-16650","1":"product","2":"type-product","3":"status-publish","4":"has-post-thumbnail","6":"product_cat-ucebne-pomocky","8":"first","9":"instock","10":"purchasable","11":"product-type-simple"},"uagb_featured_image_src":{"full":["https:\/\/daphne.sk\/wp-content\/uploads\/2021\/11\/manusky_2.jpg",1080,1080,false],"thumbnail":["https:\/\/daphne.sk\/wp-content\/uploads\/2021\/11\/manusky_2-150x150.jpg",150,150,true],"medium":["https:\/\/daphne.sk\/wp-content\/uploads\/2021\/11\/manusky_2-300x300.jpg",300,300,true],"medium_large":["https:\/\/daphne.sk\/wp-content\/uploads\/2021\/11\/manusky_2-768x768.jpg",768,768,true],"large":["https:\/\/daphne.sk\/wp-content\/uploads\/2021\/11\/manusky_2-1024x1024.jpg",1024,1024,true],"1536x1536":["https:\/\/daphne.sk\/wp-content\/uploads\/2021\/11\/manusky_2.jpg",1080,1080,false],"2048x2048":["https:\/\/daphne.sk\/wp-content\/uploads\/2021\/11\/manusky_2.jpg",1080,1080,false],"woocommerce_thumbnail":["https:\/\/daphne.sk\/wp-content\/uploads\/2021\/11\/manusky_2-450x450.jpg",450,450,true]},"uagb_author_info":{"display_name":"admin","author_link":"https:\/\/daphne.sk\/de\/author\/"},"uagb_comment_info":0,"uagb_excerpt":"Ma\u0148u\u0161ky Tola, Pola a Emil spestria v\u00fdu\u010dbu vo va\u0161ej materskej \u0161kole, alebo sa s nimi m\u00f4\u017eete zahra\u0165 aj doma. Skvelo dop\u013a\u0148aj\u00fa knihu pr\u00edbehov o ochrane pr\u00edrody \"Nap\u00ednav\u00e9 dobrodru\u017estv\u00e1 Toly, Poly a Emila\". Traja zvierac\u00ed kamar\u00e1ti ma\u010di\u010dka Tola, sovi\u010dka Pola a ps\u00ed\u010dek Emil putuj\u00fa Slovenskom, \u010ceskom a Po\u013eskom a za\u017e\u00edvaj\u00fa viacer\u00e9 dobrodru\u017estv\u00e1. Pomocou pr\u00edbehov sa deti&hellip;","jetpack_sharing_enabled":true,"meta_box":[],"_links":{"self":[{"href":"https:\/\/daphne.sk\/de\/wp-json\/wp\/v2\/product\/16650","targetHints":{"allow":["GET"]}}],"collection":[{"href":"https:\/\/daphne.sk\/de\/wp-json\/wp\/v2\/product"}],"about":[{"href":"https:\/\/daphne.sk\/de\/wp-json\/wp\/v2\/types\/product"}],"replies":[{"embeddable":true,"href":"https:\/\/daphne.sk\/de\/wp-json\/wp\/v2\/comments?post=16650"}],"wp:featuredmedia":[{"embeddable":true,"href":"https:\/\/daphne.sk\/de\/wp-json\/wp\/v2\/media\/32714"}],"wp:attachment":[{"href":"https:\/\/daphne.sk\/de\/wp-json\/wp\/v2\/media?parent=16650"}],"wp:term":[{"taxonomy":"product_brand","embeddable":true,"href":"https:\/\/daphne.sk\/de\/wp-json\/wp\/v2\/product_brand?post=16650"},{"taxonomy":"product_cat","embeddable":true,"href":"https:\/\/daphne.sk\/de\/wp-json\/wp\/v2\/product_cat?post=16650"},{"taxonomy":"product_tag","embeddable":true,"href":"https:\/\/daphne.sk\/de\/wp-json\/wp\/v2\/product_tag?post=16650"}],"curies":[{"name":"wp","href":"https:\/\/api.w.org\/{rel}","templated":true}]}}