{"id":16666,"date":"2021-11-26T12:17:35","date_gmt":"2021-11-26T11:17:35","guid":{"rendered":"https:\/\/daphne.sk\/?post_type=product&#038;p=16666"},"modified":"2026-03-30T15:57:18","modified_gmt":"2026-03-30T15:57:18","slug":"sada-lupa-vtaky-na-krmidle-opelovace-a-motyle","status":"publish","type":"product","link":"https:\/\/daphne.sk\/de\/e-shop\/sada-lupa-vtaky-na-krmidle-opelovace-a-motyle\/","title":{"rendered":"SADA + LUPA: VT\u00c1KY NA K\u0154MIDLE, OPE\u013dOVA\u010cE A MOT\u00ddLE"},"content":{"rendered":"<p>Pon\u00fakame sadu 3 DAPHNE sprievodcov vo v\u00fdhodnom bal\u00edku s lupou (<span style=\"font-size: 16px;\">m\u00e1 dve akrylov\u00e9 \u0161o\u0161ovky, ktor\u00e9 pon\u00faka zv\u00e4\u010d\u0161enie sk\u00faman\u00e9ho predmetu 3 a\u017e 8 kr\u00e1t).<\/span><\/p>\n<p>&nbsp;<\/p>\n<p><strong>Sprievodca ope\u013euj\u00facim hmyzom<\/strong><\/p>\n<p>Medzi ope\u013eova\u010de patr\u00ed obrovsk\u00e9 mno\u017estvo druhov hmyzu \u2013 nielen v\u010dely a osy, ale aj muchy, chrob\u00e1ky \u010di mot\u00fdle. Pomocou n\u00e1\u0161ho sprievodcu sa nau\u010d\u00edte rozozn\u00e1va\u0165 3 ve\u013emi zauj\u00edmav\u00e9 typy ope\u013eova\u010dov \u2013 muchy, v\u010dely a osy a zozn\u00e1mite sa s viac ako 30 najbe\u017enej\u0161\u00edmi druhmi. Viac info\u00a0<a href=\"https:\/\/daphne.sk\/e-shop\/opelovace\/\">TU.<\/a><\/p>\n<p>&nbsp;<\/p>\n<p><strong>Sprievodca denn\u00fdmi mot\u00fd\u013emi<\/strong><\/p>\n<p>N\u00e1\u0161 sprievodca v\u00e1m pom\u00f4\u017ee pri identifik\u00e1cii v\u0161etk\u00fdch \u0161t\u00e1di\u00ed \u017eivotn\u00e9ho cyklu a\u017e 30 druhov denn\u00fdch mot\u00fd\u013eov. Vybrali sme be\u017en\u00e9 druhy, ktor\u00e9 m\u00f4\u017eete \u013eahko pozorova\u0165. S\u00fa v\u0161ak medzi nimi aj druhy vz\u00e1cne, symbolizuj\u00face neist\u00fa bud\u00facnos\u0165 mot\u00fd\u013eov. Viac info\u00a0<a href=\"https:\/\/daphne.sk\/e-shop\/denne-motyle\/\">TU<\/a>.<\/p>\n<p>&nbsp;<\/p>\n<p><strong>Sprievodca vt\u00e1kmi na k\u0155midle<\/strong><\/p>\n<p>Spoznajte s nami 25 druhov vt\u00e1kov, ktor\u00e9 m\u00f4\u017eete pozorova\u0165 na k\u0155midle naj\u010dastej\u0161ie. Pomocou n\u00e1\u0161ho sprievodcu sa nau\u010d\u00edte, ako spr\u00e1vne prikrmova\u0165 a tie\u017e, ako podpori\u0165 operence, ktor\u00e9 \u013eudsk\u00e9 obydlia nevyh\u013ead\u00e1vaj\u00fa. S prikrmovan\u00edm za\u010d\u00edname na jese\u0148 a kon\u010d\u00edme s pr\u00edchodom jari.\u00a0 Viac info\u00a0<a href=\"https:\/\/daphne.sk\/e-shop\/vtaky-na-krmidle\/\">TU.<\/a><\/p>\n","protected":false},"excerpt":{"rendered":"<p>Pon\u00fakame sadu 3 DAPHNE sprievodcov vo v\u00fdhodnom bal\u00edku s lupou (<span style=\"font-size: 16px;\">m\u00e1 dve akrylov\u00e9 \u0161o\u0161ovky, ktor\u00e9 pon\u00faka zv\u00e4\u010d\u0161enie sk\u00faman\u00e9ho predmetu 3 a\u017e 8 kr\u00e1t).<\/span><\/p>\n<p>&nbsp;<\/p>\n<p><strong>Sprievodca ope\u013euj\u00facim hmyzom<\/strong><\/p>\n<p>Medzi ope\u013eova\u010de patr\u00ed obrovsk\u00e9 mno\u017estvo druhov hmyzu \u2013 nielen v\u010dely a osy, ale aj muchy, chrob\u00e1ky \u010di mot\u00fdle. Pomocou n\u00e1\u0161ho sprievodcu sa nau\u010d\u00edte rozozn\u00e1va\u0165 3 ve\u013emi zauj\u00edmav\u00e9 typy ope\u013eova\u010dov \u2013 muchy, v\u010dely a osy a zozn\u00e1mite sa s viac ako 30 najbe\u017enej\u0161\u00edmi druhmi. Viac info\u00a0<a href=\"https:\/\/daphne.sk\/e-shop\/opelovace\/\">TU.<\/a><\/p>\n<p>&nbsp;<\/p>\n<p><strong>Sprievodca denn\u00fdmi mot\u00fd\u013emi<\/strong><\/p>\n<p>N\u00e1\u0161 sprievodca v\u00e1m pom\u00f4\u017ee pri identifik\u00e1cii v\u0161etk\u00fdch \u0161t\u00e1di\u00ed \u017eivotn\u00e9ho cyklu a\u017e 30 druhov denn\u00fdch mot\u00fd\u013eov. Vybrali sme be\u017en\u00e9 druhy, ktor\u00e9 m\u00f4\u017eete \u013eahko pozorova\u0165. S\u00fa v\u0161ak medzi nimi aj druhy vz\u00e1cne, symbolizuj\u00face neist\u00fa bud\u00facnos\u0165 mot\u00fd\u013eov. Viac info\u00a0<a href=\"https:\/\/daphne.sk\/e-shop\/denne-motyle\/\">TU<\/a>.<\/p>\n<p>&nbsp;<\/p>\n<p><strong>Sprievodca vt\u00e1kmi na k\u0155midle<\/strong><\/p>\n<p>Spoznajte s nami 25 druhov vt\u00e1kov, ktor\u00e9 m\u00f4\u017eete pozorova\u0165 na k\u0155midle naj\u010dastej\u0161ie. Pomocou n\u00e1\u0161ho sprievodcu sa nau\u010d\u00edte, ako spr\u00e1vne prikrmova\u0165 a tie\u017e, ako podpori\u0165 operence, ktor\u00e9 \u013eudsk\u00e9 obydlia nevyh\u013ead\u00e1vaj\u00fa. S prikrmovan\u00edm za\u010d\u00edname na jese\u0148 a kon\u010d\u00edme s pr\u00edchodom jari.\u00a0 Viac info\u00a0<a href=\"https:\/\/daphne.sk\/e-shop\/vtaky-na-krmidle\/\">TU.<\/a><\/p>\n","protected":false},"featured_media":24338,"comment_status":"closed","ping_status":"closed","template":"","meta":{"_uag_custom_page_level_css":""},"product_brand":[],"product_cat":[21,138,168],"product_tag":[],"class_list":{"0":"post-16666","1":"product","2":"type-product","3":"status-publish","4":"has-post-thumbnail","6":"product_cat-vzdelavacie-vychytavky","7":"product_cat-leporela","8":"product_cat-v-akcii","10":"first","11":"instock","12":"purchasable","13":"product-type-simple"},"uagb_featured_image_src":{"full":["https:\/\/daphne.sk\/wp-content\/uploads\/2021\/11\/429A3516.jpg",900,900,false],"thumbnail":["https:\/\/daphne.sk\/wp-content\/uploads\/2021\/11\/429A3516-150x150.jpg",150,150,true],"medium":["https:\/\/daphne.sk\/wp-content\/uploads\/2021\/11\/429A3516-300x300.jpg",300,300,true],"medium_large":["https:\/\/daphne.sk\/wp-content\/uploads\/2021\/11\/429A3516-768x768.jpg",768,768,true],"large":["https:\/\/daphne.sk\/wp-content\/uploads\/2021\/11\/429A3516.jpg",900,900,false],"1536x1536":["https:\/\/daphne.sk\/wp-content\/uploads\/2021\/11\/429A3516.jpg",900,900,false],"2048x2048":["https:\/\/daphne.sk\/wp-content\/uploads\/2021\/11\/429A3516.jpg",900,900,false],"woocommerce_thumbnail":["https:\/\/daphne.sk\/wp-content\/uploads\/2021\/11\/429A3516-450x450.jpg",450,450,true]},"uagb_author_info":{"display_name":"admin","author_link":"https:\/\/daphne.sk\/de\/author\/"},"uagb_comment_info":0,"uagb_excerpt":"Pon\u00fakame sadu 3 DAPHNE sprievodcov vo v\u00fdhodnom bal\u00edku s lupou (m\u00e1 dve akrylov\u00e9 \u0161o\u0161ovky, ktor\u00e9 pon\u00faka zv\u00e4\u010d\u0161enie sk\u00faman\u00e9ho predmetu 3 a\u017e 8 kr\u00e1t). &nbsp; Sprievodca ope\u013euj\u00facim hmyzom Medzi ope\u013eova\u010de patr\u00ed obrovsk\u00e9 mno\u017estvo druhov hmyzu \u2013 nielen v\u010dely a osy, ale aj muchy, chrob\u00e1ky \u010di mot\u00fdle. Pomocou n\u00e1\u0161ho sprievodcu sa nau\u010d\u00edte rozozn\u00e1va\u0165 3 ve\u013emi zauj\u00edmav\u00e9 typy&hellip;","jetpack_sharing_enabled":true,"meta_box":[],"_links":{"self":[{"href":"https:\/\/daphne.sk\/de\/wp-json\/wp\/v2\/product\/16666","targetHints":{"allow":["GET"]}}],"collection":[{"href":"https:\/\/daphne.sk\/de\/wp-json\/wp\/v2\/product"}],"about":[{"href":"https:\/\/daphne.sk\/de\/wp-json\/wp\/v2\/types\/product"}],"replies":[{"embeddable":true,"href":"https:\/\/daphne.sk\/de\/wp-json\/wp\/v2\/comments?post=16666"}],"wp:featuredmedia":[{"embeddable":true,"href":"https:\/\/daphne.sk\/de\/wp-json\/wp\/v2\/media\/24338"}],"wp:attachment":[{"href":"https:\/\/daphne.sk\/de\/wp-json\/wp\/v2\/media?parent=16666"}],"wp:term":[{"taxonomy":"product_brand","embeddable":true,"href":"https:\/\/daphne.sk\/de\/wp-json\/wp\/v2\/product_brand?post=16666"},{"taxonomy":"product_cat","embeddable":true,"href":"https:\/\/daphne.sk\/de\/wp-json\/wp\/v2\/product_cat?post=16666"},{"taxonomy":"product_tag","embeddable":true,"href":"https:\/\/daphne.sk\/de\/wp-json\/wp\/v2\/product_tag?post=16666"}],"curies":[{"name":"wp","href":"https:\/\/api.w.org\/{rel}","templated":true}]}}