{"id":17738,"date":"2022-03-28T12:01:15","date_gmt":"2022-03-28T10:01:15","guid":{"rendered":"https:\/\/daphne.sk\/?post_type=product&#038;p=17738"},"modified":"2026-04-17T08:41:08","modified_gmt":"2026-04-17T08:41:08","slug":"hmyz-v-prirodnej-zahrade","status":"publish","type":"product","link":"https:\/\/daphne.sk\/de\/e-shop\/hmyz-v-prirodnej-zahrade\/","title":{"rendered":"Hmyz v pr\u00edrodnej z\u00e1hrade"},"content":{"rendered":"<p>Atlas hmyzu v podobe mal\u00e9ho vej\u00e1ra, ktor\u00fd sa hravo zmest\u00ed do vrecka.<\/p>\n<p>Obsahuje obr\u00e1zky a popisy \u0161tyridsiatich piatich druhov hmyzu, s ktor\u00fdmi sa m\u00f4\u017eeme stretn\u00fa\u0165 v z\u00e1hrade, alebo aj vo vo\u013enej pr\u00edrode, v pivnici, na balk\u00f3ne \u010di inde v dom\u00e1cnosti. Posl\u00fa\u017ei tie\u017e ka\u017ed\u00e9mu z\u00e1hradn\u00edkovi, ktor\u00fd chce spozna\u0165 svojich mal\u00fdch pomocn\u00edkov.<\/p>\n","protected":false},"excerpt":{"rendered":"<p>Atlas hmyzu v podobe mal\u00e9ho vej\u00e1ra, ktor\u00fd sa hravo zmest\u00ed do vrecka.<\/p>\n<p>Obsahuje obr\u00e1zky a popisy \u0161tyridsiatich piatich druhov hmyzu, s ktor\u00fdmi sa m\u00f4\u017eeme stretn\u00fa\u0165 v z\u00e1hrade, alebo aj vo vo\u013enej pr\u00edrode, v pivnici, na balk\u00f3ne \u010di inde v dom\u00e1cnosti. Posl\u00fa\u017ei tie\u017e ka\u017ed\u00e9mu z\u00e1hradn\u00edkovi, ktor\u00fd chce spozna\u0165 svojich mal\u00fdch pomocn\u00edkov.<\/p>\n","protected":false},"featured_media":24330,"comment_status":"closed","ping_status":"closed","template":"","meta":{"_uag_custom_page_level_css":""},"product_brand":[],"product_cat":[21],"product_tag":[],"class_list":{"0":"post-17738","1":"product","2":"type-product","3":"status-publish","4":"has-post-thumbnail","6":"product_cat-vzdelavacie-vychytavky","8":"first","9":"instock","10":"purchasable","11":"product-type-simple"},"uagb_featured_image_src":{"full":["https:\/\/daphne.sk\/wp-content\/uploads\/2022\/03\/429A3458.jpg",900,900,false],"thumbnail":["https:\/\/daphne.sk\/wp-content\/uploads\/2022\/03\/429A3458-150x150.jpg",150,150,true],"medium":["https:\/\/daphne.sk\/wp-content\/uploads\/2022\/03\/429A3458-300x300.jpg",300,300,true],"medium_large":["https:\/\/daphne.sk\/wp-content\/uploads\/2022\/03\/429A3458-768x768.jpg",768,768,true],"large":["https:\/\/daphne.sk\/wp-content\/uploads\/2022\/03\/429A3458.jpg",900,900,false],"1536x1536":["https:\/\/daphne.sk\/wp-content\/uploads\/2022\/03\/429A3458.jpg",900,900,false],"2048x2048":["https:\/\/daphne.sk\/wp-content\/uploads\/2022\/03\/429A3458.jpg",900,900,false],"woocommerce_thumbnail":["https:\/\/daphne.sk\/wp-content\/uploads\/2022\/03\/429A3458-450x450.jpg",450,450,true]},"uagb_author_info":{"display_name":"admin","author_link":"https:\/\/daphne.sk\/de\/author\/"},"uagb_comment_info":0,"uagb_excerpt":"Atlas hmyzu v podobe mal\u00e9ho vej\u00e1ra, ktor\u00fd sa hravo zmest\u00ed do vrecka. Obsahuje obr\u00e1zky a popisy \u0161tyridsiatich piatich druhov hmyzu, s ktor\u00fdmi sa m\u00f4\u017eeme stretn\u00fa\u0165 v z\u00e1hrade, alebo aj vo vo\u013enej pr\u00edrode, v pivnici, na balk\u00f3ne \u010di inde v dom\u00e1cnosti. Posl\u00fa\u017ei tie\u017e ka\u017ed\u00e9mu z\u00e1hradn\u00edkovi, ktor\u00fd chce spozna\u0165 svojich mal\u00fdch pomocn\u00edkov.","jetpack_sharing_enabled":true,"meta_box":[],"_links":{"self":[{"href":"https:\/\/daphne.sk\/de\/wp-json\/wp\/v2\/product\/17738","targetHints":{"allow":["GET"]}}],"collection":[{"href":"https:\/\/daphne.sk\/de\/wp-json\/wp\/v2\/product"}],"about":[{"href":"https:\/\/daphne.sk\/de\/wp-json\/wp\/v2\/types\/product"}],"replies":[{"embeddable":true,"href":"https:\/\/daphne.sk\/de\/wp-json\/wp\/v2\/comments?post=17738"}],"wp:featuredmedia":[{"embeddable":true,"href":"https:\/\/daphne.sk\/de\/wp-json\/wp\/v2\/media\/24330"}],"wp:attachment":[{"href":"https:\/\/daphne.sk\/de\/wp-json\/wp\/v2\/media?parent=17738"}],"wp:term":[{"taxonomy":"product_brand","embeddable":true,"href":"https:\/\/daphne.sk\/de\/wp-json\/wp\/v2\/product_brand?post=17738"},{"taxonomy":"product_cat","embeddable":true,"href":"https:\/\/daphne.sk\/de\/wp-json\/wp\/v2\/product_cat?post=17738"},{"taxonomy":"product_tag","embeddable":true,"href":"https:\/\/daphne.sk\/de\/wp-json\/wp\/v2\/product_tag?post=17738"}],"curies":[{"name":"wp","href":"https:\/\/api.w.org\/{rel}","templated":true}]}}