{"id":18505,"date":"2022-06-06T21:19:56","date_gmt":"2022-06-06T19:19:56","guid":{"rendered":"https:\/\/daphne.sk\/?post_type=product&#038;p=18505"},"modified":"2026-04-28T05:57:44","modified_gmt":"2026-04-28T05:57:44","slug":"sada-8-identifikacnych-kruhov-1-zdarma","status":"publish","type":"product","link":"https:\/\/daphne.sk\/de\/e-shop\/sada-8-identifikacnych-kruhov-1-zdarma\/","title":{"rendered":"Sada 8 identifika\u010dn\u00fdch kruhov + 1 zdarma"},"content":{"rendered":"<p>Aj vy dost\u00e1vate od det\u00ed \u010dasto ot\u00e1zku, \u010do je toto za druh?<\/p>\n<p>Pomocou na\u0161ej sady sa nau\u010d\u00edte rozozn\u00e1va\u0165 z\u00e1kladn\u00e9 druhy byliniek, stromov, li\u0161ajn\u00edkov, bezstavovcov, oboj\u017eiveln\u00edkov a plazov.<\/p>\n<p>Sada obsahuje tieto identifika\u010dn\u00e9 kruhy za v\u00fdhodn\u00fa sumu:<\/p>\n<p>Dreviny Karp\u00e1t 1, Dreviny Karp\u00e1t 2, Dreviny Karp\u00e1t 3, Sprievodca lie\u010div\u00fdmi rastlinami,Lesn\u00e9 bezstavovce, Vodn\u00e9 bezstavovce, Oboj\u017eiveln\u00edky, Li\u0161ajn\u00edky a Plazy Slovenska.<\/p>\n","protected":false},"excerpt":{"rendered":"<p>Aj vy dost\u00e1vate od det\u00ed \u010dasto ot\u00e1zku, \u010do je toto za druh?<\/p>\n<p>Pomocou na\u0161ej sady sa nau\u010d\u00edte rozozn\u00e1va\u0165 z\u00e1kladn\u00e9 druhy byliniek, stromov, li\u0161ajn\u00edkov, bezstavovcov, oboj\u017eiveln\u00edkov a plazov.<\/p>\n<p>Sada obsahuje tieto identifika\u010dn\u00e9 kruhy za v\u00fdhodn\u00fa sumu:<\/p>\n<p>Dreviny Karp\u00e1t 1, Dreviny Karp\u00e1t 2, Dreviny Karp\u00e1t 3, Sprievodca lie\u010div\u00fdmi rastlinami,Lesn\u00e9 bezstavovce, Vodn\u00e9 bezstavovce, Oboj\u017eiveln\u00edky, Li\u0161ajn\u00edky a Plazy Slovenska.<\/p>\n<p>&nbsp;<\/p>\n","protected":false},"featured_media":24190,"comment_status":"closed","ping_status":"closed","template":"","meta":{"_uag_custom_page_level_css":""},"product_brand":[],"product_cat":[21,140,168],"product_tag":[],"class_list":{"0":"post-18505","1":"product","2":"type-product","3":"status-publish","4":"has-post-thumbnail","6":"product_cat-vzdelavacie-vychytavky","7":"product_cat-identifikacne-kruhy","8":"product_cat-v-akcii","10":"first","11":"instock","12":"sale","13":"purchasable","14":"product-type-simple"},"uagb_featured_image_src":{"full":["https:\/\/daphne.sk\/wp-content\/uploads\/2022\/06\/429A3625.jpg",900,900,false],"thumbnail":["https:\/\/daphne.sk\/wp-content\/uploads\/2022\/06\/429A3625-150x150.jpg",150,150,true],"medium":["https:\/\/daphne.sk\/wp-content\/uploads\/2022\/06\/429A3625-300x300.jpg",300,300,true],"medium_large":["https:\/\/daphne.sk\/wp-content\/uploads\/2022\/06\/429A3625-768x768.jpg",768,768,true],"large":["https:\/\/daphne.sk\/wp-content\/uploads\/2022\/06\/429A3625.jpg",900,900,false],"1536x1536":["https:\/\/daphne.sk\/wp-content\/uploads\/2022\/06\/429A3625.jpg",900,900,false],"2048x2048":["https:\/\/daphne.sk\/wp-content\/uploads\/2022\/06\/429A3625.jpg",900,900,false],"woocommerce_thumbnail":["https:\/\/daphne.sk\/wp-content\/uploads\/2022\/06\/429A3625-450x450.jpg",450,450,true]},"uagb_author_info":{"display_name":"admin","author_link":"https:\/\/daphne.sk\/de\/author\/"},"uagb_comment_info":0,"uagb_excerpt":"Aj vy dost\u00e1vate od det\u00ed \u010dasto ot\u00e1zku, \u010do je toto za druh? Pomocou na\u0161ej sady sa nau\u010d\u00edte rozozn\u00e1va\u0165 z\u00e1kladn\u00e9 druhy byliniek, stromov, li\u0161ajn\u00edkov, bezstavovcov, oboj\u017eiveln\u00edkov a plazov. Sada obsahuje tieto identifika\u010dn\u00e9 kruhy za v\u00fdhodn\u00fa sumu: Dreviny Karp\u00e1t 1, Dreviny Karp\u00e1t 2, Dreviny Karp\u00e1t 3, Sprievodca lie\u010div\u00fdmi rastlinami,Lesn\u00e9 bezstavovce, Vodn\u00e9 bezstavovce, Oboj\u017eiveln\u00edky, Li\u0161ajn\u00edky a Plazy Slovenska.&hellip;","jetpack_sharing_enabled":true,"meta_box":[],"_links":{"self":[{"href":"https:\/\/daphne.sk\/de\/wp-json\/wp\/v2\/product\/18505","targetHints":{"allow":["GET"]}}],"collection":[{"href":"https:\/\/daphne.sk\/de\/wp-json\/wp\/v2\/product"}],"about":[{"href":"https:\/\/daphne.sk\/de\/wp-json\/wp\/v2\/types\/product"}],"replies":[{"embeddable":true,"href":"https:\/\/daphne.sk\/de\/wp-json\/wp\/v2\/comments?post=18505"}],"wp:featuredmedia":[{"embeddable":true,"href":"https:\/\/daphne.sk\/de\/wp-json\/wp\/v2\/media\/24190"}],"wp:attachment":[{"href":"https:\/\/daphne.sk\/de\/wp-json\/wp\/v2\/media?parent=18505"}],"wp:term":[{"taxonomy":"product_brand","embeddable":true,"href":"https:\/\/daphne.sk\/de\/wp-json\/wp\/v2\/product_brand?post=18505"},{"taxonomy":"product_cat","embeddable":true,"href":"https:\/\/daphne.sk\/de\/wp-json\/wp\/v2\/product_cat?post=18505"},{"taxonomy":"product_tag","embeddable":true,"href":"https:\/\/daphne.sk\/de\/wp-json\/wp\/v2\/product_tag?post=18505"}],"curies":[{"name":"wp","href":"https:\/\/api.w.org\/{rel}","templated":true}]}}