{"id":18576,"date":"2022-06-10T10:16:01","date_gmt":"2022-06-10T08:16:01","guid":{"rendered":"https:\/\/daphne.sk\/?post_type=product&#038;p=18576"},"modified":"2026-04-21T06:50:36","modified_gmt":"2026-04-21T06:50:36","slug":"toly-metodika","status":"publish","type":"product","link":"https:\/\/daphne.sk\/de\/e-shop\/toly-metodika\/","title":{"rendered":"Nap\u00ednav\u00e9 dobrodru\u017estv\u00e1 Toly, Poly a Emila + Metodika - limitovan\u00e1 ed\u00edcia"},"content":{"rendered":"<p>Traja zvierac\u00ed kamar\u00e1ti ma\u010di\u010dka Tola, sovi\u010dka Pola a ps\u00ed\u010dek Emil putuj\u00fa Slovenskom, \u010ceskom a Po\u013eskom a za\u017e\u00edvaj\u00fa viacer\u00e9 dobrodru\u017estv\u00e1. Z cestovania po Slovensku sa dozviedia, ak\u00fdm v\u00fdzvam musia \u010deli\u0165 najv\u00e4\u010d\u0161ie ryby, ak\u00e9 kedy pl\u00e1vali v rieke \u2013 vyzy ve\u013ek\u00e9. Spoznaj\u00fa mot\u00fd\u013ea Rusalku a zistia, ko\u013eko hmyzu by mohlo zmizn\u00fa\u0165, ak by sme pri\u0161li o l\u00faky pln\u00e9 kvetov a r\u00f4znych tr\u00e1v. V \u010ceskej republike sa kamar\u00e1ti nau\u010dia viac o v\u00fdzname stromov, rybn\u00edkov a mnoh\u00fdch \u017eivo\u010d\u00edchov, ktor\u00e9 pom\u00e1haj\u00fa chr\u00e1ni\u0165 krajinu pred suchom. Stretn\u00fa sa tam aj s divou v\u010delou mur\u00e1rkou Zdenkou, ktor\u00e1 im uk\u00e1\u017ee, ako b\u00fdvaj\u00fa r\u00f4zne druhy samot\u00e1rskych v\u010diel a pre\u010do s\u00fa v ohrozen\u00ed. A napokon v Po\u013esku pochopia, ako spr\u00e1vne triedi\u0165 odpad a ako spolo\u010dne prispie\u0165 k ozdraveniu na\u0161ej plan\u00e9ty.<\/p>\n<p><span class=\"style-scope yt-formatted-string\" dir=\"auto\">K pr\u00edbehom sme spracovali aj metodiku s n\u00e1metmi na hrav\u00e9 aktivity pre deti - v limitovanej ed\u00edcii si ju teraz m\u00f4\u017eete objedna\u0165 spolu s knihou.<br \/>\n<\/span><\/p>\n<p>Kniha aj metodika je vytla\u010den\u00e1 na recyklovanom papieri a na Slovensku.<\/p>\n<p>Ma\u0148u\u0161ky k pr\u00edbehom si m\u00f4\u017eete zak\u00fapi\u0165 <a href=\"https:\/\/daphne.sk\/e-shop\/manusky-tola-pola-a-emil\/\">TU.<\/a><\/p>\n","protected":false},"excerpt":{"rendered":"<p>Traja zvierac\u00ed kamar\u00e1ti ma\u010di\u010dka Tola, sovi\u010dka Pola a ps\u00ed\u010dek Emil putuj\u00fa Slovenskom, \u010ceskom a Po\u013eskom a za\u017e\u00edvaj\u00fa viacer\u00e9 dobrodru\u017estv\u00e1. Pomocou pr\u00edbehov sa deti nau\u010dia, ako m\u00f4\u017eu sami prispie\u0165 k ochrane pr\u00edrody.<\/p>\n<p><span class=\"style-scope yt-formatted-string\" dir=\"auto\">K pr\u00edbehom sme spracovali aj metodiku s n\u00e1metmi na hrav\u00e9 aktivity pre deti - v limitovanej ed\u00edcii si ju teraz m\u00f4\u017eete objedna\u0165 spolu s knihou.<br \/>\n<\/span><\/p>\n<p>Kniha aj metodika je vytla\u010den\u00e1 na recyklovanom papieri a na Slovensku.<\/p>\n<p>Ma\u0148u\u0161ky k pr\u00edbehom si m\u00f4\u017eete zak\u00fapi\u0165 <a href=\"https:\/\/daphne.sk\/e-shop\/manusky-tola-pola-a-emil\/\">TU<\/a>.<\/p>\n<p><strong>\u00a0<\/strong><\/p>\n","protected":false},"featured_media":24226,"comment_status":"closed","ping_status":"closed","template":"","meta":{"_uag_custom_page_level_css":""},"product_brand":[],"product_cat":[19],"product_tag":[],"class_list":{"0":"post-18576","1":"product","2":"type-product","3":"status-publish","4":"has-post-thumbnail","6":"product_cat-publikacie","8":"first","9":"instock","10":"purchasable","11":"product-type-simple"},"uagb_featured_image_src":{"full":["https:\/\/daphne.sk\/wp-content\/uploads\/2022\/06\/429A2952.jpg",900,900,false],"thumbnail":["https:\/\/daphne.sk\/wp-content\/uploads\/2022\/06\/429A2952-150x150.jpg",150,150,true],"medium":["https:\/\/daphne.sk\/wp-content\/uploads\/2022\/06\/429A2952-300x300.jpg",300,300,true],"medium_large":["https:\/\/daphne.sk\/wp-content\/uploads\/2022\/06\/429A2952-768x768.jpg",768,768,true],"large":["https:\/\/daphne.sk\/wp-content\/uploads\/2022\/06\/429A2952.jpg",900,900,false],"1536x1536":["https:\/\/daphne.sk\/wp-content\/uploads\/2022\/06\/429A2952.jpg",900,900,false],"2048x2048":["https:\/\/daphne.sk\/wp-content\/uploads\/2022\/06\/429A2952.jpg",900,900,false],"woocommerce_thumbnail":["https:\/\/daphne.sk\/wp-content\/uploads\/2022\/06\/429A2952-450x450.jpg",450,450,true]},"uagb_author_info":{"display_name":"admin","author_link":"https:\/\/daphne.sk\/de\/author\/"},"uagb_comment_info":0,"uagb_excerpt":"Traja zvierac\u00ed kamar\u00e1ti ma\u010di\u010dka Tola, sovi\u010dka Pola a ps\u00ed\u010dek Emil putuj\u00fa Slovenskom, \u010ceskom a Po\u013eskom a za\u017e\u00edvaj\u00fa viacer\u00e9 dobrodru\u017estv\u00e1. Pomocou pr\u00edbehov sa deti nau\u010dia, ako m\u00f4\u017eu sami prispie\u0165 k ochrane pr\u00edrody. K pr\u00edbehom sme spracovali aj metodiku s n\u00e1metmi na hrav\u00e9 aktivity pre deti - v limitovanej ed\u00edcii si ju teraz m\u00f4\u017eete objedna\u0165 spolu s&hellip;","jetpack_sharing_enabled":true,"meta_box":[],"_links":{"self":[{"href":"https:\/\/daphne.sk\/de\/wp-json\/wp\/v2\/product\/18576","targetHints":{"allow":["GET"]}}],"collection":[{"href":"https:\/\/daphne.sk\/de\/wp-json\/wp\/v2\/product"}],"about":[{"href":"https:\/\/daphne.sk\/de\/wp-json\/wp\/v2\/types\/product"}],"replies":[{"embeddable":true,"href":"https:\/\/daphne.sk\/de\/wp-json\/wp\/v2\/comments?post=18576"}],"wp:featuredmedia":[{"embeddable":true,"href":"https:\/\/daphne.sk\/de\/wp-json\/wp\/v2\/media\/24226"}],"wp:attachment":[{"href":"https:\/\/daphne.sk\/de\/wp-json\/wp\/v2\/media?parent=18576"}],"wp:term":[{"taxonomy":"product_brand","embeddable":true,"href":"https:\/\/daphne.sk\/de\/wp-json\/wp\/v2\/product_brand?post=18576"},{"taxonomy":"product_cat","embeddable":true,"href":"https:\/\/daphne.sk\/de\/wp-json\/wp\/v2\/product_cat?post=18576"},{"taxonomy":"product_tag","embeddable":true,"href":"https:\/\/daphne.sk\/de\/wp-json\/wp\/v2\/product_tag?post=18576"}],"curies":[{"name":"wp","href":"https:\/\/api.w.org\/{rel}","templated":true}]}}