{"id":18939,"date":"2022-07-02T07:50:01","date_gmt":"2022-07-02T05:50:01","guid":{"rendered":"https:\/\/daphne.sk\/?post_type=product&#038;p=18939"},"modified":"2025-12-15T08:33:02","modified_gmt":"2025-12-15T08:33:02","slug":"relaxacny-balicek","status":"publish","type":"product","link":"https:\/\/daphne.sk\/de\/e-shop\/relaxacny-balicek\/","title":{"rendered":"Relaxa\u010dn\u00fd bal\u00ed\u010dek"},"content":{"rendered":"<p>Limitovan\u00e1 ed\u00edcia za v\u00fdhodn\u00fa cenu obsahuje:<\/p>\n<p>Knihu:<strong> Legendy zlat\u00e9ho mesta od Juraja \u010cerven\u00e1ka<\/strong> - skvel\u00e1 a pou\u010dn\u00e1 kniha z pera popul\u00e1rneho slovensk\u00e9ho autora. Kniha obsahuje fantasy pr\u00edbehy z r\u00f4znych obdob\u00ed hist\u00f3rie Banskej \u0160tiavnice, ktor\u00e9 s\u00fa ur\u010den\u00e9 nielen pre detsk\u00e9ho \u010ditate\u013ea. Viac inform\u00e1ci\u00ed n\u00e1jdete <a href=\"https:\/\/daphne.sk\/sk\/e-shop\/publikacie\/legendy-zlateho-mesta-2\/\" target=\"_blank\" rel=\"noopener\">TU<\/a>.<\/p>\n<p><strong>L\u00fa\u010dne mandaly<\/strong> - v na\u0161om dar\u010dekovom preveden\u00ed s\u00fa mandaly z\u00e1rove\u0148 aj sprievodcom sveta l\u00fa\u010dnych kvetov a \u017eivo\u010d\u00edchov. S\u00fa vytla\u010den\u00e9 na tvrdom papieri a po ich vyma\u013eovan\u00ed si ich m\u00f4\u017eete aj zar\u00e1mova\u0165. Mandala m\u00e1 siln\u00fd vplyv na \u010dloveka na nevedomej \u00farovni. Nielen pri jej tvorbe, ale i pri pozorovan\u00ed mandaly doch\u00e1dza k upokojeniu du\u0161e a z\u00edskaniu vn\u00fatornej rovnov\u00e1hy. Ten ist\u00fd proces u n\u00e1s nast\u00e1va, ak sme uprostred rozkvitnutej l\u00faky a vn\u00edmame v\u0161etk\u00fdmi zmyslami pestr\u00fa paletu farieb, v\u00f4n\u00ed a \u017eivota ako tak\u00e9ho. Viac inform\u00e1ci\u00ed n\u00e1jdete <a href=\"https:\/\/daphne.sk\/sk\/e-shop\/vzdelavacie-vychytavky\/lucne-mandaly\/\" target=\"_blank\" rel=\"noopener\">TU<\/a>.<\/p>\n","protected":false},"excerpt":{"rendered":"<p>Limitovan\u00e1 ed\u00edcia za v\u00fdhodn\u00fa cenu obsahuje:<\/p>\n<p>Knihu:<strong> Legendy zlat\u00e9ho mesta od Juraja \u010cerven\u00e1ka<\/strong> - skvel\u00e1 a pou\u010dn\u00e1 kniha z pera popul\u00e1rneho slovensk\u00e9ho autora. Kniha obsahuje fantasy pr\u00edbehy z r\u00f4znych obdob\u00ed hist\u00f3rie Banskej \u0160tiavnice, ktor\u00e9 s\u00fa ur\u010den\u00e9 nielen pre detsk\u00e9ho \u010ditate\u013ea. Viac inform\u00e1ci\u00ed n\u00e1jdete <a href=\"https:\/\/daphne.sk\/sk\/e-shop\/publikacie\/legendy-zlateho-mesta-2\/\" target=\"_blank\" rel=\"noopener\">TU<\/a>.<\/p>\n<p><strong>L\u00fa\u010dne mandaly<\/strong> - v na\u0161om dar\u010dekovom preveden\u00ed s\u00fa mandaly z\u00e1rove\u0148 aj sprievodcom sveta l\u00fa\u010dnych kvetov a \u017eivo\u010d\u00edchov. S\u00fa vytla\u010den\u00e9 na tvrdom papieri a po ich vyma\u013eovan\u00ed si ich m\u00f4\u017eete aj zar\u00e1mova\u0165. Mandala m\u00e1 siln\u00fd vplyv na \u010dloveka na nevedomej \u00farovni. Nielen pri jej tvorbe, ale i pri pozorovan\u00ed mandaly doch\u00e1dza k upokojeniu du\u0161e a z\u00edskaniu vn\u00fatornej rovnov\u00e1hy. Ten ist\u00fd proces u n\u00e1s nast\u00e1va, ak sme uprostred rozkvitnutej l\u00faky a vn\u00edmame v\u0161etk\u00fdmi zmyslami pestr\u00fa paletu farieb, v\u00f4n\u00ed a \u017eivota ako tak\u00e9ho. Viac inform\u00e1ci\u00ed n\u00e1jdete <a href=\"https:\/\/daphne.sk\/sk\/e-shop\/vzdelavacie-vychytavky\/lucne-mandaly\/\" target=\"_blank\" rel=\"noopener\">TU<\/a>.<\/p>\n","protected":false},"featured_media":24180,"comment_status":"closed","ping_status":"closed","template":"","meta":{"_uag_custom_page_level_css":""},"product_brand":[],"product_cat":[21,168],"product_tag":[],"class_list":{"0":"post-18939","1":"product","2":"type-product","3":"status-publish","4":"has-post-thumbnail","6":"product_cat-vzdelavacie-vychytavky","7":"product_cat-v-akcii","9":"first","10":"instock","11":"sale","12":"taxable","13":"shipping-taxable","14":"purchasable","15":"product-type-simple"},"uagb_featured_image_src":{"full":["https:\/\/daphne.sk\/wp-content\/uploads\/2022\/07\/429A3027.jpg",900,900,false],"thumbnail":["https:\/\/daphne.sk\/wp-content\/uploads\/2022\/07\/429A3027-150x150.jpg",150,150,true],"medium":["https:\/\/daphne.sk\/wp-content\/uploads\/2022\/07\/429A3027-300x300.jpg",300,300,true],"medium_large":["https:\/\/daphne.sk\/wp-content\/uploads\/2022\/07\/429A3027-768x768.jpg",768,768,true],"large":["https:\/\/daphne.sk\/wp-content\/uploads\/2022\/07\/429A3027.jpg",900,900,false],"1536x1536":["https:\/\/daphne.sk\/wp-content\/uploads\/2022\/07\/429A3027.jpg",900,900,false],"2048x2048":["https:\/\/daphne.sk\/wp-content\/uploads\/2022\/07\/429A3027.jpg",900,900,false],"woocommerce_thumbnail":["https:\/\/daphne.sk\/wp-content\/uploads\/2022\/07\/429A3027-450x450.jpg",450,450,true]},"uagb_author_info":{"display_name":"admin","author_link":"https:\/\/daphne.sk\/de\/author\/"},"uagb_comment_info":0,"uagb_excerpt":"Limitovan\u00e1 ed\u00edcia za v\u00fdhodn\u00fa cenu obsahuje: Knihu: Legendy zlat\u00e9ho mesta od Juraja \u010cerven\u00e1ka - skvel\u00e1 a pou\u010dn\u00e1 kniha z pera popul\u00e1rneho slovensk\u00e9ho autora. Kniha obsahuje fantasy pr\u00edbehy z r\u00f4znych obdob\u00ed hist\u00f3rie Banskej \u0160tiavnice, ktor\u00e9 s\u00fa ur\u010den\u00e9 nielen pre detsk\u00e9ho \u010ditate\u013ea. Viac inform\u00e1ci\u00ed n\u00e1jdete TU. L\u00fa\u010dne mandaly - v na\u0161om dar\u010dekovom preveden\u00ed s\u00fa mandaly z\u00e1rove\u0148 aj&hellip;","jetpack_sharing_enabled":true,"meta_box":[],"_links":{"self":[{"href":"https:\/\/daphne.sk\/de\/wp-json\/wp\/v2\/product\/18939","targetHints":{"allow":["GET"]}}],"collection":[{"href":"https:\/\/daphne.sk\/de\/wp-json\/wp\/v2\/product"}],"about":[{"href":"https:\/\/daphne.sk\/de\/wp-json\/wp\/v2\/types\/product"}],"replies":[{"embeddable":true,"href":"https:\/\/daphne.sk\/de\/wp-json\/wp\/v2\/comments?post=18939"}],"wp:featuredmedia":[{"embeddable":true,"href":"https:\/\/daphne.sk\/de\/wp-json\/wp\/v2\/media\/24180"}],"wp:attachment":[{"href":"https:\/\/daphne.sk\/de\/wp-json\/wp\/v2\/media?parent=18939"}],"wp:term":[{"taxonomy":"product_brand","embeddable":true,"href":"https:\/\/daphne.sk\/de\/wp-json\/wp\/v2\/product_brand?post=18939"},{"taxonomy":"product_cat","embeddable":true,"href":"https:\/\/daphne.sk\/de\/wp-json\/wp\/v2\/product_cat?post=18939"},{"taxonomy":"product_tag","embeddable":true,"href":"https:\/\/daphne.sk\/de\/wp-json\/wp\/v2\/product_tag?post=18939"}],"curies":[{"name":"wp","href":"https:\/\/api.w.org\/{rel}","templated":true}]}}