{"id":20595,"date":"2022-11-25T11:00:03","date_gmt":"2022-11-25T11:00:03","guid":{"rendered":"http:\/\/new.daphne.sk\/?post_type=product&#038;p=20595"},"modified":"2026-03-30T15:48:53","modified_gmt":"2026-03-30T15:48:53","slug":"jedle-a-im-podobne-huby","status":"publish","type":"product","link":"https:\/\/daphne.sk\/de\/e-shop\/jedle-a-im-podobne-huby\/","title":{"rendered":"Jedl\u00e9 a im podobn\u00e9 huby"},"content":{"rendered":"<p><strong>Ter\u00e9nny pomocn\u00edk hub\u00e1rov<\/strong><\/p>\n<p>Zber a konzum\u00e1cia h\u00fab patr\u00ed k ob\u013e\u00faben\u00fdm \u013eudsk\u00fdm aktivit\u00e1m. Obdivujeme ich tvary, farby aj tak trochu z\u00e1hadn\u00fd sp\u00f4sob \u017eivota. Ve\u013emi podstatn\u00e9 pre n\u00e1s je, \u010di s\u00fa jedl\u00e9.\u00a0V na\u0161om sprievodcovi v\u00e1m pribl\u00ed\u017eime 49 druhov h\u00fab, ktor\u00e9 m\u00f4\u017eete be\u017ene n\u00e1js\u0165 v na\u0161ich lesoch. V\u00e4\u010d\u0161ina z nich je jedl\u00e1, pozor si ale dajte na jedovat\u00e9 a smrte\u013ene jedovat\u00e9 huby.<\/p>\n<p>&nbsp;<\/p>\n<p><strong>O leporele<\/strong><\/p>\n<p>Materi\u00e1l m\u00e1 celkovo 10 str\u00e1n vo forme A5. Praktick\u00fd form\u00e1t v\u00e1m umo\u017en\u00ed v\u017edy si ho pribali\u0165 na svoje cesty. Prajeme v\u00e1m ve\u013ea kr\u00e1snych chv\u00ed\u013e str\u00e1ven\u00fdch pri hub\u00e1r\u010den\u00ed.<\/p>\n","protected":false},"excerpt":{"rendered":"<p><strong>Ter\u00e9nny pomocn\u00edk hub\u00e1rov<\/strong><\/p>\n<p>Zber a konzum\u00e1cia h\u00fab patr\u00ed k ob\u013e\u00faben\u00fdm \u013eudsk\u00fdm aktivit\u00e1m. Obdivujeme ich tvary, farby aj tak trochu z\u00e1hadn\u00fd sp\u00f4sob \u017eivota. Ve\u013emi podstatn\u00e9 pre n\u00e1s je, \u010di s\u00fa jedl\u00e9.\u00a0V na\u0161om sprievodcovi v\u00e1m pribl\u00ed\u017eime 49 druhov h\u00fab, ktor\u00e9 m\u00f4\u017eete be\u017ene n\u00e1js\u0165 v na\u0161ich lesoch. V\u00e4\u010d\u0161ina z nich je jedl\u00e1, pozor si ale dajte na jedovat\u00e9 a smrte\u013ene jedovat\u00e9 huby.<\/p>\n<p>&nbsp;<\/p>\n<p><strong>O leporele<\/strong><\/p>\n<p>Materi\u00e1l m\u00e1 celkovo 10 str\u00e1n vo forme A5. Praktick\u00fd form\u00e1t v\u00e1m umo\u017en\u00ed v\u017edy si ho pribali\u0165 na svoje cesty. Prajeme v\u00e1m ve\u013ea kr\u00e1snych chv\u00ed\u013e str\u00e1ven\u00fdch pri hub\u00e1r\u010den\u00ed.<\/p>\n","protected":false},"featured_media":24178,"comment_status":"open","ping_status":"closed","template":"","meta":{"_uag_custom_page_level_css":""},"product_brand":[],"product_cat":[21,138],"product_tag":[],"class_list":{"0":"post-20595","1":"product","2":"type-product","3":"status-publish","4":"has-post-thumbnail","6":"product_cat-vzdelavacie-vychytavky","7":"product_cat-leporela","9":"first","10":"instock","11":"purchasable","12":"product-type-simple"},"uagb_featured_image_src":{"full":["https:\/\/daphne.sk\/wp-content\/uploads\/2022\/11\/429A3488.jpg",900,900,false],"thumbnail":["https:\/\/daphne.sk\/wp-content\/uploads\/2022\/11\/429A3488-150x150.jpg",150,150,true],"medium":["https:\/\/daphne.sk\/wp-content\/uploads\/2022\/11\/429A3488-300x300.jpg",300,300,true],"medium_large":["https:\/\/daphne.sk\/wp-content\/uploads\/2022\/11\/429A3488-768x768.jpg",768,768,true],"large":["https:\/\/daphne.sk\/wp-content\/uploads\/2022\/11\/429A3488.jpg",900,900,false],"1536x1536":["https:\/\/daphne.sk\/wp-content\/uploads\/2022\/11\/429A3488.jpg",900,900,false],"2048x2048":["https:\/\/daphne.sk\/wp-content\/uploads\/2022\/11\/429A3488.jpg",900,900,false],"woocommerce_thumbnail":["https:\/\/daphne.sk\/wp-content\/uploads\/2022\/11\/429A3488-450x450.jpg",450,450,true]},"uagb_author_info":{"display_name":"M\u00e1ria Filov\u00e1","author_link":"https:\/\/daphne.sk\/de\/author\/"},"uagb_comment_info":0,"uagb_excerpt":"Ter\u00e9nny pomocn\u00edk hub\u00e1rov Zber a konzum\u00e1cia h\u00fab patr\u00ed k ob\u013e\u00faben\u00fdm \u013eudsk\u00fdm aktivit\u00e1m. Obdivujeme ich tvary, farby aj tak trochu z\u00e1hadn\u00fd sp\u00f4sob \u017eivota. Ve\u013emi podstatn\u00e9 pre n\u00e1s je, \u010di s\u00fa jedl\u00e9.\u00a0V na\u0161om sprievodcovi v\u00e1m pribl\u00ed\u017eime 49 druhov h\u00fab, ktor\u00e9 m\u00f4\u017eete be\u017ene n\u00e1js\u0165 v na\u0161ich lesoch. V\u00e4\u010d\u0161ina z nich je jedl\u00e1, pozor si ale dajte na jedovat\u00e9&hellip;","jetpack_sharing_enabled":true,"meta_box":[],"_links":{"self":[{"href":"https:\/\/daphne.sk\/de\/wp-json\/wp\/v2\/product\/20595","targetHints":{"allow":["GET"]}}],"collection":[{"href":"https:\/\/daphne.sk\/de\/wp-json\/wp\/v2\/product"}],"about":[{"href":"https:\/\/daphne.sk\/de\/wp-json\/wp\/v2\/types\/product"}],"replies":[{"embeddable":true,"href":"https:\/\/daphne.sk\/de\/wp-json\/wp\/v2\/comments?post=20595"}],"wp:featuredmedia":[{"embeddable":true,"href":"https:\/\/daphne.sk\/de\/wp-json\/wp\/v2\/media\/24178"}],"wp:attachment":[{"href":"https:\/\/daphne.sk\/de\/wp-json\/wp\/v2\/media?parent=20595"}],"wp:term":[{"taxonomy":"product_brand","embeddable":true,"href":"https:\/\/daphne.sk\/de\/wp-json\/wp\/v2\/product_brand?post=20595"},{"taxonomy":"product_cat","embeddable":true,"href":"https:\/\/daphne.sk\/de\/wp-json\/wp\/v2\/product_cat?post=20595"},{"taxonomy":"product_tag","embeddable":true,"href":"https:\/\/daphne.sk\/de\/wp-json\/wp\/v2\/product_tag?post=20595"}],"curies":[{"name":"wp","href":"https:\/\/api.w.org\/{rel}","templated":true}]}}