{"id":20597,"date":"2022-11-25T11:03:49","date_gmt":"2022-11-25T11:03:49","guid":{"rendered":"http:\/\/new.daphne.sk\/?post_type=product&#038;p=20597"},"modified":"2026-05-02T11:50:41","modified_gmt":"2026-05-02T11:50:41","slug":"tvary-listov-stromov","status":"publish","type":"product","link":"https:\/\/daphne.sk\/de\/e-shop\/tvary-listov-stromov\/","title":{"rendered":"Tvary listov stromov"},"content":{"rendered":"<p>Skvel\u00e1 pom\u00f4cka pre b\u00e1date\u013eov a b\u00e1date\u013eky \u2013 pomocou n\u00e1\u0161ho k\u013e\u00fa\u010da sa hravo nau\u010dia rozozn\u00e1va\u0165 stromy pod\u013ea listov.<\/p>\n<p>K\u013e\u00fa\u010d na ur\u010dovanie tvarov listov stromov\u00a0obsahuje 12 rodov stromov. N\u00e1jdete tu: liesku, jel\u0161u, topo\u013e, jase\u0148, v\u0155bu, brest, lipu, dub, hrab, buk, brezu a javor.<\/p>\n","protected":false},"excerpt":{"rendered":"<p>Skvel\u00e1 pom\u00f4cka pre b\u00e1date\u013eov a b\u00e1date\u013eky \u2013 pomocou n\u00e1\u0161ho k\u013e\u00fa\u010da sa hravo nau\u010dia rozozn\u00e1va\u0165 stromy pod\u013ea listov. K\u013e\u00fa\u010d na ur\u010dovanie tvarov listov stromov\u00a0obsahuje 12 rodov stromov. N\u00e1jdete tu: liesku, jel\u0161u, topo\u013e, jase\u0148, v\u0155bu, brest, lipu, dub, hrab, buk, brezu a javor.<\/p>\n","protected":false},"featured_media":24447,"comment_status":"open","ping_status":"closed","template":"","meta":{"_uag_custom_page_level_css":""},"product_brand":[],"product_cat":[21],"product_tag":[],"class_list":{"0":"post-20597","1":"product","2":"type-product","3":"status-publish","4":"has-post-thumbnail","6":"product_cat-vzdelavacie-vychytavky","8":"first","9":"instock","10":"purchasable","11":"product-type-simple"},"uagb_featured_image_src":{"full":["https:\/\/daphne.sk\/wp-content\/uploads\/2022\/11\/mensie-429A3391.jpg",1080,1080,false],"thumbnail":["https:\/\/daphne.sk\/wp-content\/uploads\/2022\/11\/mensie-429A3391-150x150.jpg",150,150,true],"medium":["https:\/\/daphne.sk\/wp-content\/uploads\/2022\/11\/mensie-429A3391-300x300.jpg",300,300,true],"medium_large":["https:\/\/daphne.sk\/wp-content\/uploads\/2022\/11\/mensie-429A3391-768x768.jpg",768,768,true],"large":["https:\/\/daphne.sk\/wp-content\/uploads\/2022\/11\/mensie-429A3391-1024x1024.jpg",1024,1024,true],"1536x1536":["https:\/\/daphne.sk\/wp-content\/uploads\/2022\/11\/mensie-429A3391.jpg",1080,1080,false],"2048x2048":["https:\/\/daphne.sk\/wp-content\/uploads\/2022\/11\/mensie-429A3391.jpg",1080,1080,false],"woocommerce_thumbnail":["https:\/\/daphne.sk\/wp-content\/uploads\/2022\/11\/mensie-429A3391-450x450.jpg",450,450,true]},"uagb_author_info":{"display_name":"M\u00e1ria Filov\u00e1","author_link":"https:\/\/daphne.sk\/de\/author\/"},"uagb_comment_info":0,"uagb_excerpt":"Skvel\u00e1 pom\u00f4cka pre b\u00e1date\u013eov a b\u00e1date\u013eky \u2013 pomocou n\u00e1\u0161ho k\u013e\u00fa\u010da sa hravo nau\u010dia rozozn\u00e1va\u0165 stromy pod\u013ea listov. K\u013e\u00fa\u010d na ur\u010dovanie tvarov listov stromov\u00a0obsahuje 12 rodov stromov. N\u00e1jdete tu: liesku, jel\u0161u, topo\u013e, jase\u0148, v\u0155bu, brest, lipu, dub, hrab, buk, brezu a javor.","jetpack_sharing_enabled":true,"meta_box":[],"_links":{"self":[{"href":"https:\/\/daphne.sk\/de\/wp-json\/wp\/v2\/product\/20597","targetHints":{"allow":["GET"]}}],"collection":[{"href":"https:\/\/daphne.sk\/de\/wp-json\/wp\/v2\/product"}],"about":[{"href":"https:\/\/daphne.sk\/de\/wp-json\/wp\/v2\/types\/product"}],"replies":[{"embeddable":true,"href":"https:\/\/daphne.sk\/de\/wp-json\/wp\/v2\/comments?post=20597"}],"wp:featuredmedia":[{"embeddable":true,"href":"https:\/\/daphne.sk\/de\/wp-json\/wp\/v2\/media\/24447"}],"wp:attachment":[{"href":"https:\/\/daphne.sk\/de\/wp-json\/wp\/v2\/media?parent=20597"}],"wp:term":[{"taxonomy":"product_brand","embeddable":true,"href":"https:\/\/daphne.sk\/de\/wp-json\/wp\/v2\/product_brand?post=20597"},{"taxonomy":"product_cat","embeddable":true,"href":"https:\/\/daphne.sk\/de\/wp-json\/wp\/v2\/product_cat?post=20597"},{"taxonomy":"product_tag","embeddable":true,"href":"https:\/\/daphne.sk\/de\/wp-json\/wp\/v2\/product_tag?post=20597"}],"curies":[{"name":"wp","href":"https:\/\/api.w.org\/{rel}","templated":true}]}}