{"id":20599,"date":"2022-11-25T11:09:53","date_gmt":"2022-11-25T11:09:53","guid":{"rendered":"http:\/\/new.daphne.sk\/?post_type=product&#038;p=20599"},"modified":"2026-03-30T16:04:29","modified_gmt":"2026-03-30T16:04:29","slug":"tvary-listov-stromov-list-na-listy-a-rastliny","status":"publish","type":"product","link":"https:\/\/daphne.sk\/de\/e-shop\/tvary-listov-stromov-list-na-listy-a-rastliny\/","title":{"rendered":"Tvary listov stromov + lis na listy a rastliny"},"content":{"rendered":"<p>Skvel\u00e1 pom\u00f4cka pre b\u00e1date\u013eov a b\u00e1date\u013eky \u2013 pomocou k\u013e\u00fa\u010da stromov sa hravo nau\u010dia rozozn\u00e1va\u0165 12 stromov pod\u013ea listov. N\u00e1jden\u00e9 listy si m\u00f4\u017eu vylisova\u0165 a ulo\u017ei\u0165 do herb\u00e1ra.<\/p>\n<p><strong>Lis na rastliny<\/strong>\u00a0s praktick\u00fdm skrutkovac\u00edm uz\u00e1verom je vyroben\u00fd z dreva\u00a0 a umo\u017en\u00ed \u013eahk\u00e9 lisovanie.<\/p>\n<p><strong>K\u013e\u00fa\u010d na ur\u010dovanie listov stromov<\/strong>\u00a0obsahuje 12 rodov stromov. N\u00e1jdete tu: liesku, jel\u0161u, topo\u013e, jase\u0148, v\u0155bu, brest, lipu, dub, hrab, buk, brezu a javor.<\/p>\n","protected":false},"excerpt":{"rendered":"<p>Skvel\u00e1 pom\u00f4cka pre b\u00e1date\u013eov a b\u00e1date\u013eky \u2013 pomocou k\u013e\u00fa\u010da stromov sa hravo nau\u010dia rozozn\u00e1va\u0165 12 stromov pod\u013ea listov. N\u00e1jden\u00e9 listy si m\u00f4\u017eu vylisova\u0165 a ulo\u017ei\u0165 do herb\u00e1ra. Lis na rastliny\u00a0s praktick\u00fdm skrutkovac\u00edm uz\u00e1verom je vyroben\u00fd z dreva\u00a0 a umo\u017en\u00ed \u013eahk\u00e9 lisovanie. K\u013e\u00fa\u010d na ur\u010dovanie listov stromov\u00a0obsahuje 12 rodov stromov. N\u00e1jdete tu: liesku, jel\u0161u, topo\u013e, jase\u0148,<\/p>\n","protected":false},"featured_media":24164,"comment_status":"open","ping_status":"closed","template":"","meta":{"_uag_custom_page_level_css":""},"product_brand":[],"product_cat":[20,21,168],"product_tag":[],"class_list":{"0":"post-20599","1":"product","2":"type-product","3":"status-publish","4":"has-post-thumbnail","6":"product_cat-ucebne-pomocky","7":"product_cat-vzdelavacie-vychytavky","8":"product_cat-v-akcii","10":"first","11":"instock","12":"sale","13":"purchasable","14":"product-type-simple"},"uagb_featured_image_src":{"full":["https:\/\/daphne.sk\/wp-content\/uploads\/2022\/11\/429A3389.jpg",900,900,false],"thumbnail":["https:\/\/daphne.sk\/wp-content\/uploads\/2022\/11\/429A3389-150x150.jpg",150,150,true],"medium":["https:\/\/daphne.sk\/wp-content\/uploads\/2022\/11\/429A3389-300x300.jpg",300,300,true],"medium_large":["https:\/\/daphne.sk\/wp-content\/uploads\/2022\/11\/429A3389-768x768.jpg",768,768,true],"large":["https:\/\/daphne.sk\/wp-content\/uploads\/2022\/11\/429A3389.jpg",900,900,false],"1536x1536":["https:\/\/daphne.sk\/wp-content\/uploads\/2022\/11\/429A3389.jpg",900,900,false],"2048x2048":["https:\/\/daphne.sk\/wp-content\/uploads\/2022\/11\/429A3389.jpg",900,900,false],"woocommerce_thumbnail":["https:\/\/daphne.sk\/wp-content\/uploads\/2022\/11\/429A3389-450x450.jpg",450,450,true]},"uagb_author_info":{"display_name":"M\u00e1ria Filov\u00e1","author_link":"https:\/\/daphne.sk\/de\/author\/"},"uagb_comment_info":0,"uagb_excerpt":"Skvel\u00e1 pom\u00f4cka pre b\u00e1date\u013eov a b\u00e1date\u013eky \u2013 pomocou k\u013e\u00fa\u010da stromov sa hravo nau\u010dia rozozn\u00e1va\u0165 12 stromov pod\u013ea listov. N\u00e1jden\u00e9 listy si m\u00f4\u017eu vylisova\u0165 a ulo\u017ei\u0165 do herb\u00e1ra. Lis na rastliny\u00a0s praktick\u00fdm skrutkovac\u00edm uz\u00e1verom je vyroben\u00fd z dreva\u00a0 a umo\u017en\u00ed \u013eahk\u00e9 lisovanie. K\u013e\u00fa\u010d na ur\u010dovanie listov stromov\u00a0obsahuje 12 rodov stromov. N\u00e1jdete tu: liesku, jel\u0161u, topo\u013e, jase\u0148,","jetpack_sharing_enabled":true,"meta_box":[],"_links":{"self":[{"href":"https:\/\/daphne.sk\/de\/wp-json\/wp\/v2\/product\/20599","targetHints":{"allow":["GET"]}}],"collection":[{"href":"https:\/\/daphne.sk\/de\/wp-json\/wp\/v2\/product"}],"about":[{"href":"https:\/\/daphne.sk\/de\/wp-json\/wp\/v2\/types\/product"}],"replies":[{"embeddable":true,"href":"https:\/\/daphne.sk\/de\/wp-json\/wp\/v2\/comments?post=20599"}],"wp:featuredmedia":[{"embeddable":true,"href":"https:\/\/daphne.sk\/de\/wp-json\/wp\/v2\/media\/24164"}],"wp:attachment":[{"href":"https:\/\/daphne.sk\/de\/wp-json\/wp\/v2\/media?parent=20599"}],"wp:term":[{"taxonomy":"product_brand","embeddable":true,"href":"https:\/\/daphne.sk\/de\/wp-json\/wp\/v2\/product_brand?post=20599"},{"taxonomy":"product_cat","embeddable":true,"href":"https:\/\/daphne.sk\/de\/wp-json\/wp\/v2\/product_cat?post=20599"},{"taxonomy":"product_tag","embeddable":true,"href":"https:\/\/daphne.sk\/de\/wp-json\/wp\/v2\/product_tag?post=20599"}],"curies":[{"name":"wp","href":"https:\/\/api.w.org\/{rel}","templated":true}]}}