{"id":21705,"date":"2022-11-28T08:06:39","date_gmt":"2022-11-28T08:06:39","guid":{"rendered":"https:\/\/daphne.sk\/?post_type=product&#038;p=21705"},"modified":"2026-04-09T08:45:09","modified_gmt":"2026-04-09T08:45:09","slug":"hladaj-dreviny","status":"publish","type":"product","link":"https:\/\/daphne.sk\/de\/e-shop\/hladaj-dreviny\/","title":{"rendered":"H\u013eadaj 2 rovnak\u00e9 - dreviny"},"content":{"rendered":"<p>Spolo\u010densk\u00e9 hry pom\u00e1haj\u00fa pre\u017ei\u0165 pr\u00edjemn\u00e9 chv\u00edle v kruhu t\u00fdch, ktor\u00fdch m\u00e1me radi. Cie\u013eom hry je hrav\u00fdm sp\u00f4sobom spozna\u0165 listy stromov, ktor\u00e9 maj\u00fa prirodzen\u00fd are\u00e1l v\u00fdskytu na Slovensku. Ver\u00edme, \u017ee hra bude pre v\u00e1s jedine\u010dn\u00e1 a z\u00e1bavn\u00e1.<\/p>\n<p>V ob\u013e\u00fabenej postrehovej hre v\u00e1m pribl\u00ed\u017eime a\u017e <strong>31 druhov p\u00f4vodn\u00fdch drev\u00edn rast\u00facich na Slovensku, <\/strong>ktor\u00e9 sa nau\u010d\u00edte spozn\u00e1va\u0165 pod\u013ea tvaru listov.<\/p>\n<p>Je ur\u010den\u00e1 pre 2 \u2013 4 hr\u00e1\u010dov a obsahuje 31 karti\u010diek s obr\u00e1zkami.<\/p>\n<p>Hru m\u00f4\u017eete vyu\u017ei\u0165 <strong>nielen doma, ale aj v \u0161kole<\/strong>. Je pripraven\u00e1 pre:<\/p>\n<ul>\n<li>\u017eiakov 5. ro\u010dn\u00edka (t\u00e9ma: Spolo\u010denstv\u00e1 organizmov \u2013 Lesn\u00e9 spolo\u010denstvo),<\/li>\n<li>pre \u017eiakov 4. ro\u010dn\u00edka (Pr\u00edrodn\u00e9 spolo\u010denstv\u00e1),<\/li>\n<li>\u017eiakov 6. ro\u010dn\u00edka (\u017div\u00e9 organizmy a ich stavba \u2013 Vonkaj\u0161ia stavba rastl\u00edn).<\/li>\n<\/ul>\n<p>Hru je mo\u017en\u00e9 vyu\u017ei\u0165 ako <strong>u\u010debn\u00fa pom\u00f4cku pri expoz\u00edcii nov\u00e9ho u\u010diva<\/strong>, ale aj ako opakovaciu aktivitu:<\/p>\n<ul>\n<li>Obr\u00e1zky m\u00f4\u017eete vyu\u017ei\u0165 na spozn\u00e1vanie druhov drev\u00edn pod\u013ea listov.<\/li>\n<li>Hra \u201eN\u00e1jdi druh\u201c \u2013 u\u010dite\u013e rozmiestni karti\u010dky na podlahu. \u017diakom povie nahlas zadanie (n\u00e1jdite na karti\u010dk\u00e1ch jel\u0161u lepkav\u00fa a pod.). \u017diaci h\u013eadaj\u00fa spr\u00e1vnu karti\u010dku.<\/li>\n<li>Hranie hry je ide\u00e1lne na zapam\u00e4tanie si\/preopakovanie druhov drev\u00edn.<\/li>\n<li>U\u010dite\u013e uk\u00e1\u017ee karti\u010dky \u017eiakom, p\u00fdta sa na n\u00e1zvy drev\u00edn a kladie \u017eiakom ot\u00e1zky. \u010eal\u0161ou mo\u017enos\u0165ou je necha\u0165 \u017eiakov, aby si druhy opakovali sami medzi sebou.<\/li>\n<\/ul>\n","protected":false},"excerpt":{"rendered":"<p>Spolo\u010densk\u00e9 hry pom\u00e1haj\u00fa pre\u017ei\u0165 pr\u00edjemn\u00e9 chv\u00edle v kruhu t\u00fdch, ktor\u00fdch m\u00e1me radi. Cie\u013eom hry je hrav\u00fdm sp\u00f4sobom spozna\u0165 listy stromov, ktor\u00e9 maj\u00fa prirodzen\u00fd are\u00e1l v\u00fdskytu na Slovensku. Ver\u00edme, \u017ee hra bude pre v\u00e1s jedine\u010dn\u00e1 a z\u00e1bavn\u00e1. V ob\u013e\u00fabenej postrehovej hre v\u00e1m pribl\u00ed\u017eime a\u017e 31 druhov p\u00f4vodn\u00fdch drev\u00edn rast\u00facich na Slovensku, ktor\u00e9 sa nau\u010d\u00edte spozn\u00e1va\u0165 pod\u013ea<\/p>\n","protected":false},"featured_media":24162,"comment_status":"open","ping_status":"closed","template":"","meta":{"_uag_custom_page_level_css":""},"product_brand":[],"product_cat":[21,139],"product_tag":[],"class_list":{"0":"post-21705","1":"product","2":"type-product","3":"status-publish","4":"has-post-thumbnail","6":"product_cat-vzdelavacie-vychytavky","7":"product_cat-hry","9":"first","10":"instock","11":"purchasable","12":"product-type-simple"},"uagb_featured_image_src":{"full":["https:\/\/daphne.sk\/wp-content\/uploads\/2022\/11\/429A3453.jpg",900,900,false],"thumbnail":["https:\/\/daphne.sk\/wp-content\/uploads\/2022\/11\/429A3453-150x150.jpg",150,150,true],"medium":["https:\/\/daphne.sk\/wp-content\/uploads\/2022\/11\/429A3453-300x300.jpg",300,300,true],"medium_large":["https:\/\/daphne.sk\/wp-content\/uploads\/2022\/11\/429A3453-768x768.jpg",768,768,true],"large":["https:\/\/daphne.sk\/wp-content\/uploads\/2022\/11\/429A3453.jpg",900,900,false],"1536x1536":["https:\/\/daphne.sk\/wp-content\/uploads\/2022\/11\/429A3453.jpg",900,900,false],"2048x2048":["https:\/\/daphne.sk\/wp-content\/uploads\/2022\/11\/429A3453.jpg",900,900,false],"woocommerce_thumbnail":["https:\/\/daphne.sk\/wp-content\/uploads\/2022\/11\/429A3453-450x450.jpg",450,450,true]},"uagb_author_info":{"display_name":"M\u00e1ria Filov\u00e1","author_link":"https:\/\/daphne.sk\/de\/author\/"},"uagb_comment_info":0,"uagb_excerpt":"Spolo\u010densk\u00e9 hry pom\u00e1haj\u00fa pre\u017ei\u0165 pr\u00edjemn\u00e9 chv\u00edle v kruhu t\u00fdch, ktor\u00fdch m\u00e1me radi. Cie\u013eom hry je hrav\u00fdm sp\u00f4sobom spozna\u0165 listy stromov, ktor\u00e9 maj\u00fa prirodzen\u00fd are\u00e1l v\u00fdskytu na Slovensku. Ver\u00edme, \u017ee hra bude pre v\u00e1s jedine\u010dn\u00e1 a z\u00e1bavn\u00e1. V ob\u013e\u00fabenej postrehovej hre v\u00e1m pribl\u00ed\u017eime a\u017e 31 druhov p\u00f4vodn\u00fdch drev\u00edn rast\u00facich na Slovensku, ktor\u00e9 sa nau\u010d\u00edte spozn\u00e1va\u0165 pod\u013ea","jetpack_sharing_enabled":true,"meta_box":[],"_links":{"self":[{"href":"https:\/\/daphne.sk\/de\/wp-json\/wp\/v2\/product\/21705","targetHints":{"allow":["GET"]}}],"collection":[{"href":"https:\/\/daphne.sk\/de\/wp-json\/wp\/v2\/product"}],"about":[{"href":"https:\/\/daphne.sk\/de\/wp-json\/wp\/v2\/types\/product"}],"replies":[{"embeddable":true,"href":"https:\/\/daphne.sk\/de\/wp-json\/wp\/v2\/comments?post=21705"}],"wp:featuredmedia":[{"embeddable":true,"href":"https:\/\/daphne.sk\/de\/wp-json\/wp\/v2\/media\/24162"}],"wp:attachment":[{"href":"https:\/\/daphne.sk\/de\/wp-json\/wp\/v2\/media?parent=21705"}],"wp:term":[{"taxonomy":"product_brand","embeddable":true,"href":"https:\/\/daphne.sk\/de\/wp-json\/wp\/v2\/product_brand?post=21705"},{"taxonomy":"product_cat","embeddable":true,"href":"https:\/\/daphne.sk\/de\/wp-json\/wp\/v2\/product_cat?post=21705"},{"taxonomy":"product_tag","embeddable":true,"href":"https:\/\/daphne.sk\/de\/wp-json\/wp\/v2\/product_tag?post=21705"}],"curies":[{"name":"wp","href":"https:\/\/api.w.org\/{rel}","templated":true}]}}