{"id":21707,"date":"2022-11-28T08:25:23","date_gmt":"2022-11-28T08:25:23","guid":{"rendered":"https:\/\/daphne.sk\/?post_type=product&#038;p=21707"},"modified":"2025-12-22T10:35:55","modified_gmt":"2025-12-22T10:35:55","slug":"sada-hladaj-2-rovnake-voda-a-dreviny","status":"publish","type":"product","link":"https:\/\/daphne.sk\/de\/e-shop\/sada-hladaj-2-rovnake-voda-a-dreviny\/","title":{"rendered":"Sada: H\u013eadaj 2 rovnak\u00e9 - voda a dreviny"},"content":{"rendered":"<p>Hry s\u00fa ur\u010den\u00e9 pre 2 \u2013 4 hr\u00e1\u010dov a obsahuje 31 karti\u010diek s obr\u00e1zkami.<\/p>\n<p>V ob\u013e\u00fabenej postrehovej hre \"H\u013eadaj dve rovnak\u00e9 - voda\" v\u00e1m pribl\u00ed\u017eime a\u017e 31 druhov rastl\u00edn a \u017eivo\u010d\u00edchov vodn\u00e9ho spolo\u010denstva, ktor\u00e9 sa vyskytuj\u00fa na Slovensku.<\/p>\n<p>Viac inform\u00e1ci\u00ed n\u00e1jdete <a href=\"https:\/\/daphne.sk\/produkt\/hra-vodne-dobble\/\" target=\"_blank\" rel=\"noopener\">TU<\/a>.<\/p>\n<p>V ob\u013e\u00fabenej postrehovej hre v\u00e1m pribl\u00ed\u017eime a\u017e 31 druhov p\u00f4vodn\u00fdch drev\u00edn rast\u00facich na Slovensku, ktor\u00e9 sa nau\u010d\u00edte spozn\u00e1va\u0165 pod\u013ea tvaru listov.<\/p>\n<p>Viac inform\u00e1ci\u00ed n\u00e1jdete <a href=\"https:\/\/daphne.sk\/produkt\/hladaj-dreviny\/\" target=\"_blank\" rel=\"noopener\">TU<\/a>.<\/p>\n","protected":false},"excerpt":{"rendered":"<p>Hry s\u00fa ur\u010den\u00e9 pre 2 \u2013 4 hr\u00e1\u010dov a obsahuje 31 karti\u010diek s obr\u00e1zkami. V ob\u013e\u00fabenej postrehovej hre \"H\u013eadaj dve rovnak\u00e9 - voda\" v\u00e1m pribl\u00ed\u017eime a\u017e 31 druhov rastl\u00edn a \u017eivo\u010d\u00edchov vodn\u00e9ho spolo\u010denstva, ktor\u00e9 sa vyskytuj\u00fa na Slovensku. Viac inform\u00e1ci\u00ed n\u00e1jdete TU. V ob\u013e\u00fabenej postrehovej hre v\u00e1m pribl\u00ed\u017eime a\u017e 31 druhov p\u00f4vodn\u00fdch drev\u00edn rast\u00facich na<\/p>\n","protected":false},"featured_media":24156,"comment_status":"open","ping_status":"closed","template":"","meta":{"_uag_custom_page_level_css":""},"product_brand":[],"product_cat":[21,139,168],"product_tag":[],"class_list":{"0":"post-21707","1":"product","2":"type-product","3":"status-publish","4":"has-post-thumbnail","6":"product_cat-vzdelavacie-vychytavky","7":"product_cat-hry","8":"product_cat-v-akcii","10":"first","11":"instock","12":"sale","13":"purchasable","14":"product-type-simple"},"uagb_featured_image_src":{"full":["https:\/\/daphne.sk\/wp-content\/uploads\/2022\/11\/429A3419.jpg",900,900,false],"thumbnail":["https:\/\/daphne.sk\/wp-content\/uploads\/2022\/11\/429A3419-150x150.jpg",150,150,true],"medium":["https:\/\/daphne.sk\/wp-content\/uploads\/2022\/11\/429A3419-300x300.jpg",300,300,true],"medium_large":["https:\/\/daphne.sk\/wp-content\/uploads\/2022\/11\/429A3419-768x768.jpg",768,768,true],"large":["https:\/\/daphne.sk\/wp-content\/uploads\/2022\/11\/429A3419.jpg",900,900,false],"1536x1536":["https:\/\/daphne.sk\/wp-content\/uploads\/2022\/11\/429A3419.jpg",900,900,false],"2048x2048":["https:\/\/daphne.sk\/wp-content\/uploads\/2022\/11\/429A3419.jpg",900,900,false],"woocommerce_thumbnail":["https:\/\/daphne.sk\/wp-content\/uploads\/2022\/11\/429A3419-450x450.jpg",450,450,true]},"uagb_author_info":{"display_name":"M\u00e1ria Filov\u00e1","author_link":"https:\/\/daphne.sk\/de\/author\/"},"uagb_comment_info":0,"uagb_excerpt":"Hry s\u00fa ur\u010den\u00e9 pre 2 \u2013 4 hr\u00e1\u010dov a obsahuje 31 karti\u010diek s obr\u00e1zkami. V ob\u013e\u00fabenej postrehovej hre \"H\u013eadaj dve rovnak\u00e9 - voda\" v\u00e1m pribl\u00ed\u017eime a\u017e 31 druhov rastl\u00edn a \u017eivo\u010d\u00edchov vodn\u00e9ho spolo\u010denstva, ktor\u00e9 sa vyskytuj\u00fa na Slovensku. Viac inform\u00e1ci\u00ed n\u00e1jdete TU. V ob\u013e\u00fabenej postrehovej hre v\u00e1m pribl\u00ed\u017eime a\u017e 31 druhov p\u00f4vodn\u00fdch drev\u00edn rast\u00facich na","jetpack_sharing_enabled":true,"meta_box":[],"_links":{"self":[{"href":"https:\/\/daphne.sk\/de\/wp-json\/wp\/v2\/product\/21707","targetHints":{"allow":["GET"]}}],"collection":[{"href":"https:\/\/daphne.sk\/de\/wp-json\/wp\/v2\/product"}],"about":[{"href":"https:\/\/daphne.sk\/de\/wp-json\/wp\/v2\/types\/product"}],"replies":[{"embeddable":true,"href":"https:\/\/daphne.sk\/de\/wp-json\/wp\/v2\/comments?post=21707"}],"wp:featuredmedia":[{"embeddable":true,"href":"https:\/\/daphne.sk\/de\/wp-json\/wp\/v2\/media\/24156"}],"wp:attachment":[{"href":"https:\/\/daphne.sk\/de\/wp-json\/wp\/v2\/media?parent=21707"}],"wp:term":[{"taxonomy":"product_brand","embeddable":true,"href":"https:\/\/daphne.sk\/de\/wp-json\/wp\/v2\/product_brand?post=21707"},{"taxonomy":"product_cat","embeddable":true,"href":"https:\/\/daphne.sk\/de\/wp-json\/wp\/v2\/product_cat?post=21707"},{"taxonomy":"product_tag","embeddable":true,"href":"https:\/\/daphne.sk\/de\/wp-json\/wp\/v2\/product_tag?post=21707"}],"curies":[{"name":"wp","href":"https:\/\/api.w.org\/{rel}","templated":true}]}}