{"id":24643,"date":"2023-04-16T16:52:00","date_gmt":"2023-04-16T16:52:00","guid":{"rendered":"https:\/\/daphne.sk\/?post_type=product&#038;p=24643"},"modified":"2026-04-17T08:41:07","modified_gmt":"2026-04-17T08:41:07","slug":"vyvin-babocky-4-vrstvove-puzzle","status":"publish","type":"product","link":"https:\/\/daphne.sk\/de\/e-shop\/vyvin-babocky-4-vrstvove-puzzle\/","title":{"rendered":"V\u00fdvin bab\u00f4\u010dky - 4-vrstvov\u00e9 puzzle"},"content":{"rendered":"<p>Viacvrstvov\u00e9 puzzle zn\u00e1zor\u0148uje v\u00fdvin mot\u00fd\u013ea na pr\u00edklade bab\u00f4\u010dky p\u00e1vookej. <span style=\"font-size: 16px;\">Vytla\u010den\u00e9 na recyklovanom papieri na Slovensku.<\/span><\/p>\n<p>&nbsp;<\/p>\n<p><strong>V\u00fdvin mot\u00fd\u013eov<\/strong><\/p>\n<p>Mot\u00fdle prech\u00e1dzaj\u00fa kompletnou premenou cez 4 \u0161t\u00e1di\u00e1, ktor\u00fa naz\u00fdvame dokonal\u00e1 premena - od vaj\u00ed\u010dka, cez larvu (h\u00fasenicu), kuklu a dospel\u00e9ho mot\u00fd\u013ea.<\/p>\n<p>4 obr\u00e1zky sa skladaj\u00fa na seba \u2013 v najhlb\u0161ej vrstve s\u00fa vaj\u00ed\u010dka, nasleduje larva, kukla a napokon dospel\u00fd mot\u00fd\u013e.<\/p>\n<p>&nbsp;<\/p>\n<p>V\u00fdvin modlivky zelenej si m\u00f4\u017eete zak\u00fapi\u0165 <a href=\"https:\/\/daphne.sk\/e-shop\/vyvin-modlivky\/\">TU<\/a>.<\/p>\n<p>V\u00fdvin ropuchy si m\u00f4\u017eete zak\u00fapi\u0165 <a href=\"https:\/\/daphne.sk\/e-shop\/vyvin-ropuchy\/\">TU<\/a>.<\/p>\n<p>V\u00fdvin kom\u00e1ra si m\u00f4\u017eete zak\u00fapi\u0165 <a href=\"https:\/\/daphne.sk\/e-shop\/vyvin-komara\/\">TU<\/a>.<\/p>\n<p>Cel\u00fa sadu si m\u00f4\u017eete zak\u00fapi\u0165 v z\u013eave <a href=\"https:\/\/daphne.sk\/e-shop\/sada4-4-vrstvove-puzzle\/\">TU<\/a>.<\/p>\n","protected":false},"excerpt":{"rendered":"<p>Viacvrstvov\u00e9 puzzle zn\u00e1zor\u0148uje v\u00fdvin mot\u00fd\u013ea na pr\u00edklade bab\u00f4\u010dky p\u00e1vookej. <span style=\"font-size: 16px;\">Vytla\u010den\u00e9 na recyklovanom papieri na Slovensku.<\/span><\/p>\n<p>&nbsp;<\/p>\n<p><strong>V\u00fdvin mot\u00fd\u013eov<\/strong><\/p>\n<p>Mot\u00fdle prech\u00e1dzaj\u00fa kompletnou premenou cez 4 \u0161t\u00e1di\u00e1, ktor\u00fa naz\u00fdvame dokonal\u00e1 premena - od vaj\u00ed\u010dka, cez larvu (h\u00fasenicu), kuklu a dospel\u00e9ho mot\u00fd\u013ea.<\/p>\n<p>4 obr\u00e1zky sa skladaj\u00fa na seba \u2013 v najhlb\u0161ej vrstve s\u00fa vaj\u00ed\u010dka, nasleduje larva, kukla a napokon dospel\u00fd mot\u00fd\u013e.<\/p>\n<p><span style=\"font-size: 16px;\">.<\/span><\/p>\n","protected":false},"featured_media":24771,"comment_status":"closed","ping_status":"closed","template":"","meta":{"_uag_custom_page_level_css":""},"product_brand":[],"product_cat":[21,139],"product_tag":[],"class_list":{"0":"post-24643","1":"product","2":"type-product","3":"status-publish","4":"has-post-thumbnail","6":"product_cat-vzdelavacie-vychytavky","7":"product_cat-hry","9":"first","10":"instock","11":"purchasable","12":"product-type-simple"},"uagb_featured_image_src":{"full":["https:\/\/daphne.sk\/wp-content\/uploads\/2023\/04\/mensie-429A5072.jpg",1080,1080,false],"thumbnail":["https:\/\/daphne.sk\/wp-content\/uploads\/2023\/04\/mensie-429A5072-150x150.jpg",150,150,true],"medium":["https:\/\/daphne.sk\/wp-content\/uploads\/2023\/04\/mensie-429A5072-300x300.jpg",300,300,true],"medium_large":["https:\/\/daphne.sk\/wp-content\/uploads\/2023\/04\/mensie-429A5072-768x768.jpg",768,768,true],"large":["https:\/\/daphne.sk\/wp-content\/uploads\/2023\/04\/mensie-429A5072-1024x1024.jpg",1024,1024,true],"1536x1536":["https:\/\/daphne.sk\/wp-content\/uploads\/2023\/04\/mensie-429A5072.jpg",1080,1080,false],"2048x2048":["https:\/\/daphne.sk\/wp-content\/uploads\/2023\/04\/mensie-429A5072.jpg",1080,1080,false],"woocommerce_thumbnail":["https:\/\/daphne.sk\/wp-content\/uploads\/2023\/04\/mensie-429A5072-450x450.jpg",450,450,true]},"uagb_author_info":{"display_name":"M\u00e1ria Filov\u00e1","author_link":"https:\/\/daphne.sk\/de\/author\/"},"uagb_comment_info":0,"uagb_excerpt":"Viacvrstvov\u00e9 puzzle zn\u00e1zor\u0148uje v\u00fdvin mot\u00fd\u013ea na pr\u00edklade bab\u00f4\u010dky p\u00e1vookej. Vytla\u010den\u00e9 na recyklovanom papieri na Slovensku. &nbsp; V\u00fdvin mot\u00fd\u013eov Mot\u00fdle prech\u00e1dzaj\u00fa kompletnou premenou cez 4 \u0161t\u00e1di\u00e1, ktor\u00fa naz\u00fdvame dokonal\u00e1 premena - od vaj\u00ed\u010dka, cez larvu (h\u00fasenicu), kuklu a dospel\u00e9ho mot\u00fd\u013ea. 4 obr\u00e1zky sa skladaj\u00fa na seba \u2013 v najhlb\u0161ej vrstve s\u00fa vaj\u00ed\u010dka, nasleduje larva, kukla a&hellip;","jetpack_sharing_enabled":true,"meta_box":[],"_links":{"self":[{"href":"https:\/\/daphne.sk\/de\/wp-json\/wp\/v2\/product\/24643","targetHints":{"allow":["GET"]}}],"collection":[{"href":"https:\/\/daphne.sk\/de\/wp-json\/wp\/v2\/product"}],"about":[{"href":"https:\/\/daphne.sk\/de\/wp-json\/wp\/v2\/types\/product"}],"replies":[{"embeddable":true,"href":"https:\/\/daphne.sk\/de\/wp-json\/wp\/v2\/comments?post=24643"}],"wp:featuredmedia":[{"embeddable":true,"href":"https:\/\/daphne.sk\/de\/wp-json\/wp\/v2\/media\/24771"}],"wp:attachment":[{"href":"https:\/\/daphne.sk\/de\/wp-json\/wp\/v2\/media?parent=24643"}],"wp:term":[{"taxonomy":"product_brand","embeddable":true,"href":"https:\/\/daphne.sk\/de\/wp-json\/wp\/v2\/product_brand?post=24643"},{"taxonomy":"product_cat","embeddable":true,"href":"https:\/\/daphne.sk\/de\/wp-json\/wp\/v2\/product_cat?post=24643"},{"taxonomy":"product_tag","embeddable":true,"href":"https:\/\/daphne.sk\/de\/wp-json\/wp\/v2\/product_tag?post=24643"}],"curies":[{"name":"wp","href":"https:\/\/api.w.org\/{rel}","templated":true}]}}