{"id":24817,"date":"2023-05-12T14:08:33","date_gmt":"2023-05-12T14:08:33","guid":{"rendered":"https:\/\/daphne.sk\/?post_type=product&#038;p=24817"},"modified":"2025-08-28T15:20:52","modified_gmt":"2025-08-28T15:20:52","slug":"vyvin-komara","status":"publish","type":"product","link":"https:\/\/daphne.sk\/de\/e-shop\/vyvin-komara\/","title":{"rendered":"V\u00fdvin kom\u00e1ra - 4-vrstvov\u00e9 puzzle"},"content":{"rendered":"<p>Viacvrstvov\u00e9 puzzle zn\u00e1zor\u0148uje v\u00fdvin kom\u00e1ra \u00fato\u010dn\u00e9ho. Vytla\u010den\u00e9 na recyklovanom papieri na Slovensku.<\/p>\n<p>&nbsp;<\/p>\n<p><strong>V\u00fdvin kom\u00e1ra<\/strong><\/p>\n<p>Kom\u00e1re prech\u00e1dzaj\u00fa kompletnou premenou cez 4 \u0161t\u00e1di\u00e1, ktor\u00fa naz\u00fdvame aj dokonal\u00e1 premena.<\/p>\n<p>4 obr\u00e1zky sa skladaj\u00fa na seba \u2013 v najhlb\u0161ej vrstve s\u00fa vaj\u00ed\u010dka, nasleduje larva, kukla a napokon dospel\u00fd kom\u00e1r.<\/p>\n<p>&nbsp;<\/p>\n<p>V\u00fdvin bab\u00f4\u010dky p\u00e1vookej si m\u00f4\u017eete zak\u00fapi\u0165 <a href=\"https:\/\/daphne.sk\/e-shop\/vyvin-babocky-4-vrstvove-puzzle\/\">TU<\/a>.<\/p>\n<p>V\u00fdvin modlivky zelenej si m\u00f4\u017eete zak\u00fapi\u0165 <a href=\"https:\/\/daphne.sk\/e-shop\/vyvin-modlivky\/\">TU<\/a>.<\/p>\n<p>V\u00fdvin ropuchy si m\u00f4\u017eete zak\u00fapi\u0165 <a href=\"https:\/\/daphne.sk\/e-shop\/vyvin-ropuchy\/\">TU<\/a>.<\/p>\n<p>Cel\u00fa sadu si m\u00f4\u017eete zak\u00fapi\u0165 v z\u013eave <a href=\"https:\/\/daphne.sk\/e-shop\/sada4-4-vrstvove-puzzle\/\">TU<\/a>.<\/p>\n<p>&nbsp;<\/p>\n<p>&nbsp;<\/p>\n","protected":false},"excerpt":{"rendered":"<p>Viacvrstvov\u00e9 puzzle zn\u00e1zor\u0148uje v\u00fdvin kom\u00e1ra \u00fato\u010dn\u00e9ho. Vytla\u010den\u00e9 na recyklovanom papieri na Slovensku.<\/p>\n<p>&nbsp;<\/p>\n<p><strong>V\u00fdvin kom\u00e1ra<\/strong><\/p>\n<p>Kom\u00e1re prech\u00e1dzaj\u00fa kompletnou premenou cez 4 \u0161t\u00e1di\u00e1, ktor\u00fa naz\u00fdvame aj dokonal\u00e1 premena.<\/p>\n<p>4 obr\u00e1zky sa skladaj\u00fa na seba \u2013 v najhlb\u0161ej vrstve s\u00fa vaj\u00ed\u010dka, nasleduje larva, kukla a napokon dospel\u00fd kom\u00e1r.<\/p>\n<p>&nbsp;<\/p>\n","protected":false},"featured_media":24857,"comment_status":"closed","ping_status":"closed","template":"","meta":{"_uag_custom_page_level_css":""},"product_brand":[],"product_cat":[21,139],"product_tag":[],"class_list":{"0":"post-24817","1":"product","2":"type-product","3":"status-publish","4":"has-post-thumbnail","6":"product_cat-vzdelavacie-vychytavky","7":"product_cat-hry","9":"first","10":"instock","11":"purchasable","12":"product-type-simple"},"uagb_featured_image_src":{"full":["https:\/\/daphne.sk\/wp-content\/uploads\/2023\/05\/mensie-429A6982.jpg",1080,1080,false],"thumbnail":["https:\/\/daphne.sk\/wp-content\/uploads\/2023\/05\/mensie-429A6982-150x150.jpg",150,150,true],"medium":["https:\/\/daphne.sk\/wp-content\/uploads\/2023\/05\/mensie-429A6982-300x300.jpg",300,300,true],"medium_large":["https:\/\/daphne.sk\/wp-content\/uploads\/2023\/05\/mensie-429A6982-768x768.jpg",768,768,true],"large":["https:\/\/daphne.sk\/wp-content\/uploads\/2023\/05\/mensie-429A6982-1024x1024.jpg",1024,1024,true],"1536x1536":["https:\/\/daphne.sk\/wp-content\/uploads\/2023\/05\/mensie-429A6982.jpg",1080,1080,false],"2048x2048":["https:\/\/daphne.sk\/wp-content\/uploads\/2023\/05\/mensie-429A6982.jpg",1080,1080,false],"woocommerce_thumbnail":["https:\/\/daphne.sk\/wp-content\/uploads\/2023\/05\/mensie-429A6982-450x450.jpg",450,450,true]},"uagb_author_info":{"display_name":"M\u00e1ria Filov\u00e1","author_link":"https:\/\/daphne.sk\/de\/author\/"},"uagb_comment_info":0,"uagb_excerpt":"Viacvrstvov\u00e9 puzzle zn\u00e1zor\u0148uje v\u00fdvin kom\u00e1ra \u00fato\u010dn\u00e9ho. Vytla\u010den\u00e9 na recyklovanom papieri na Slovensku. &nbsp; V\u00fdvin kom\u00e1ra Kom\u00e1re prech\u00e1dzaj\u00fa kompletnou premenou cez 4 \u0161t\u00e1di\u00e1, ktor\u00fa naz\u00fdvame aj dokonal\u00e1 premena. 4 obr\u00e1zky sa skladaj\u00fa na seba \u2013 v najhlb\u0161ej vrstve s\u00fa vaj\u00ed\u010dka, nasleduje larva, kukla a napokon dospel\u00fd kom\u00e1r. &nbsp;","jetpack_sharing_enabled":true,"meta_box":[],"_links":{"self":[{"href":"https:\/\/daphne.sk\/de\/wp-json\/wp\/v2\/product\/24817","targetHints":{"allow":["GET"]}}],"collection":[{"href":"https:\/\/daphne.sk\/de\/wp-json\/wp\/v2\/product"}],"about":[{"href":"https:\/\/daphne.sk\/de\/wp-json\/wp\/v2\/types\/product"}],"replies":[{"embeddable":true,"href":"https:\/\/daphne.sk\/de\/wp-json\/wp\/v2\/comments?post=24817"}],"wp:featuredmedia":[{"embeddable":true,"href":"https:\/\/daphne.sk\/de\/wp-json\/wp\/v2\/media\/24857"}],"wp:attachment":[{"href":"https:\/\/daphne.sk\/de\/wp-json\/wp\/v2\/media?parent=24817"}],"wp:term":[{"taxonomy":"product_brand","embeddable":true,"href":"https:\/\/daphne.sk\/de\/wp-json\/wp\/v2\/product_brand?post=24817"},{"taxonomy":"product_cat","embeddable":true,"href":"https:\/\/daphne.sk\/de\/wp-json\/wp\/v2\/product_cat?post=24817"},{"taxonomy":"product_tag","embeddable":true,"href":"https:\/\/daphne.sk\/de\/wp-json\/wp\/v2\/product_tag?post=24817"}],"curies":[{"name":"wp","href":"https:\/\/api.w.org\/{rel}","templated":true}]}}