{"id":24820,"date":"2023-05-12T14:12:20","date_gmt":"2023-05-12T14:12:20","guid":{"rendered":"https:\/\/daphne.sk\/?post_type=product&#038;p=24820"},"modified":"2026-03-28T17:07:42","modified_gmt":"2026-03-28T17:07:42","slug":"vyvin-ropuchy","status":"publish","type":"product","link":"https:\/\/daphne.sk\/de\/e-shop\/vyvin-ropuchy\/","title":{"rendered":"V\u00fdvin ropuchy - 4-vrstvov\u00e9 puzzle"},"content":{"rendered":"<p>Viacvrstvov\u00e9 puzzle zn\u00e1zor\u0148uje v\u00fdvin \u017eiab na pr\u00edklade ropuchy bradavi\u010dnatej. <span style=\"font-size: 16px;\">Vytla\u010den\u00e9 na recyklovanom papieri na Slovensku.<\/span><\/p>\n<p>&nbsp;<\/p>\n<p><strong>V\u00fdvin \u017eiab<\/strong><\/p>\n<p>\u017daby patria medzi oboj\u017eiveln\u00edky. Ich v\u00fdvoj za\u010d\u00edna vo vode a dospel\u00e9 jedince \u017eij\u00fa na s\u00fa\u0161i.<\/p>\n<p>4 obr\u00e1zky sa skladaj\u00fa na seba \u2013 v najhlb\u0161ej vrstve s\u00fa vaj\u00ed\u010dka, nasleduje larva (\u017eubrienka) a napokon dospel\u00e1 ropucha.<\/p>\n<p>&nbsp;<\/p>\n<p>V\u00fdvin bab\u00f4\u010dky p\u00e1vookej si m\u00f4\u017eete zak\u00fapi\u0165 <a href=\"https:\/\/daphne.sk\/e-shop\/vyvin-babocky-4-vrstvove-puzzle\/\">TU<\/a>.<\/p>\n<p>V\u00fdvin modlivky zelenej si m\u00f4\u017eete zak\u00fapi\u0165 <a href=\"https:\/\/daphne.sk\/e-shop\/vyvin-modlivky\/\">TU<\/a>.<\/p>\n<p>V\u00fdvin kom\u00e1ra si m\u00f4\u017eete zak\u00fapi\u0165 <a href=\"https:\/\/daphne.sk\/e-shop\/vyvin-komara\/\">TU<\/a>.<\/p>\n<p>Cel\u00fa sadu si m\u00f4\u017eete zak\u00fapi\u0165 v z\u013eave <a href=\"https:\/\/daphne.sk\/e-shop\/sada4-4-vrstvove-puzzle\/\">TU<\/a>.<\/p>\n","protected":false},"excerpt":{"rendered":"<p>Viacvrstvov\u00e9 puzzle zn\u00e1zor\u0148uje v\u00fdvin \u017eiab na pr\u00edklade ropuchy bradavi\u010dnatej. <span style=\"font-size: 16px;\">Vytla\u010den\u00e9 na recyklovanom papieri na Slovensku.<\/span><\/p>\n<p>&nbsp;<\/p>\n<p><strong>V\u00fdvin \u017eiab<\/strong><\/p>\n<p>\u017daby patria medzi oboj\u017eiveln\u00edky. Ich v\u00fdvoj za\u010d\u00edna vo vode a dospel\u00e9 jedince \u017eij\u00fa na s\u00fa\u0161i.<\/p>\n<p>4 obr\u00e1zky sa skladaj\u00fa na seba \u2013 v najhlb\u0161ej vrstve s\u00fa vaj\u00ed\u010dka, nasleduje larva (\u017eubrienka) a napokon dospel\u00e1 ropucha.<\/p>\n","protected":false},"featured_media":24864,"comment_status":"closed","ping_status":"closed","template":"","meta":{"_uag_custom_page_level_css":""},"product_brand":[],"product_cat":[21,139],"product_tag":[],"class_list":{"0":"post-24820","1":"product","2":"type-product","3":"status-publish","4":"has-post-thumbnail","6":"product_cat-vzdelavacie-vychytavky","7":"product_cat-hry","9":"first","10":"instock","11":"purchasable","12":"product-type-simple"},"uagb_featured_image_src":{"full":["https:\/\/daphne.sk\/wp-content\/uploads\/2023\/05\/mensie-429A7077.jpg",1080,1080,false],"thumbnail":["https:\/\/daphne.sk\/wp-content\/uploads\/2023\/05\/mensie-429A7077-150x150.jpg",150,150,true],"medium":["https:\/\/daphne.sk\/wp-content\/uploads\/2023\/05\/mensie-429A7077-300x300.jpg",300,300,true],"medium_large":["https:\/\/daphne.sk\/wp-content\/uploads\/2023\/05\/mensie-429A7077-768x768.jpg",768,768,true],"large":["https:\/\/daphne.sk\/wp-content\/uploads\/2023\/05\/mensie-429A7077-1024x1024.jpg",1024,1024,true],"1536x1536":["https:\/\/daphne.sk\/wp-content\/uploads\/2023\/05\/mensie-429A7077.jpg",1080,1080,false],"2048x2048":["https:\/\/daphne.sk\/wp-content\/uploads\/2023\/05\/mensie-429A7077.jpg",1080,1080,false],"woocommerce_thumbnail":["https:\/\/daphne.sk\/wp-content\/uploads\/2023\/05\/mensie-429A7077-450x450.jpg",450,450,true]},"uagb_author_info":{"display_name":"M\u00e1ria Filov\u00e1","author_link":"https:\/\/daphne.sk\/de\/author\/"},"uagb_comment_info":0,"uagb_excerpt":"Viacvrstvov\u00e9 puzzle zn\u00e1zor\u0148uje v\u00fdvin \u017eiab na pr\u00edklade ropuchy bradavi\u010dnatej. Vytla\u010den\u00e9 na recyklovanom papieri na Slovensku. &nbsp; V\u00fdvin \u017eiab \u017daby patria medzi oboj\u017eiveln\u00edky. Ich v\u00fdvoj za\u010d\u00edna vo vode a dospel\u00e9 jedince \u017eij\u00fa na s\u00fa\u0161i. 4 obr\u00e1zky sa skladaj\u00fa na seba \u2013 v najhlb\u0161ej vrstve s\u00fa vaj\u00ed\u010dka, nasleduje larva (\u017eubrienka) a napokon dospel\u00e1 ropucha.","jetpack_sharing_enabled":true,"meta_box":[],"_links":{"self":[{"href":"https:\/\/daphne.sk\/de\/wp-json\/wp\/v2\/product\/24820","targetHints":{"allow":["GET"]}}],"collection":[{"href":"https:\/\/daphne.sk\/de\/wp-json\/wp\/v2\/product"}],"about":[{"href":"https:\/\/daphne.sk\/de\/wp-json\/wp\/v2\/types\/product"}],"replies":[{"embeddable":true,"href":"https:\/\/daphne.sk\/de\/wp-json\/wp\/v2\/comments?post=24820"}],"wp:featuredmedia":[{"embeddable":true,"href":"https:\/\/daphne.sk\/de\/wp-json\/wp\/v2\/media\/24864"}],"wp:attachment":[{"href":"https:\/\/daphne.sk\/de\/wp-json\/wp\/v2\/media?parent=24820"}],"wp:term":[{"taxonomy":"product_brand","embeddable":true,"href":"https:\/\/daphne.sk\/de\/wp-json\/wp\/v2\/product_brand?post=24820"},{"taxonomy":"product_cat","embeddable":true,"href":"https:\/\/daphne.sk\/de\/wp-json\/wp\/v2\/product_cat?post=24820"},{"taxonomy":"product_tag","embeddable":true,"href":"https:\/\/daphne.sk\/de\/wp-json\/wp\/v2\/product_tag?post=24820"}],"curies":[{"name":"wp","href":"https:\/\/api.w.org\/{rel}","templated":true}]}}