{"id":24827,"date":"2023-05-12T14:23:22","date_gmt":"2023-05-12T14:23:22","guid":{"rendered":"https:\/\/daphne.sk\/?post_type=product&#038;p=24827"},"modified":"2026-03-30T16:01:47","modified_gmt":"2026-03-30T16:01:47","slug":"sada4-4-vrstvove-puzzle","status":"publish","type":"product","link":"https:\/\/daphne.sk\/de\/e-shop\/sada4-4-vrstvove-puzzle\/","title":{"rendered":"Sada \u0161tyroch 4-vrstvov\u00fdch puzzle"},"content":{"rendered":"<p>V\u00fdhodn\u00e1 cena \u0161tyroch 4-vrstvov\u00fdch puzzle, ktor\u00e9 zn\u00e1zor\u0148uj\u00fa v\u00fdvin bab\u00f4\u010dky p\u00e1vookej, modlivky zelenej, kom\u00e1ra \u00fato\u010dn\u00e9ho a ropuchy bradavi\u010dnatej. Vytla\u010den\u00e9 na recyklovanom papieri na Slovensku.<\/p>\n<p>&nbsp;<\/p>\n<p><strong>V\u00fdvin<\/strong><\/p>\n<p>4 obr\u00e1zky sa skladaj\u00fa na seba \u2013 v najhlb\u0161ej vrstve s\u00fa vaj\u00ed\u010dka, nasleduje larva a napokon dospel\u00fd jedinec.<\/p>\n<p>V\u00fdvin bab\u00f4\u010dky p\u00e1vookej si m\u00f4\u017eete zak\u00fapi\u0165 <a href=\"https:\/\/daphne.sk\/e-shop\/vyvin-babocky-4-vrstvove-puzzle\/\">TU<\/a>.<\/p>\n<p>V\u00fdvin modlivky zelenej si m\u00f4\u017eete zak\u00fapi\u0165 <a href=\"https:\/\/daphne.sk\/e-shop\/vyvin-modlivky\/\">TU<\/a>.<\/p>\n<p>V\u00fdvin ropuchy si m\u00f4\u017eete zak\u00fapi\u0165 <a href=\"https:\/\/daphne.sk\/e-shop\/vyvin-ropuchy\/\">TU<\/a>.<\/p>\n<p>V\u00fdvin kom\u00e1ra si m\u00f4\u017eete zak\u00fapi\u0165 <a href=\"https:\/\/daphne.sk\/e-shop\/vyvin-komara\/\">TU<\/a>.<\/p>\n<p>&nbsp;<\/p>\n","protected":false},"excerpt":{"rendered":"<p>V\u00fdhodn\u00e1 cena \u0161tyroch 4-vrstvov\u00fdch puzzle, ktor\u00e9 zn\u00e1zor\u0148uj\u00fa v\u00fdvin bab\u00f4\u010dky p\u00e1vookej, modlivky zelenej, kom\u00e1ra \u00fato\u010dn\u00e9ho a ropuchy bradavi\u010dnatej. Vytla\u010den\u00e9 na recyklovanom papieri na Slovensku.<\/p>\n<p>&nbsp;<\/p>\n<p><strong>V\u00fdvin<\/strong><\/p>\n<p>4 obr\u00e1zky sa skladaj\u00fa na seba \u2013 v najhlb\u0161ej vrstve s\u00fa vaj\u00ed\u010dka, nasleduje larva a napokon dospel\u00fd jedinec.<\/p>\n<p>&nbsp;<\/p>\n<p>&nbsp;<\/p>\n","protected":false},"featured_media":24878,"comment_status":"closed","ping_status":"closed","template":"","meta":{"_uag_custom_page_level_css":""},"product_brand":[],"product_cat":[20,21,139,168],"product_tag":[],"class_list":{"0":"post-24827","1":"product","2":"type-product","3":"status-publish","4":"has-post-thumbnail","6":"product_cat-ucebne-pomocky","7":"product_cat-vzdelavacie-vychytavky","8":"product_cat-hry","9":"product_cat-v-akcii","11":"first","12":"instock","13":"sale","14":"purchasable","15":"product-type-simple"},"uagb_featured_image_src":{"full":["https:\/\/daphne.sk\/wp-content\/uploads\/2023\/05\/mensie-429A6978.jpg",1080,1080,false],"thumbnail":["https:\/\/daphne.sk\/wp-content\/uploads\/2023\/05\/mensie-429A6978-150x150.jpg",150,150,true],"medium":["https:\/\/daphne.sk\/wp-content\/uploads\/2023\/05\/mensie-429A6978-300x300.jpg",300,300,true],"medium_large":["https:\/\/daphne.sk\/wp-content\/uploads\/2023\/05\/mensie-429A6978-768x768.jpg",768,768,true],"large":["https:\/\/daphne.sk\/wp-content\/uploads\/2023\/05\/mensie-429A6978-1024x1024.jpg",1024,1024,true],"1536x1536":["https:\/\/daphne.sk\/wp-content\/uploads\/2023\/05\/mensie-429A6978.jpg",1080,1080,false],"2048x2048":["https:\/\/daphne.sk\/wp-content\/uploads\/2023\/05\/mensie-429A6978.jpg",1080,1080,false],"woocommerce_thumbnail":["https:\/\/daphne.sk\/wp-content\/uploads\/2023\/05\/mensie-429A6978-450x450.jpg",450,450,true]},"uagb_author_info":{"display_name":"M\u00e1ria Filov\u00e1","author_link":"https:\/\/daphne.sk\/de\/author\/"},"uagb_comment_info":0,"uagb_excerpt":"V\u00fdhodn\u00e1 cena \u0161tyroch 4-vrstvov\u00fdch puzzle, ktor\u00e9 zn\u00e1zor\u0148uj\u00fa v\u00fdvin bab\u00f4\u010dky p\u00e1vookej, modlivky zelenej, kom\u00e1ra \u00fato\u010dn\u00e9ho a ropuchy bradavi\u010dnatej. Vytla\u010den\u00e9 na recyklovanom papieri na Slovensku. &nbsp; V\u00fdvin 4 obr\u00e1zky sa skladaj\u00fa na seba \u2013 v najhlb\u0161ej vrstve s\u00fa vaj\u00ed\u010dka, nasleduje larva a napokon dospel\u00fd jedinec. &nbsp; &nbsp;","jetpack_sharing_enabled":true,"meta_box":[],"_links":{"self":[{"href":"https:\/\/daphne.sk\/de\/wp-json\/wp\/v2\/product\/24827","targetHints":{"allow":["GET"]}}],"collection":[{"href":"https:\/\/daphne.sk\/de\/wp-json\/wp\/v2\/product"}],"about":[{"href":"https:\/\/daphne.sk\/de\/wp-json\/wp\/v2\/types\/product"}],"replies":[{"embeddable":true,"href":"https:\/\/daphne.sk\/de\/wp-json\/wp\/v2\/comments?post=24827"}],"wp:featuredmedia":[{"embeddable":true,"href":"https:\/\/daphne.sk\/de\/wp-json\/wp\/v2\/media\/24878"}],"wp:attachment":[{"href":"https:\/\/daphne.sk\/de\/wp-json\/wp\/v2\/media?parent=24827"}],"wp:term":[{"taxonomy":"product_brand","embeddable":true,"href":"https:\/\/daphne.sk\/de\/wp-json\/wp\/v2\/product_brand?post=24827"},{"taxonomy":"product_cat","embeddable":true,"href":"https:\/\/daphne.sk\/de\/wp-json\/wp\/v2\/product_cat?post=24827"},{"taxonomy":"product_tag","embeddable":true,"href":"https:\/\/daphne.sk\/de\/wp-json\/wp\/v2\/product_tag?post=24827"}],"curies":[{"name":"wp","href":"https:\/\/api.w.org\/{rel}","templated":true}]}}