{"id":25823,"date":"2023-10-18T12:29:28","date_gmt":"2023-10-18T12:29:28","guid":{"rendered":"https:\/\/daphne.sk\/?post_type=product&#038;p=25823"},"modified":"2025-10-13T10:38:42","modified_gmt":"2025-10-13T10:38:42","slug":"sada-hladaj-2-rovnake-dreviny-a-les","status":"publish","type":"product","link":"https:\/\/daphne.sk\/de\/e-shop\/sada-hladaj-2-rovnake-dreviny-a-les\/","title":{"rendered":"Sada: H\u013eadaj 2 rovnak\u00e9 - dreviny a les"},"content":{"rendered":"<p>V\u00fdhodn\u00fd set 2 ob\u013e\u00faben\u00fdch spolo\u010densk\u00fdch hier - H\u013eadaj 2 rovnak\u00e9 - dreviny a les.<\/p>\n<p>Spolo\u010densk\u00e9 hry pom\u00e1haj\u00fa pre\u017ei\u0165 pr\u00edjemn\u00e9 chv\u00edle v kruhu t\u00fdch, ktor\u00fdch m\u00e1me radi. Cie\u013eom hry je hrav\u00fdm sp\u00f4sobom spozna\u0165 p\u00f4vodn\u00e9 dreviny a najbe\u017enej\u0161ie lesn\u00e9 druhy rastl\u00edn a \u017eivo\u010d\u00edchov,\u00a0ktor\u00e9 maj\u00fa prirodzen\u00fd are\u00e1l v\u00fdskytu na Slovensku.<\/p>\n<p>Hra je ur\u010den\u00e1 pre 2 \u2013 4 hr\u00e1\u010dov a obsahuje 31 karti\u010diek s obr\u00e1zkami.<\/p>\n<p>V ob\u013e\u00fabenej postrehovej hre v\u00e1m pribl\u00ed\u017eime a\u017e 31 druhov p\u00f4vodn\u00fdch drev\u00edn rast\u00facich na Slovensku, ktor\u00e9 sa nau\u010d\u00edte spozn\u00e1va\u0165 pod\u013ea tvaru listov.<\/p>\n<p>Viac inform\u00e1ci\u00ed n\u00e1jdete <a href=\"https:\/\/daphne.sk\/produkt\/hladaj-dreviny\/\" target=\"_blank\" rel=\"noopener\">TU<\/a>.<\/p>\n<p>V ob\u013e\u00fabenej postrehovej hre \"H\u013eadaj dve rovnak\u00e9 - les\" v\u00e1m pribl\u00ed\u017eime a\u017e 31 druhov lesn\u00fdch druhov rastl\u00edn a \u017eivo\u010d\u00edchov, ktor\u00e9 sa vyskytuj\u00fa na Slovensku.<\/p>\n<p>Viac inform\u00e1ci\u00ed n\u00e1jdete <a href=\"https:\/\/daphne.sk\/e-shop\/hladaj-2-rovnake-les\/\" target=\"_blank\" rel=\"noopener\">TU<\/a>.<\/p>\n","protected":false},"excerpt":{"rendered":"<p>V\u00fdhodn\u00fd set 2 ob\u013e\u00faben\u00fdch spolo\u010densk\u00fdch hier - H\u013eadaj 2 rovnak\u00e9 - dreviny a les. Spolo\u010densk\u00e9 hry pom\u00e1haj\u00fa pre\u017ei\u0165 pr\u00edjemn\u00e9 chv\u00edle v kruhu t\u00fdch, ktor\u00fdch m\u00e1me radi. Cie\u013eom hry je hrav\u00fdm sp\u00f4sobom spozna\u0165 p\u00f4vodn\u00e9 dreviny a najbe\u017enej\u0161ie lesn\u00e9 druhy rastl\u00edn a \u017eivo\u010d\u00edchov,\u00a0ktor\u00e9 maj\u00fa prirodzen\u00fd are\u00e1l v\u00fdskytu na Slovensku. Hra je ur\u010den\u00e1 pre 2 \u2013 4 hr\u00e1\u010dov<\/p>\n","protected":false},"featured_media":25821,"comment_status":"open","ping_status":"closed","template":"","meta":{"_uag_custom_page_level_css":""},"product_brand":[],"product_cat":[21,168],"product_tag":[],"class_list":{"0":"post-25823","1":"product","2":"type-product","3":"status-publish","4":"has-post-thumbnail","6":"product_cat-vzdelavacie-vychytavky","7":"product_cat-v-akcii","9":"first","10":"instock","11":"sale","12":"purchasable","13":"product-type-simple"},"uagb_featured_image_src":{"full":["https:\/\/daphne.sk\/wp-content\/uploads\/2023\/10\/mensie-429A1326.jpg",1080,1080,false],"thumbnail":["https:\/\/daphne.sk\/wp-content\/uploads\/2023\/10\/mensie-429A1326-150x150.jpg",150,150,true],"medium":["https:\/\/daphne.sk\/wp-content\/uploads\/2023\/10\/mensie-429A1326-300x300.jpg",300,300,true],"medium_large":["https:\/\/daphne.sk\/wp-content\/uploads\/2023\/10\/mensie-429A1326-768x768.jpg",768,768,true],"large":["https:\/\/daphne.sk\/wp-content\/uploads\/2023\/10\/mensie-429A1326-1024x1024.jpg",1024,1024,true],"1536x1536":["https:\/\/daphne.sk\/wp-content\/uploads\/2023\/10\/mensie-429A1326.jpg",1080,1080,false],"2048x2048":["https:\/\/daphne.sk\/wp-content\/uploads\/2023\/10\/mensie-429A1326.jpg",1080,1080,false],"woocommerce_thumbnail":["https:\/\/daphne.sk\/wp-content\/uploads\/2023\/10\/mensie-429A1326-450x450.jpg",450,450,true]},"uagb_author_info":{"display_name":"M\u00e1ria Filov\u00e1","author_link":"https:\/\/daphne.sk\/de\/author\/"},"uagb_comment_info":0,"uagb_excerpt":"V\u00fdhodn\u00fd set 2 ob\u013e\u00faben\u00fdch spolo\u010densk\u00fdch hier - H\u013eadaj 2 rovnak\u00e9 - dreviny a les. Spolo\u010densk\u00e9 hry pom\u00e1haj\u00fa pre\u017ei\u0165 pr\u00edjemn\u00e9 chv\u00edle v kruhu t\u00fdch, ktor\u00fdch m\u00e1me radi. Cie\u013eom hry je hrav\u00fdm sp\u00f4sobom spozna\u0165 p\u00f4vodn\u00e9 dreviny a najbe\u017enej\u0161ie lesn\u00e9 druhy rastl\u00edn a \u017eivo\u010d\u00edchov,\u00a0ktor\u00e9 maj\u00fa prirodzen\u00fd are\u00e1l v\u00fdskytu na Slovensku. Hra je ur\u010den\u00e1 pre 2 \u2013 4 hr\u00e1\u010dov","jetpack_sharing_enabled":true,"meta_box":[],"_links":{"self":[{"href":"https:\/\/daphne.sk\/de\/wp-json\/wp\/v2\/product\/25823","targetHints":{"allow":["GET"]}}],"collection":[{"href":"https:\/\/daphne.sk\/de\/wp-json\/wp\/v2\/product"}],"about":[{"href":"https:\/\/daphne.sk\/de\/wp-json\/wp\/v2\/types\/product"}],"replies":[{"embeddable":true,"href":"https:\/\/daphne.sk\/de\/wp-json\/wp\/v2\/comments?post=25823"}],"wp:featuredmedia":[{"embeddable":true,"href":"https:\/\/daphne.sk\/de\/wp-json\/wp\/v2\/media\/25821"}],"wp:attachment":[{"href":"https:\/\/daphne.sk\/de\/wp-json\/wp\/v2\/media?parent=25823"}],"wp:term":[{"taxonomy":"product_brand","embeddable":true,"href":"https:\/\/daphne.sk\/de\/wp-json\/wp\/v2\/product_brand?post=25823"},{"taxonomy":"product_cat","embeddable":true,"href":"https:\/\/daphne.sk\/de\/wp-json\/wp\/v2\/product_cat?post=25823"},{"taxonomy":"product_tag","embeddable":true,"href":"https:\/\/daphne.sk\/de\/wp-json\/wp\/v2\/product_tag?post=25823"}],"curies":[{"name":"wp","href":"https:\/\/api.w.org\/{rel}","templated":true}]}}