{"id":26404,"date":"2023-11-21T08:40:40","date_gmt":"2023-11-21T08:40:40","guid":{"rendered":"https:\/\/daphne.sk\/?post_type=product&#038;p=26404"},"modified":"2026-04-30T07:00:05","modified_gmt":"2026-04-30T07:00:05","slug":"sada-6-vtaky-opelovace-motyle-a-2-rastliny-huby","status":"publish","type":"product","link":"https:\/\/daphne.sk\/de\/e-shop\/sada-6-vtaky-opelovace-motyle-a-2-rastliny-huby\/","title":{"rendered":"SADA 6: VT\u00c1KY, OPE\u013dOVA\u010cE, MOT\u00ddLE, HUBY A 2 RASTLINY"},"content":{"rendered":"<p>Pon\u00fakame sadu 6 DAPHNE sprievodcov ope\u013eova\u010dmi, denn\u00fdmi mot\u00fd\u013emi, vt\u00e1kmi na k\u0155midle, jarn\u00fdmi bylinami, hubami a rastlinami Dev\u00ednskej Kobyly za v\u00fdhodn\u00fa cenu.<\/p>\n<p>Sprievodca ope\u013euj\u00facim hmyzom \u2013 viac info\u00a0<a href=\"https:\/\/daphne.sk\/e-shop\/opelovace\/\">TU.<\/a><\/p>\n<p>Sprievodca denn\u00fdmi mot\u00fd\u013emi \u2013 viac info\u00a0<a href=\"https:\/\/daphne.sk\/e-shop\/denne-motyle\/\">TU<\/a>.<\/p>\n<p>Sprievodca vt\u00e1kmi na k\u0155midle \u2013 viac info\u00a0<a href=\"https:\/\/daphne.sk\/e-shop\/vtaky-na-krmidle\/\">TU<\/a>.<\/p>\n<p>Sprievodca jarn\u00fdmi bylinami - viac info <a href=\"https:\/\/daphne.sk\/e-shop\/jarne-byliny\/\">TU.<\/a><\/p>\n<p>Sprievodca jedl\u00fdmi hubami - viac info <a href=\"https:\/\/daphne.sk\/e-shop\/jedle-a-im-podobne-huby\/\">TU.<\/a><\/p>\n<p>Sprievodca rastlinami Dev\u00ednskej Kobyly \u2013 viac info\u00a0<a href=\"https:\/\/daphne.sk\/e-shop\/leporelo-na-spoznavanie-rastlin-devinskej-kobyly\/\">TU.<\/a><\/p>\n<p>&nbsp;<\/p>\n","protected":false},"excerpt":{"rendered":"<p>Pon\u00fakame sadu 6 DAPHNE sprievodcov ope\u013eova\u010dmi, denn\u00fdmi mot\u00fd\u013emi, vt\u00e1kmi na k\u0155midle, jarn\u00fdmi bylinami, hubami a rastlinami Dev\u00ednskej Kobyly za v\u00fdhodn\u00fa cenu.<\/p>\n<p>Sprievodca ope\u013euj\u00facim hmyzom \u2013 viac info\u00a0<a href=\"https:\/\/daphne.sk\/e-shop\/opelovace\/\">TU.<\/a><\/p>\n<p>Sprievodca denn\u00fdmi mot\u00fd\u013emi \u2013 viac info\u00a0<a href=\"https:\/\/daphne.sk\/e-shop\/denne-motyle\/\">TU<\/a>.<\/p>\n<p>Sprievodca vt\u00e1kmi na k\u0155midle \u2013 viac info\u00a0<a href=\"https:\/\/daphne.sk\/e-shop\/vtaky-na-krmidle\/\">TU<\/a>.<\/p>\n<p>Sprievodca jarn\u00fdmi bylinami - viac info <a href=\"https:\/\/daphne.sk\/e-shop\/jarne-byliny\/\">TU.<\/a><\/p>\n<p>Sprievodca jedl\u00fdmi hubami - viac info <a href=\"https:\/\/daphne.sk\/e-shop\/jedle-a-im-podobne-huby\/\">TU.<\/a><\/p>\n<p>Sprievodca rastlinami Dev\u00ednskej Kobyly \u2013 viac info\u00a0<a href=\"https:\/\/daphne.sk\/e-shop\/leporelo-na-spoznavanie-rastlin-devinskej-kobyly\/\">TU.<\/a><\/p>\n","protected":false},"featured_media":24436,"comment_status":"closed","ping_status":"closed","template":"","meta":{"_uag_custom_page_level_css":""},"product_brand":[],"product_cat":[21,138,168],"product_tag":[],"class_list":{"0":"post-26404","1":"product","2":"type-product","3":"status-publish","4":"has-post-thumbnail","6":"product_cat-vzdelavacie-vychytavky","7":"product_cat-leporela","8":"product_cat-v-akcii","10":"first","11":"instock","12":"sale","13":"purchasable","14":"product-type-simple"},"uagb_featured_image_src":{"full":["https:\/\/daphne.sk\/wp-content\/uploads\/2022\/06\/Sada5-scaled.jpg",2560,2560,false],"thumbnail":["https:\/\/daphne.sk\/wp-content\/uploads\/2022\/06\/Sada5-150x150.jpg",150,150,true],"medium":["https:\/\/daphne.sk\/wp-content\/uploads\/2022\/06\/Sada5-300x300.jpg",300,300,true],"medium_large":["https:\/\/daphne.sk\/wp-content\/uploads\/2022\/06\/Sada5-768x768.jpg",768,768,true],"large":["https:\/\/daphne.sk\/wp-content\/uploads\/2022\/06\/Sada5-1024x1024.jpg",1024,1024,true],"1536x1536":["https:\/\/daphne.sk\/wp-content\/uploads\/2022\/06\/Sada5-1536x1536.jpg",1536,1536,true],"2048x2048":["https:\/\/daphne.sk\/wp-content\/uploads\/2022\/06\/Sada5-2048x2048.jpg",2048,2048,true],"woocommerce_thumbnail":["https:\/\/daphne.sk\/wp-content\/uploads\/2022\/06\/Sada5-scaled-450x450.jpg",450,450,true]},"uagb_author_info":{"display_name":"M\u00e1ria Filov\u00e1","author_link":"https:\/\/daphne.sk\/de\/author\/"},"uagb_comment_info":0,"uagb_excerpt":"Pon\u00fakame sadu 6 DAPHNE sprievodcov ope\u013eova\u010dmi, denn\u00fdmi mot\u00fd\u013emi, vt\u00e1kmi na k\u0155midle, jarn\u00fdmi bylinami, hubami a rastlinami Dev\u00ednskej Kobyly za v\u00fdhodn\u00fa cenu. Sprievodca ope\u013euj\u00facim hmyzom \u2013 viac info\u00a0TU. Sprievodca denn\u00fdmi mot\u00fd\u013emi \u2013 viac info\u00a0TU. Sprievodca vt\u00e1kmi na k\u0155midle \u2013 viac info\u00a0TU. Sprievodca jarn\u00fdmi bylinami - viac info TU. Sprievodca jedl\u00fdmi hubami - viac info TU. Sprievodca&hellip;","jetpack_sharing_enabled":true,"meta_box":[],"_links":{"self":[{"href":"https:\/\/daphne.sk\/de\/wp-json\/wp\/v2\/product\/26404","targetHints":{"allow":["GET"]}}],"collection":[{"href":"https:\/\/daphne.sk\/de\/wp-json\/wp\/v2\/product"}],"about":[{"href":"https:\/\/daphne.sk\/de\/wp-json\/wp\/v2\/types\/product"}],"replies":[{"embeddable":true,"href":"https:\/\/daphne.sk\/de\/wp-json\/wp\/v2\/comments?post=26404"}],"wp:featuredmedia":[{"embeddable":true,"href":"https:\/\/daphne.sk\/de\/wp-json\/wp\/v2\/media\/24436"}],"wp:attachment":[{"href":"https:\/\/daphne.sk\/de\/wp-json\/wp\/v2\/media?parent=26404"}],"wp:term":[{"taxonomy":"product_brand","embeddable":true,"href":"https:\/\/daphne.sk\/de\/wp-json\/wp\/v2\/product_brand?post=26404"},{"taxonomy":"product_cat","embeddable":true,"href":"https:\/\/daphne.sk\/de\/wp-json\/wp\/v2\/product_cat?post=26404"},{"taxonomy":"product_tag","embeddable":true,"href":"https:\/\/daphne.sk\/de\/wp-json\/wp\/v2\/product_tag?post=26404"}],"curies":[{"name":"wp","href":"https:\/\/api.w.org\/{rel}","templated":true}]}}