{"id":26693,"date":"2024-01-23T12:05:38","date_gmt":"2024-01-23T12:05:38","guid":{"rendered":"https:\/\/daphne.sk\/?post_type=product&#038;p=26693"},"modified":"2024-02-08T08:45:18","modified_gmt":"2024-02-08T08:45:18","slug":"workshop-po-stopach-zvierat","status":"publish","type":"product","link":"https:\/\/daphne.sk\/de\/e-shop\/workshop-po-stopach-zvierat\/","title":{"rendered":"Workshop - Po stop\u00e1ch zvierat"},"content":{"rendered":"<p><strong>Poz\u00fdvame v\u00e1s na workshop - Po stop\u00e1ch zvierat.<\/strong><br \/>\nPri pozornom h\u013eadan\u00ed objav\u00edte v lesoparku r\u00f4zne pobytov\u00e9 znaky zvierat.<br \/>\nPr\u00ed\u010fte s nami odlieva\u0165 sadrov\u00e9 stopy a modelova\u0165 trus srnky, diviaka \u010di l\u00ed\u0161ky.<br \/>\nPracovn\u00fd materi\u00e1l aj n\u00e1radie bud\u00fa zabezpe\u010den\u00e9.<\/p>\n<p><strong>Term\u00edn:<\/strong> Sobota 17.2.2024, 14.00-16.00 hod<br \/>\n<strong>Miesto:<\/strong> Centrum ekov\u00fdchovy Kamz\u00edk, Kamz\u00edkov vrch 12272, Bratislava<br \/>\n<strong>Vstupn\u00e9:<\/strong> 5 Eur\/osoba od 6 rokov (vr\u00e1tane), 2 Eur\/die\u0165a do 6 rokov, 15 Eur \/rodinn\u00e9 vstupn\u00e9<br \/>\n<strong>Prihl\u00e1senie vopred na:<\/strong> kamzik@daphne.sk<\/p>\n","protected":false},"excerpt":{"rendered":"<p>Poz\u00fdvame v\u00e1s na workshop - Po stop\u00e1ch zvierat. Pri pozornom h\u013eadan\u00ed objav\u00edte v lesoparku r\u00f4zne pobytov\u00e9 znaky zvierat. Pr\u00ed\u010fte s nami odlieva\u0165 sadrov\u00e9 stopy a modelova\u0165 trus srnky, diviaka \u010di l\u00ed\u0161ky. Pracovn\u00fd materi\u00e1l aj n\u00e1radie bud\u00fa zabezpe\u010den\u00e9. Term\u00edn: Sobota 17.2.2024, 14.00-16.00 hod Miesto: Centrum ekov\u00fdchovy Kamz\u00edk, Kamz\u00edkov vrch 12272, Bratislava Vstupn\u00e9: 5 Eur\/osoba od 6<\/p>\n","protected":false},"featured_media":26654,"comment_status":"closed","ping_status":"closed","template":"","meta":{"_uag_custom_page_level_css":""},"product_brand":[],"product_cat":[18],"product_tag":[],"class_list":{"0":"post-26693","1":"product","2":"type-product","3":"status-publish","4":"has-post-thumbnail","6":"product_cat-tricka","8":"first","9":"outofstock","10":"purchasable","11":"product-type-variable"},"uagb_featured_image_src":{"full":["https:\/\/daphne.sk\/wp-content\/uploads\/2024\/01\/KAMZIK-PRE-VEREJNOST-NOVEMBER-\u2013-kopia-\u2013-kopia-3.jpg",1640,924,false],"thumbnail":["https:\/\/daphne.sk\/wp-content\/uploads\/2024\/01\/KAMZIK-PRE-VEREJNOST-NOVEMBER-\u2013-kopia-\u2013-kopia-3-150x150.jpg",150,150,true],"medium":["https:\/\/daphne.sk\/wp-content\/uploads\/2024\/01\/KAMZIK-PRE-VEREJNOST-NOVEMBER-\u2013-kopia-\u2013-kopia-3-300x169.jpg",300,169,true],"medium_large":["https:\/\/daphne.sk\/wp-content\/uploads\/2024\/01\/KAMZIK-PRE-VEREJNOST-NOVEMBER-\u2013-kopia-\u2013-kopia-3-768x433.jpg",768,433,true],"large":["https:\/\/daphne.sk\/wp-content\/uploads\/2024\/01\/KAMZIK-PRE-VEREJNOST-NOVEMBER-\u2013-kopia-\u2013-kopia-3-1024x577.jpg",1024,577,true],"1536x1536":["https:\/\/daphne.sk\/wp-content\/uploads\/2024\/01\/KAMZIK-PRE-VEREJNOST-NOVEMBER-\u2013-kopia-\u2013-kopia-3-1536x865.jpg",1536,865,true],"2048x2048":["https:\/\/daphne.sk\/wp-content\/uploads\/2024\/01\/KAMZIK-PRE-VEREJNOST-NOVEMBER-\u2013-kopia-\u2013-kopia-3.jpg",1640,924,false],"woocommerce_thumbnail":["https:\/\/daphne.sk\/wp-content\/uploads\/2024\/01\/KAMZIK-PRE-VEREJNOST-NOVEMBER-\u2013-kopia-\u2013-kopia-3-450x450.jpg",450,450,true]},"uagb_author_info":{"display_name":"M\u00e1ria Filov\u00e1","author_link":"https:\/\/daphne.sk\/de\/author\/"},"uagb_comment_info":0,"uagb_excerpt":"Poz\u00fdvame v\u00e1s na workshop - Po stop\u00e1ch zvierat. Pri pozornom h\u013eadan\u00ed objav\u00edte v lesoparku r\u00f4zne pobytov\u00e9 znaky zvierat. Pr\u00ed\u010fte s nami odlieva\u0165 sadrov\u00e9 stopy a modelova\u0165 trus srnky, diviaka \u010di l\u00ed\u0161ky. Pracovn\u00fd materi\u00e1l aj n\u00e1radie bud\u00fa zabezpe\u010den\u00e9. Term\u00edn: Sobota 17.2.2024, 14.00-16.00 hod Miesto: Centrum ekov\u00fdchovy Kamz\u00edk, Kamz\u00edkov vrch 12272, Bratislava Vstupn\u00e9: 5 Eur\/osoba od 6","jetpack_sharing_enabled":true,"meta_box":[],"_links":{"self":[{"href":"https:\/\/daphne.sk\/de\/wp-json\/wp\/v2\/product\/26693","targetHints":{"allow":["GET"]}}],"collection":[{"href":"https:\/\/daphne.sk\/de\/wp-json\/wp\/v2\/product"}],"about":[{"href":"https:\/\/daphne.sk\/de\/wp-json\/wp\/v2\/types\/product"}],"replies":[{"embeddable":true,"href":"https:\/\/daphne.sk\/de\/wp-json\/wp\/v2\/comments?post=26693"}],"wp:featuredmedia":[{"embeddable":true,"href":"https:\/\/daphne.sk\/de\/wp-json\/wp\/v2\/media\/26654"}],"wp:attachment":[{"href":"https:\/\/daphne.sk\/de\/wp-json\/wp\/v2\/media?parent=26693"}],"wp:term":[{"taxonomy":"product_brand","embeddable":true,"href":"https:\/\/daphne.sk\/de\/wp-json\/wp\/v2\/product_brand?post=26693"},{"taxonomy":"product_cat","embeddable":true,"href":"https:\/\/daphne.sk\/de\/wp-json\/wp\/v2\/product_cat?post=26693"},{"taxonomy":"product_tag","embeddable":true,"href":"https:\/\/daphne.sk\/de\/wp-json\/wp\/v2\/product_tag?post=26693"}],"curies":[{"name":"wp","href":"https:\/\/api.w.org\/{rel}","templated":true}]}}