{"id":26704,"date":"2024-01-23T12:22:10","date_gmt":"2024-01-23T12:22:10","guid":{"rendered":"https:\/\/daphne.sk\/?post_type=product&#038;p=26704"},"modified":"2024-02-16T16:52:40","modified_gmt":"2024-02-16T16:52:40","slug":"workshop-hmyzie-domceky","status":"publish","type":"product","link":"https:\/\/daphne.sk\/de\/e-shop\/workshop-hmyzie-domceky\/","title":{"rendered":"Workshop - Hmyzie dom\u010deky"},"content":{"rendered":"<p><strong>Poz\u00fdvame v\u00e1s na workshop - Hmyzie dom\u010deky<br \/>\n<\/strong>Nahliadnite s nami do sveta drobn\u00fdch, ale nesmierne u\u017eito\u010dn\u00fdch obyvate\u013eov na\u0161ich z\u00e1hrad, l\u00fak i lesov.<br \/>\nSpolo\u010dne si vytvor\u00edme jednoduch\u00fd hmyz\u00ed hotel, ktor\u00fd bude domovom pre u\u017eito\u010dn\u00fd hmyz vo Va\u0161ej z\u00e1hradke \u010di na balk\u00f3ne.<\/p>\n<p><strong>Lektor:<\/strong> Mgr. Adri\u00e1n Purkart, PhD.<br \/>\n<strong>Term\u00edn:<\/strong> Sobota 17.2.2024, 10.00-12.00 hod<br \/>\n<strong>Miesto:<\/strong> Centrum ekov\u00fdchovy Kamz\u00edk, Kamz\u00edkov vrch 12272, Bratislava<br \/>\n<strong>Vstupn\u00e9:<\/strong> 10 Eur\/osoba od 6 rokov (vr\u00e1tane), 6 Eur\/die\u0165a do 6 rokov<br \/>\nPrihl\u00e1senie vopred na: kamzik@daphne.sk<\/p>\n","protected":false},"excerpt":{"rendered":"<p>Poz\u00fdvame v\u00e1s na workshop - Hmyzie dom\u010deky Nahliadnite s nami do sveta drobn\u00fdch, ale nesmierne u\u017eito\u010dn\u00fdch obyvate\u013eov na\u0161ich z\u00e1hrad, l\u00fak i lesov. Spolo\u010dne si vytvor\u00edme jednoduch\u00fd hmyz\u00ed hotel, ktor\u00fd bude domovom pre u\u017eito\u010dn\u00fd hmyz vo Va\u0161ej z\u00e1hradke \u010di na balk\u00f3ne. Lektor: Mgr. Adri\u00e1n Purkart, PhD. Term\u00edn: Sobota 17.2.2024, 10.00-12.00 hod Miesto: Centrum ekov\u00fdchovy Kamz\u00edk, Kamz\u00edkov<\/p>\n","protected":false},"featured_media":26788,"comment_status":"closed","ping_status":"closed","template":"","meta":{"_uag_custom_page_level_css":""},"product_brand":[],"product_cat":[18],"product_tag":[],"class_list":{"0":"post-26704","1":"product","2":"type-product","3":"status-publish","4":"has-post-thumbnail","6":"product_cat-tricka","8":"first","9":"outofstock","10":"purchasable","11":"product-type-variable"},"uagb_featured_image_src":{"full":["https:\/\/daphne.sk\/wp-content\/uploads\/2024\/01\/hmyzie_domceky.jpg",1907,1920,false],"thumbnail":["https:\/\/daphne.sk\/wp-content\/uploads\/2024\/01\/hmyzie_domceky-150x150.jpg",150,150,true],"medium":["https:\/\/daphne.sk\/wp-content\/uploads\/2024\/01\/hmyzie_domceky-298x300.jpg",298,300,true],"medium_large":["https:\/\/daphne.sk\/wp-content\/uploads\/2024\/01\/hmyzie_domceky-768x773.jpg",768,773,true],"large":["https:\/\/daphne.sk\/wp-content\/uploads\/2024\/01\/hmyzie_domceky-1017x1024.jpg",1017,1024,true],"1536x1536":["https:\/\/daphne.sk\/wp-content\/uploads\/2024\/01\/hmyzie_domceky-1526x1536.jpg",1526,1536,true],"2048x2048":["https:\/\/daphne.sk\/wp-content\/uploads\/2024\/01\/hmyzie_domceky.jpg",1907,1920,false],"woocommerce_thumbnail":["https:\/\/daphne.sk\/wp-content\/uploads\/2024\/01\/hmyzie_domceky-450x450.jpg",450,450,true]},"uagb_author_info":{"display_name":"M\u00e1ria Filov\u00e1","author_link":"https:\/\/daphne.sk\/de\/author\/"},"uagb_comment_info":0,"uagb_excerpt":"Poz\u00fdvame v\u00e1s na workshop - Hmyzie dom\u010deky Nahliadnite s nami do sveta drobn\u00fdch, ale nesmierne u\u017eito\u010dn\u00fdch obyvate\u013eov na\u0161ich z\u00e1hrad, l\u00fak i lesov. Spolo\u010dne si vytvor\u00edme jednoduch\u00fd hmyz\u00ed hotel, ktor\u00fd bude domovom pre u\u017eito\u010dn\u00fd hmyz vo Va\u0161ej z\u00e1hradke \u010di na balk\u00f3ne. Lektor: Mgr. Adri\u00e1n Purkart, PhD. Term\u00edn: Sobota 17.2.2024, 10.00-12.00 hod Miesto: Centrum ekov\u00fdchovy Kamz\u00edk, Kamz\u00edkov","jetpack_sharing_enabled":true,"meta_box":[],"_links":{"self":[{"href":"https:\/\/daphne.sk\/de\/wp-json\/wp\/v2\/product\/26704","targetHints":{"allow":["GET"]}}],"collection":[{"href":"https:\/\/daphne.sk\/de\/wp-json\/wp\/v2\/product"}],"about":[{"href":"https:\/\/daphne.sk\/de\/wp-json\/wp\/v2\/types\/product"}],"replies":[{"embeddable":true,"href":"https:\/\/daphne.sk\/de\/wp-json\/wp\/v2\/comments?post=26704"}],"wp:featuredmedia":[{"embeddable":true,"href":"https:\/\/daphne.sk\/de\/wp-json\/wp\/v2\/media\/26788"}],"wp:attachment":[{"href":"https:\/\/daphne.sk\/de\/wp-json\/wp\/v2\/media?parent=26704"}],"wp:term":[{"taxonomy":"product_brand","embeddable":true,"href":"https:\/\/daphne.sk\/de\/wp-json\/wp\/v2\/product_brand?post=26704"},{"taxonomy":"product_cat","embeddable":true,"href":"https:\/\/daphne.sk\/de\/wp-json\/wp\/v2\/product_cat?post=26704"},{"taxonomy":"product_tag","embeddable":true,"href":"https:\/\/daphne.sk\/de\/wp-json\/wp\/v2\/product_tag?post=26704"}],"curies":[{"name":"wp","href":"https:\/\/api.w.org\/{rel}","templated":true}]}}