{"id":26839,"date":"2024-02-01T12:18:26","date_gmt":"2024-02-01T12:18:26","guid":{"rendered":"https:\/\/daphne.sk\/?post_type=product&#038;p=26839"},"modified":"2026-04-15T07:00:40","modified_gmt":"2026-04-15T07:00:40","slug":"plagat-zivot-v-mokradi","status":"publish","type":"product","link":"https:\/\/daphne.sk\/de\/e-shop\/plagat-zivot-v-mokradi\/","title":{"rendered":"Plag\u00e1t \u017divot v mokradi"},"content":{"rendered":"<p>Na plag\u00e1te n\u00e1jdete 40 typick\u00fdch druhov rastl\u00edn a \u017eivo\u010d\u00edchov mokrad\u00ed.<\/p>\n<p>Ka\u010dica div\u00e1, Ryb\u00e1rik rie\u010dny, Trsteniarik ve\u013ek\u00fd, Sliepo\u010dka vodn\u00e1, Ryb\u00e1r rie\u010dny, Bu\u010diak ve\u013ek\u00fd, Ka\u0148a mo\u010diarna, Belu\u0161a ve\u013ek\u00e1, V\u00e1\u017eka jedno\u0161kvrnn\u00e1, Vodniak vysok\u00fd, Larva v\u00e1\u017eky, \u0160\u0165uka severn\u00e1, Plesk\u00e1\u010d vysok\u00fd, Sumec ve\u013ek\u00fd, Zub\u00e1\u010d oby\u010dajn\u00fd, Vodn\u00e1r striebrist\u00fd, U\u017eovka obojkov\u00e1, Mlok dunajsk\u00fd, Skokan \u0161t\u00edhly, Bobor vodn\u00fd, Vydra rie\u010dna, Orliak morsk\u00fd, Kunka \u010dervenobruch\u00e1, \u0160ab\u013ea krivo\u010diara, Kuku\u010dka oby\u010dajn\u00e1, Pot\u00e1pka chochlat\u00e1, Bocian \u010dierny, Korytna\u010dka mo\u010diarna, Volavka purpurov\u00e1, Kot\u00fa\u013eka ve\u013ek\u00e1, Trs\u0165 oby\u010dajn\u00e1, Leknica \u017elt\u00e1, P\u00e1lka \u00fazkolist\u00e1, Kosatec \u017elt\u00fd, V\u0155ba biela, Topo\u013e biely, \u0160\u00edpovka vodn\u00e1, \u017daburinka men\u0161ia, Bublinatka oby\u010dajn\u00e1, Je\u017eohlav vzpriamen\u00fd,<\/p>\n<p>Plag\u00e1t m\u00e1 rozmer A1 a je tla\u010den\u00fd na 135 gramovom papieri.<br \/>\nVytla\u010den\u00e9 na Slovensku.<\/p>\n","protected":false},"excerpt":{"rendered":"<p>Na plag\u00e1te n\u00e1jdete 40 typick\u00fdch druhov rastl\u00edn a \u017eivo\u010d\u00edchov mokrad\u00ed. Ka\u010dica div\u00e1, Ryb\u00e1rik rie\u010dny, Trsteniarik ve\u013ek\u00fd, Sliepo\u010dka vodn\u00e1, Ryb\u00e1r rie\u010dny, Bu\u010diak ve\u013ek\u00fd, Ka\u0148a mo\u010diarna, Belu\u0161a ve\u013ek\u00e1, V\u00e1\u017eka jedno\u0161kvrnn\u00e1, Vodniak vysok\u00fd, Larva v\u00e1\u017eky, \u0160\u0165uka severn\u00e1, Plesk\u00e1\u010d vysok\u00fd, Sumec ve\u013ek\u00fd, Zub\u00e1\u010d oby\u010dajn\u00fd, Vodn\u00e1r striebrist\u00fd, U\u017eovka obojkov\u00e1, Mlok dunajsk\u00fd, Skokan \u0161t\u00edhly, Bobor vodn\u00fd, Vydra rie\u010dna, Orliak morsk\u00fd, Kunka<\/p>\n","protected":false},"featured_media":26840,"comment_status":"closed","ping_status":"closed","template":"","meta":{"_uag_custom_page_level_css":""},"product_brand":[],"product_cat":[20,21],"product_tag":[],"class_list":{"0":"post-26839","1":"product","2":"type-product","3":"status-publish","4":"has-post-thumbnail","6":"product_cat-ucebne-pomocky","7":"product_cat-vzdelavacie-vychytavky","9":"first","10":"instock","11":"purchasable","12":"product-type-simple"},"uagb_featured_image_src":{"full":["https:\/\/daphne.sk\/wp-content\/uploads\/2024\/02\/429A5120.jpg",1920,1920,false],"thumbnail":["https:\/\/daphne.sk\/wp-content\/uploads\/2024\/02\/429A5120-150x150.jpg",150,150,true],"medium":["https:\/\/daphne.sk\/wp-content\/uploads\/2024\/02\/429A5120-300x300.jpg",300,300,true],"medium_large":["https:\/\/daphne.sk\/wp-content\/uploads\/2024\/02\/429A5120-768x768.jpg",768,768,true],"large":["https:\/\/daphne.sk\/wp-content\/uploads\/2024\/02\/429A5120-1024x1024.jpg",1024,1024,true],"1536x1536":["https:\/\/daphne.sk\/wp-content\/uploads\/2024\/02\/429A5120-1536x1536.jpg",1536,1536,true],"2048x2048":["https:\/\/daphne.sk\/wp-content\/uploads\/2024\/02\/429A5120.jpg",1920,1920,false],"woocommerce_thumbnail":["https:\/\/daphne.sk\/wp-content\/uploads\/2024\/02\/429A5120-450x450.jpg",450,450,true]},"uagb_author_info":{"display_name":"M\u00e1ria Filov\u00e1","author_link":"https:\/\/daphne.sk\/de\/author\/"},"uagb_comment_info":0,"uagb_excerpt":"Na plag\u00e1te n\u00e1jdete 40 typick\u00fdch druhov rastl\u00edn a \u017eivo\u010d\u00edchov mokrad\u00ed. Ka\u010dica div\u00e1, Ryb\u00e1rik rie\u010dny, Trsteniarik ve\u013ek\u00fd, Sliepo\u010dka vodn\u00e1, Ryb\u00e1r rie\u010dny, Bu\u010diak ve\u013ek\u00fd, Ka\u0148a mo\u010diarna, Belu\u0161a ve\u013ek\u00e1, V\u00e1\u017eka jedno\u0161kvrnn\u00e1, Vodniak vysok\u00fd, Larva v\u00e1\u017eky, \u0160\u0165uka severn\u00e1, Plesk\u00e1\u010d vysok\u00fd, Sumec ve\u013ek\u00fd, Zub\u00e1\u010d oby\u010dajn\u00fd, Vodn\u00e1r striebrist\u00fd, U\u017eovka obojkov\u00e1, Mlok dunajsk\u00fd, Skokan \u0161t\u00edhly, Bobor vodn\u00fd, Vydra rie\u010dna, Orliak morsk\u00fd, Kunka","jetpack_sharing_enabled":true,"meta_box":[],"_links":{"self":[{"href":"https:\/\/daphne.sk\/de\/wp-json\/wp\/v2\/product\/26839","targetHints":{"allow":["GET"]}}],"collection":[{"href":"https:\/\/daphne.sk\/de\/wp-json\/wp\/v2\/product"}],"about":[{"href":"https:\/\/daphne.sk\/de\/wp-json\/wp\/v2\/types\/product"}],"replies":[{"embeddable":true,"href":"https:\/\/daphne.sk\/de\/wp-json\/wp\/v2\/comments?post=26839"}],"wp:featuredmedia":[{"embeddable":true,"href":"https:\/\/daphne.sk\/de\/wp-json\/wp\/v2\/media\/26840"}],"wp:attachment":[{"href":"https:\/\/daphne.sk\/de\/wp-json\/wp\/v2\/media?parent=26839"}],"wp:term":[{"taxonomy":"product_brand","embeddable":true,"href":"https:\/\/daphne.sk\/de\/wp-json\/wp\/v2\/product_brand?post=26839"},{"taxonomy":"product_cat","embeddable":true,"href":"https:\/\/daphne.sk\/de\/wp-json\/wp\/v2\/product_cat?post=26839"},{"taxonomy":"product_tag","embeddable":true,"href":"https:\/\/daphne.sk\/de\/wp-json\/wp\/v2\/product_tag?post=26839"}],"curies":[{"name":"wp","href":"https:\/\/api.w.org\/{rel}","templated":true}]}}