{"id":26954,"date":"2024-02-19T09:31:09","date_gmt":"2024-02-19T09:31:09","guid":{"rendered":"https:\/\/daphne.sk\/?post_type=product&#038;p=26954"},"modified":"2026-04-27T11:11:32","modified_gmt":"2026-04-27T11:11:32","slug":"zivocichy-v-mokradi-3pexeso","status":"publish","type":"product","link":"https:\/\/daphne.sk\/de\/e-shop\/zivocichy-v-mokradi-3pexeso\/","title":{"rendered":"\u017divo\u010d\u00edchy v mokradi - 3pexeso"},"content":{"rendered":"<p><strong>O pexese<\/strong><\/p>\n<p>Aktivita rozv\u00edja u hr\u00e1\u010dov schopnos\u0165 argument\u00e1cie a komunik\u00e1cie prostredn\u00edctvom diskusie o potrave a prostred\u00ed, v ktorom dan\u00fd druh \u017eije.<\/p>\n<p>&nbsp;<\/p>\n<p><strong>N\u00ed\u017einn\u00e9 rieky<\/strong><\/p>\n<p>Prostredn\u00edctvom tohto \u0161peci\u00e1lneho pexesa v\u00e1m pribl\u00ed\u017eime 16 r\u00f4znych \u017eivo\u010d\u00edchov \u017eij\u00facich v mokradiach v okol\u00ed n\u00ed\u017einn\u00fdch riek.<\/p>\n<p>N\u00ed\u017einn\u00e9 rieky historicky tiekli pomaly roz\u013eahlou krajinou v \u0161irok\u00fdch meandroch. \u010casto menili koryto, pri\u010dom zanech\u00e1vali v okol\u00ed m\u0155tve ramen\u00e1 a ter\u00e9nne zn\u00ed\u017eeniny pln\u00e9 \u017eivota. V s\u00fa\u010dasnosti s\u00fa ich toky ohrani\u010den\u00e9 povod\u0148ov\u00fdmi hr\u00e1dzami, v hraniciach ktor\u00fdch sa st\u00e1le prejavuje rie\u010dna dynamika a v \u010dase vysok\u00fdch vodn\u00fdch hlad\u00edn s\u00fa tu z\u00e1plavy, ktor\u00e9 s\u00fa jedine\u010dn\u00fdm pr\u00edrodn\u00fdm fenom\u00e9nom.<\/p>\n<p>Nach\u00e1dzaj\u00fa sa tu solit\u00e9rne majest\u00e1tne dreviny, ktor\u00e9 lemuj\u00fa rozsiahle l\u00faky a m\u0155tve ramen\u00e1, lu\u017en\u00e9 lesy a rieky ako tak\u00e9. Je tu pestr\u00e1 kvetena, bohat\u00e9 zast\u00fapenie \u017eivo\u010d\u00ed\u0161nych druhov a pr\u00edjemn\u00e9 rekrea\u010dn\u00e9 prostredie. Tieto mokrade s\u00fa schopn\u00e9 zachyt\u00e1va\u0165 z\u00e1plavov\u00e9 vlny a spoma\u013euj\u00fa odtok vody. Zachyten\u00e1 voda sa n\u00e1sledne pomaly uvo\u013e\u0148uje. Je fascinuj\u00face pozorova\u0165 pulzovanie rieky v r\u00f4znych ro\u010dn\u00fdch obdobiach. Dunaj, Morava, Ipe\u013e, Latorica, Tisa s\u00fa pr\u00edkladom tak\u00fdchto riek. Prajeme v\u00e1m ve\u013ea radosti pri objavovan\u00ed ich pr\u00edrodn\u00fdch kr\u00e1s.<\/p>\n<p>&nbsp;<\/p>\n<p><strong>Pravidl\u00e1<\/strong><\/p>\n<p>Pravidl\u00e1 tohto trojzlo\u017ekov\u00e9ho pexesa s\u00fa jednoduch\u00e9 \u2013 va\u0161ou \u00falohou je spr\u00e1vne priradi\u0165 \u017eivo\u010d\u00edcha k jeho potrave a k pr\u00edrodn\u00e9mu prostrediu (biotopu), v ktorom \u017eije. Ka\u017ed\u00fd hr\u00e1\u010d (hraj\u00fa minim\u00e1lne dvaja) ot\u00e1\u010da v\u017edy 3 karti\u010dky pexesa v jednom \u0165ahu, pri\u010dom mus\u00ed naraz odkry\u0165 karti\u010dku s obr\u00e1zkom druhu + jeho potravou + jeho biotopom. Vtedy je sada 3 karti\u010diek k jedn\u00e9mu druhu jeho. Okrem precvi\u010denia pam\u00e4ti sa tak z\u00e1rove\u0148 hravou formou zozn\u00e1mite aj s niektor\u00fdmi druhmi \u017eivo\u010d\u00edchov a ver\u00edme, \u017ee v\u00e1s to podnieti aj k n\u00e1v\u0161teve mokrad\u00ed a objavovaniu ich pr\u00edrodn\u00e9ho bohatstva.<\/p>\n","protected":false},"excerpt":{"rendered":"<p>3pexeso v\u00e1m pribl\u00ed\u017ei 16 r\u00f4znych \u017eivo\u010d\u00edchov \u017eij\u00facich v mokradiach v okol\u00ed n\u00ed\u017einn\u00fdch riek.<\/p>\n<p>Prostredn\u00edctvom 3pexesa hravou formou spozn\u00e1te \u017eivot kom\u00e1ra pisk\u013eav\u00e9ho, ohniv\u00e1\u010dika ve\u013ek\u00e9ho, v\u00e1\u017eky tmavej, kor\u010duliarky oby\u010dajnej, vodniaka vysok\u00e9ho, raka rie\u010dneho, hrebena\u010dky vysokej, mloka dunajsk\u00e9ho, rosni\u010dky zelenej, skokana zelen\u00e9ho, u\u017eovky obojkovej, korytna\u010dky mo\u010diarnej, ryb\u00e1rika rie\u010dneho a bociana bieleho.<\/p>\n<p>\u00dalohou je spr\u00e1vne priradi\u0165 \u017eivo\u010d\u00edcha k jeho potrave a k pr\u00edrodn\u00e9mu prostrediu, v ktorom \u017eije.<\/p>\n","protected":false},"featured_media":26978,"comment_status":"closed","ping_status":"closed","template":"","meta":{"_uag_custom_page_level_css":""},"product_brand":[],"product_cat":[21,139],"product_tag":[],"class_list":{"0":"post-26954","1":"product","2":"type-product","3":"status-publish","4":"has-post-thumbnail","6":"product_cat-vzdelavacie-vychytavky","7":"product_cat-hry","9":"first","10":"instock","11":"purchasable","12":"product-type-simple"},"uagb_featured_image_src":{"full":["https:\/\/daphne.sk\/wp-content\/uploads\/2024\/02\/mensie429A4840-1.jpg",1080,1080,false],"thumbnail":["https:\/\/daphne.sk\/wp-content\/uploads\/2024\/02\/mensie429A4840-1-150x150.jpg",150,150,true],"medium":["https:\/\/daphne.sk\/wp-content\/uploads\/2024\/02\/mensie429A4840-1-300x300.jpg",300,300,true],"medium_large":["https:\/\/daphne.sk\/wp-content\/uploads\/2024\/02\/mensie429A4840-1-768x768.jpg",768,768,true],"large":["https:\/\/daphne.sk\/wp-content\/uploads\/2024\/02\/mensie429A4840-1-1024x1024.jpg",1024,1024,true],"1536x1536":["https:\/\/daphne.sk\/wp-content\/uploads\/2024\/02\/mensie429A4840-1.jpg",1080,1080,false],"2048x2048":["https:\/\/daphne.sk\/wp-content\/uploads\/2024\/02\/mensie429A4840-1.jpg",1080,1080,false],"woocommerce_thumbnail":["https:\/\/daphne.sk\/wp-content\/uploads\/2024\/02\/mensie429A4840-1-450x450.jpg",450,450,true]},"uagb_author_info":{"display_name":"M\u00e1ria Filov\u00e1","author_link":"https:\/\/daphne.sk\/de\/author\/"},"uagb_comment_info":0,"uagb_excerpt":"3pexeso v\u00e1m pribl\u00ed\u017ei 16 r\u00f4znych \u017eivo\u010d\u00edchov \u017eij\u00facich v mokradiach v okol\u00ed n\u00ed\u017einn\u00fdch riek. Prostredn\u00edctvom 3pexesa hravou formou spozn\u00e1te \u017eivot kom\u00e1ra pisk\u013eav\u00e9ho, ohniv\u00e1\u010dika ve\u013ek\u00e9ho, v\u00e1\u017eky tmavej, kor\u010duliarky oby\u010dajnej, vodniaka vysok\u00e9ho, raka rie\u010dneho, hrebena\u010dky vysokej, mloka dunajsk\u00e9ho, rosni\u010dky zelenej, skokana zelen\u00e9ho, u\u017eovky obojkovej, korytna\u010dky mo\u010diarnej, ryb\u00e1rika rie\u010dneho a bociana bieleho. \u00dalohou je spr\u00e1vne priradi\u0165 \u017eivo\u010d\u00edcha k jeho&hellip;","jetpack_sharing_enabled":true,"meta_box":[],"_links":{"self":[{"href":"https:\/\/daphne.sk\/de\/wp-json\/wp\/v2\/product\/26954","targetHints":{"allow":["GET"]}}],"collection":[{"href":"https:\/\/daphne.sk\/de\/wp-json\/wp\/v2\/product"}],"about":[{"href":"https:\/\/daphne.sk\/de\/wp-json\/wp\/v2\/types\/product"}],"replies":[{"embeddable":true,"href":"https:\/\/daphne.sk\/de\/wp-json\/wp\/v2\/comments?post=26954"}],"wp:featuredmedia":[{"embeddable":true,"href":"https:\/\/daphne.sk\/de\/wp-json\/wp\/v2\/media\/26978"}],"wp:attachment":[{"href":"https:\/\/daphne.sk\/de\/wp-json\/wp\/v2\/media?parent=26954"}],"wp:term":[{"taxonomy":"product_brand","embeddable":true,"href":"https:\/\/daphne.sk\/de\/wp-json\/wp\/v2\/product_brand?post=26954"},{"taxonomy":"product_cat","embeddable":true,"href":"https:\/\/daphne.sk\/de\/wp-json\/wp\/v2\/product_cat?post=26954"},{"taxonomy":"product_tag","embeddable":true,"href":"https:\/\/daphne.sk\/de\/wp-json\/wp\/v2\/product_tag?post=26954"}],"curies":[{"name":"wp","href":"https:\/\/api.w.org\/{rel}","templated":true}]}}