{"id":26973,"date":"2024-02-19T09:57:34","date_gmt":"2024-02-19T09:57:34","guid":{"rendered":"https:\/\/daphne.sk\/?post_type=product&#038;p=26973"},"modified":"2026-01-18T10:33:29","modified_gmt":"2026-01-18T10:33:29","slug":"lieciva-sila-prirody-a4-doska-na-dokumenty","status":"publish","type":"product","link":"https:\/\/daphne.sk\/de\/e-shop\/lieciva-sila-prirody-a4-doska-na-dokumenty\/","title":{"rendered":"Lie\u010div\u00e1 sila pr\u00edrody - A4 doska na dokumenty"},"content":{"rendered":"<p>Praktick\u00e1 zatv\u00e1racia doska na dokumenty s klipom na prichytenie papiera, s mot\u00edvom lie\u010div\u00fdch byliniek.<br \/>\nForm\u00e1t A4.<\/p>\n<p>Bylinky s\u00fa darom pr\u00edrody a m\u00f4\u017eeme ich pestova\u0165 aj v tej najmen\u0161ej z\u00e1hradke. Po\u010fte sa s nami nas\u00fdti\u0165 ich kr\u00e1sou a v\u00f4\u0148ou a z\u00e1rove\u0148 spozna\u0165 stanovi\u0161tia, niektor\u00e9 detaily, \u010das zberu \u010di pou\u017eitie 21 be\u017en\u00fdch druhov.<\/p>\n","protected":false},"excerpt":{"rendered":"<p>Praktick\u00e1 zatv\u00e1racia doska na dokumenty s klipom na prichytenie papiera s mot\u00edvom lie\u010div\u00fdch byliniek.<br \/>\nForm\u00e1t A4.<\/p>\n<p>Bylinky s\u00fa darom pr\u00edrody a m\u00f4\u017eeme ich pestova\u0165 aj v tej najmen\u0161ej z\u00e1hradke. Po\u010fte sa s nami nas\u00fdti\u0165 ich kr\u00e1sou a v\u00f4\u0148ou a z\u00e1rove\u0148 spozna\u0165 stanovi\u0161tia, niektor\u00e9 detaily, \u010das zberu \u010di pou\u017eitie 21 be\u017en\u00fdch druhov.<\/p>\n","protected":false},"featured_media":26963,"comment_status":"closed","ping_status":"closed","template":"","meta":{"_uag_custom_page_level_css":""},"product_brand":[],"product_cat":[21],"product_tag":[],"class_list":{"0":"post-26973","1":"product","2":"type-product","3":"status-publish","4":"has-post-thumbnail","6":"product_cat-vzdelavacie-vychytavky","8":"first","9":"instock","10":"purchasable","11":"product-type-simple"},"uagb_featured_image_src":{"full":["https:\/\/daphne.sk\/wp-content\/uploads\/2024\/02\/mensie429A4860.jpg",1080,1080,false],"thumbnail":["https:\/\/daphne.sk\/wp-content\/uploads\/2024\/02\/mensie429A4860-150x150.jpg",150,150,true],"medium":["https:\/\/daphne.sk\/wp-content\/uploads\/2024\/02\/mensie429A4860-300x300.jpg",300,300,true],"medium_large":["https:\/\/daphne.sk\/wp-content\/uploads\/2024\/02\/mensie429A4860-768x768.jpg",768,768,true],"large":["https:\/\/daphne.sk\/wp-content\/uploads\/2024\/02\/mensie429A4860-1024x1024.jpg",1024,1024,true],"1536x1536":["https:\/\/daphne.sk\/wp-content\/uploads\/2024\/02\/mensie429A4860.jpg",1080,1080,false],"2048x2048":["https:\/\/daphne.sk\/wp-content\/uploads\/2024\/02\/mensie429A4860.jpg",1080,1080,false],"woocommerce_thumbnail":["https:\/\/daphne.sk\/wp-content\/uploads\/2024\/02\/mensie429A4860-450x450.jpg",450,450,true]},"uagb_author_info":{"display_name":"M\u00e1ria Filov\u00e1","author_link":"https:\/\/daphne.sk\/de\/author\/"},"uagb_comment_info":0,"uagb_excerpt":"Praktick\u00e1 zatv\u00e1racia doska na dokumenty s klipom na prichytenie papiera s mot\u00edvom lie\u010div\u00fdch byliniek. Form\u00e1t A4. Bylinky s\u00fa darom pr\u00edrody a m\u00f4\u017eeme ich pestova\u0165 aj v tej najmen\u0161ej z\u00e1hradke. Po\u010fte sa s nami nas\u00fdti\u0165 ich kr\u00e1sou a v\u00f4\u0148ou a z\u00e1rove\u0148 spozna\u0165 stanovi\u0161tia, niektor\u00e9 detaily, \u010das zberu \u010di pou\u017eitie 21 be\u017en\u00fdch druhov.","jetpack_sharing_enabled":true,"meta_box":[],"_links":{"self":[{"href":"https:\/\/daphne.sk\/de\/wp-json\/wp\/v2\/product\/26973","targetHints":{"allow":["GET"]}}],"collection":[{"href":"https:\/\/daphne.sk\/de\/wp-json\/wp\/v2\/product"}],"about":[{"href":"https:\/\/daphne.sk\/de\/wp-json\/wp\/v2\/types\/product"}],"replies":[{"embeddable":true,"href":"https:\/\/daphne.sk\/de\/wp-json\/wp\/v2\/comments?post=26973"}],"wp:featuredmedia":[{"embeddable":true,"href":"https:\/\/daphne.sk\/de\/wp-json\/wp\/v2\/media\/26963"}],"wp:attachment":[{"href":"https:\/\/daphne.sk\/de\/wp-json\/wp\/v2\/media?parent=26973"}],"wp:term":[{"taxonomy":"product_brand","embeddable":true,"href":"https:\/\/daphne.sk\/de\/wp-json\/wp\/v2\/product_brand?post=26973"},{"taxonomy":"product_cat","embeddable":true,"href":"https:\/\/daphne.sk\/de\/wp-json\/wp\/v2\/product_cat?post=26973"},{"taxonomy":"product_tag","embeddable":true,"href":"https:\/\/daphne.sk\/de\/wp-json\/wp\/v2\/product_tag?post=26973"}],"curies":[{"name":"wp","href":"https:\/\/api.w.org\/{rel}","templated":true}]}}