{"id":27607,"date":"2024-04-15T10:00:05","date_gmt":"2024-04-15T10:00:05","guid":{"rendered":"https:\/\/daphne.sk\/?post_type=product&#038;p=27607"},"modified":"2026-01-28T13:01:41","modified_gmt":"2026-01-28T13:01:41","slug":"tricko-mandala-unisex","status":"publish","type":"product","link":"https:\/\/daphne.sk\/de\/e-shop\/tricko-mandala-unisex\/","title":{"rendered":"Tri\u010dko Mandala (unisex)"},"content":{"rendered":"<p><strong>Mandaly<\/strong><\/p>\n<p>Mandala m\u00e1 siln\u00fd vplyv na \u010dloveka na nevedomej \u00farovni. Nielen pri jej tvorbe, ale i pri pozorovan\u00ed mandaly doch\u00e1dza k upokojeniu du\u0161e a z\u00edskaniu vn\u00fatornej rovnov\u00e1hy. Ten ist\u00fd proces u n\u00e1s nast\u00e1va, ak sme uprostred rozkvitnutej l\u00faky a vn\u00edmame v\u0161etk\u00fdmi zmyslami pestr\u00fa paletu farieb, v\u00f4n\u00ed a \u017eivota ako tak\u00e9ho. L\u00fa\u010dne rastliny poskytuj\u00fa sladk\u00fd nekt\u00e1r pre rozli\u010dn\u00fd hmyz. Na l\u00fakach nach\u00e1dzame mno\u017estvo lie\u010div\u00fdch byliniek, ktor\u00e9 s\u00fa dostupn\u00e9 pre ka\u017ed\u00e9ho a maj\u00fa ve\u013ea pozit\u00edvnych \u00fa\u010dinkov na na\u0161e zdravie. L\u00faky s\u00fa po st\u00e1ro\u010dia prepojen\u00e9 so \u017eivotom \u010dloveka, preto\u017ee bez jeho starostlivosti ich str\u00e1came.<\/p>\n<p><strong>Ve\u013ekosti: <\/strong><\/p>\n<p>Model m\u00e1 na sebe ve\u013ekos\u0165 S.<br \/>\nUnisex.<br \/>\n<img decoding=\"async\" class=\"alignnone size-medium wp-image-27605\" src=\"https:\/\/daphne.sk\/wp-content\/uploads\/2024\/04\/Rozmery-300x82.png\" alt=\"\" width=\"1200\" height=\"328\" srcset=\"https:\/\/daphne.sk\/wp-content\/uploads\/2024\/04\/Rozmery-300x82.png 300w, https:\/\/daphne.sk\/wp-content\/uploads\/2024\/04\/Rozmery-1024x281.png 1024w, https:\/\/daphne.sk\/wp-content\/uploads\/2024\/04\/Rozmery-768x211.png 768w\" sizes=\"(max-width: 1200px) 100vw, 1200px\" \/><\/p>\n<p><strong><br \/>\nMateri\u00e1l a starostlivos\u0165<\/strong><\/p>\n<p>100% bavlna<br \/>\nOdpor\u00fa\u010dame pra\u0165 na 30\u00b0C-40\u00b0C obr\u00e1ten\u00e9 na rubov\u00fa stranu. \u017dehli\u0165 obr\u00e1ten\u00e9, ne\u017eehli\u0165 cez potla\u010de.<\/p>\n<p>Tri\u010dko s certifik\u00e1tmi kvality<\/p>\n<p><strong>Udr\u017eate\u013enos\u0165 a GOTS<\/strong><br \/>\nMedzin\u00e1rodn\u00fd certifik\u00e1t textiln\u00fdch v\u00fdrobkov GOTS (Global Organic Textile Standard) zaru\u010duje najpr\u00edsnej\u0161ie ekologick\u00e9 a etick\u00e9 po\u017eiadavky na v\u00fdrobu v celom dod\u00e1vate\u013eskom re\u0165azci od pestovania, cez textiln\u00e9 spracovanie, balenie a\u017e po distrib\u00faciu a tla\u010d.<br \/>\nCertifikovan\u00e9 tla\u010diarensk\u00e9 farby neobsahuj\u00fa \u0161kodliv\u00e9 alebo toxick\u00e9 chemik\u00e1lie, v\u010faka \u010domu s\u00fa bezpe\u010dn\u00e9 pre \u013eud\u00ed aj \u017eivotn\u00e9 prostredie. Ide o najekologickej\u0161ie farby, ktor\u00e9 sp\u013a\u0148aj\u00fa pr\u00edsne krit\u00e9ri\u00e1 GOTS, ako aj in\u00fdch environment\u00e1lnych \u0161tandardov, a z\u00e1rove\u0148 si zachov\u00e1vaj\u00fa vynikaj\u00face vlastnosti v oblasti tla\u010de a odolnosti vo\u010di spraniu.<br \/>\n<img decoding=\"async\" class=\"alignnone size-medium wp-image-27602\" src=\"https:\/\/daphne.sk\/wp-content\/uploads\/2024\/04\/gots_logo-237x300.png\" alt=\"\" width=\"237\" height=\"300\" srcset=\"https:\/\/daphne.sk\/wp-content\/uploads\/2024\/04\/gots_logo-237x300.png 237w, https:\/\/daphne.sk\/wp-content\/uploads\/2024\/04\/gots_logo-808x1024.png 808w, https:\/\/daphne.sk\/wp-content\/uploads\/2024\/04\/gots_logo-768x973.png 768w, https:\/\/daphne.sk\/wp-content\/uploads\/2024\/04\/gots_logo.png 990w\" sizes=\"(max-width: 237px) 100vw, 237px\" \/><br \/>\n<img decoding=\"async\" class=\"alignnone size-medium wp-image-27630\" src=\"https:\/\/daphne.sk\/wp-content\/uploads\/2024\/04\/v-label-vegan-225x300.png\" alt=\"\" width=\"225\" height=\"300\" srcset=\"https:\/\/daphne.sk\/wp-content\/uploads\/2024\/04\/v-label-vegan-225x300.png 225w, https:\/\/daphne.sk\/wp-content\/uploads\/2024\/04\/v-label-vegan.png 687w\" sizes=\"(max-width: 225px) 100vw, 225px\" \/><\/p>\n","protected":false},"excerpt":{"rendered":"<p>Mandaly Mandala m\u00e1 siln\u00fd vplyv na \u010dloveka na nevedomej \u00farovni. Nielen pri jej tvorbe, ale i pri pozorovan\u00ed mandaly doch\u00e1dza k upokojeniu du\u0161e a z\u00edskaniu vn\u00fatornej rovnov\u00e1hy. Ten ist\u00fd proces u n\u00e1s nast\u00e1va, ak sme uprostred rozkvitnutej l\u00faky a vn\u00edmame v\u0161etk\u00fdmi zmyslami pestr\u00fa paletu farieb, v\u00f4n\u00ed a \u017eivota ako tak\u00e9ho. L\u00fa\u010dne rastliny poskytuj\u00fa sladk\u00fd nekt\u00e1r<\/p>\n","protected":false},"featured_media":27596,"comment_status":"closed","ping_status":"closed","template":"","meta":{"_uag_custom_page_level_css":""},"product_brand":[],"product_cat":[18],"product_tag":[],"class_list":{"0":"post-27607","1":"product","2":"type-product","3":"status-publish","4":"has-post-thumbnail","6":"product_cat-tricka","8":"first","9":"instock","10":"taxable","11":"shipping-taxable","12":"purchasable","13":"product-type-variable"},"uagb_featured_image_src":{"full":["https:\/\/daphne.sk\/wp-content\/uploads\/2024\/04\/429A5740.jpg",1920,1920,false],"thumbnail":["https:\/\/daphne.sk\/wp-content\/uploads\/2024\/04\/429A5740-150x150.jpg",150,150,true],"medium":["https:\/\/daphne.sk\/wp-content\/uploads\/2024\/04\/429A5740-300x300.jpg",300,300,true],"medium_large":["https:\/\/daphne.sk\/wp-content\/uploads\/2024\/04\/429A5740-768x768.jpg",768,768,true],"large":["https:\/\/daphne.sk\/wp-content\/uploads\/2024\/04\/429A5740-1024x1024.jpg",1024,1024,true],"1536x1536":["https:\/\/daphne.sk\/wp-content\/uploads\/2024\/04\/429A5740-1536x1536.jpg",1536,1536,true],"2048x2048":["https:\/\/daphne.sk\/wp-content\/uploads\/2024\/04\/429A5740.jpg",1920,1920,false],"woocommerce_thumbnail":["https:\/\/daphne.sk\/wp-content\/uploads\/2024\/04\/429A5740-450x450.jpg",450,450,true]},"uagb_author_info":{"display_name":"M\u00e1ria Filov\u00e1","author_link":"https:\/\/daphne.sk\/de\/author\/"},"uagb_comment_info":0,"uagb_excerpt":"Mandaly Mandala m\u00e1 siln\u00fd vplyv na \u010dloveka na nevedomej \u00farovni. Nielen pri jej tvorbe, ale i pri pozorovan\u00ed mandaly doch\u00e1dza k upokojeniu du\u0161e a z\u00edskaniu vn\u00fatornej rovnov\u00e1hy. Ten ist\u00fd proces u n\u00e1s nast\u00e1va, ak sme uprostred rozkvitnutej l\u00faky a vn\u00edmame v\u0161etk\u00fdmi zmyslami pestr\u00fa paletu farieb, v\u00f4n\u00ed a \u017eivota ako tak\u00e9ho. L\u00fa\u010dne rastliny poskytuj\u00fa sladk\u00fd nekt\u00e1r","jetpack_sharing_enabled":true,"meta_box":[],"_links":{"self":[{"href":"https:\/\/daphne.sk\/de\/wp-json\/wp\/v2\/product\/27607","targetHints":{"allow":["GET"]}}],"collection":[{"href":"https:\/\/daphne.sk\/de\/wp-json\/wp\/v2\/product"}],"about":[{"href":"https:\/\/daphne.sk\/de\/wp-json\/wp\/v2\/types\/product"}],"replies":[{"embeddable":true,"href":"https:\/\/daphne.sk\/de\/wp-json\/wp\/v2\/comments?post=27607"}],"wp:featuredmedia":[{"embeddable":true,"href":"https:\/\/daphne.sk\/de\/wp-json\/wp\/v2\/media\/27596"}],"wp:attachment":[{"href":"https:\/\/daphne.sk\/de\/wp-json\/wp\/v2\/media?parent=27607"}],"wp:term":[{"taxonomy":"product_brand","embeddable":true,"href":"https:\/\/daphne.sk\/de\/wp-json\/wp\/v2\/product_brand?post=27607"},{"taxonomy":"product_cat","embeddable":true,"href":"https:\/\/daphne.sk\/de\/wp-json\/wp\/v2\/product_cat?post=27607"},{"taxonomy":"product_tag","embeddable":true,"href":"https:\/\/daphne.sk\/de\/wp-json\/wp\/v2\/product_tag?post=27607"}],"curies":[{"name":"wp","href":"https:\/\/api.w.org\/{rel}","templated":true}]}}