{"id":27748,"date":"2024-04-23T06:53:32","date_gmt":"2024-04-23T06:53:32","guid":{"rendered":"https:\/\/daphne.sk\/?post_type=product&#038;p=27748"},"modified":"2025-07-17T07:51:44","modified_gmt":"2025-07-17T07:51:44","slug":"tricko-mandala-detske","status":"publish","type":"product","link":"https:\/\/daphne.sk\/de\/e-shop\/tricko-mandala-detske\/","title":{"rendered":"Tri\u010dko Mandala (detsk\u00e9)"},"content":{"rendered":"<p><strong>Mandaly<\/strong><\/p>\n<p>Mandala m\u00e1 siln\u00fd vplyv na \u010dloveka na nevedomej \u00farovni. Nielen pri jej tvorbe, ale i pri pozorovan\u00ed mandaly doch\u00e1dza k upokojeniu du\u0161e a z\u00edskaniu vn\u00fatornej rovnov\u00e1hy. Ten ist\u00fd proces u n\u00e1s nast\u00e1va, ak sme uprostred rozkvitnutej l\u00faky a vn\u00edmame v\u0161etk\u00fdmi zmyslami pestr\u00fa paletu farieb, v\u00f4n\u00ed a \u017eivota ako tak\u00e9ho. L\u00fa\u010dne rastliny poskytuj\u00fa sladk\u00fd nekt\u00e1r pre rozli\u010dn\u00fd hmyz. Na l\u00fakach nach\u00e1dzame mno\u017estvo lie\u010div\u00fdch byliniek, ktor\u00e9 s\u00fa dostupn\u00e9 pre ka\u017ed\u00e9ho a maj\u00fa ve\u013ea pozit\u00edvnych \u00fa\u010dinkov na na\u0161e zdravie. L\u00faky s\u00fa po st\u00e1ro\u010dia prepojen\u00e9 so \u017eivotom \u010dloveka, preto\u017ee bez jeho starostlivosti ich str\u00e1came.<\/p>\n<p><strong>Ve\u013ekosti: <\/strong><\/p>\n<p>Model m\u00e1 na sebe ve\u013ekos\u0165 5\/6r.<\/p>\n<p><strong>Materi\u00e1l a starostlivos\u0165<\/strong><\/p>\n<p>100% bavlna<br \/>\nOdpor\u00fa\u010dame pra\u0165 na 30\u00b0C-40\u00b0C obr\u00e1ten\u00e9 na rubov\u00fa stranu. \u017dehli\u0165 obr\u00e1ten\u00e9, ne\u017eehli\u0165 cez potla\u010de.<\/p>\n<p>&nbsp;<\/p>\n<p>&nbsp;<\/p>\n","protected":false},"excerpt":{"rendered":"<p>Mandaly Mandala m\u00e1 siln\u00fd vplyv na \u010dloveka na nevedomej \u00farovni. Nielen pri jej tvorbe, ale i pri pozorovan\u00ed mandaly doch\u00e1dza k upokojeniu du\u0161e a z\u00edskaniu vn\u00fatornej rovnov\u00e1hy. Ten ist\u00fd proces u n\u00e1s nast\u00e1va, ak sme uprostred rozkvitnutej l\u00faky a vn\u00edmame v\u0161etk\u00fdmi zmyslami pestr\u00fa paletu farieb, v\u00f4n\u00ed a \u017eivota ako tak\u00e9ho. L\u00fa\u010dne rastliny poskytuj\u00fa sladk\u00fd nekt\u00e1r<\/p>\n","protected":false},"featured_media":27757,"comment_status":"closed","ping_status":"closed","template":"","meta":{"_uag_custom_page_level_css":""},"product_brand":[],"product_cat":[18],"product_tag":[],"class_list":{"0":"post-27748","1":"product","2":"type-product","3":"status-publish","4":"has-post-thumbnail","6":"product_cat-tricka","8":"first","9":"instock","10":"taxable","11":"shipping-taxable","12":"purchasable","13":"product-type-variable"},"uagb_featured_image_src":{"full":["https:\/\/daphne.sk\/wp-content\/uploads\/2024\/04\/429A5830.jpg",1920,1920,false],"thumbnail":["https:\/\/daphne.sk\/wp-content\/uploads\/2024\/04\/429A5830-150x150.jpg",150,150,true],"medium":["https:\/\/daphne.sk\/wp-content\/uploads\/2024\/04\/429A5830-300x300.jpg",300,300,true],"medium_large":["https:\/\/daphne.sk\/wp-content\/uploads\/2024\/04\/429A5830-768x768.jpg",768,768,true],"large":["https:\/\/daphne.sk\/wp-content\/uploads\/2024\/04\/429A5830-1024x1024.jpg",1024,1024,true],"1536x1536":["https:\/\/daphne.sk\/wp-content\/uploads\/2024\/04\/429A5830-1536x1536.jpg",1536,1536,true],"2048x2048":["https:\/\/daphne.sk\/wp-content\/uploads\/2024\/04\/429A5830.jpg",1920,1920,false],"woocommerce_thumbnail":["https:\/\/daphne.sk\/wp-content\/uploads\/2024\/04\/429A5830-450x450.jpg",450,450,true]},"uagb_author_info":{"display_name":"M\u00e1ria Filov\u00e1","author_link":"https:\/\/daphne.sk\/de\/author\/"},"uagb_comment_info":0,"uagb_excerpt":"Mandaly Mandala m\u00e1 siln\u00fd vplyv na \u010dloveka na nevedomej \u00farovni. Nielen pri jej tvorbe, ale i pri pozorovan\u00ed mandaly doch\u00e1dza k upokojeniu du\u0161e a z\u00edskaniu vn\u00fatornej rovnov\u00e1hy. Ten ist\u00fd proces u n\u00e1s nast\u00e1va, ak sme uprostred rozkvitnutej l\u00faky a vn\u00edmame v\u0161etk\u00fdmi zmyslami pestr\u00fa paletu farieb, v\u00f4n\u00ed a \u017eivota ako tak\u00e9ho. L\u00fa\u010dne rastliny poskytuj\u00fa sladk\u00fd nekt\u00e1r","jetpack_sharing_enabled":true,"meta_box":[],"_links":{"self":[{"href":"https:\/\/daphne.sk\/de\/wp-json\/wp\/v2\/product\/27748","targetHints":{"allow":["GET"]}}],"collection":[{"href":"https:\/\/daphne.sk\/de\/wp-json\/wp\/v2\/product"}],"about":[{"href":"https:\/\/daphne.sk\/de\/wp-json\/wp\/v2\/types\/product"}],"replies":[{"embeddable":true,"href":"https:\/\/daphne.sk\/de\/wp-json\/wp\/v2\/comments?post=27748"}],"wp:featuredmedia":[{"embeddable":true,"href":"https:\/\/daphne.sk\/de\/wp-json\/wp\/v2\/media\/27757"}],"wp:attachment":[{"href":"https:\/\/daphne.sk\/de\/wp-json\/wp\/v2\/media?parent=27748"}],"wp:term":[{"taxonomy":"product_brand","embeddable":true,"href":"https:\/\/daphne.sk\/de\/wp-json\/wp\/v2\/product_brand?post=27748"},{"taxonomy":"product_cat","embeddable":true,"href":"https:\/\/daphne.sk\/de\/wp-json\/wp\/v2\/product_cat?post=27748"},{"taxonomy":"product_tag","embeddable":true,"href":"https:\/\/daphne.sk\/de\/wp-json\/wp\/v2\/product_tag?post=27748"}],"curies":[{"name":"wp","href":"https:\/\/api.w.org\/{rel}","templated":true}]}}