{"id":28039,"date":"2024-05-27T13:21:04","date_gmt":"2024-05-27T13:21:04","guid":{"rendered":"https:\/\/daphne.sk\/?post_type=product&#038;p=28039"},"modified":"2026-04-30T09:37:24","modified_gmt":"2026-04-30T09:37:24","slug":"ked-sa-povie-raselinisko","status":"publish","type":"product","link":"https:\/\/daphne.sk\/de\/e-shop\/ked-sa-povie-raselinisko\/","title":{"rendered":"Ke\u010f sa povie ra\u0161elinisko"},"content":{"rendered":"<p>Materi\u00e1l vo forme leporela v\u00e1m pribl\u00ed\u017ei zauj\u00edmavosti o ra\u0161elinisk\u00e1ch.<\/p>\n<p>Ra\u0161elinisk\u00e1 sa nach\u00e1dzaj\u00fa v 180 krajin\u00e1ch sveta, rozprestieraj\u00fa sa na v\u0161etk\u00fdch kontinentoch. Pokr\u00fdvaj\u00fa len 3 percent\u00e1 z pevniny, odhadom to je asi 4 mili\u00f3ny km2. Vyskytuj\u00fa sa v celej Eur\u00f3pe, ale v\u00fdrazn\u00e9 zast\u00fapenie maj\u00fa na jej severe. Na Slovensku za\u010dali vznika\u0165 po skon\u010den\u00ed poslednej doby \u013eadovej pribli\u017ene pred 12 000 rokmi, kedy boli pr\u00edrodn\u00e9 podmienky u n\u00e1s podobn\u00e9, ako s\u00fa dnes v subarktickej a\u017e arktickej z\u00f3ne. Tieto fragmenty biotopu z d\u00f4b minul\u00fdch pre\u017eili na na\u0161om \u00fazem\u00ed dodnes. V Eur\u00f3pe rast\u00fa vrstvy ra\u0161eliny len 1 \u2013 2 milimetre za rok, \u010do potvrdzuje fakt, \u017ee rozvoj ra\u0161elin\u00edsk trv\u00e1 tis\u00edce rokov.<\/p>\n","protected":false},"excerpt":{"rendered":"<p>Materi\u00e1l vo forme leporela v\u00e1m pribl\u00ed\u017ei zauj\u00edmavosti o ra\u0161elinisk\u00e1ch. Ra\u0161elinisk\u00e1 sa nach\u00e1dzaj\u00fa v 180 krajin\u00e1ch sveta, rozprestieraj\u00fa sa na v\u0161etk\u00fdch kontinentoch. Pokr\u00fdvaj\u00fa len 3 percent\u00e1 z pevniny, odhadom to je asi 4 mili\u00f3ny km2. Vyskytuj\u00fa sa v celej Eur\u00f3pe, ale v\u00fdrazn\u00e9 zast\u00fapenie maj\u00fa na jej severe. Na Slovensku za\u010dali vznika\u0165 po skon\u010den\u00ed poslednej doby \u013eadovej<\/p>\n","protected":false},"featured_media":28042,"comment_status":"closed","ping_status":"closed","template":"","meta":{"_uag_custom_page_level_css":""},"product_brand":[],"product_cat":[23],"product_tag":[],"class_list":{"0":"post-28039","1":"product","2":"type-product","3":"status-publish","4":"has-post-thumbnail","6":"product_cat-dar-k-objednavke-zdarma","8":"first","9":"instock","10":"purchasable","11":"product-type-simple"},"uagb_featured_image_src":{"full":["https:\/\/daphne.sk\/wp-content\/uploads\/2024\/05\/LEPORELO_RASELINISKO-1.jpg",1080,1080,false],"thumbnail":["https:\/\/daphne.sk\/wp-content\/uploads\/2024\/05\/LEPORELO_RASELINISKO-1-150x150.jpg",150,150,true],"medium":["https:\/\/daphne.sk\/wp-content\/uploads\/2024\/05\/LEPORELO_RASELINISKO-1-300x300.jpg",300,300,true],"medium_large":["https:\/\/daphne.sk\/wp-content\/uploads\/2024\/05\/LEPORELO_RASELINISKO-1-768x768.jpg",768,768,true],"large":["https:\/\/daphne.sk\/wp-content\/uploads\/2024\/05\/LEPORELO_RASELINISKO-1-1024x1024.jpg",1024,1024,true],"1536x1536":["https:\/\/daphne.sk\/wp-content\/uploads\/2024\/05\/LEPORELO_RASELINISKO-1.jpg",1080,1080,false],"2048x2048":["https:\/\/daphne.sk\/wp-content\/uploads\/2024\/05\/LEPORELO_RASELINISKO-1.jpg",1080,1080,false],"woocommerce_thumbnail":["https:\/\/daphne.sk\/wp-content\/uploads\/2024\/05\/LEPORELO_RASELINISKO-1-450x450.jpg",450,450,true]},"uagb_author_info":{"display_name":"M\u00e1ria Filov\u00e1","author_link":"https:\/\/daphne.sk\/de\/author\/"},"uagb_comment_info":0,"uagb_excerpt":"Materi\u00e1l vo forme leporela v\u00e1m pribl\u00ed\u017ei zauj\u00edmavosti o ra\u0161elinisk\u00e1ch. Ra\u0161elinisk\u00e1 sa nach\u00e1dzaj\u00fa v 180 krajin\u00e1ch sveta, rozprestieraj\u00fa sa na v\u0161etk\u00fdch kontinentoch. Pokr\u00fdvaj\u00fa len 3 percent\u00e1 z pevniny, odhadom to je asi 4 mili\u00f3ny km2. Vyskytuj\u00fa sa v celej Eur\u00f3pe, ale v\u00fdrazn\u00e9 zast\u00fapenie maj\u00fa na jej severe. Na Slovensku za\u010dali vznika\u0165 po skon\u010den\u00ed poslednej doby \u013eadovej","jetpack_sharing_enabled":true,"meta_box":[],"_links":{"self":[{"href":"https:\/\/daphne.sk\/de\/wp-json\/wp\/v2\/product\/28039","targetHints":{"allow":["GET"]}}],"collection":[{"href":"https:\/\/daphne.sk\/de\/wp-json\/wp\/v2\/product"}],"about":[{"href":"https:\/\/daphne.sk\/de\/wp-json\/wp\/v2\/types\/product"}],"replies":[{"embeddable":true,"href":"https:\/\/daphne.sk\/de\/wp-json\/wp\/v2\/comments?post=28039"}],"wp:featuredmedia":[{"embeddable":true,"href":"https:\/\/daphne.sk\/de\/wp-json\/wp\/v2\/media\/28042"}],"wp:attachment":[{"href":"https:\/\/daphne.sk\/de\/wp-json\/wp\/v2\/media?parent=28039"}],"wp:term":[{"taxonomy":"product_brand","embeddable":true,"href":"https:\/\/daphne.sk\/de\/wp-json\/wp\/v2\/product_brand?post=28039"},{"taxonomy":"product_cat","embeddable":true,"href":"https:\/\/daphne.sk\/de\/wp-json\/wp\/v2\/product_cat?post=28039"},{"taxonomy":"product_tag","embeddable":true,"href":"https:\/\/daphne.sk\/de\/wp-json\/wp\/v2\/product_tag?post=28039"}],"curies":[{"name":"wp","href":"https:\/\/api.w.org\/{rel}","templated":true}]}}