{"id":28047,"date":"2024-05-28T11:13:55","date_gmt":"2024-05-28T11:13:55","guid":{"rendered":"https:\/\/daphne.sk\/?post_type=product&#038;p=28047"},"modified":"2024-06-15T13:34:06","modified_gmt":"2024-06-15T13:34:06","slug":"expedicia-vtaky-luzneho-lesa-z-kanoe","status":"publish","type":"product","link":"https:\/\/daphne.sk\/de\/e-shop\/expedicia-vtaky-luzneho-lesa-z-kanoe\/","title":{"rendered":"Exped\u00edcia \"Vt\u00e1ky lu\u017en\u00e9ho lesa z kanoe\u201c"},"content":{"rendered":"<p>Splav so zool\u00f3gom CHKO Dunajsk\u00e9 luhy, Alexandrom K\u00fcrthym<\/p>\n<p>Na\u0161a exped\u00edcia n\u00e1s zavedie na Dunajsk\u00fd ostrov, ktor\u00fd sa nach\u00e1dza medzi star\u00fdm korytom Dunaja a umel\u00fdm kan\u00e1lom vodn\u00e9ho diela Gab\u010d\u00edkovo, pribli\u017ene 20 km ju\u017ene od Bratislavy. V spleti dunajsk\u00fdch ramien le\u017e\u00ed n\u00e1rodn\u00e1 pr\u00edrodn\u00e1 rezerv\u00e1cia - Ostrov orliaka morsk\u00e9ho. Okrem orliaka morsk\u00e9ho tu \u017eije mno\u017estvo vz\u00e1cnych vt\u00e1\u010d\u00edch druhov, ako napr\u00edklad kormor\u00e1n ve\u013ek\u00fd, volavka popolav\u00e1, volavka purpurov\u00e1 a mnoh\u00e9 \u010fal\u0161ie.<\/p>\n<p>Plavbu za\u010dneme vo Vojke, na brehu Dunajsk\u00fdch ramien, kde sa nalod\u00edme na kanoe spojen\u00e9 do katamar\u00e1na. Dunajsk\u00e9 ramen\u00e1 s\u00fa v tomto \u00faseku r\u00f4znorod\u00e9 - zo za\u010diatku \u0161ir\u0161ie, \u010do n\u00e1m umo\u017en\u00ed zvykn\u00fa\u0165 si na plavidl\u00e1 a nau\u010di\u0165 sa p\u00e1dlova\u0165. Po\u010das plavby nav\u0161t\u00edvime kr\u00e1sne rameno, ktor\u00e9 bolo kedysi prepojen\u00e9 so star\u00fdm Dunajom, kde budeme m\u00f4c\u0165 pozorova\u0165 pestr\u00fd \u017eivot vodn\u00e9ho vt\u00e1ctva. Zastav\u00edme sa pri z\u00e1hrade bielych lekien a prv\u00fa prest\u00e1vku si urob\u00edme na brehu Jazera Vojka, kde sa m\u00f4\u017eeme aj ok\u00fapa\u0165.<\/p>\n<p>Pokra\u010dova\u0165 budeme cez skryt\u00e9 ved\u013eaj\u0161ie rameno, ob\u00eddeme malebn\u00fd ostrov\u010dek a dostaneme sa na r\u00fdchlej\u0161iu vodu. Potom prejdeme men\u0161\u00edm kan\u00e1lom, ktor\u00fd n\u00e1s prevedie cez les, smerom na Dobroho\u0161\u0165. Na\u0161u trasu ukon\u010d\u00edme n\u00e1vratom do Vojky. Exped\u00edcia je vhodn\u00e1 aj pre n\u00e1v\u0161tevn\u00edkov s de\u0165mi nad 10 rokov. Plavba je vhodn\u00e1 aj pre za\u010diato\u010dn\u00edkov, pre bezpe\u010dnej\u0161iu plavbu budeme ma\u0165 dve kanoe spojen\u00e9 do katamaranu.<\/p>\n<p>Lode a vesty s\u00fa zabezpe\u010den\u00e9.<\/p>\n<p>Pre ka\u017ed\u00fd pr\u00edpad v\u00e1m odpor\u00fa\u010dame si vzia\u0165 aj:<\/p>\n<ul>\n<li>n\u00e1hradn\u00fa \u0161portov\u00fa obuv a oble\u010denie,<\/li>\n<li>plavky, uter\u00e1k, pr\u0161ipl\u00e1\u0161\u0165,<\/li>\n<li>repelent, kr\u00e9m na opa\u013eovanie, slne\u010dn\u00e9 okuliare, \u0161iltovku alebo klob\u00fak,<\/li>\n<li>minim\u00e1lne 2 litre vody na pitie a ob\u010derstvenie (desiatu alebo \u013eahk\u00fd obed na cestu)<\/li>\n<\/ul>\n<p>Po zaplaten\u00ed exped\u00edcie a obdr\u017ean\u00ed sumy na \u00fa\u010det v\u00e1m bude zaslan\u00fd potvrdzuj\u00faci e-mail. Vstupenka je prenosn\u00e1. Ak sa exped\u00edcie nem\u00f4\u017eete z\u00fa\u010dastni\u0165, m\u00f4\u017eete ju poskytn\u00fa\u0165 in\u00e9mu \u00fa\u010dastn\u00edkovi.<br \/>\nV pr\u00edpade zl\u00e9ho po\u010dasia sa exped\u00edcia ru\u0161\u00ed<\/p>\n<p><strong>Lektor:<\/strong> Alexander K\u00fcrthy<br \/>\n<strong>Miesto a \u010das stretnutia: Kemping VAJKA GPS: 47.97576, 17.37867<br \/>\n9:00 hod<br \/>\n<\/strong><strong>Term\u00edn:<\/strong> 16.06.2024<br \/>\n<strong>\u010cas:<\/strong> 09.00-13.00<br \/>\n<strong>Cena: <\/strong>39 \u20ac \/ osoba<\/p>\n<p>Te\u0161\u00edme sa na v\u00e1s.<\/p>\n<p><img decoding=\"async\" class=\"alignnone size-medium wp-image-28052\" src=\"https:\/\/daphne.sk\/wp-content\/uploads\/2024\/05\/LXNX7134-300x225.jpg\" alt=\"\" width=\"300\" height=\"225\" srcset=\"https:\/\/daphne.sk\/wp-content\/uploads\/2024\/05\/LXNX7134-300x225.jpg 300w, https:\/\/daphne.sk\/wp-content\/uploads\/2024\/05\/LXNX7134-1024x768.jpg 1024w, https:\/\/daphne.sk\/wp-content\/uploads\/2024\/05\/LXNX7134-768x576.jpg 768w, https:\/\/daphne.sk\/wp-content\/uploads\/2024\/05\/LXNX7134-1536x1152.jpg 1536w, https:\/\/daphne.sk\/wp-content\/uploads\/2024\/05\/LXNX7134.jpg 1600w\" sizes=\"(max-width: 300px) 100vw, 300px\" \/> <img decoding=\"async\" class=\"alignnone size-medium wp-image-28056\" src=\"https:\/\/daphne.sk\/wp-content\/uploads\/2024\/05\/OZTN2945-300x225.jpg\" alt=\"\" width=\"300\" height=\"225\" srcset=\"https:\/\/daphne.sk\/wp-content\/uploads\/2024\/05\/OZTN2945-300x225.jpg 300w, https:\/\/daphne.sk\/wp-content\/uploads\/2024\/05\/OZTN2945-1024x768.jpg 1024w, https:\/\/daphne.sk\/wp-content\/uploads\/2024\/05\/OZTN2945-768x576.jpg 768w, https:\/\/daphne.sk\/wp-content\/uploads\/2024\/05\/OZTN2945-1536x1152.jpg 1536w, https:\/\/daphne.sk\/wp-content\/uploads\/2024\/05\/OZTN2945.jpg 1600w\" sizes=\"(max-width: 300px) 100vw, 300px\" \/><\/p>\n","protected":false},"excerpt":{"rendered":"<p>Splav so zool\u00f3gom CHKO Dunajsk\u00e9 luhy, Alexandrom K\u00fcrthym Na\u0161a exped\u00edcia n\u00e1s zavedie na Dunajsk\u00fd ostrov, ktor\u00fd sa nach\u00e1dza medzi star\u00fdm korytom Dunaja a umel\u00fdm kan\u00e1lom vodn\u00e9ho diela Gab\u010d\u00edkovo, pribli\u017ene 20 km ju\u017ene od Bratislavy. V spleti dunajsk\u00fdch ramien le\u017e\u00ed n\u00e1rodn\u00e1 pr\u00edrodn\u00e1 rezerv\u00e1cia - Ostrov orliaka morsk\u00e9ho. Okrem orliaka morsk\u00e9ho tu \u017eije mno\u017estvo vz\u00e1cnych vt\u00e1\u010d\u00edch druhov,<\/p>\n","protected":false},"featured_media":28049,"comment_status":"closed","ping_status":"closed","template":"","meta":{"_uag_custom_page_level_css":""},"product_brand":[],"product_cat":[18],"product_tag":[],"class_list":{"0":"post-28047","1":"product","2":"type-product","3":"status-publish","4":"has-post-thumbnail","6":"product_cat-tricka","8":"first","9":"outofstock","10":"purchasable","11":"product-type-variable"},"uagb_featured_image_src":{"full":["https:\/\/daphne.sk\/wp-content\/uploads\/2024\/05\/Expedicia_Vtaky-Luzneho-lesa-1.jpg",561,315,false],"thumbnail":["https:\/\/daphne.sk\/wp-content\/uploads\/2024\/05\/Expedicia_Vtaky-Luzneho-lesa-1-150x150.jpg",150,150,true],"medium":["https:\/\/daphne.sk\/wp-content\/uploads\/2024\/05\/Expedicia_Vtaky-Luzneho-lesa-1-300x168.jpg",300,168,true],"medium_large":["https:\/\/daphne.sk\/wp-content\/uploads\/2024\/05\/Expedicia_Vtaky-Luzneho-lesa-1.jpg",561,315,false],"large":["https:\/\/daphne.sk\/wp-content\/uploads\/2024\/05\/Expedicia_Vtaky-Luzneho-lesa-1.jpg",561,315,false],"1536x1536":["https:\/\/daphne.sk\/wp-content\/uploads\/2024\/05\/Expedicia_Vtaky-Luzneho-lesa-1.jpg",561,315,false],"2048x2048":["https:\/\/daphne.sk\/wp-content\/uploads\/2024\/05\/Expedicia_Vtaky-Luzneho-lesa-1.jpg",561,315,false],"woocommerce_thumbnail":["https:\/\/daphne.sk\/wp-content\/uploads\/2024\/05\/Expedicia_Vtaky-Luzneho-lesa-1-450x315.jpg",450,315,true]},"uagb_author_info":{"display_name":"M\u00e1ria Filov\u00e1","author_link":"https:\/\/daphne.sk\/de\/author\/"},"uagb_comment_info":0,"uagb_excerpt":"Splav so zool\u00f3gom CHKO Dunajsk\u00e9 luhy, Alexandrom K\u00fcrthym Na\u0161a exped\u00edcia n\u00e1s zavedie na Dunajsk\u00fd ostrov, ktor\u00fd sa nach\u00e1dza medzi star\u00fdm korytom Dunaja a umel\u00fdm kan\u00e1lom vodn\u00e9ho diela Gab\u010d\u00edkovo, pribli\u017ene 20 km ju\u017ene od Bratislavy. V spleti dunajsk\u00fdch ramien le\u017e\u00ed n\u00e1rodn\u00e1 pr\u00edrodn\u00e1 rezerv\u00e1cia - Ostrov orliaka morsk\u00e9ho. Okrem orliaka morsk\u00e9ho tu \u017eije mno\u017estvo vz\u00e1cnych vt\u00e1\u010d\u00edch druhov,","jetpack_sharing_enabled":true,"meta_box":[],"_links":{"self":[{"href":"https:\/\/daphne.sk\/de\/wp-json\/wp\/v2\/product\/28047","targetHints":{"allow":["GET"]}}],"collection":[{"href":"https:\/\/daphne.sk\/de\/wp-json\/wp\/v2\/product"}],"about":[{"href":"https:\/\/daphne.sk\/de\/wp-json\/wp\/v2\/types\/product"}],"replies":[{"embeddable":true,"href":"https:\/\/daphne.sk\/de\/wp-json\/wp\/v2\/comments?post=28047"}],"wp:featuredmedia":[{"embeddable":true,"href":"https:\/\/daphne.sk\/de\/wp-json\/wp\/v2\/media\/28049"}],"wp:attachment":[{"href":"https:\/\/daphne.sk\/de\/wp-json\/wp\/v2\/media?parent=28047"}],"wp:term":[{"taxonomy":"product_brand","embeddable":true,"href":"https:\/\/daphne.sk\/de\/wp-json\/wp\/v2\/product_brand?post=28047"},{"taxonomy":"product_cat","embeddable":true,"href":"https:\/\/daphne.sk\/de\/wp-json\/wp\/v2\/product_cat?post=28047"},{"taxonomy":"product_tag","embeddable":true,"href":"https:\/\/daphne.sk\/de\/wp-json\/wp\/v2\/product_tag?post=28047"}],"curies":[{"name":"wp","href":"https:\/\/api.w.org\/{rel}","templated":true}]}}