{"id":28076,"date":"2024-06-04T13:07:19","date_gmt":"2024-06-04T13:07:19","guid":{"rendered":"https:\/\/daphne.sk\/?post_type=product&#038;p=28076"},"modified":"2026-04-09T08:45:09","modified_gmt":"2026-04-09T08:45:09","slug":"hladaj-2-rovnake-luka","status":"publish","type":"product","link":"https:\/\/daphne.sk\/de\/e-shop\/hladaj-2-rovnake-luka\/","title":{"rendered":"H\u013eadaj 2 rovnak\u00e9 - l\u00faka"},"content":{"rendered":"<p>Spolo\u010densk\u00e9 hry pom\u00e1haj\u00fa pre\u017ei\u0165 pr\u00edjemn\u00e9 chv\u00edle v kruhu t\u00fdch, ktor\u00fdch m\u00e1me radi. Cie\u013eom hry je hrav\u00fdm sp\u00f4sobom spozna\u0165 l\u00fa\u010dne druhy, ktor\u00e9 sa prirodzene vyskytuj\u00fa na Slovensku.\u00a0V ob\u013e\u00fabenej postrehovej hre v\u00e1m pribl\u00ed\u017eime a\u017e <strong>31 druhov l\u00fa\u010dnych druhov rastl\u00edn a \u017eivo\u010d\u00edchov.\u00a0<\/strong><\/p>\n<p>Hra je ur\u010den\u00e1 pre 2-4 hr\u00e1\u010dov a obsahuje 31 karti\u010diek s obr\u00e1zkami.<\/p>\n<p>Hru m\u00f4\u017eete vyu\u017ei\u0165 <strong>nielen doma, ale aj v \u0161kole<\/strong>. Je pripraven\u00e1 pre:<\/p>\n<ul>\n<li>\u017eiakov 5. ro\u010dn\u00edka (t\u00e9ma: Spolo\u010denstv\u00e1 organizmov \u2013 Spolo\u010denstvo l\u00fak),<\/li>\n<li>pre \u017eiakov 4. ro\u010dn\u00edka (Pr\u00edrodn\u00e9 spolo\u010denstv\u00e1),<\/li>\n<li>\u017eiakov 6. ro\u010dn\u00edka (\u017div\u00e9 organizmy a ich stavba \u2013 Vonkaj\u0161ia stavba rastl\u00edn).<\/li>\n<\/ul>\n<p>Hru je mo\u017en\u00e9 vyu\u017ei\u0165 ako <strong>u\u010debn\u00fa pom\u00f4cku pri expoz\u00edcii nov\u00e9ho u\u010diva<\/strong>, ale aj ako opakovaciu aktivitu:<\/p>\n<ul>\n<li>Obr\u00e1zky m\u00f4\u017eete vyu\u017ei\u0165 na spozn\u00e1vanie l\u00fa\u010dnych druhov.<\/li>\n<li>Hra \u201eN\u00e1jdi druh\u201c \u2013 u\u010dite\u013e rozmiestni karti\u010dky na podlahu. \u017diakom povie nahlas zadanie (n\u00e1jdite na karti\u010dk\u00e1ch kunu lesn\u00fa a pod.). \u017diaci h\u013eadaj\u00fa spr\u00e1vnu karti\u010dku.<\/li>\n<li>Hranie hry je ide\u00e1lne na zapam\u00e4tanie si\/preopakovanie l\u00fa\u010dnych druhov.<\/li>\n<li>U\u010dite\u013e\/ka uk\u00e1\u017ee karti\u010dky \u017eiakom, p\u00fdta sa na n\u00e1zvy druhov a kladie \u017eiakom ot\u00e1zky. \u010eal\u0161ou mo\u017enos\u0165ou je necha\u0165 \u017eiakov, aby si druhy opakovali sami medzi sebou.<\/li>\n<\/ul>\n","protected":false},"excerpt":{"rendered":"<p>Spolo\u010densk\u00e9 hry pom\u00e1haj\u00fa pre\u017ei\u0165 pr\u00edjemn\u00e9 chv\u00edle v kruhu t\u00fdch, ktor\u00fdch m\u00e1me radi. Cie\u013eom hry je hrav\u00fdm sp\u00f4sobom spozna\u0165 l\u00fa\u010dne druhy, ktor\u00e9 sa prirodzene vyskytuj\u00fa na Slovensku.\u00a0V ob\u013e\u00fabenej postrehovej hre v\u00e1m pribl\u00ed\u017eime a\u017e 31 druhov l\u00fa\u010dnych druhov rastl\u00edn a \u017eivo\u010d\u00edchov.\u00a0 Hra je ur\u010den\u00e1 pre 2-4 hr\u00e1\u010dov a obsahuje 31 karti\u010diek s obr\u00e1zkami. Hru m\u00f4\u017eete vyu\u017ei\u0165 nielen<\/p>\n","protected":false},"featured_media":28077,"comment_status":"open","ping_status":"closed","template":"","meta":{"_uag_custom_page_level_css":""},"product_brand":[],"product_cat":[21,139],"product_tag":[22,135,136,137],"class_list":{"0":"post-28076","1":"product","2":"type-product","3":"status-publish","4":"has-post-thumbnail","6":"product_cat-vzdelavacie-vychytavky","7":"product_cat-hry","8":"product_tag-rastliny","9":"product_tag-luka","10":"product_tag-hmyz","11":"product_tag-hra","13":"first","14":"instock","15":"purchasable","16":"product-type-simple"},"uagb_featured_image_src":{"full":["https:\/\/daphne.sk\/wp-content\/uploads\/2024\/06\/429A7066.jpg",1920,1920,false],"thumbnail":["https:\/\/daphne.sk\/wp-content\/uploads\/2024\/06\/429A7066-150x150.jpg",150,150,true],"medium":["https:\/\/daphne.sk\/wp-content\/uploads\/2024\/06\/429A7066-300x300.jpg",300,300,true],"medium_large":["https:\/\/daphne.sk\/wp-content\/uploads\/2024\/06\/429A7066-768x768.jpg",768,768,true],"large":["https:\/\/daphne.sk\/wp-content\/uploads\/2024\/06\/429A7066-1024x1024.jpg",1024,1024,true],"1536x1536":["https:\/\/daphne.sk\/wp-content\/uploads\/2024\/06\/429A7066-1536x1536.jpg",1536,1536,true],"2048x2048":["https:\/\/daphne.sk\/wp-content\/uploads\/2024\/06\/429A7066.jpg",1920,1920,false],"woocommerce_thumbnail":["https:\/\/daphne.sk\/wp-content\/uploads\/2024\/06\/429A7066-450x450.jpg",450,450,true]},"uagb_author_info":{"display_name":"M\u00e1ria Filov\u00e1","author_link":"https:\/\/daphne.sk\/de\/author\/"},"uagb_comment_info":0,"uagb_excerpt":"Spolo\u010densk\u00e9 hry pom\u00e1haj\u00fa pre\u017ei\u0165 pr\u00edjemn\u00e9 chv\u00edle v kruhu t\u00fdch, ktor\u00fdch m\u00e1me radi. Cie\u013eom hry je hrav\u00fdm sp\u00f4sobom spozna\u0165 l\u00fa\u010dne druhy, ktor\u00e9 sa prirodzene vyskytuj\u00fa na Slovensku.\u00a0V ob\u013e\u00fabenej postrehovej hre v\u00e1m pribl\u00ed\u017eime a\u017e 31 druhov l\u00fa\u010dnych druhov rastl\u00edn a \u017eivo\u010d\u00edchov.\u00a0 Hra je ur\u010den\u00e1 pre 2-4 hr\u00e1\u010dov a obsahuje 31 karti\u010diek s obr\u00e1zkami. Hru m\u00f4\u017eete vyu\u017ei\u0165 nielen","jetpack_sharing_enabled":true,"meta_box":[],"_links":{"self":[{"href":"https:\/\/daphne.sk\/de\/wp-json\/wp\/v2\/product\/28076","targetHints":{"allow":["GET"]}}],"collection":[{"href":"https:\/\/daphne.sk\/de\/wp-json\/wp\/v2\/product"}],"about":[{"href":"https:\/\/daphne.sk\/de\/wp-json\/wp\/v2\/types\/product"}],"replies":[{"embeddable":true,"href":"https:\/\/daphne.sk\/de\/wp-json\/wp\/v2\/comments?post=28076"}],"wp:featuredmedia":[{"embeddable":true,"href":"https:\/\/daphne.sk\/de\/wp-json\/wp\/v2\/media\/28077"}],"wp:attachment":[{"href":"https:\/\/daphne.sk\/de\/wp-json\/wp\/v2\/media?parent=28076"}],"wp:term":[{"taxonomy":"product_brand","embeddable":true,"href":"https:\/\/daphne.sk\/de\/wp-json\/wp\/v2\/product_brand?post=28076"},{"taxonomy":"product_cat","embeddable":true,"href":"https:\/\/daphne.sk\/de\/wp-json\/wp\/v2\/product_cat?post=28076"},{"taxonomy":"product_tag","embeddable":true,"href":"https:\/\/daphne.sk\/de\/wp-json\/wp\/v2\/product_tag?post=28076"}],"curies":[{"name":"wp","href":"https:\/\/api.w.org\/{rel}","templated":true}]}}