{"id":29368,"date":"2024-09-12T11:12:57","date_gmt":"2024-09-12T11:12:57","guid":{"rendered":"https:\/\/daphne.sk\/?post_type=product&#038;p=29368"},"modified":"2025-02-12T12:12:41","modified_gmt":"2025-02-12T12:12:41","slug":"expedicia-nocni-letci-21-9-2024","status":"publish","type":"product","link":"https:\/\/daphne.sk\/de\/e-shop\/expedicia-nocni-letci-21-9-2024\/","title":{"rendered":"Exped\u00edcia \"No\u010dn\u00ed letci\"- 21.9.2024"},"content":{"rendered":"<p>Poz\u00fdvame v\u00e1s na exped\u00edciu \"No\u010dn\u00ed letci\".<\/p>\n<p>Spolo\u010dne budeme pozorova\u0165 tajomn\u00fd \u017eivot lu\u017en\u00e9ho lesa, za\u017eijeme fascinuj\u00faci svet netopierov a sov. Spolo\u010dne si po\u010dk\u00e1me na prv\u00e9 netopiere na oblohe - raniaky hrdzav\u00e9, ktor\u00e9 vyletuj\u00fa zo stromov\u00fdch \u00fakrytov a ve\u010dernice pozdn\u00e9, op\u00fa\u0161\u0165aj\u00face \u0161k\u00e1ry budov a ich pov\u00e1l. Predstav\u00edme si ako funguj\u00fa pr\u00edstroje na po\u010d\u00favanie netopierov.<\/p>\n<p>Po z\u00e1pade slnka n\u00e1s \u010dak\u00e1 jemn\u00e9 \u0161ero a s prib\u00fadaj\u00facou tmou sa na oblohe objavia \u010fal\u0161ie druhy netopierov. Najlep\u0161ie pozorovate\u013en\u00fdm netopierom je netopier vodn\u00fd, ktor\u00fd lov\u00ed tesne nad hladinou vodn\u00fdch tokov a pl\u00f4ch.<\/p>\n<p>Na\u0161a trasa za\u010dne pri Rusovskom ka\u0161tieli, pri re\u0161taur\u00e1cii S\u013dUK a prevedie v\u00e1s cez starobyl\u00fd Rusovsk\u00fd park s n\u00e1dhern\u00fdmi star\u00fdmi stromami. Prejdeme sa do lu\u017en\u00e9ho lesa a popri Rusovskom ramene z\u00e1jdeme a\u017e k Rusovsk\u00e9mu jazeru v lu\u017en\u00fdch lesoch Chr\u00e1nen\u00e9ho are\u00e1lu Ostrovn\u00e9 l\u00fa\u010dky.<\/p>\n<p>Te\u0161\u00edme sa na v\u0161etk\u00fdch odv\u00e1\u017enych \u00fa\u010dastn\u00edkov a na spolo\u010dn\u00e9 objavovanie tajomstiev no\u010dn\u00e9ho lu\u017en\u00e9ho lesa.<\/p>\n<p>Odpor\u00fa\u010danie: \u00da\u010dastn\u00edkom odpor\u00fa\u010dame zvoli\u0165 vhodn\u00fa obuv do ter\u00e9nu a v pr\u00edpade zl\u00e9ho po\u010dasia nepremokav\u00fd odev. M\u00f4\u017eete si prinies\u0165 aj \u010delovku, pr\u00edpadne baterku.<\/p>\n<p><strong>Lektor:<\/strong> Alexander K\u00fcrthy<br \/>\n<strong>Cena:<\/strong> 15 \u20ac \/ osoba<br \/>\n<strong>Miesto a \u010das stretnutia:<\/strong> Parkovisko pri re\u0161taur\u00e1cii S\u013dUK v Rusovciach<br \/>\n<strong>Term\u00edn:<\/strong> 21.9.2024<br \/>\n<strong>\u010cas:<\/strong> 18.00-20.30<\/p>\n<p>Odpor\u00fa\u010danie: \u00da\u010dastn\u00edkom odpor\u00fa\u010dame zvoli\u0165 vhodn\u00fa obuv do ter\u00e9nu a v pr\u00edpade zl\u00e9ho po\u010dasia nepremokav\u00fd odev. M\u00f4\u017eete si prinies\u0165 aj \u010delovku, pr\u00edpadne baterku.<br \/>\nPodujatie je vhodn\u00e9 pre n\u00e1v\u0161tevn\u00edkov s de\u0165mi nad 10 rokov.<\/p>\n<p>&nbsp;<\/p>\n<p>&nbsp;<\/p>\n","protected":false},"excerpt":{"rendered":"<p>Poz\u00fdvame v\u00e1s na exped\u00edciu \"No\u010dn\u00ed letci\". Spolo\u010dne budeme pozorova\u0165 tajomn\u00fd \u017eivot lu\u017en\u00e9ho lesa, za\u017eijeme fascinuj\u00faci svet netopierov a sov. Spolo\u010dne si po\u010dk\u00e1me na prv\u00e9 netopiere na oblohe - raniaky hrdzav\u00e9, ktor\u00e9 vyletuj\u00fa zo stromov\u00fdch \u00fakrytov a ve\u010dernice pozdn\u00e9, op\u00fa\u0161\u0165aj\u00face \u0161k\u00e1ry budov a ich pov\u00e1l. Predstav\u00edme si ako funguj\u00fa pr\u00edstroje na po\u010d\u00favanie netopierov. Po z\u00e1pade slnka<\/p>\n","protected":false},"featured_media":27707,"comment_status":"closed","ping_status":"closed","template":"","meta":{"_uag_custom_page_level_css":""},"product_brand":[],"product_cat":[18],"product_tag":[],"class_list":{"0":"post-29368","1":"product","2":"type-product","3":"status-publish","4":"has-post-thumbnail","6":"product_cat-tricka","8":"first","9":"outofstock","10":"purchasable","11":"product-type-variable"},"uagb_featured_image_src":{"full":["https:\/\/daphne.sk\/wp-content\/uploads\/2024\/03\/Expedicia-Nocni-letci-7.jpg",912,512,false],"thumbnail":["https:\/\/daphne.sk\/wp-content\/uploads\/2024\/03\/Expedicia-Nocni-letci-7-150x150.jpg",150,150,true],"medium":["https:\/\/daphne.sk\/wp-content\/uploads\/2024\/03\/Expedicia-Nocni-letci-7-300x168.jpg",300,168,true],"medium_large":["https:\/\/daphne.sk\/wp-content\/uploads\/2024\/03\/Expedicia-Nocni-letci-7-768x431.jpg",768,431,true],"large":["https:\/\/daphne.sk\/wp-content\/uploads\/2024\/03\/Expedicia-Nocni-letci-7.jpg",912,512,false],"1536x1536":["https:\/\/daphne.sk\/wp-content\/uploads\/2024\/03\/Expedicia-Nocni-letci-7.jpg",912,512,false],"2048x2048":["https:\/\/daphne.sk\/wp-content\/uploads\/2024\/03\/Expedicia-Nocni-letci-7.jpg",912,512,false],"woocommerce_thumbnail":["https:\/\/daphne.sk\/wp-content\/uploads\/2024\/03\/Expedicia-Nocni-letci-7-450x450.jpg",450,450,true]},"uagb_author_info":{"display_name":"M\u00e1ria Filov\u00e1","author_link":"https:\/\/daphne.sk\/de\/author\/"},"uagb_comment_info":0,"uagb_excerpt":"Poz\u00fdvame v\u00e1s na exped\u00edciu \"No\u010dn\u00ed letci\". Spolo\u010dne budeme pozorova\u0165 tajomn\u00fd \u017eivot lu\u017en\u00e9ho lesa, za\u017eijeme fascinuj\u00faci svet netopierov a sov. Spolo\u010dne si po\u010dk\u00e1me na prv\u00e9 netopiere na oblohe - raniaky hrdzav\u00e9, ktor\u00e9 vyletuj\u00fa zo stromov\u00fdch \u00fakrytov a ve\u010dernice pozdn\u00e9, op\u00fa\u0161\u0165aj\u00face \u0161k\u00e1ry budov a ich pov\u00e1l. Predstav\u00edme si ako funguj\u00fa pr\u00edstroje na po\u010d\u00favanie netopierov. Po z\u00e1pade slnka","jetpack_sharing_enabled":true,"meta_box":[],"_links":{"self":[{"href":"https:\/\/daphne.sk\/de\/wp-json\/wp\/v2\/product\/29368","targetHints":{"allow":["GET"]}}],"collection":[{"href":"https:\/\/daphne.sk\/de\/wp-json\/wp\/v2\/product"}],"about":[{"href":"https:\/\/daphne.sk\/de\/wp-json\/wp\/v2\/types\/product"}],"replies":[{"embeddable":true,"href":"https:\/\/daphne.sk\/de\/wp-json\/wp\/v2\/comments?post=29368"}],"wp:featuredmedia":[{"embeddable":true,"href":"https:\/\/daphne.sk\/de\/wp-json\/wp\/v2\/media\/27707"}],"wp:attachment":[{"href":"https:\/\/daphne.sk\/de\/wp-json\/wp\/v2\/media?parent=29368"}],"wp:term":[{"taxonomy":"product_brand","embeddable":true,"href":"https:\/\/daphne.sk\/de\/wp-json\/wp\/v2\/product_brand?post=29368"},{"taxonomy":"product_cat","embeddable":true,"href":"https:\/\/daphne.sk\/de\/wp-json\/wp\/v2\/product_cat?post=29368"},{"taxonomy":"product_tag","embeddable":true,"href":"https:\/\/daphne.sk\/de\/wp-json\/wp\/v2\/product_tag?post=29368"}],"curies":[{"name":"wp","href":"https:\/\/api.w.org\/{rel}","templated":true}]}}