{"id":29761,"date":"2024-10-23T12:48:00","date_gmt":"2024-10-23T12:48:00","guid":{"rendered":"https:\/\/daphne.sk\/?post_type=product&#038;p=29761"},"modified":"2025-12-11T09:25:43","modified_gmt":"2025-12-11T09:25:43","slug":"samolepky-vtaky","status":"publish","type":"product","link":"https:\/\/daphne.sk\/de\/e-shop\/samolepky-vtaky\/","title":{"rendered":"Samolepky - Vt\u00e1ky"},"content":{"rendered":"<p>Ilustrovan\u00e9 samolepky\u00a0 vt\u00e1kov do va\u0161ich z\u00e1pisn\u00edkov, albumov a kreat\u00edvnych projektov. Vytla\u010den\u00e9 na Slovensku, papier\/A5.<\/p>\n<p>&nbsp;<\/p>\n<p>Pozost\u00e1va z 10 druhov vt\u00e1kov:<\/p>\n<ul>\n<li>s\u00fdkorka belas\u00e1, s\u00fdkorka uhliarka, \u010dervienka oby\u010dajn\u00e1, \u010fate\u013e ve\u013ek\u00fd, drozd \u010dierny, \u017elna siv\u00e1, my\u0161iak h\u00f4rny, sova oby\u010dajn\u00e1, sojka oby\u010dajn\u00e1 a brhl\u00edk oby\u010dajn\u00fd.<\/li>\n<\/ul>\n<p>&nbsp;<\/p>\n<p><strong>Sadu samolepiek<\/strong>\u00a0mot\u00fd\u013eov. vt\u00e1kov a lesa si zak\u00fapite\u00a0<strong>za zv\u00fdhodnen\u00fa cenu<\/strong>\u00a0<a href=\"https:\/\/daphne.sk\/e-shop\/sada-samolepky-motyle-vtaky-a-les\/\">TU<\/a>.<\/p>\n","protected":false},"excerpt":{"rendered":"<p>Ilustrovan\u00e9 samolepky\u00a0 vt\u00e1kov do va\u0161ich z\u00e1pisn\u00edkov, albumov a kreat\u00edvnych projektov. Vytla\u010den\u00e9 na Slovensku, papier\/A5.<\/p>\n<p>&nbsp;<\/p>\n<p>Pozost\u00e1va z 10 druhov vt\u00e1kov:<\/p>\n<ul>\n<li>s\u00fdkorka belas\u00e1, s\u00fdkorka uhliarka, \u010dervienka oby\u010dajn\u00e1, \u010fate\u013e ve\u013ek\u00fd, drozd \u010dierny, \u017elna siv\u00e1, my\u0161iak h\u00f4rny, sova oby\u010dajn\u00e1, sojka oby\u010dajn\u00e1 a brhl\u00edk oby\u010dajn\u00fd.<\/li>\n<\/ul>\n<p>&nbsp;<\/p>\n<p><strong>Sadu samolepiek<\/strong>\u00a0mot\u00fd\u013eov. vt\u00e1kov a lesa si zak\u00fapite\u00a0<strong>za zv\u00fdhodnen\u00fa cenu<\/strong>\u00a0<a href=\"https:\/\/daphne.sk\/e-shop\/sada-samolepky-motyle-vtaky-a-les\/\">TU<\/a>.<\/p>\n","protected":false},"featured_media":29764,"comment_status":"closed","ping_status":"closed","template":"","meta":{"_uag_custom_page_level_css":""},"product_brand":[],"product_cat":[21],"product_tag":[],"class_list":{"0":"post-29761","1":"product","2":"type-product","3":"status-publish","4":"has-post-thumbnail","6":"product_cat-vzdelavacie-vychytavky","8":"first","9":"instock","10":"purchasable","11":"product-type-simple"},"uagb_featured_image_src":{"full":["https:\/\/daphne.sk\/wp-content\/uploads\/2024\/10\/SAMOLEPKY-2.jpg",1920,1920,false],"thumbnail":["https:\/\/daphne.sk\/wp-content\/uploads\/2024\/10\/SAMOLEPKY-2-150x150.jpg",150,150,true],"medium":["https:\/\/daphne.sk\/wp-content\/uploads\/2024\/10\/SAMOLEPKY-2-300x300.jpg",300,300,true],"medium_large":["https:\/\/daphne.sk\/wp-content\/uploads\/2024\/10\/SAMOLEPKY-2-768x768.jpg",768,768,true],"large":["https:\/\/daphne.sk\/wp-content\/uploads\/2024\/10\/SAMOLEPKY-2-1024x1024.jpg",1024,1024,true],"1536x1536":["https:\/\/daphne.sk\/wp-content\/uploads\/2024\/10\/SAMOLEPKY-2-1536x1536.jpg",1536,1536,true],"2048x2048":["https:\/\/daphne.sk\/wp-content\/uploads\/2024\/10\/SAMOLEPKY-2.jpg",1920,1920,false],"woocommerce_thumbnail":["https:\/\/daphne.sk\/wp-content\/uploads\/2024\/10\/SAMOLEPKY-2-450x450.jpg",450,450,true]},"uagb_author_info":{"display_name":"M\u00e1ria Filov\u00e1","author_link":"https:\/\/daphne.sk\/de\/author\/"},"uagb_comment_info":0,"uagb_excerpt":"Ilustrovan\u00e9 samolepky\u00a0 vt\u00e1kov do va\u0161ich z\u00e1pisn\u00edkov, albumov a kreat\u00edvnych projektov. Vytla\u010den\u00e9 na Slovensku, papier\/A5. &nbsp; Pozost\u00e1va z 10 druhov vt\u00e1kov: s\u00fdkorka belas\u00e1, s\u00fdkorka uhliarka, \u010dervienka oby\u010dajn\u00e1, \u010fate\u013e ve\u013ek\u00fd, drozd \u010dierny, \u017elna siv\u00e1, my\u0161iak h\u00f4rny, sova oby\u010dajn\u00e1, sojka oby\u010dajn\u00e1 a brhl\u00edk oby\u010dajn\u00fd. &nbsp; Sadu samolepiek\u00a0mot\u00fd\u013eov. vt\u00e1kov a lesa si zak\u00fapite\u00a0za zv\u00fdhodnen\u00fa cenu\u00a0TU.","jetpack_sharing_enabled":true,"meta_box":[],"_links":{"self":[{"href":"https:\/\/daphne.sk\/de\/wp-json\/wp\/v2\/product\/29761","targetHints":{"allow":["GET"]}}],"collection":[{"href":"https:\/\/daphne.sk\/de\/wp-json\/wp\/v2\/product"}],"about":[{"href":"https:\/\/daphne.sk\/de\/wp-json\/wp\/v2\/types\/product"}],"replies":[{"embeddable":true,"href":"https:\/\/daphne.sk\/de\/wp-json\/wp\/v2\/comments?post=29761"}],"wp:featuredmedia":[{"embeddable":true,"href":"https:\/\/daphne.sk\/de\/wp-json\/wp\/v2\/media\/29764"}],"wp:attachment":[{"href":"https:\/\/daphne.sk\/de\/wp-json\/wp\/v2\/media?parent=29761"}],"wp:term":[{"taxonomy":"product_brand","embeddable":true,"href":"https:\/\/daphne.sk\/de\/wp-json\/wp\/v2\/product_brand?post=29761"},{"taxonomy":"product_cat","embeddable":true,"href":"https:\/\/daphne.sk\/de\/wp-json\/wp\/v2\/product_cat?post=29761"},{"taxonomy":"product_tag","embeddable":true,"href":"https:\/\/daphne.sk\/de\/wp-json\/wp\/v2\/product_tag?post=29761"}],"curies":[{"name":"wp","href":"https:\/\/api.w.org\/{rel}","templated":true}]}}