{"id":29770,"date":"2024-10-23T12:58:26","date_gmt":"2024-10-23T12:58:26","guid":{"rendered":"https:\/\/daphne.sk\/?post_type=product&#038;p=29770"},"modified":"2025-12-15T08:19:01","modified_gmt":"2025-12-15T08:19:01","slug":"samolepky-motyle","status":"publish","type":"product","link":"https:\/\/daphne.sk\/de\/e-shop\/samolepky-motyle\/","title":{"rendered":"Samolepky - Mot\u00fdle"},"content":{"rendered":"<p>Ilustrovan\u00e9 samolepky\u00a0 mot\u00fd\u013eov do va\u0161ich z\u00e1pisn\u00edkov, albumov a kreat\u00edvnych projektov. Vytla\u010den\u00e9 na Slovensku, papier\/A5.<\/p>\n<p>&nbsp;<\/p>\n<p>Pozost\u00e1va z 10 druhov mot\u00fd\u013eov:<\/p>\n<ul>\n<li>perlovec \u010dernicov\u00fd, vidlochvost feniklov\u00fd, modr\u00e1\u010dik oby\u010dajn\u00fd, hned\u00e1\u010dik skorocelov\u00fd, \u017elt\u00e1\u010dik re\u0161etliakov\u00fd, bab\u00f4\u010dka p\u00e1vook\u00e1, jaso\u0148 \u010dervenook\u00fd, bab\u00f4\u010dka admir\u00e1lska, o\u010dk\u00e1\u0148 timotejkov\u00fd a ohniv\u00e1\u010dik ve\u013ek\u00fd.<\/li>\n<\/ul>\n<h1><\/h1>\n<p><strong>Sadu samolepiek<\/strong> mot\u00fd\u013eov. vt\u00e1kov a lesa si zak\u00fapite <strong>za zv\u00fdhodnen\u00fa cenu<\/strong> <a href=\"https:\/\/daphne.sk\/e-shop\/sada-samolepky-motyle-vtaky-a-les\/\">TU<\/a>.<\/p>\n<p id=\"-product-title-32-18959\" class=\"oxy-product-title h1 mb-4 product_title entry-title oxy-woo-element\">\n","protected":false},"excerpt":{"rendered":"<p>Ilustrovan\u00e9 samolepky\u00a0 mot\u00fd\u013eov do va\u0161ich z\u00e1pisn\u00edkov, albumov a kreat\u00edvnych projektov. Vytla\u010den\u00e9 na Slovensku, papier\/A5.<\/p>\n<p>&nbsp;<\/p>\n<p>Pozost\u00e1va z 10 druhov mot\u00fd\u013eov:<\/p>\n<ul>\n<li>perlovec \u010dernicov\u00fd, vidlochvost feniklov\u00fd, modr\u00e1\u010dik oby\u010dajn\u00fd, hned\u00e1\u010dik skorocelov\u00fd, \u017elt\u00e1\u010dik re\u0161etliakov\u00fd, bab\u00f4\u010dka p\u00e1vook\u00e1, jaso\u0148 \u010dervenook\u00fd, bab\u00f4\u010dka admir\u00e1lska, o\u010dk\u00e1\u0148 timotejkov\u00fd a ohniv\u00e1\u010dik ve\u013ek\u00fd.<\/li>\n<\/ul>\n<p>&nbsp;<\/p>\n<p><strong>Sadu samolepiek<\/strong> mot\u00fd\u013eov. vt\u00e1kov a lesa si zak\u00fapite <strong>za zv\u00fdhodnen\u00fa cenu<\/strong> <a href=\"https:\/\/daphne.sk\/e-shop\/sada-samolepky-motyle-vtaky-a-les\/\">TU<\/a>.<\/p>\n<h1><\/h1>\n<h1 id=\"-product-title-32-18959\" class=\"oxy-product-title h1 mb-4 product_title entry-title oxy-woo-element\"><\/h1>\n","protected":false},"featured_media":29768,"comment_status":"closed","ping_status":"closed","template":"","meta":{"_uag_custom_page_level_css":""},"product_brand":[],"product_cat":[21],"product_tag":[],"class_list":{"0":"post-29770","1":"product","2":"type-product","3":"status-publish","4":"has-post-thumbnail","6":"product_cat-vzdelavacie-vychytavky","8":"first","9":"instock","10":"purchasable","11":"product-type-simple"},"uagb_featured_image_src":{"full":["https:\/\/daphne.sk\/wp-content\/uploads\/2024\/10\/SAMOLEPKY.jpg",1920,1920,false],"thumbnail":["https:\/\/daphne.sk\/wp-content\/uploads\/2024\/10\/SAMOLEPKY-150x150.jpg",150,150,true],"medium":["https:\/\/daphne.sk\/wp-content\/uploads\/2024\/10\/SAMOLEPKY-300x300.jpg",300,300,true],"medium_large":["https:\/\/daphne.sk\/wp-content\/uploads\/2024\/10\/SAMOLEPKY-768x768.jpg",768,768,true],"large":["https:\/\/daphne.sk\/wp-content\/uploads\/2024\/10\/SAMOLEPKY-1024x1024.jpg",1024,1024,true],"1536x1536":["https:\/\/daphne.sk\/wp-content\/uploads\/2024\/10\/SAMOLEPKY-1536x1536.jpg",1536,1536,true],"2048x2048":["https:\/\/daphne.sk\/wp-content\/uploads\/2024\/10\/SAMOLEPKY.jpg",1920,1920,false],"woocommerce_thumbnail":["https:\/\/daphne.sk\/wp-content\/uploads\/2024\/10\/SAMOLEPKY-450x450.jpg",450,450,true]},"uagb_author_info":{"display_name":"M\u00e1ria Filov\u00e1","author_link":"https:\/\/daphne.sk\/de\/author\/"},"uagb_comment_info":0,"uagb_excerpt":"Ilustrovan\u00e9 samolepky\u00a0 mot\u00fd\u013eov do va\u0161ich z\u00e1pisn\u00edkov, albumov a kreat\u00edvnych projektov. Vytla\u010den\u00e9 na Slovensku, papier\/A5. &nbsp; Pozost\u00e1va z 10 druhov mot\u00fd\u013eov: perlovec \u010dernicov\u00fd, vidlochvost feniklov\u00fd, modr\u00e1\u010dik oby\u010dajn\u00fd, hned\u00e1\u010dik skorocelov\u00fd, \u017elt\u00e1\u010dik re\u0161etliakov\u00fd, bab\u00f4\u010dka p\u00e1vook\u00e1, jaso\u0148 \u010dervenook\u00fd, bab\u00f4\u010dka admir\u00e1lska, o\u010dk\u00e1\u0148 timotejkov\u00fd a ohniv\u00e1\u010dik ve\u013ek\u00fd. &nbsp; Sadu samolepiek mot\u00fd\u013eov. vt\u00e1kov a lesa si zak\u00fapite za zv\u00fdhodnen\u00fa cenu TU.","jetpack_sharing_enabled":true,"meta_box":[],"_links":{"self":[{"href":"https:\/\/daphne.sk\/de\/wp-json\/wp\/v2\/product\/29770","targetHints":{"allow":["GET"]}}],"collection":[{"href":"https:\/\/daphne.sk\/de\/wp-json\/wp\/v2\/product"}],"about":[{"href":"https:\/\/daphne.sk\/de\/wp-json\/wp\/v2\/types\/product"}],"replies":[{"embeddable":true,"href":"https:\/\/daphne.sk\/de\/wp-json\/wp\/v2\/comments?post=29770"}],"wp:featuredmedia":[{"embeddable":true,"href":"https:\/\/daphne.sk\/de\/wp-json\/wp\/v2\/media\/29768"}],"wp:attachment":[{"href":"https:\/\/daphne.sk\/de\/wp-json\/wp\/v2\/media?parent=29770"}],"wp:term":[{"taxonomy":"product_brand","embeddable":true,"href":"https:\/\/daphne.sk\/de\/wp-json\/wp\/v2\/product_brand?post=29770"},{"taxonomy":"product_cat","embeddable":true,"href":"https:\/\/daphne.sk\/de\/wp-json\/wp\/v2\/product_cat?post=29770"},{"taxonomy":"product_tag","embeddable":true,"href":"https:\/\/daphne.sk\/de\/wp-json\/wp\/v2\/product_tag?post=29770"}],"curies":[{"name":"wp","href":"https:\/\/api.w.org\/{rel}","templated":true}]}}